{"id":1179,"date":"2016-05-27T18:30:46","date_gmt":"2016-05-27T18:30:46","guid":{"rendered":"http:\/\/earn-paire.mydev.ca\/fr\/accessibilite\/"},"modified":"2016-05-27T18:37:58","modified_gmt":"2016-05-27T18:37:58","slug":"accessibilite","status":"publish","type":"page","link":"https:\/\/earn-paire.ca\/fr\/accessibilite\/","title":{"rendered":"Informations sur la politique d\u2019accessibilit\u00e9"},"content":{"rendered":"<div class=\"vc_row wpb_row vc_row-fluid\"><div class=\"wpb_column vc_column_container vc_col-sm-8\"><div class=\"vc_column-inner\"><div class=\"wpb_wrapper\">\n\t<div class=\"wpb_text_column wpb_content_element \" >\n\t\t<div class=\"wpb_wrapper\">\n\t\t\t<p>Centraide Ottawa s\u2019est bas\u00e9e sur les lignes directrices de la Web Accessibility Initiative, une initiative pour l\u2019accessibilit\u00e9 du Web du Consortium World Wide Web (W3C), pour am\u00e9liorer les fonctionnalit\u00e9s de son site Web. Nous nous effor\u00e7ons de faire en sorte que le contenu du site centraideottawa.ca et de tous les autres sites administr\u00e9s par Centraide Ottawa soient conformes aux R\u00e8gles pour l\u2019accessibilit\u00e9 des contenus Web (WCAG) 2.0 (niveaux A et AA), en vertu de la <a href=\"https:\/\/www.ontario.ca\/fr\/lois\/loi\/05a11\">Loi de 2005 sur l\u2019accessibilit\u00e9 pour les personnes handicap\u00e9es de l\u2019Ontario <\/a>(LAPHO), qui peut \u00eatre consult\u00e9e ici.<\/p>\n<p>Nous faisons de notre mieux pour que centraideottawa.ca et nos autres sites respectent les normes d\u2019accessibilit\u00e9. Cependant, nos pages ne seront pas toujours toutes valid\u00e9es par les outils en ligne. Ainsi, nous associons une alternative textuelle par l\u2019attribut Altau contenu graphique, mais afin d\u2019\u00e9viter les r\u00e9p\u00e9titions sur une m\u00eame page, nous utilisons aussi les alternatives vides. De m\u00eame, nous ne pouvons pas contr\u00f4ler le contenu de tierces parties pr\u00e9sent sur nos pages via les iFrames ou d\u2019autres technologies, notamment les promotions et les applications de nos partenaires. Nous encourageons nos partenaires et fournisseurs \u00e0 se conformer aux normes d\u2019accessibilit\u00e9, mais nous ne pouvons pas les y forcer.<\/p>\n\n\t\t<\/div>\n\t<\/div>\n<\/div><\/div><\/div><div class=\"wpb_column vc_column_container vc_col-sm-4\"><div class=\"vc_column-inner\"><div class=\"wpb_wrapper\">\n\t<div class=\"wpb_text_column wpb_content_element \" >\n\t\t<div class=\"wpb_wrapper\">\n\t\t\t<p><strong>Si vous avez besoin d\u2019aide<\/strong><\/p>\n<p>Si vous avez des suggestions sur la fa\u00e7on de rendre notre site plus accessible et convivial, vous pouvez communiquer avec Scott Oakley, directeur de la strat\u00e9gie en ligne, \u00e0 <a href=\"mailto:soakley@centraideottawa.ca\">soakley@centraideottawa.ca<\/a> ou par t\u00e9l\u00e9phone au 613-228-6891.<\/p>\n<p>.<\/p>\n\n\t\t<\/div>\n\t<\/div>\n<\/div><\/div><\/div><\/div>\n","protected":false},"excerpt":{"rendered":"Centraide Ottawa s\u2019est bas\u00e9e sur les lignes directrices de la Web Accessibility Initiative, une initiative pour l\u2019accessibilit\u00e9 du Web du Consortium World Wide Web (W3C), pour am\u00e9liorer les fonctionnalit\u00e9s de son site Web. Nous nous effor\u00e7ons de faire en sorte que le contenu du site centraideottawa.ca et de tous les autres sites administr\u00e9s par Centraide [...]","protected":false},"author":12,"featured_media":0,"parent":0,"menu_order":0,"comment_status":"closed","ping_status":"closed","template":"","meta":{"_monsterinsights_skip_tracking":false,"_monsterinsights_sitenote_active":false,"_monsterinsights_sitenote_note":"","_monsterinsights_sitenote_category":0},"acf":[],"yoast_head":"<!-- This site is optimized with the Yoast SEO plugin v20.6 - https:\/\/yoast.com\/wordpress\/plugins\/seo\/ -->\n<title>Informations sur la politique d\u2019accessibilit\u00e9 - EARN - United Way East Ontario<\/title>\n<meta name=\"robots\" content=\"index, follow, max-snippet:-1, max-image-preview:large, max-video-preview:-1\" \/>\n<link rel=\"canonical\" href=\"https:\/\/earn-paire.ca\/fr\/accessibilite\/\" \/>\n<meta property=\"og:locale\" content=\"fr_FR\" \/>\n<meta property=\"og:type\" content=\"article\" \/>\n<meta property=\"og:title\" content=\"Informations sur la politique d\u2019accessibilit\u00e9 - EARN - United Way East Ontario\" \/>\n<meta property=\"og:url\" content=\"https:\/\/earn-paire.ca\/fr\/accessibilite\/\" \/>\n<meta property=\"og:site_name\" content=\"EARN - United Way East Ontario\" \/>\n<meta property=\"article:modified_time\" content=\"2016-05-27T18:37:58+00:00\" \/>\n<meta name=\"twitter:label1\" content=\"Dur\u00e9e de lecture estim\u00e9e\" \/>\n\t<meta name=\"twitter:data1\" content=\"1 minute\" \/>\n<script type=\"application\/ld+json\" class=\"yoast-schema-graph\">{\"@context\":\"https:\/\/schema.org\",\"@graph\":[{\"@type\":\"WebPage\",\"@id\":\"https:\/\/earn-paire.ca\/fr\/accessibilite\/\",\"url\":\"https:\/\/earn-paire.ca\/fr\/accessibilite\/\",\"name\":\"Informations sur la politique d\u2019accessibilit\u00e9 - EARN - United Way East Ontario\",\"isPartOf\":{\"@id\":\"https:\/\/earn-paire.ca\/#website\"},\"datePublished\":\"2016-05-27T18:30:46+00:00\",\"dateModified\":\"2016-05-27T18:37:58+00:00\",\"breadcrumb\":{\"@id\":\"https:\/\/earn-paire.ca\/fr\/accessibilite\/#breadcrumb\"},\"inLanguage\":\"fr-FR\",\"potentialAction\":[{\"@type\":\"ReadAction\",\"target\":[\"https:\/\/earn-paire.ca\/fr\/accessibilite\/\"]}]},{\"@type\":\"BreadcrumbList\",\"@id\":\"https:\/\/earn-paire.ca\/fr\/accessibilite\/#breadcrumb\",\"itemListElement\":[{\"@type\":\"ListItem\",\"position\":1,\"name\":\"Home\",\"item\":\"https:\/\/earn-paire.ca\/fr\/home\/\"},{\"@type\":\"ListItem\",\"position\":2,\"name\":\"Informations sur la politique d\u2019accessibilit\u00e9\"}]},{\"@type\":\"WebSite\",\"@id\":\"https:\/\/earn-paire.ca\/#website\",\"url\":\"https:\/\/earn-paire.ca\/\",\"name\":\"EARN - United Way East Ontario\",\"description\":\"\",\"potentialAction\":[{\"@type\":\"SearchAction\",\"target\":{\"@type\":\"EntryPoint\",\"urlTemplate\":\"https:\/\/earn-paire.ca\/?s={search_term_string}\"},\"query-input\":\"required name=search_term_string\"}],\"inLanguage\":\"fr-FR\"}]}<\/script>\n<!-- \/ Yoast SEO plugin. -->","yoast_head_json":{"title":"Informations sur la politique d\u2019accessibilit\u00e9 - EARN - United Way East Ontario","robots":{"index":"index","follow":"follow","max-snippet":"max-snippet:-1","max-image-preview":"max-image-preview:large","max-video-preview":"max-video-preview:-1"},"canonical":"https:\/\/earn-paire.ca\/fr\/accessibilite\/","og_locale":"fr_FR","og_type":"article","og_title":"Informations sur la politique d\u2019accessibilit\u00e9 - EARN - United Way East Ontario","og_url":"https:\/\/earn-paire.ca\/fr\/accessibilite\/","og_site_name":"EARN - United Way East Ontario","article_modified_time":"2016-05-27T18:37:58+00:00","twitter_misc":{"Dur\u00e9e de lecture estim\u00e9e":"1 minute"},"schema":{"@context":"https:\/\/schema.org","@graph":[{"@type":"WebPage","@id":"https:\/\/earn-paire.ca\/fr\/accessibilite\/","url":"https:\/\/earn-paire.ca\/fr\/accessibilite\/","name":"Informations sur la politique d\u2019accessibilit\u00e9 - EARN - United Way East Ontario","isPartOf":{"@id":"https:\/\/earn-paire.ca\/#website"},"datePublished":"2016-05-27T18:30:46+00:00","dateModified":"2016-05-27T18:37:58+00:00","breadcrumb":{"@id":"https:\/\/earn-paire.ca\/fr\/accessibilite\/#breadcrumb"},"inLanguage":"fr-FR","potentialAction":[{"@type":"ReadAction","target":["https:\/\/earn-paire.ca\/fr\/accessibilite\/"]}]},{"@type":"BreadcrumbList","@id":"https:\/\/earn-paire.ca\/fr\/accessibilite\/#breadcrumb","itemListElement":[{"@type":"ListItem","position":1,"name":"Home","item":"https:\/\/earn-paire.ca\/fr\/home\/"},{"@type":"ListItem","position":2,"name":"Informations sur la politique d\u2019accessibilit\u00e9"}]},{"@type":"WebSite","@id":"https:\/\/earn-paire.ca\/#website","url":"https:\/\/earn-paire.ca\/","name":"EARN - United Way East Ontario","description":"","potentialAction":[{"@type":"SearchAction","target":{"@type":"EntryPoint","urlTemplate":"https:\/\/earn-paire.ca\/?s={search_term_string}"},"query-input":"required name=search_term_string"}],"inLanguage":"fr-FR"}]}},"_links":{"self":[{"href":"https:\/\/earn-paire.ca\/fr\/wp-json\/wp\/v2\/pages\/1179"}],"collection":[{"href":"https:\/\/earn-paire.ca\/fr\/wp-json\/wp\/v2\/pages"}],"about":[{"href":"https:\/\/earn-paire.ca\/fr\/wp-json\/wp\/v2\/types\/page"}],"author":[{"embeddable":true,"href":"https:\/\/earn-paire.ca\/fr\/wp-json\/wp\/v2\/users\/12"}],"replies":[{"embeddable":true,"href":"https:\/\/earn-paire.ca\/fr\/wp-json\/wp\/v2\/comments?post=1179"}],"version-history":[{"count":0,"href":"https:\/\/earn-paire.ca\/fr\/wp-json\/wp\/v2\/pages\/1179\/revisions"}],"wp:attachment":[{"href":"https:\/\/earn-paire.ca\/fr\/wp-json\/wp\/v2\/media?parent=1179"}],"curies":[{"name":"wp","href":"https:\/\/api.w.org\/{rel}","templated":true}]}}