{"id":127,"date":"2014-10-23T15:47:49","date_gmt":"2014-10-23T15:47:49","guid":{"rendered":"http:\/\/spark-uwo-dev.mystagingwebsite.com\/?page_id=127"},"modified":"2017-08-01T14:34:34","modified_gmt":"2017-08-01T14:34:34","slug":"activites","status":"publish","type":"page","link":"https:\/\/earn-paire.ca\/fr\/activites\/","title":{"rendered":"Activit\u00e9s du PAIRE"},"content":{"rendered":"<div class=\"vc_row wpb_row vc_row-fluid\"><div class=\"wpb_column vc_column_container vc_col-sm-12\"><div class=\"vc_column-inner\"><div class=\"wpb_wrapper\">\n\t<div class=\"wpb_text_column wpb_content_element \" >\n\t\t<div class=\"wpb_wrapper\">\n\t\t\t<form autocomplete=\"off\" name=\"wpv-filter-145\" action=\"\/fr\/wp-json\/wp\/v2\/pages\/127?wpv_view_count=145\" method=\"get\" class=\"wpv-filter-form js-wpv-filter-form js-wpv-filter-form-145 js-wpv-form-full\" data-viewnumber=\"145\" data-viewid=\"145\" data-viewhash=\"eyJuYW1lIjoiZXZlbnRzLWluc2lkZS1wYWdlIn0=\" data-viewwidgetid=\"0\" data-orderby=\"\" data-order=\"\" data-orderbyas=\"\" data-orderbysecond=\"\" data-ordersecond=\"\" data-parametric=\"{&quot;query&quot;:&quot;normal&quot;,&quot;id&quot;:145,&quot;view_id&quot;:145,&quot;widget_id&quot;:0,&quot;view_hash&quot;:&quot;145&quot;,&quot;action&quot;:&quot;\\\/fr\\\/wp-json\\\/wp\\\/v2\\\/pages\\\/127?wpv_view_count=145&quot;,&quot;sort&quot;:{&quot;orderby&quot;:&quot;&quot;,&quot;order&quot;:&quot;&quot;,&quot;orderby_as&quot;:&quot;&quot;,&quot;orderby_second&quot;:&quot;&quot;,&quot;order_second&quot;:&quot;&quot;},&quot;orderby&quot;:&quot;&quot;,&quot;order&quot;:&quot;&quot;,&quot;orderby_as&quot;:&quot;&quot;,&quot;orderby_second&quot;:&quot;&quot;,&quot;order_second&quot;:&quot;&quot;,&quot;ajax_form&quot;:&quot;&quot;,&quot;ajax_results&quot;:&quot;&quot;,&quot;effect&quot;:&quot;fade&quot;,&quot;prebefore&quot;:&quot;&quot;,&quot;before&quot;:&quot;&quot;,&quot;after&quot;:&quot;&quot;,&quot;attributes&quot;:[],&quot;environment&quot;:{&quot;current_post_id&quot;:127,&quot;parent_post_id&quot;:127,&quot;parent_term_id&quot;:0,&quot;parent_user_id&quot;:0,&quot;archive&quot;:{&quot;type&quot;:&quot;&quot;,&quot;name&quot;:&quot;&quot;,&quot;data&quot;:[]}},&quot;loop&quot;:{&quot;type&quot;:&quot;&quot;,&quot;name&quot;:&quot;&quot;,&quot;data&quot;:[],&quot;id&quot;:0}}\" data-attributes=\"[]\" data-environment=\"{&quot;current_post_id&quot;:127,&quot;parent_post_id&quot;:127,&quot;parent_term_id&quot;:0,&quot;parent_user_id&quot;:0,&quot;archive&quot;:{&quot;type&quot;:&quot;&quot;,&quot;name&quot;:&quot;&quot;,&quot;data&quot;:[]}}\"><input type=\"hidden\" class=\"js-wpv-dps-filter-data js-wpv-filter-data-for-this-form\" data-action=\"\/fr\/wp-json\/wp\/v2\/pages\/127?wpv_view_count=145\" data-page=\"1\" data-ajax=\"disable\" data-effect=\"fade\" data-maxpages=\"1\" data-ajaxprebefore=\"\" data-ajaxbefore=\"\" data-ajaxafter=\"\" \/><input class=\"wpv_view_count wpv_view_count-145\" type=\"hidden\" name=\"wpv_view_count\" value=\"145\" \/>\n\n\n<\/form>\n<div id=\"wpv-view-layout-145\" class=\"js-wpv-view-layout js-wpv-layout-responsive js-wpv-view-layout-145\" data-viewnumber=\"145\" data-pagination=\"{&quot;id&quot;:145,&quot;query&quot;:&quot;normal&quot;,&quot;type&quot;:&quot;paged&quot;,&quot;effect&quot;:&quot;fade&quot;,&quot;duration&quot;:&quot;500&quot;,&quot;speed&quot;:5,&quot;pause_on_hover&quot;:&quot;disabled&quot;,&quot;stop_rollover&quot;:&quot;false&quot;,&quot;cache_pages&quot;:&quot;enabled&quot;,&quot;preload_images&quot;:&quot;enabled&quot;,&quot;preload_pages&quot;:&quot;enabled&quot;,&quot;preload_reach&quot;:&quot;1&quot;,&quot;spinner&quot;:&quot;builtin&quot;,&quot;spinner_image&quot;:&quot;https:\/\/spark-uwo-dev.mystagingwebsite.com\/wp-content\/plugins\/wp-views\/embedded\/res\/img\/ajax-loader.gif&quot;,&quot;callback_next&quot;:&quot;&quot;,&quot;manage_history&quot;:&quot;disabled&quot;,&quot;has_controls_in_form&quot;:&quot;enabled&quot;,&quot;infinite_tolerance&quot;:&quot;0&quot;,&quot;max_pages&quot;:1,&quot;page&quot;:1,&quot;base_permalink&quot;:&quot;\/fr\/wp-json\/wp\/v2\/pages\/127?wpv_view_count=145&amp;wpv_paged=WPV_PAGE_NUM&quot;,&quot;loop&quot;:{&quot;type&quot;:&quot;&quot;,&quot;name&quot;:&quot;&quot;,&quot;data&quot;:[],&quot;id&quot;:0}}\" data-permalink=\"\/fr\/wp-json\/wp\/v2\/pages\/127?wpv_view_count=145\">\n\n\t\n\t\n\t\t\n          <div class=\"news\">\n            <div class=\"span1 view-date\">\n              <div class=\"date-cont\">\n                <span class=\"news-date day\"><\/span><br>\n                <span class=\"news-date month\"><\/span>\n              <\/div>\n            <\/div>\n            <div class=\"span10\">\n              <h3><a href=\"https:\/\/earn-paire.ca\/fr\/event\/serie-dateliers-shaping-accessible-employment-practices-en-anglais-seulement\/\">S\u00e9rie d\u2019ateliers : \u00c9laborons des pratiques d\u2019emploi accessibles<\/a> <\/h3>\n              <p>Cette s\u00e9rie d\u2019ateliers en quatre parties permet d\u2019am\u00e9liorer les comp\u00e9tences et de renforcer la confiance dans l\u2019\u00e9laboration de pratiques de recrutement et de r\u00e9tention accessibles. \u00c9tant donn\u00e9 que les personnes handicap\u00e9es sont sous-repr\u00e9sent\u00e9es de man<\/p>\n\n            <\/div>\n          <\/div>\n          \n\t\t\n          <div class=\"news\">\n            <div class=\"span1 view-date\">\n              <div class=\"date-cont\">\n                <span class=\"news-date day\">27<\/span><br>\n                <span class=\"news-date month\">Nov<\/span>\n              <\/div>\n            <\/div>\n            <div class=\"span10\">\n              <h3><a href=\"https:\/\/earn-paire.ca\/fr\/event\/13e-conference-annuelle-du-paire\/\">13e\u00a0conf\u00e9rence annuelle du PAIRE<\/a> <\/h3>\n              <p>Le Partenariat en acc\u00e8s, informations et ressources d\u2019emploi (PAIRE) a le plaisir de vous inviter \u00e0 sa 13e conf\u00e9rence annuelle, qui aura lieu virtuellement, sur Zoom, le 27 novembre 2025, de 9 h \u00e0 midi (HE). La conf\u00e9rence de cette ann\u00e9e portera sur la<\/p>\n\n            <\/div>\n          <\/div>\n          \n\t\t\n<p>Demeurez \u00e0 l'aff\u00fbt pour plus d'activit\u00e9s.<\/p>\n\t\n\t\n\t\n<\/div>\n\n\t\t<\/div>\n\t<\/div>\n<\/div><\/div><\/div><\/div>\n","protected":false},"excerpt":{"rendered":"S\u00e9rie d\u2019ateliers : \u00c9laborons des pratiques d\u2019emploi accessibles Cette s\u00e9rie d\u2019ateliers en quatre parties permet d\u2019am\u00e9liorer les comp\u00e9tences et de renforcer la confiance dans l\u2019\u00e9laboration de pratiques de recrutement et de r\u00e9tention accessibles. \u00c9tant donn\u00e9 que les personnes handicap\u00e9es sont sous-repr\u00e9sent\u00e9es de man 27 Nov 13e\u00a0conf\u00e9rence annuelle du PAIRE Le Partenariat en acc\u00e8s, informations et [...]","protected":false},"author":3,"featured_media":0,"parent":0,"menu_order":0,"comment_status":"closed","ping_status":"open","template":"","meta":{"_monsterinsights_skip_tracking":false,"_monsterinsights_sitenote_active":false,"_monsterinsights_sitenote_note":"","_monsterinsights_sitenote_category":0},"acf":[],"yoast_head":"<!-- This site is optimized with the Yoast SEO plugin v20.6 - https:\/\/yoast.com\/wordpress\/plugins\/seo\/ -->\n<title>Activit\u00e9s du PAIRE - EARN - United Way East Ontario<\/title>\n<meta name=\"robots\" content=\"index, follow, max-snippet:-1, max-image-preview:large, max-video-preview:-1\" \/>\n<link rel=\"canonical\" href=\"https:\/\/earn-paire.ca\/fr\/activites\/\" \/>\n<meta property=\"og:locale\" content=\"fr_FR\" \/>\n<meta property=\"og:type\" content=\"article\" \/>\n<meta property=\"og:title\" content=\"Activit\u00e9s du PAIRE - EARN - United Way East Ontario\" \/>\n<meta property=\"og:url\" content=\"https:\/\/earn-paire.ca\/fr\/activites\/\" \/>\n<meta property=\"og:site_name\" content=\"EARN - United Way East Ontario\" \/>\n<meta property=\"article:modified_time\" content=\"2017-08-01T14:34:34+00:00\" \/>\n<script type=\"application\/ld+json\" class=\"yoast-schema-graph\">{\"@context\":\"https:\/\/schema.org\",\"@graph\":[{\"@type\":\"WebPage\",\"@id\":\"https:\/\/earn-paire.ca\/fr\/activites\/\",\"url\":\"https:\/\/earn-paire.ca\/fr\/activites\/\",\"name\":\"Activit\u00e9s du PAIRE - EARN - United Way East Ontario\",\"isPartOf\":{\"@id\":\"https:\/\/earn-paire.ca\/#website\"},\"datePublished\":\"2014-10-23T15:47:49+00:00\",\"dateModified\":\"2017-08-01T14:34:34+00:00\",\"breadcrumb\":{\"@id\":\"https:\/\/earn-paire.ca\/fr\/activites\/#breadcrumb\"},\"inLanguage\":\"fr-FR\",\"potentialAction\":[{\"@type\":\"ReadAction\",\"target\":[\"https:\/\/earn-paire.ca\/fr\/activites\/\"]}]},{\"@type\":\"BreadcrumbList\",\"@id\":\"https:\/\/earn-paire.ca\/fr\/activites\/#breadcrumb\",\"itemListElement\":[{\"@type\":\"ListItem\",\"position\":1,\"name\":\"Home\",\"item\":\"https:\/\/earn-paire.ca\/fr\/home\/\"},{\"@type\":\"ListItem\",\"position\":2,\"name\":\"Activit\u00e9s du PAIRE\"}]},{\"@type\":\"WebSite\",\"@id\":\"https:\/\/earn-paire.ca\/#website\",\"url\":\"https:\/\/earn-paire.ca\/\",\"name\":\"EARN - United Way East Ontario\",\"description\":\"\",\"potentialAction\":[{\"@type\":\"SearchAction\",\"target\":{\"@type\":\"EntryPoint\",\"urlTemplate\":\"https:\/\/earn-paire.ca\/?s={search_term_string}\"},\"query-input\":\"required name=search_term_string\"}],\"inLanguage\":\"fr-FR\"}]}<\/script>\n<!-- \/ Yoast SEO plugin. -->","yoast_head_json":{"title":"Activit\u00e9s du PAIRE - EARN - United Way East Ontario","robots":{"index":"index","follow":"follow","max-snippet":"max-snippet:-1","max-image-preview":"max-image-preview:large","max-video-preview":"max-video-preview:-1"},"canonical":"https:\/\/earn-paire.ca\/fr\/activites\/","og_locale":"fr_FR","og_type":"article","og_title":"Activit\u00e9s du PAIRE - EARN - United Way East Ontario","og_url":"https:\/\/earn-paire.ca\/fr\/activites\/","og_site_name":"EARN - United Way East Ontario","article_modified_time":"2017-08-01T14:34:34+00:00","schema":{"@context":"https:\/\/schema.org","@graph":[{"@type":"WebPage","@id":"https:\/\/earn-paire.ca\/fr\/activites\/","url":"https:\/\/earn-paire.ca\/fr\/activites\/","name":"Activit\u00e9s du PAIRE - EARN - United Way East Ontario","isPartOf":{"@id":"https:\/\/earn-paire.ca\/#website"},"datePublished":"2014-10-23T15:47:49+00:00","dateModified":"2017-08-01T14:34:34+00:00","breadcrumb":{"@id":"https:\/\/earn-paire.ca\/fr\/activites\/#breadcrumb"},"inLanguage":"fr-FR","potentialAction":[{"@type":"ReadAction","target":["https:\/\/earn-paire.ca\/fr\/activites\/"]}]},{"@type":"BreadcrumbList","@id":"https:\/\/earn-paire.ca\/fr\/activites\/#breadcrumb","itemListElement":[{"@type":"ListItem","position":1,"name":"Home","item":"https:\/\/earn-paire.ca\/fr\/home\/"},{"@type":"ListItem","position":2,"name":"Activit\u00e9s du PAIRE"}]},{"@type":"WebSite","@id":"https:\/\/earn-paire.ca\/#website","url":"https:\/\/earn-paire.ca\/","name":"EARN - United Way East Ontario","description":"","potentialAction":[{"@type":"SearchAction","target":{"@type":"EntryPoint","urlTemplate":"https:\/\/earn-paire.ca\/?s={search_term_string}"},"query-input":"required name=search_term_string"}],"inLanguage":"fr-FR"}]}},"_links":{"self":[{"href":"https:\/\/earn-paire.ca\/fr\/wp-json\/wp\/v2\/pages\/127"}],"collection":[{"href":"https:\/\/earn-paire.ca\/fr\/wp-json\/wp\/v2\/pages"}],"about":[{"href":"https:\/\/earn-paire.ca\/fr\/wp-json\/wp\/v2\/types\/page"}],"author":[{"embeddable":true,"href":"https:\/\/earn-paire.ca\/fr\/wp-json\/wp\/v2\/users\/3"}],"replies":[{"embeddable":true,"href":"https:\/\/earn-paire.ca\/fr\/wp-json\/wp\/v2\/comments?post=127"}],"version-history":[{"count":1,"href":"https:\/\/earn-paire.ca\/fr\/wp-json\/wp\/v2\/pages\/127\/revisions"}],"predecessor-version":[{"id":2689,"href":"https:\/\/earn-paire.ca\/fr\/wp-json\/wp\/v2\/pages\/127\/revisions\/2689"}],"wp:attachment":[{"href":"https:\/\/earn-paire.ca\/fr\/wp-json\/wp\/v2\/media?parent=127"}],"curies":[{"name":"wp","href":"https:\/\/api.w.org\/{rel}","templated":true}]}}