{"id":1456,"date":"2016-08-03T15:09:04","date_gmt":"2016-08-03T15:09:04","guid":{"rendered":"http:\/\/earn-paire.mydev.ca\/fr\/?page_id=1456"},"modified":"2018-10-30T12:39:16","modified_gmt":"2018-10-30T12:39:16","slug":"entrevues-pratiques-ocdsb-2015","status":"publish","type":"page","link":"https:\/\/earn-paire.ca\/fr\/centre-des-medias\/archives-photos\/galerie-2015\/entrevues-pratiques-ocdsb-2015\/","title":{"rendered":"Entrevues pratiques d\u2019Ottawa Carleton District School Board 2015"},"content":{"rendered":"<div class=\"vc_row wpb_row vc_row-fluid\"><div class=\"wpb_column vc_column_container vc_col-sm-3\"><div class=\"vc_column-inner\"><div class=\"wpb_wrapper\"><div  class=\"vc_wp_custommenu wpb_content_element\"><div class=\"widget widget_nav_menu\"><div class=\"menu-media-centre-menu-fr-container\"><ul id=\"menu-media-centre-menu-fr\" class=\"menu\"><li id=\"menu-item-910\" class=\"menu-item menu-item-type-post_type menu-item-object-page menu-item-910\"><a href=\"https:\/\/earn-paire.ca\/fr\/centre-des-medias\/actualites\/\">Centre des m\u00e9dias<\/a><\/li>\n<li id=\"menu-item-4184\" class=\"menu-item menu-item-type-post_type menu-item-object-page menu-item-4184\"><a href=\"https:\/\/earn-paire.ca\/fr\/centre-des-medias\/actualites\/archives-bulletins\/\">Archives des bulletins<\/a><\/li>\n<li id=\"menu-item-913\" class=\"menu-item menu-item-type-post_type menu-item-object-page menu-item-913\"><a href=\"https:\/\/earn-paire.ca\/fr\/histoires-de-reussite\/\">Histoires de r\u00e9ussite<\/a><\/li>\n<li id=\"menu-item-912\" class=\"menu-item menu-item-type-post_type menu-item-object-page menu-item-912\"><a href=\"https:\/\/earn-paire.ca\/fr\/centre-des-medias\/galerie-de-photos\/\">Galerie de photos<\/a><\/li>\n<li id=\"menu-item-3478\" class=\"menu-item menu-item-type-post_type menu-item-object-page menu-item-3478\"><a href=\"https:\/\/earn-paire.ca\/fr\/centre-des-medias\/archives-photos\/\">Archives photographiques<\/a><\/li>\n<li id=\"menu-item-911\" class=\"menu-item menu-item-type-post_type menu-item-object-page menu-item-911\"><a href=\"https:\/\/earn-paire.ca\/fr\/centre-des-medias\/videos-2\/\">Vid\u00e9os<\/a><\/li>\n<li id=\"menu-item-1184\" class=\"menu-item menu-item-type-post_type menu-item-object-page menu-item-1184\"><a href=\"https:\/\/earn-paire.ca\/fr\/centre-des-medias\/videos-posph\/\">Vid\u00e9os POSPH Aptitudes au travail<\/a><\/li>\n<li id=\"menu-item-1879\" class=\"menu-item menu-item-type-post_type menu-item-object-page menu-item-1879\"><a href=\"https:\/\/earn-paire.ca\/fr\/centre-des-medias\/actualites\/evenements\/\">\u00c9v\u00e8nements des partenaires<\/a><\/li>\n<\/ul><\/div><\/div><\/div><\/div><\/div><\/div><div class=\"wpb_column vc_column_container vc_col-sm-9\"><div class=\"vc_column-inner\"><div class=\"wpb_wrapper\">\n<div class=\"vc_grid-container-wrapper vc_clearfix vc_grid-animation-fadeIn\">\n\t<div class=\"vc_grid-container vc_clearfix wpb_content_element vc_media_grid\" data-initial-loading-animation=\"fadeIn\" data-vc-grid-settings=\"{&quot;page_id&quot;:1456,&quot;style&quot;:&quot;all&quot;,&quot;action&quot;:&quot;vc_get_vc_grid_data&quot;,&quot;shortcode_id&quot;:&quot;1470235963957-385a78c9-77d3-5&quot;,&quot;tag&quot;:&quot;vc_media_grid&quot;}\" data-vc-request=\"https:\/\/earn-paire.ca\/wp-admin\/admin-ajax.php?lang=fr\" data-vc-post-id=\"1456\" data-vc-public-nonce=\"392f2656c9\">\n\t\t\n\t<\/div>\n<\/div><div class=\"vc_btn3-container vc_btn3-inline\" ><a style=\"background-color:#e51c23; color:#ffffff;\" class=\"vc_general vc_btn3 vc_btn3-size-md vc_btn3-shape-rounded vc_btn3-style-custom\" href=\"\/fr\/centre-des-medias\/galerie-de-photos\/\" title=\"\">Galerie de photos<\/a><\/div><\/div><\/div><\/div><\/div>\n","protected":false},"excerpt":{"rendered":"Centre des m\u00e9dias Archives des bulletins Histoires de r\u00e9ussite Galerie de photos Archives photographiques Vid\u00e9os Vid\u00e9os POSPH Aptitudes au travail \u00c9v\u00e8nements des partenaires Galerie de photos","protected":false},"author":12,"featured_media":0,"parent":3370,"menu_order":0,"comment_status":"closed","ping_status":"closed","template":"","meta":{"_monsterinsights_skip_tracking":false,"_monsterinsights_sitenote_active":false,"_monsterinsights_sitenote_note":"","_monsterinsights_sitenote_category":0},"acf":[],"yoast_head":"<!-- This site is optimized with the Yoast SEO plugin v20.6 - https:\/\/yoast.com\/wordpress\/plugins\/seo\/ -->\n<title>Entrevues pratiques d\u2019Ottawa Carleton District School Board 2015 - EARN - United Way East Ontario<\/title>\n<meta name=\"robots\" content=\"index, follow, max-snippet:-1, max-image-preview:large, max-video-preview:-1\" \/>\n<link rel=\"canonical\" href=\"https:\/\/earn-paire.ca\/fr\/centre-des-medias\/archives-photos\/galerie-2015\/entrevues-pratiques-ocdsb-2015\/\" \/>\n<meta property=\"og:locale\" content=\"fr_FR\" \/>\n<meta property=\"og:type\" content=\"article\" \/>\n<meta property=\"og:title\" content=\"Entrevues pratiques d\u2019Ottawa Carleton District School Board 2015 - EARN - United Way East Ontario\" \/>\n<meta property=\"og:url\" content=\"https:\/\/earn-paire.ca\/fr\/centre-des-medias\/archives-photos\/galerie-2015\/entrevues-pratiques-ocdsb-2015\/\" \/>\n<meta property=\"og:site_name\" content=\"EARN - United Way East Ontario\" \/>\n<meta property=\"article:modified_time\" content=\"2018-10-30T12:39:16+00:00\" \/>\n<script type=\"application\/ld+json\" class=\"yoast-schema-graph\">{\"@context\":\"https:\/\/schema.org\",\"@graph\":[{\"@type\":\"WebPage\",\"@id\":\"https:\/\/earn-paire.ca\/fr\/centre-des-medias\/archives-photos\/galerie-2015\/entrevues-pratiques-ocdsb-2015\/\",\"url\":\"https:\/\/earn-paire.ca\/fr\/centre-des-medias\/archives-photos\/galerie-2015\/entrevues-pratiques-ocdsb-2015\/\",\"name\":\"Entrevues pratiques d\u2019Ottawa Carleton District School Board 2015 - EARN - United Way East Ontario\",\"isPartOf\":{\"@id\":\"https:\/\/earn-paire.ca\/#website\"},\"datePublished\":\"2016-08-03T15:09:04+00:00\",\"dateModified\":\"2018-10-30T12:39:16+00:00\",\"breadcrumb\":{\"@id\":\"https:\/\/earn-paire.ca\/fr\/centre-des-medias\/archives-photos\/galerie-2015\/entrevues-pratiques-ocdsb-2015\/#breadcrumb\"},\"inLanguage\":\"fr-FR\",\"potentialAction\":[{\"@type\":\"ReadAction\",\"target\":[\"https:\/\/earn-paire.ca\/fr\/centre-des-medias\/archives-photos\/galerie-2015\/entrevues-pratiques-ocdsb-2015\/\"]}]},{\"@type\":\"BreadcrumbList\",\"@id\":\"https:\/\/earn-paire.ca\/fr\/centre-des-medias\/archives-photos\/galerie-2015\/entrevues-pratiques-ocdsb-2015\/#breadcrumb\",\"itemListElement\":[{\"@type\":\"ListItem\",\"position\":1,\"name\":\"Home\",\"item\":\"https:\/\/earn-paire.ca\/fr\/home\/\"},{\"@type\":\"ListItem\",\"position\":2,\"name\":\"Centre des m\u00e9dias\",\"item\":\"https:\/\/earn-paire.ca\/fr\/centre-des-medias\/\"},{\"@type\":\"ListItem\",\"position\":3,\"name\":\"Archives photographiques\",\"item\":\"https:\/\/earn-paire.ca\/fr\/centre-des-medias\/archives-photos\/\"},{\"@type\":\"ListItem\",\"position\":4,\"name\":\"2015 Galerie de photos\",\"item\":\"https:\/\/earn-paire.ca\/fr\/centre-des-medias\/archives-photos\/galerie-2015\/\"},{\"@type\":\"ListItem\",\"position\":5,\"name\":\"Entrevues pratiques d\u2019Ottawa Carleton District School Board 2015\"}]},{\"@type\":\"WebSite\",\"@id\":\"https:\/\/earn-paire.ca\/#website\",\"url\":\"https:\/\/earn-paire.ca\/\",\"name\":\"EARN - United Way East Ontario\",\"description\":\"\",\"potentialAction\":[{\"@type\":\"SearchAction\",\"target\":{\"@type\":\"EntryPoint\",\"urlTemplate\":\"https:\/\/earn-paire.ca\/?s={search_term_string}\"},\"query-input\":\"required name=search_term_string\"}],\"inLanguage\":\"fr-FR\"}]}<\/script>\n<!-- \/ Yoast SEO plugin. -->","yoast_head_json":{"title":"Entrevues pratiques d\u2019Ottawa Carleton District School Board 2015 - EARN - United Way East Ontario","robots":{"index":"index","follow":"follow","max-snippet":"max-snippet:-1","max-image-preview":"max-image-preview:large","max-video-preview":"max-video-preview:-1"},"canonical":"https:\/\/earn-paire.ca\/fr\/centre-des-medias\/archives-photos\/galerie-2015\/entrevues-pratiques-ocdsb-2015\/","og_locale":"fr_FR","og_type":"article","og_title":"Entrevues pratiques d\u2019Ottawa Carleton District School Board 2015 - EARN - United Way East Ontario","og_url":"https:\/\/earn-paire.ca\/fr\/centre-des-medias\/archives-photos\/galerie-2015\/entrevues-pratiques-ocdsb-2015\/","og_site_name":"EARN - United Way East Ontario","article_modified_time":"2018-10-30T12:39:16+00:00","schema":{"@context":"https:\/\/schema.org","@graph":[{"@type":"WebPage","@id":"https:\/\/earn-paire.ca\/fr\/centre-des-medias\/archives-photos\/galerie-2015\/entrevues-pratiques-ocdsb-2015\/","url":"https:\/\/earn-paire.ca\/fr\/centre-des-medias\/archives-photos\/galerie-2015\/entrevues-pratiques-ocdsb-2015\/","name":"Entrevues pratiques d\u2019Ottawa Carleton District School Board 2015 - EARN - United Way East Ontario","isPartOf":{"@id":"https:\/\/earn-paire.ca\/#website"},"datePublished":"2016-08-03T15:09:04+00:00","dateModified":"2018-10-30T12:39:16+00:00","breadcrumb":{"@id":"https:\/\/earn-paire.ca\/fr\/centre-des-medias\/archives-photos\/galerie-2015\/entrevues-pratiques-ocdsb-2015\/#breadcrumb"},"inLanguage":"fr-FR","potentialAction":[{"@type":"ReadAction","target":["https:\/\/earn-paire.ca\/fr\/centre-des-medias\/archives-photos\/galerie-2015\/entrevues-pratiques-ocdsb-2015\/"]}]},{"@type":"BreadcrumbList","@id":"https:\/\/earn-paire.ca\/fr\/centre-des-medias\/archives-photos\/galerie-2015\/entrevues-pratiques-ocdsb-2015\/#breadcrumb","itemListElement":[{"@type":"ListItem","position":1,"name":"Home","item":"https:\/\/earn-paire.ca\/fr\/home\/"},{"@type":"ListItem","position":2,"name":"Centre des m\u00e9dias","item":"https:\/\/earn-paire.ca\/fr\/centre-des-medias\/"},{"@type":"ListItem","position":3,"name":"Archives photographiques","item":"https:\/\/earn-paire.ca\/fr\/centre-des-medias\/archives-photos\/"},{"@type":"ListItem","position":4,"name":"2015 Galerie de photos","item":"https:\/\/earn-paire.ca\/fr\/centre-des-medias\/archives-photos\/galerie-2015\/"},{"@type":"ListItem","position":5,"name":"Entrevues pratiques d\u2019Ottawa Carleton District School Board 2015"}]},{"@type":"WebSite","@id":"https:\/\/earn-paire.ca\/#website","url":"https:\/\/earn-paire.ca\/","name":"EARN - United Way East Ontario","description":"","potentialAction":[{"@type":"SearchAction","target":{"@type":"EntryPoint","urlTemplate":"https:\/\/earn-paire.ca\/?s={search_term_string}"},"query-input":"required name=search_term_string"}],"inLanguage":"fr-FR"}]}},"_links":{"self":[{"href":"https:\/\/earn-paire.ca\/fr\/wp-json\/wp\/v2\/pages\/1456"}],"collection":[{"href":"https:\/\/earn-paire.ca\/fr\/wp-json\/wp\/v2\/pages"}],"about":[{"href":"https:\/\/earn-paire.ca\/fr\/wp-json\/wp\/v2\/types\/page"}],"author":[{"embeddable":true,"href":"https:\/\/earn-paire.ca\/fr\/wp-json\/wp\/v2\/users\/12"}],"replies":[{"embeddable":true,"href":"https:\/\/earn-paire.ca\/fr\/wp-json\/wp\/v2\/comments?post=1456"}],"version-history":[{"count":1,"href":"https:\/\/earn-paire.ca\/fr\/wp-json\/wp\/v2\/pages\/1456\/revisions"}],"predecessor-version":[{"id":4265,"href":"https:\/\/earn-paire.ca\/fr\/wp-json\/wp\/v2\/pages\/1456\/revisions\/4265"}],"up":[{"embeddable":true,"href":"https:\/\/earn-paire.ca\/fr\/wp-json\/wp\/v2\/pages\/3370"}],"wp:attachment":[{"href":"https:\/\/earn-paire.ca\/fr\/wp-json\/wp\/v2\/media?parent=1456"}],"curies":[{"name":"wp","href":"https:\/\/api.w.org\/{rel}","templated":true}]}}