{"id":1661,"date":"2016-09-02T15:07:23","date_gmt":"2016-09-02T15:07:23","guid":{"rendered":"http:\/\/earn-paire.mydev.ca\/fr\/?page_id=1661"},"modified":"2022-01-14T18:17:00","modified_gmt":"2022-01-14T18:17:00","slug":"notre-mission-2","status":"publish","type":"page","link":"https:\/\/earn-paire.ca\/fr\/a-propos\/notre-mission-2\/","title":{"rendered":"Notre mission"},"content":{"rendered":"<div class=\"vc_row wpb_row vc_row-fluid\"><div class=\"wpb_column vc_column_container vc_col-sm-3\"><div class=\"vc_column-inner\"><div class=\"wpb_wrapper\">\n\t<div class=\"wpb_text_column wpb_content_element \" >\n\t\t<div class=\"wpb_wrapper\">\n\t\t\t<h4><strong>Participez<\/strong><\/h4>\n<p>Le PAIRE cherche activement plus d\u2019employeurs partenaires pour agrandir son r\u00e9seau! Apprenez-en plus sur les fa\u00e7ons de vous <a href=\"http:\/\/earn-paire.ca\/fr\/employeurs\/adhesion-au-paire\/\">joindre au PAIRE \u2013 demande d\u2019information<\/a><\/p>\n\n\t\t<\/div>\n\t<\/div>\n<div class=\"vc_empty_space\"   style=\"height: 32px\"><span class=\"vc_empty_space_inner\"><\/span><\/div><\/div><\/div><\/div><div class=\"wpb_column vc_column_container vc_col-sm-6\"><div class=\"vc_column-inner\"><div class=\"wpb_wrapper\">\n\t<div class=\"wpb_text_column wpb_content_element \" >\n\t\t<div class=\"wpb_wrapper\">\n\t\t\t<ul>\n<li><strong>Notre mission? <\/strong>Habiliter les personnes handicap\u00e9es \u00e0 int\u00e9grer pleinement le march\u00e9 du travail, puis appuyer et sensibiliser les employeurs, les fournisseurs de services, les partenaires communautaires et les diverses autres parties int\u00e9ress\u00e9es du partenariat.<\/li>\n<li><strong>Notre vision? <\/strong>Rendre tous les milieux de travail accessibles et inclusifs pour les personnes handicap\u00e9es.<\/li>\n<li><strong>Notre objectif? <\/strong>Offrir \u00e0 nos membres les connaissances, les ressources et l\u2019aide dont ils ont besoin pour cr\u00e9er plus d\u2019occasions d\u2019emploi pour les personnes handicap\u00e9es.<\/li>\n<\/ul>\n\n\t\t<\/div>\n\t<\/div>\n<\/div><\/div><\/div><div class=\"wpb_column vc_column_container vc_col-sm-3\"><div class=\"vc_column-inner\"><div class=\"wpb_wrapper\">\n\t<div  class=\"wpb_single_image wpb_content_element vc_align_left\">\n\t\t\n\t\t<figure class=\"wpb_wrapper vc_figure\">\n\t\t\t<div class=\"vc_single_image-wrapper   vc_box_border_grey\"><img width=\"683\" height=\"1024\" src=\"https:\/\/earn-paire.ca\/wp-content\/uploads\/2016\/09\/MG_2756-683x1024.jpg\" class=\"vc_single_image-img attachment-large\" alt=\"\" loading=\"lazy\" srcset=\"https:\/\/earn-paire.ca\/wp-content\/uploads\/2016\/09\/MG_2756-683x1024.jpg 683w, https:\/\/earn-paire.ca\/wp-content\/uploads\/2016\/09\/MG_2756-200x300.jpg 200w, https:\/\/earn-paire.ca\/wp-content\/uploads\/2016\/09\/MG_2756-768x1152.jpg 768w\" sizes=\"(max-width: 683px) 100vw, 683px\" \/><\/div>\n\t\t<\/figure>\n\t<\/div>\n<\/div><\/div><\/div><\/div>\n","protected":false},"excerpt":{"rendered":"Participez Le PAIRE cherche activement plus d\u2019employeurs partenaires pour agrandir son r\u00e9seau! Apprenez-en plus sur les fa\u00e7ons de vous joindre au PAIRE \u2013 demande d\u2019information Notre mission? Habiliter les personnes handicap\u00e9es \u00e0 int\u00e9grer pleinement le march\u00e9 du travail, puis appuyer et sensibiliser les employeurs, les fournisseurs de services, les partenaires communautaires et les diverses autres [...]","protected":false},"author":12,"featured_media":0,"parent":83,"menu_order":0,"comment_status":"closed","ping_status":"open","template":"","meta":{"_monsterinsights_skip_tracking":false,"_monsterinsights_sitenote_active":false,"_monsterinsights_sitenote_note":"","_monsterinsights_sitenote_category":0},"acf":[],"yoast_head":"<!-- This site is optimized with the Yoast SEO plugin v20.6 - https:\/\/yoast.com\/wordpress\/plugins\/seo\/ -->\n<title>Notre mission - EARN - United Way East Ontario<\/title>\n<meta name=\"robots\" content=\"index, follow, max-snippet:-1, max-image-preview:large, max-video-preview:-1\" \/>\n<link rel=\"canonical\" href=\"https:\/\/earn-paire.ca\/fr\/a-propos\/notre-mission-2\/\" \/>\n<meta property=\"og:locale\" content=\"fr_FR\" \/>\n<meta property=\"og:type\" content=\"article\" \/>\n<meta property=\"og:title\" content=\"Notre mission - EARN - United Way East Ontario\" \/>\n<meta property=\"og:url\" content=\"https:\/\/earn-paire.ca\/fr\/a-propos\/notre-mission-2\/\" \/>\n<meta property=\"og:site_name\" content=\"EARN - United Way East Ontario\" \/>\n<meta property=\"article:modified_time\" content=\"2022-01-14T18:17:00+00:00\" \/>\n<meta name=\"twitter:label1\" content=\"Dur\u00e9e de lecture estim\u00e9e\" \/>\n\t<meta name=\"twitter:data1\" content=\"1 minute\" \/>\n<script type=\"application\/ld+json\" class=\"yoast-schema-graph\">{\"@context\":\"https:\/\/schema.org\",\"@graph\":[{\"@type\":\"WebPage\",\"@id\":\"https:\/\/earn-paire.ca\/fr\/a-propos\/notre-mission-2\/\",\"url\":\"https:\/\/earn-paire.ca\/fr\/a-propos\/notre-mission-2\/\",\"name\":\"Notre mission - EARN - United Way East Ontario\",\"isPartOf\":{\"@id\":\"https:\/\/earn-paire.ca\/#website\"},\"datePublished\":\"2016-09-02T15:07:23+00:00\",\"dateModified\":\"2022-01-14T18:17:00+00:00\",\"breadcrumb\":{\"@id\":\"https:\/\/earn-paire.ca\/fr\/a-propos\/notre-mission-2\/#breadcrumb\"},\"inLanguage\":\"fr-FR\",\"potentialAction\":[{\"@type\":\"ReadAction\",\"target\":[\"https:\/\/earn-paire.ca\/fr\/a-propos\/notre-mission-2\/\"]}]},{\"@type\":\"BreadcrumbList\",\"@id\":\"https:\/\/earn-paire.ca\/fr\/a-propos\/notre-mission-2\/#breadcrumb\",\"itemListElement\":[{\"@type\":\"ListItem\",\"position\":1,\"name\":\"Home\",\"item\":\"https:\/\/earn-paire.ca\/fr\/home\/\"},{\"@type\":\"ListItem\",\"position\":2,\"name\":\"\u00c0 propos\",\"item\":\"https:\/\/earn-paire.ca\/fr\/a-propos\/\"},{\"@type\":\"ListItem\",\"position\":3,\"name\":\"Notre mission\"}]},{\"@type\":\"WebSite\",\"@id\":\"https:\/\/earn-paire.ca\/#website\",\"url\":\"https:\/\/earn-paire.ca\/\",\"name\":\"EARN - United Way East Ontario\",\"description\":\"\",\"potentialAction\":[{\"@type\":\"SearchAction\",\"target\":{\"@type\":\"EntryPoint\",\"urlTemplate\":\"https:\/\/earn-paire.ca\/?s={search_term_string}\"},\"query-input\":\"required name=search_term_string\"}],\"inLanguage\":\"fr-FR\"}]}<\/script>\n<!-- \/ Yoast SEO plugin. -->","yoast_head_json":{"title":"Notre mission - EARN - United Way East Ontario","robots":{"index":"index","follow":"follow","max-snippet":"max-snippet:-1","max-image-preview":"max-image-preview:large","max-video-preview":"max-video-preview:-1"},"canonical":"https:\/\/earn-paire.ca\/fr\/a-propos\/notre-mission-2\/","og_locale":"fr_FR","og_type":"article","og_title":"Notre mission - EARN - United Way East Ontario","og_url":"https:\/\/earn-paire.ca\/fr\/a-propos\/notre-mission-2\/","og_site_name":"EARN - United Way East Ontario","article_modified_time":"2022-01-14T18:17:00+00:00","twitter_misc":{"Dur\u00e9e de lecture estim\u00e9e":"1 minute"},"schema":{"@context":"https:\/\/schema.org","@graph":[{"@type":"WebPage","@id":"https:\/\/earn-paire.ca\/fr\/a-propos\/notre-mission-2\/","url":"https:\/\/earn-paire.ca\/fr\/a-propos\/notre-mission-2\/","name":"Notre mission - EARN - United Way East Ontario","isPartOf":{"@id":"https:\/\/earn-paire.ca\/#website"},"datePublished":"2016-09-02T15:07:23+00:00","dateModified":"2022-01-14T18:17:00+00:00","breadcrumb":{"@id":"https:\/\/earn-paire.ca\/fr\/a-propos\/notre-mission-2\/#breadcrumb"},"inLanguage":"fr-FR","potentialAction":[{"@type":"ReadAction","target":["https:\/\/earn-paire.ca\/fr\/a-propos\/notre-mission-2\/"]}]},{"@type":"BreadcrumbList","@id":"https:\/\/earn-paire.ca\/fr\/a-propos\/notre-mission-2\/#breadcrumb","itemListElement":[{"@type":"ListItem","position":1,"name":"Home","item":"https:\/\/earn-paire.ca\/fr\/home\/"},{"@type":"ListItem","position":2,"name":"\u00c0 propos","item":"https:\/\/earn-paire.ca\/fr\/a-propos\/"},{"@type":"ListItem","position":3,"name":"Notre mission"}]},{"@type":"WebSite","@id":"https:\/\/earn-paire.ca\/#website","url":"https:\/\/earn-paire.ca\/","name":"EARN - United Way East Ontario","description":"","potentialAction":[{"@type":"SearchAction","target":{"@type":"EntryPoint","urlTemplate":"https:\/\/earn-paire.ca\/?s={search_term_string}"},"query-input":"required name=search_term_string"}],"inLanguage":"fr-FR"}]}},"_links":{"self":[{"href":"https:\/\/earn-paire.ca\/fr\/wp-json\/wp\/v2\/pages\/1661"}],"collection":[{"href":"https:\/\/earn-paire.ca\/fr\/wp-json\/wp\/v2\/pages"}],"about":[{"href":"https:\/\/earn-paire.ca\/fr\/wp-json\/wp\/v2\/types\/page"}],"author":[{"embeddable":true,"href":"https:\/\/earn-paire.ca\/fr\/wp-json\/wp\/v2\/users\/12"}],"replies":[{"embeddable":true,"href":"https:\/\/earn-paire.ca\/fr\/wp-json\/wp\/v2\/comments?post=1661"}],"version-history":[{"count":8,"href":"https:\/\/earn-paire.ca\/fr\/wp-json\/wp\/v2\/pages\/1661\/revisions"}],"predecessor-version":[{"id":7479,"href":"https:\/\/earn-paire.ca\/fr\/wp-json\/wp\/v2\/pages\/1661\/revisions\/7479"}],"up":[{"embeddable":true,"href":"https:\/\/earn-paire.ca\/fr\/wp-json\/wp\/v2\/pages\/83"}],"wp:attachment":[{"href":"https:\/\/earn-paire.ca\/fr\/wp-json\/wp\/v2\/media?parent=1661"}],"curies":[{"name":"wp","href":"https:\/\/api.w.org\/{rel}","templated":true}]}}