{"id":1665,"date":"2016-09-02T15:14:27","date_gmt":"2016-09-02T15:14:27","guid":{"rendered":"http:\/\/earn-paire.mydev.ca\/fr\/?page_id=1665"},"modified":"2021-12-22T21:08:22","modified_gmt":"2021-12-22T21:08:22","slug":"activites-principales","status":"publish","type":"page","link":"https:\/\/earn-paire.ca\/fr\/a-propos\/activites-principales\/","title":{"rendered":"Nos activit\u00e9s principales"},"content":{"rendered":"<div class=\"vc_row wpb_row vc_row-fluid\"><div class=\"wpb_column vc_column_container vc_col-sm-3\"><div class=\"vc_column-inner\"><div class=\"wpb_wrapper\">\n\t<div class=\"wpb_text_column wpb_content_element \" >\n\t\t<div class=\"wpb_wrapper\">\n\t\t\t<h4><strong>Participez<\/strong><\/h4>\n<p>Le PAIRE cherche activement plus d\u2019employeurs partenaires pour agrandir son r\u00e9seau! Apprenez-en plus sur les fa\u00e7ons de vous <a href=\"http:\/\/earn-paire.ca\/fr\/employeurs\/adhesion-au-paire\/\">joindre au PAIRE \u2013 demande d\u2019information<\/a><\/p>\n\n\t\t<\/div>\n\t<\/div>\n<div class=\"vc_empty_space\"   style=\"height: 32px\"><span class=\"vc_empty_space_inner\"><\/span><\/div><\/div><\/div><\/div><div class=\"wpb_column vc_column_container vc_col-sm-6\"><div class=\"vc_column-inner\"><div class=\"wpb_wrapper\">\n\t<div class=\"wpb_text_column wpb_content_element \" >\n\t\t<div class=\"wpb_wrapper\">\n\t\t\t<h3>Des conf\u00e9rences t\u00e9l\u00e9phoniques mensuelles ax\u00e9es sur les jumelages d\u2019emplois<\/h3>\n<p>Cet appel offre aux employeurs et aux fournisseurs de services la possibilit\u00e9 d\u2019\u00e9changer de l\u2019information au sujet d\u2019emplois actuels et\/ou futurs et pour les fournisseurs de services de mettre en valeur des candidats potentiels. Il s\u2019agit en fait de jumeler des candidats et des occasions d\u2019emplois existantes et\/ou futures. Les deux parties peuvent \u00e9galement en profiter pour poser des questions en mati\u00e8re d\u2019emploi et faire le suivi sur des occasions potentielles en suspens.<\/p>\n<h3>\u00c9v\u00e9nements d\u2019apprentissage et de r\u00e9seautage<\/h3>\n<p>Ces \u00e9v\u00e9nements favorisent la sensibilisation et la communication, et fournissent aux employeurs une occasion de rencontrer des candidats handicap\u00e9s qualifi\u00e9s. Les employeurs peuvent aussi participer \u00e0 un atelier sp\u00e9cialis\u00e9 sur les handicaps, alors que les candidats participent \u00e0 un atelier de pr\u00e9paration \u00e0 l\u2019emploi. Les deux groupes se r\u00e9unissent ensuite pour r\u00e9seauter, \u00e9changer de l\u2019information et \u00e9tablir des relations.<\/p>\n<h3>Conf\u00e9rence annuelle<\/h3>\n<p>Lors des conf\u00e9rences annuelles, les employeurs, fournisseurs de services et intervenants communautaires se rassemblent pour apprendre, partager leur savoir et r\u00e9seauter. La conf\u00e9rence vise \u00e0 sensibiliser davantage la communaut\u00e9 aux talents que poss\u00e8dent les personnes handicap\u00e9es et qui sont des employ\u00e9s potentiels, et \u00e0 aider les employeurs \u00e0 d\u00e9couvrir les m\u00e9rites d\u2019inclure des personnes handicap\u00e9es dans leur bassin de talents. Les conf\u00e9rences ont lieu au printemps.<\/p>\n<h3>Activit\u00e9s de recrutement personnalis\u00e9es<\/h3>\n<p>Le PAIRE met au point des activit\u00e9s de recrutement sur mesure dans le but de satisfaire aux besoins en mati\u00e8re de talents des employeurs, de leur fournir des conseils d\u2019expert et de leur permettre de tirer parti d\u2019un bassin d\u2019employ\u00e9s handicap\u00e9s qualifi\u00e9s. De telles activit\u00e9s comprennent des simulations d\u2019entrevue, des salons de l\u2019emploi, des s\u00e9ances d\u2019apprentissage et d\u2019autres activit\u00e9s.<\/p>\n\n\t\t<\/div>\n\t<\/div>\n<\/div><\/div><\/div><div class=\"wpb_column vc_column_container vc_col-sm-3\"><div class=\"vc_column-inner\"><div class=\"wpb_wrapper\">\n\t<div  class=\"wpb_single_image wpb_content_element vc_align_left\">\n\t\t\n\t\t<figure class=\"wpb_wrapper vc_figure\">\n\t\t\t<div class=\"vc_single_image-wrapper   vc_box_border_grey\"><img width=\"770\" height=\"770\" src=\"https:\/\/earn-paire.ca\/wp-content\/uploads\/2016\/07\/ThinkstockPhotos-stk212417rke-1024x1024.jpg\" class=\"vc_single_image-img attachment-large\" alt=\"\" loading=\"lazy\" srcset=\"https:\/\/earn-paire.ca\/wp-content\/uploads\/2016\/07\/ThinkstockPhotos-stk212417rke-1024x1024.jpg 1024w, https:\/\/earn-paire.ca\/wp-content\/uploads\/2016\/07\/ThinkstockPhotos-stk212417rke-150x150.jpg 150w, https:\/\/earn-paire.ca\/wp-content\/uploads\/2016\/07\/ThinkstockPhotos-stk212417rke-300x300.jpg 300w, https:\/\/earn-paire.ca\/wp-content\/uploads\/2016\/07\/ThinkstockPhotos-stk212417rke-768x768.jpg 768w\" sizes=\"(max-width: 770px) 100vw, 770px\" \/><\/div>\n\t\t<\/figure>\n\t<\/div>\n<\/div><\/div><\/div><\/div><div class=\"vc_row wpb_row vc_row-fluid\"><div class=\"wpb_column vc_column_container vc_col-sm-12\"><div class=\"vc_column-inner\"><div class=\"wpb_wrapper\"><div class=\"vc_empty_space\"   style=\"height: 32px\"><span class=\"vc_empty_space_inner\"><\/span><\/div><\/div><\/div><\/div><\/div>\n","protected":false},"excerpt":{"rendered":"Participez Le PAIRE cherche activement plus d\u2019employeurs partenaires pour agrandir son r\u00e9seau! Apprenez-en plus sur les fa\u00e7ons de vous joindre au PAIRE \u2013 demande d\u2019information Des conf\u00e9rences t\u00e9l\u00e9phoniques mensuelles ax\u00e9es sur les jumelages d\u2019emplois Cet appel offre aux employeurs et aux fournisseurs de services la possibilit\u00e9 d\u2019\u00e9changer de l\u2019information au sujet d\u2019emplois actuels et\/ou futurs [...]","protected":false},"author":12,"featured_media":0,"parent":83,"menu_order":0,"comment_status":"closed","ping_status":"open","template":"","meta":{"_monsterinsights_skip_tracking":false,"_monsterinsights_sitenote_active":false,"_monsterinsights_sitenote_note":"","_monsterinsights_sitenote_category":0},"acf":[],"yoast_head":"<!-- This site is optimized with the Yoast SEO plugin v20.6 - https:\/\/yoast.com\/wordpress\/plugins\/seo\/ -->\n<title>Nos activit\u00e9s principales - EARN - United Way East Ontario<\/title>\n<meta name=\"robots\" content=\"index, follow, max-snippet:-1, max-image-preview:large, max-video-preview:-1\" \/>\n<link rel=\"canonical\" href=\"https:\/\/earn-paire.ca\/fr\/a-propos\/activites-principales\/\" \/>\n<meta property=\"og:locale\" content=\"fr_FR\" \/>\n<meta property=\"og:type\" content=\"article\" \/>\n<meta property=\"og:title\" content=\"Nos activit\u00e9s principales - EARN - United Way East Ontario\" \/>\n<meta property=\"og:url\" content=\"https:\/\/earn-paire.ca\/fr\/a-propos\/activites-principales\/\" \/>\n<meta property=\"og:site_name\" content=\"EARN - United Way East Ontario\" \/>\n<meta property=\"article:modified_time\" content=\"2021-12-22T21:08:22+00:00\" \/>\n<meta name=\"twitter:label1\" content=\"Dur\u00e9e de lecture estim\u00e9e\" \/>\n\t<meta name=\"twitter:data1\" content=\"2 minutes\" \/>\n<script type=\"application\/ld+json\" class=\"yoast-schema-graph\">{\"@context\":\"https:\/\/schema.org\",\"@graph\":[{\"@type\":\"WebPage\",\"@id\":\"https:\/\/earn-paire.ca\/fr\/a-propos\/activites-principales\/\",\"url\":\"https:\/\/earn-paire.ca\/fr\/a-propos\/activites-principales\/\",\"name\":\"Nos activit\u00e9s principales - EARN - United Way East Ontario\",\"isPartOf\":{\"@id\":\"https:\/\/earn-paire.ca\/#website\"},\"datePublished\":\"2016-09-02T15:14:27+00:00\",\"dateModified\":\"2021-12-22T21:08:22+00:00\",\"breadcrumb\":{\"@id\":\"https:\/\/earn-paire.ca\/fr\/a-propos\/activites-principales\/#breadcrumb\"},\"inLanguage\":\"fr-FR\",\"potentialAction\":[{\"@type\":\"ReadAction\",\"target\":[\"https:\/\/earn-paire.ca\/fr\/a-propos\/activites-principales\/\"]}]},{\"@type\":\"BreadcrumbList\",\"@id\":\"https:\/\/earn-paire.ca\/fr\/a-propos\/activites-principales\/#breadcrumb\",\"itemListElement\":[{\"@type\":\"ListItem\",\"position\":1,\"name\":\"Home\",\"item\":\"https:\/\/earn-paire.ca\/fr\/home\/\"},{\"@type\":\"ListItem\",\"position\":2,\"name\":\"\u00c0 propos\",\"item\":\"https:\/\/earn-paire.ca\/fr\/a-propos\/\"},{\"@type\":\"ListItem\",\"position\":3,\"name\":\"Nos activit\u00e9s principales\"}]},{\"@type\":\"WebSite\",\"@id\":\"https:\/\/earn-paire.ca\/#website\",\"url\":\"https:\/\/earn-paire.ca\/\",\"name\":\"EARN - United Way East Ontario\",\"description\":\"\",\"potentialAction\":[{\"@type\":\"SearchAction\",\"target\":{\"@type\":\"EntryPoint\",\"urlTemplate\":\"https:\/\/earn-paire.ca\/?s={search_term_string}\"},\"query-input\":\"required name=search_term_string\"}],\"inLanguage\":\"fr-FR\"}]}<\/script>\n<!-- \/ Yoast SEO plugin. -->","yoast_head_json":{"title":"Nos activit\u00e9s principales - EARN - United Way East Ontario","robots":{"index":"index","follow":"follow","max-snippet":"max-snippet:-1","max-image-preview":"max-image-preview:large","max-video-preview":"max-video-preview:-1"},"canonical":"https:\/\/earn-paire.ca\/fr\/a-propos\/activites-principales\/","og_locale":"fr_FR","og_type":"article","og_title":"Nos activit\u00e9s principales - EARN - United Way East Ontario","og_url":"https:\/\/earn-paire.ca\/fr\/a-propos\/activites-principales\/","og_site_name":"EARN - United Way East Ontario","article_modified_time":"2021-12-22T21:08:22+00:00","twitter_misc":{"Dur\u00e9e de lecture estim\u00e9e":"2 minutes"},"schema":{"@context":"https:\/\/schema.org","@graph":[{"@type":"WebPage","@id":"https:\/\/earn-paire.ca\/fr\/a-propos\/activites-principales\/","url":"https:\/\/earn-paire.ca\/fr\/a-propos\/activites-principales\/","name":"Nos activit\u00e9s principales - EARN - United Way East Ontario","isPartOf":{"@id":"https:\/\/earn-paire.ca\/#website"},"datePublished":"2016-09-02T15:14:27+00:00","dateModified":"2021-12-22T21:08:22+00:00","breadcrumb":{"@id":"https:\/\/earn-paire.ca\/fr\/a-propos\/activites-principales\/#breadcrumb"},"inLanguage":"fr-FR","potentialAction":[{"@type":"ReadAction","target":["https:\/\/earn-paire.ca\/fr\/a-propos\/activites-principales\/"]}]},{"@type":"BreadcrumbList","@id":"https:\/\/earn-paire.ca\/fr\/a-propos\/activites-principales\/#breadcrumb","itemListElement":[{"@type":"ListItem","position":1,"name":"Home","item":"https:\/\/earn-paire.ca\/fr\/home\/"},{"@type":"ListItem","position":2,"name":"\u00c0 propos","item":"https:\/\/earn-paire.ca\/fr\/a-propos\/"},{"@type":"ListItem","position":3,"name":"Nos activit\u00e9s principales"}]},{"@type":"WebSite","@id":"https:\/\/earn-paire.ca\/#website","url":"https:\/\/earn-paire.ca\/","name":"EARN - United Way East Ontario","description":"","potentialAction":[{"@type":"SearchAction","target":{"@type":"EntryPoint","urlTemplate":"https:\/\/earn-paire.ca\/?s={search_term_string}"},"query-input":"required name=search_term_string"}],"inLanguage":"fr-FR"}]}},"_links":{"self":[{"href":"https:\/\/earn-paire.ca\/fr\/wp-json\/wp\/v2\/pages\/1665"}],"collection":[{"href":"https:\/\/earn-paire.ca\/fr\/wp-json\/wp\/v2\/pages"}],"about":[{"href":"https:\/\/earn-paire.ca\/fr\/wp-json\/wp\/v2\/types\/page"}],"author":[{"embeddable":true,"href":"https:\/\/earn-paire.ca\/fr\/wp-json\/wp\/v2\/users\/12"}],"replies":[{"embeddable":true,"href":"https:\/\/earn-paire.ca\/fr\/wp-json\/wp\/v2\/comments?post=1665"}],"version-history":[{"count":7,"href":"https:\/\/earn-paire.ca\/fr\/wp-json\/wp\/v2\/pages\/1665\/revisions"}],"predecessor-version":[{"id":7406,"href":"https:\/\/earn-paire.ca\/fr\/wp-json\/wp\/v2\/pages\/1665\/revisions\/7406"}],"up":[{"embeddable":true,"href":"https:\/\/earn-paire.ca\/fr\/wp-json\/wp\/v2\/pages\/83"}],"wp:attachment":[{"href":"https:\/\/earn-paire.ca\/fr\/wp-json\/wp\/v2\/media?parent=1665"}],"curies":[{"name":"wp","href":"https:\/\/api.w.org\/{rel}","templated":true}]}}