{"id":1871,"date":"2016-10-28T14:26:22","date_gmt":"2016-10-28T14:26:22","guid":{"rendered":"http:\/\/earn-paire.mydev.ca\/fr\/?page_id=1871"},"modified":"2016-11-09T19:50:33","modified_gmt":"2016-11-09T19:50:33","slug":"netnightf","status":"publish","type":"page","link":"https:\/\/earn-paire.ca\/fr\/centre-des-medias\/actualites\/evenements\/netnightf\/","title":{"rendered":"Net Night : \u00c9tablissez des contacts avec les \u00e9tudiants de l\u2019Universit\u00e9 Carleton et de la coop\u00e9rative \u00e9tudiante, ainsi que les nouveaux dipl\u00f4m\u00e9s!"},"content":{"rendered":"<div class=\"vc_row wpb_row vc_row-fluid\"><div class=\"wpb_column vc_column_container vc_col-sm-3\"><div class=\"vc_column-inner\"><div class=\"wpb_wrapper\">\n\t<div  class=\"wpb_single_image wpb_content_element vc_align_left\">\n\t\t\n\t\t<figure class=\"wpb_wrapper vc_figure\">\n\t\t\t<div class=\"vc_single_image-wrapper   vc_box_border_grey\"><img width=\"1600\" height=\"700\" src=\"https:\/\/earn-paire.ca\/wp-content\/uploads\/2016\/11\/Carleton-Networking.png\" class=\"vc_single_image-img attachment-full\" alt=\"\" loading=\"lazy\" srcset=\"https:\/\/earn-paire.ca\/wp-content\/uploads\/2016\/11\/Carleton-Networking.png 1600w, https:\/\/earn-paire.ca\/wp-content\/uploads\/2016\/11\/Carleton-Networking-300x131.png 300w, https:\/\/earn-paire.ca\/wp-content\/uploads\/2016\/11\/Carleton-Networking-768x336.png 768w, https:\/\/earn-paire.ca\/wp-content\/uploads\/2016\/11\/Carleton-Networking-1024x448.png 1024w\" sizes=\"(max-width: 1600px) 100vw, 1600px\" \/><\/div>\n\t\t<\/figure>\n\t<\/div>\n<\/div><\/div><\/div><div class=\"wpb_column vc_column_container vc_col-sm-6\"><div class=\"vc_column-inner\"><div class=\"wpb_wrapper\">\n\t<div class=\"wpb_text_column wpb_content_element \" >\n\t\t<div class=\"wpb_wrapper\">\n\t\t\t<h4 style=\"text-align: center;\"><strong>\u00c9tablissez des contacts avec les \u00e9tudiants de l\u2019Universit\u00e9 Carleton et de la coop\u00e9rative \u00e9tudiante, ainsi que les nouveaux dipl\u00f4m\u00e9s lors de Net Night!<\/strong><strong>\u00a0<\/strong><\/h4>\n<p>Net Night est une activit\u00e9 de r\u00e9seautage qui permet aux \u00e9tudiants et aux employeurs d\u2019\u00e9tablir des contacts. Cette activit\u00e9 de r\u00e9seautage debout ne comprend aucun kiosque et tr\u00e8s peu de tables. Nous vous demandons de ne pas apporter de pr\u00e9sentoir ni de mat\u00e9riel promotionnel, car noue ne pourrons r\u00e9pondre \u00e0 vos besoins. Nous mettons \u00e0 votre disposition deux grandes salles dans le River Building : la premi\u00e8re comprendra l\u2019ing\u00e9nierie, la technologie et les sciences, alors que l\u2019autre comprendra les arts et les affaires. Nous demandons aux organismes qui embauchent des deux secteurs de bien vouloir discuter avec le plus d\u2019\u00e9tudiants possible.<\/p>\n<p>Il s\u2019agit d\u2019une activit\u00e9 de r\u00e9seautage; les participants devraient \u00eatre pr\u00eats \u00e0 discuter et \u00e0 partager des renseignements. Attendez-vous \u00e0 serrer des mains, \u00e0 expliquer votre r\u00f4le et celui de votre organisme, puis \u00e0 \u00e9changer des cartes d\u2019affaires. Le r\u00e9sultat imm\u00e9diat attendu est que les \u00e9tudiants soient plus au courant des choix de carri\u00e8re qui sont \u00e0 leur disponibilit\u00e9 et qu\u2019ils \u00e9tablissent des contacts en vue d\u2019obtenir un emploi gratifiant.<\/p>\n<p><a href=\"https:\/\/mycareer.carleton.ca\/home\/hirestudent\/evntsfairs\/netnight.htm\">Cliquez ici pour plus de renseignements et pour s&#8217;enregistrer.<\/a><\/p>\n<p>Des questions? Communiquez avec Michelle Audet \u00e0 michelle.audet@carleton.ca, ou par t\u00e9l\u00e9phone au 613-520-2600 poste 1646.<\/p>\n\n\t\t<\/div>\n\t<\/div>\n<\/div><\/div><\/div><div class=\"wpb_column vc_column_container vc_col-sm-3\"><div class=\"vc_column-inner\"><div class=\"wpb_wrapper\">\n\t<div class=\"wpb_text_column wpb_content_element \" >\n\t\t<div class=\"wpb_wrapper\">\n\t\t\t<h4>Jeudi\u00a017\u00a0novembre 2016<\/h4>\n<h4>De 18 h \u00e0 20 h<\/h4>\n<h4>dans le River Building Atrium et les salles de conference<\/h4>\n<h4>Universit\u00e9 Carleton<\/h4>\n\n\t\t<\/div>\n\t<\/div>\n<\/div><\/div><\/div><\/div>\n","protected":false},"excerpt":{"rendered":"\u00c9tablissez des contacts avec les \u00e9tudiants de l\u2019Universit\u00e9 Carleton et de la coop\u00e9rative \u00e9tudiante, ainsi que les nouveaux dipl\u00f4m\u00e9s lors de Net Night!\u00a0 Net Night est une activit\u00e9 de r\u00e9seautage qui permet aux \u00e9tudiants et aux employeurs d\u2019\u00e9tablir des contacts. Cette activit\u00e9 de r\u00e9seautage debout ne comprend aucun kiosque et tr\u00e8s peu de tables. Nous [...]","protected":false},"author":12,"featured_media":0,"parent":1876,"menu_order":0,"comment_status":"closed","ping_status":"closed","template":"","meta":{"_monsterinsights_skip_tracking":false,"_monsterinsights_sitenote_active":false,"_monsterinsights_sitenote_note":"","_monsterinsights_sitenote_category":0},"acf":[],"yoast_head":"<!-- This site is optimized with the Yoast SEO plugin v20.6 - https:\/\/yoast.com\/wordpress\/plugins\/seo\/ -->\n<title>Net Night : \u00c9tablissez des contacts avec les \u00e9tudiants de l\u2019Universit\u00e9 Carleton et de la coop\u00e9rative \u00e9tudiante, ainsi que les nouveaux dipl\u00f4m\u00e9s! - EARN - United Way East Ontario<\/title>\n<meta name=\"robots\" content=\"index, follow, max-snippet:-1, max-image-preview:large, max-video-preview:-1\" \/>\n<link rel=\"canonical\" href=\"https:\/\/earn-paire.ca\/fr\/centre-des-medias\/actualites\/evenements\/netnightf\/\" \/>\n<meta property=\"og:locale\" content=\"fr_FR\" \/>\n<meta property=\"og:type\" content=\"article\" \/>\n<meta property=\"og:title\" content=\"Net Night : \u00c9tablissez des contacts avec les \u00e9tudiants de l\u2019Universit\u00e9 Carleton et de la coop\u00e9rative \u00e9tudiante, ainsi que les nouveaux dipl\u00f4m\u00e9s! - EARN - United Way East Ontario\" \/>\n<meta property=\"og:url\" content=\"https:\/\/earn-paire.ca\/fr\/centre-des-medias\/actualites\/evenements\/netnightf\/\" \/>\n<meta property=\"og:site_name\" content=\"EARN - United Way East Ontario\" \/>\n<meta property=\"article:modified_time\" content=\"2016-11-09T19:50:33+00:00\" \/>\n<meta name=\"twitter:label1\" content=\"Dur\u00e9e de lecture estim\u00e9e\" \/>\n\t<meta name=\"twitter:data1\" content=\"1 minute\" \/>\n<script type=\"application\/ld+json\" class=\"yoast-schema-graph\">{\"@context\":\"https:\/\/schema.org\",\"@graph\":[{\"@type\":\"WebPage\",\"@id\":\"https:\/\/earn-paire.ca\/fr\/centre-des-medias\/actualites\/evenements\/netnightf\/\",\"url\":\"https:\/\/earn-paire.ca\/fr\/centre-des-medias\/actualites\/evenements\/netnightf\/\",\"name\":\"Net Night : \u00c9tablissez des contacts avec les \u00e9tudiants de l\u2019Universit\u00e9 Carleton et de la coop\u00e9rative \u00e9tudiante, ainsi que les nouveaux dipl\u00f4m\u00e9s! - EARN - United Way East Ontario\",\"isPartOf\":{\"@id\":\"https:\/\/earn-paire.ca\/#website\"},\"datePublished\":\"2016-10-28T14:26:22+00:00\",\"dateModified\":\"2016-11-09T19:50:33+00:00\",\"breadcrumb\":{\"@id\":\"https:\/\/earn-paire.ca\/fr\/centre-des-medias\/actualites\/evenements\/netnightf\/#breadcrumb\"},\"inLanguage\":\"fr-FR\",\"potentialAction\":[{\"@type\":\"ReadAction\",\"target\":[\"https:\/\/earn-paire.ca\/fr\/centre-des-medias\/actualites\/evenements\/netnightf\/\"]}]},{\"@type\":\"BreadcrumbList\",\"@id\":\"https:\/\/earn-paire.ca\/fr\/centre-des-medias\/actualites\/evenements\/netnightf\/#breadcrumb\",\"itemListElement\":[{\"@type\":\"ListItem\",\"position\":1,\"name\":\"Home\",\"item\":\"https:\/\/earn-paire.ca\/fr\/home\/\"},{\"@type\":\"ListItem\",\"position\":2,\"name\":\"Centre des m\u00e9dias\",\"item\":\"https:\/\/earn-paire.ca\/fr\/centre-des-medias\/\"},{\"@type\":\"ListItem\",\"position\":3,\"name\":\"Centre des m\u00e9dias\",\"item\":\"https:\/\/earn-paire.ca\/fr\/centre-des-medias\/actualites\/\"},{\"@type\":\"ListItem\",\"position\":4,\"name\":\"\u00c9v\u00e8nements des partenaires\",\"item\":\"https:\/\/earn-paire.ca\/fr\/centre-des-medias\/actualites\/evenements\/\"},{\"@type\":\"ListItem\",\"position\":5,\"name\":\"Net Night : \u00c9tablissez des contacts avec les \u00e9tudiants de l\u2019Universit\u00e9 Carleton et de la coop\u00e9rative \u00e9tudiante, ainsi que les nouveaux dipl\u00f4m\u00e9s!\"}]},{\"@type\":\"WebSite\",\"@id\":\"https:\/\/earn-paire.ca\/#website\",\"url\":\"https:\/\/earn-paire.ca\/\",\"name\":\"EARN - United Way East Ontario\",\"description\":\"\",\"potentialAction\":[{\"@type\":\"SearchAction\",\"target\":{\"@type\":\"EntryPoint\",\"urlTemplate\":\"https:\/\/earn-paire.ca\/?s={search_term_string}\"},\"query-input\":\"required name=search_term_string\"}],\"inLanguage\":\"fr-FR\"}]}<\/script>\n<!-- \/ Yoast SEO plugin. -->","yoast_head_json":{"title":"Net Night : \u00c9tablissez des contacts avec les \u00e9tudiants de l\u2019Universit\u00e9 Carleton et de la coop\u00e9rative \u00e9tudiante, ainsi que les nouveaux dipl\u00f4m\u00e9s! - EARN - United Way East Ontario","robots":{"index":"index","follow":"follow","max-snippet":"max-snippet:-1","max-image-preview":"max-image-preview:large","max-video-preview":"max-video-preview:-1"},"canonical":"https:\/\/earn-paire.ca\/fr\/centre-des-medias\/actualites\/evenements\/netnightf\/","og_locale":"fr_FR","og_type":"article","og_title":"Net Night : \u00c9tablissez des contacts avec les \u00e9tudiants de l\u2019Universit\u00e9 Carleton et de la coop\u00e9rative \u00e9tudiante, ainsi que les nouveaux dipl\u00f4m\u00e9s! - EARN - United Way East Ontario","og_url":"https:\/\/earn-paire.ca\/fr\/centre-des-medias\/actualites\/evenements\/netnightf\/","og_site_name":"EARN - United Way East Ontario","article_modified_time":"2016-11-09T19:50:33+00:00","twitter_misc":{"Dur\u00e9e de lecture estim\u00e9e":"1 minute"},"schema":{"@context":"https:\/\/schema.org","@graph":[{"@type":"WebPage","@id":"https:\/\/earn-paire.ca\/fr\/centre-des-medias\/actualites\/evenements\/netnightf\/","url":"https:\/\/earn-paire.ca\/fr\/centre-des-medias\/actualites\/evenements\/netnightf\/","name":"Net Night : \u00c9tablissez des contacts avec les \u00e9tudiants de l\u2019Universit\u00e9 Carleton et de la coop\u00e9rative \u00e9tudiante, ainsi que les nouveaux dipl\u00f4m\u00e9s! - EARN - United Way East Ontario","isPartOf":{"@id":"https:\/\/earn-paire.ca\/#website"},"datePublished":"2016-10-28T14:26:22+00:00","dateModified":"2016-11-09T19:50:33+00:00","breadcrumb":{"@id":"https:\/\/earn-paire.ca\/fr\/centre-des-medias\/actualites\/evenements\/netnightf\/#breadcrumb"},"inLanguage":"fr-FR","potentialAction":[{"@type":"ReadAction","target":["https:\/\/earn-paire.ca\/fr\/centre-des-medias\/actualites\/evenements\/netnightf\/"]}]},{"@type":"BreadcrumbList","@id":"https:\/\/earn-paire.ca\/fr\/centre-des-medias\/actualites\/evenements\/netnightf\/#breadcrumb","itemListElement":[{"@type":"ListItem","position":1,"name":"Home","item":"https:\/\/earn-paire.ca\/fr\/home\/"},{"@type":"ListItem","position":2,"name":"Centre des m\u00e9dias","item":"https:\/\/earn-paire.ca\/fr\/centre-des-medias\/"},{"@type":"ListItem","position":3,"name":"Centre des m\u00e9dias","item":"https:\/\/earn-paire.ca\/fr\/centre-des-medias\/actualites\/"},{"@type":"ListItem","position":4,"name":"\u00c9v\u00e8nements des partenaires","item":"https:\/\/earn-paire.ca\/fr\/centre-des-medias\/actualites\/evenements\/"},{"@type":"ListItem","position":5,"name":"Net Night : \u00c9tablissez des contacts avec les \u00e9tudiants de l\u2019Universit\u00e9 Carleton et de la coop\u00e9rative \u00e9tudiante, ainsi que les nouveaux dipl\u00f4m\u00e9s!"}]},{"@type":"WebSite","@id":"https:\/\/earn-paire.ca\/#website","url":"https:\/\/earn-paire.ca\/","name":"EARN - United Way East Ontario","description":"","potentialAction":[{"@type":"SearchAction","target":{"@type":"EntryPoint","urlTemplate":"https:\/\/earn-paire.ca\/?s={search_term_string}"},"query-input":"required name=search_term_string"}],"inLanguage":"fr-FR"}]}},"_links":{"self":[{"href":"https:\/\/earn-paire.ca\/fr\/wp-json\/wp\/v2\/pages\/1871"}],"collection":[{"href":"https:\/\/earn-paire.ca\/fr\/wp-json\/wp\/v2\/pages"}],"about":[{"href":"https:\/\/earn-paire.ca\/fr\/wp-json\/wp\/v2\/types\/page"}],"author":[{"embeddable":true,"href":"https:\/\/earn-paire.ca\/fr\/wp-json\/wp\/v2\/users\/12"}],"replies":[{"embeddable":true,"href":"https:\/\/earn-paire.ca\/fr\/wp-json\/wp\/v2\/comments?post=1871"}],"version-history":[{"count":0,"href":"https:\/\/earn-paire.ca\/fr\/wp-json\/wp\/v2\/pages\/1871\/revisions"}],"up":[{"embeddable":true,"href":"https:\/\/earn-paire.ca\/fr\/wp-json\/wp\/v2\/pages\/1876"}],"wp:attachment":[{"href":"https:\/\/earn-paire.ca\/fr\/wp-json\/wp\/v2\/media?parent=1871"}],"curies":[{"name":"wp","href":"https:\/\/api.w.org\/{rel}","templated":true}]}}