{"id":2259,"date":"2017-03-30T20:15:15","date_gmt":"2017-03-30T20:15:15","guid":{"rendered":"http:\/\/earn-paire.mydev.ca\/fr\/?page_id=2259"},"modified":"2020-02-10T16:04:35","modified_gmt":"2020-02-10T16:04:35","slug":"projet-lapho","status":"publish","type":"page","link":"https:\/\/earn-paire.ca\/fr\/projet-lapho\/","title":{"rendered":"Projet sur la LAPHO (2016-17)"},"content":{"rendered":"<div class=\"vc_row wpb_row vc_row-fluid\"><div class=\"wpb_column vc_column_container vc_col-sm-3\"><div class=\"vc_column-inner\"><div class=\"wpb_wrapper\">\n\t<div class=\"wpb_text_column wpb_content_element \" >\n\t\t<div class=\"wpb_wrapper\">\n\t\t\t<p><strong>Ressources<\/strong><br \/>\n(En fran\u00e7ais, si possible)<\/p>\n<p><a href=\"http:\/\/earn-paire.mydev.ca\/wp-content\/uploads\/2018\/06\/FR-Regional-Model-of-Public-Education-and-Outreach-workbook.pdf\" target=\"&quot;_blank\" rel=\"noopener noreferrer\">Guide sur le mod\u00e8le r\u00e9gional de sensibilisation et d&#8217;\u00e9ducation publique<\/a><\/p>\n<p><a href=\"https:\/\/www.youtube.com\/watch?v=_OzmJb-Nfmw\" target=\"&quot;_blank\" rel=\"noopener noreferrer\">Regional Model of Public Education and Outreach Webinar<\/a><\/p>\n<p><a href=\"http:\/\/earn-paire.mydev.ca\/wp-content\/uploads\/2018\/10\/Renforcer-les-comp\u00e9tences-interculturelles.pdf\" target=\"&quot;_blank\" rel=\"noopener noreferrer\">Renforcer les comp\u00e9tences interculturelles<\/a><\/p>\n<p><a href=\"http:\/\/earn-paire.mydev.ca\/wp-content\/uploads\/2018\/10\/Liste-de-contr\u00f4le-du-projet.pdf\" target=\"&quot;_blank\" rel=\"noopener noreferrer\">Liste de contr\u00f4le du projet<\/a><\/p>\n<p><a href=\"http:\/\/earn-paire.mydev.ca\/wp-content\/uploads\/2018\/10\/Feuille-de-travail-du-projet.pdf\" target=\"&quot;_blank\" rel=\"noopener noreferrer\">Feuille de travail du projet<\/a><\/p>\n<p><a href=\"http:\/\/earn-paire.mydev.ca\/wp-content\/uploads\/2018\/06\/AODA-Regional-Model-Final.pdf\" target=\"&quot;_blank\" rel=\"noopener noreferrer\">Regional Model of Public Education and Outreach &#8211; Full Project Findings<\/a><\/p>\n\n\t\t<\/div>\n\t<\/div>\n<\/div><\/div><\/div><div class=\"wpb_column vc_column_container vc_col-sm-6\"><div class=\"vc_column-inner\"><div class=\"wpb_wrapper\">\n\t<div class=\"wpb_text_column wpb_content_element \" >\n\t\t<div class=\"wpb_wrapper\">\n\t\t\t<p><strong>Qu\u2019est-ce que la LAPHO? <\/strong><\/p>\n<p>La <em>Loi sur l\u2019accessibilit\u00e9 pour les personnes handicap\u00e9es de l\u2019Ontario<\/em> (LAPHO) est la loi provinciale qui s\u2019applique \u00e0 toutes les entreprises comptant plus d\u2019un employ\u00e9. La\u00a0<em>Loi<\/em> en vigueur compte cinq normes : le service \u00e0 la client\u00e8le; l\u2019information et la communication; l\u2019emploi; le transport; et la conception des espaces publics.<\/p>\n<p><strong>Le Projet sur la LAPHO<\/strong><\/p>\n<p>Le Projet sur la LAPHO avait pour but d\u2019\u00e9duquer les entreprises sur leurs exigences en vertu de la <em>Loi<\/em>, leur communiquer les avantages d\u2019embaucher des personnes handicap\u00e9es, et leur montrer les ressources disponibles par l\u2019entremise du Partenariat en acc\u00e8s, information et ressources d\u2019emploi (PAIRE). Ottawa et ses r\u00e9gions avoisinantes, notamment les comt\u00e9s de Lanark et de Renfrew, \u00e9taient desservis par le Projet sur la LAPHO. Le projet a \u00e9t\u00e9 offert par des coordonnateurs en partenariat, qui travaillaient individuellement avec les entreprises et les entrepreneurs. Ceux-ci collaboraient sur l\u2019objectif du projet avec les associations professionnelles, les r\u00e9seaux, les agences de services et les tables sectorielles. Ce projet vedette a \u00e9t\u00e9 \u00e0 la base du d\u00e9veloppement de programmes dans d\u2019autres districts, ce qui a permis d\u2019unir et d\u2019appuyer les initiatives du projet, au premier plan de la province. Le Projet sur la LAPHO a \u00e9t\u00e9 dirig\u00e9 par Centraide, avec l\u2019aide du gouvernement de l\u2019Ontario et de son financement.<\/p>\n<p><strong>LE PAIRE ET LE PROJET SUR LA LAPHO<\/strong><\/p>\n<p>Le Projet sur la LAPHO a permis un travail en \u00e9troite collaboration avec le PAIRE dans le but de mieux offrir l\u2019\u00e9ducation et les ressources qui ont trait aux exigences, aux outils, aux services et \u00e0 l\u2019aide sur la LAPHO aux entreprises et aux employeurs. En adh\u00e9rant au PAIRE, les entreprises peuvent assurer la pr\u00e9sence des \u00e9l\u00e9ments suivants : \u00e9ducation continue, outils, bulletins d\u2019information, ressources en mati\u00e8re d\u2019embauche et occasions d\u2019engagement communautaire \u00e0 jour.<\/p>\n<p>Pour en apprendre davantage sur notre projet, veuillez consulter la section des ressources sur la pr\u00e9sente page Web. Vous y trouverez le rapport d\u00e9taill\u00e9 du projet, ainsi que des outils qui vous aideront \u00e0 pr\u00e9voir votre propre programme, qui comprendra une \u00e9ducation du public r\u00e9gional et une sensibilisation des gens.<\/p>\n<p>Si vous avez des questions, n\u2019h\u00e9sitez pas \u00e0 communiquer avec l\u2019\u00e9quipe du PAIRE par courriel \u00e0 <a href=\"mailto:PAIRE@centraideeo.ca\">mailto:PAIRE@centraideeo.ca<\/a>.<\/p>\n<p style=\"text-align: center;\"><strong>Le Projet sur la LAPHO a \u00e9t\u00e9 dirig\u00e9 par Centraide, avec l\u2019aide du gouvernement de l\u2019Ontario et de son financement.<\/strong><\/p>\n<p style=\"text-align: center;\"><strong>\u00a0<\/strong><\/p>\n\n\t\t<\/div>\n\t<\/div>\n<\/div><\/div><\/div><div class=\"wpb_column vc_column_container vc_col-sm-3\"><div class=\"vc_column-inner\"><div class=\"wpb_wrapper\">\n\t<div  class=\"wpb_single_image wpb_content_element vc_align_left\">\n\t\t\n\t\t<figure class=\"wpb_wrapper vc_figure\">\n\t\t\t<div class=\"vc_single_image-wrapper   vc_box_border_grey\"><img width=\"300\" height=\"103\" src=\"https:\/\/earn-paire.ca\/wp-content\/uploads\/2017\/03\/ont_logo_sept9-300x103.jpg\" class=\"vc_single_image-img attachment-medium\" alt=\"\" loading=\"lazy\" srcset=\"https:\/\/earn-paire.ca\/wp-content\/uploads\/2017\/03\/ont_logo_sept9-300x103.jpg 300w, https:\/\/earn-paire.ca\/wp-content\/uploads\/2017\/03\/ont_logo_sept9-768x263.jpg 768w, https:\/\/earn-paire.ca\/wp-content\/uploads\/2017\/03\/ont_logo_sept9-1024x350.jpg 1024w, https:\/\/earn-paire.ca\/wp-content\/uploads\/2017\/03\/ont_logo_sept9.jpg 1862w\" sizes=\"(max-width: 300px) 100vw, 300px\" \/><\/div>\n\t\t<\/figure>\n\t<\/div>\n\n\t<div  class=\"wpb_single_image wpb_content_element vc_align_left\">\n\t\t\n\t\t<figure class=\"wpb_wrapper vc_figure\">\n\t\t\t<div class=\"vc_single_image-wrapper   vc_box_border_grey\"><img width=\"999\" height=\"343\" src=\"https:\/\/earn-paire.ca\/wp-content\/uploads\/2017\/04\/UW-Lanark-County.png\" class=\"vc_single_image-img attachment-full\" alt=\"\" loading=\"lazy\" srcset=\"https:\/\/earn-paire.ca\/wp-content\/uploads\/2017\/04\/UW-Lanark-County.png 999w, https:\/\/earn-paire.ca\/wp-content\/uploads\/2017\/04\/UW-Lanark-County-300x103.png 300w, https:\/\/earn-paire.ca\/wp-content\/uploads\/2017\/04\/UW-Lanark-County-768x264.png 768w\" sizes=\"(max-width: 999px) 100vw, 999px\" \/><\/div>\n\t\t<\/figure>\n\t<\/div>\n\n\t<div  class=\"wpb_single_image wpb_content_element vc_align_left\">\n\t\t\n\t\t<figure class=\"wpb_wrapper vc_figure\">\n\t\t\t<div class=\"vc_single_image-wrapper   vc_box_border_grey\"><img width=\"300\" height=\"115\" src=\"https:\/\/earn-paire.ca\/wp-content\/uploads\/2017\/04\/uwo-logo-colour-small-en-300x115.png\" class=\"vc_single_image-img attachment-medium\" alt=\"\" loading=\"lazy\" srcset=\"https:\/\/earn-paire.ca\/wp-content\/uploads\/2017\/04\/uwo-logo-colour-small-en-300x115.png 300w, https:\/\/earn-paire.ca\/wp-content\/uploads\/2017\/04\/uwo-logo-colour-small-en.png 432w\" sizes=\"(max-width: 300px) 100vw, 300px\" \/><\/div>\n\t\t<\/figure>\n\t<\/div>\n\n\t<div  class=\"wpb_single_image wpb_content_element vc_align_left\">\n\t\t\n\t\t<figure class=\"wpb_wrapper vc_figure\">\n\t\t\t<div class=\"vc_single_image-wrapper   vc_box_border_grey\"><img width=\"300\" height=\"103\" src=\"https:\/\/earn-paire.ca\/wp-content\/uploads\/2017\/04\/UW-Renfrew-County-300x103.png\" class=\"vc_single_image-img attachment-medium\" alt=\"\" loading=\"lazy\" srcset=\"https:\/\/earn-paire.ca\/wp-content\/uploads\/2017\/04\/UW-Renfrew-County-300x103.png 300w, https:\/\/earn-paire.ca\/wp-content\/uploads\/2017\/04\/UW-Renfrew-County-768x264.png 768w, https:\/\/earn-paire.ca\/wp-content\/uploads\/2017\/04\/UW-Renfrew-County.png 999w\" sizes=\"(max-width: 300px) 100vw, 300px\" \/><\/div>\n\t\t<\/figure>\n\t<\/div>\n<\/div><\/div><\/div><\/div><div class=\"wpb_column vc_column_container vc_col-sm-3\"><div class=\"vc_column-inner\"><div class=\"wpb_wrapper\"><\/div><\/div><\/div><div class=\"wpb_column vc_column_container vc_col-sm-9\"><div class=\"vc_column-inner\"><div class=\"wpb_wrapper\"><\/div><\/div><\/div><div class=\"wpb_column vc_column_container vc_col-sm-6\"><div class=\"vc_column-inner\"><div class=\"wpb_wrapper\"><\/div><\/div><\/div>\n","protected":false},"excerpt":{"rendered":"Ressources (En fran\u00e7ais, si possible) Guide sur le mod\u00e8le r\u00e9gional de sensibilisation et d'\u00e9ducation publique Regional Model of Public Education and Outreach Webinar Renforcer les comp\u00e9tences interculturelles Liste de contr\u00f4le du projet Feuille de travail du projet Regional Model of Public Education and Outreach - Full Project Findings Qu\u2019est-ce que la LAPHO? La Loi sur [...]","protected":false},"author":12,"featured_media":0,"parent":0,"menu_order":0,"comment_status":"closed","ping_status":"closed","template":"","meta":{"_monsterinsights_skip_tracking":false,"_monsterinsights_sitenote_active":false,"_monsterinsights_sitenote_note":"","_monsterinsights_sitenote_category":0},"acf":[],"yoast_head":"<!-- This site is optimized with the Yoast SEO plugin v20.6 - https:\/\/yoast.com\/wordpress\/plugins\/seo\/ -->\n<title>Projet sur la LAPHO (2016-17) - EARN - United Way East Ontario<\/title>\n<meta name=\"robots\" content=\"index, follow, max-snippet:-1, max-image-preview:large, max-video-preview:-1\" \/>\n<link rel=\"canonical\" href=\"https:\/\/earn-paire.ca\/fr\/projet-lapho\/\" \/>\n<meta property=\"og:locale\" content=\"fr_FR\" \/>\n<meta property=\"og:type\" content=\"article\" \/>\n<meta property=\"og:title\" content=\"Projet sur la LAPHO (2016-17) - EARN - United Way East Ontario\" \/>\n<meta property=\"og:url\" content=\"https:\/\/earn-paire.ca\/fr\/projet-lapho\/\" \/>\n<meta property=\"og:site_name\" content=\"EARN - United Way East Ontario\" \/>\n<meta property=\"article:modified_time\" content=\"2020-02-10T16:04:35+00:00\" \/>\n<meta name=\"twitter:label1\" content=\"Dur\u00e9e de lecture estim\u00e9e\" \/>\n\t<meta name=\"twitter:data1\" content=\"3 minutes\" \/>\n<script type=\"application\/ld+json\" class=\"yoast-schema-graph\">{\"@context\":\"https:\/\/schema.org\",\"@graph\":[{\"@type\":\"WebPage\",\"@id\":\"https:\/\/earn-paire.ca\/fr\/projet-lapho\/\",\"url\":\"https:\/\/earn-paire.ca\/fr\/projet-lapho\/\",\"name\":\"Projet sur la LAPHO (2016-17) - EARN - United Way East Ontario\",\"isPartOf\":{\"@id\":\"https:\/\/earn-paire.ca\/#website\"},\"datePublished\":\"2017-03-30T20:15:15+00:00\",\"dateModified\":\"2020-02-10T16:04:35+00:00\",\"breadcrumb\":{\"@id\":\"https:\/\/earn-paire.ca\/fr\/projet-lapho\/#breadcrumb\"},\"inLanguage\":\"fr-FR\",\"potentialAction\":[{\"@type\":\"ReadAction\",\"target\":[\"https:\/\/earn-paire.ca\/fr\/projet-lapho\/\"]}]},{\"@type\":\"BreadcrumbList\",\"@id\":\"https:\/\/earn-paire.ca\/fr\/projet-lapho\/#breadcrumb\",\"itemListElement\":[{\"@type\":\"ListItem\",\"position\":1,\"name\":\"Home\",\"item\":\"https:\/\/earn-paire.ca\/fr\/home\/\"},{\"@type\":\"ListItem\",\"position\":2,\"name\":\"Projet sur la LAPHO (2016-17)\"}]},{\"@type\":\"WebSite\",\"@id\":\"https:\/\/earn-paire.ca\/#website\",\"url\":\"https:\/\/earn-paire.ca\/\",\"name\":\"EARN - United Way East Ontario\",\"description\":\"\",\"potentialAction\":[{\"@type\":\"SearchAction\",\"target\":{\"@type\":\"EntryPoint\",\"urlTemplate\":\"https:\/\/earn-paire.ca\/?s={search_term_string}\"},\"query-input\":\"required name=search_term_string\"}],\"inLanguage\":\"fr-FR\"}]}<\/script>\n<!-- \/ Yoast SEO plugin. -->","yoast_head_json":{"title":"Projet sur la LAPHO (2016-17) - EARN - United Way East Ontario","robots":{"index":"index","follow":"follow","max-snippet":"max-snippet:-1","max-image-preview":"max-image-preview:large","max-video-preview":"max-video-preview:-1"},"canonical":"https:\/\/earn-paire.ca\/fr\/projet-lapho\/","og_locale":"fr_FR","og_type":"article","og_title":"Projet sur la LAPHO (2016-17) - EARN - United Way East Ontario","og_url":"https:\/\/earn-paire.ca\/fr\/projet-lapho\/","og_site_name":"EARN - United Way East Ontario","article_modified_time":"2020-02-10T16:04:35+00:00","twitter_misc":{"Dur\u00e9e de lecture estim\u00e9e":"3 minutes"},"schema":{"@context":"https:\/\/schema.org","@graph":[{"@type":"WebPage","@id":"https:\/\/earn-paire.ca\/fr\/projet-lapho\/","url":"https:\/\/earn-paire.ca\/fr\/projet-lapho\/","name":"Projet sur la LAPHO (2016-17) - EARN - United Way East Ontario","isPartOf":{"@id":"https:\/\/earn-paire.ca\/#website"},"datePublished":"2017-03-30T20:15:15+00:00","dateModified":"2020-02-10T16:04:35+00:00","breadcrumb":{"@id":"https:\/\/earn-paire.ca\/fr\/projet-lapho\/#breadcrumb"},"inLanguage":"fr-FR","potentialAction":[{"@type":"ReadAction","target":["https:\/\/earn-paire.ca\/fr\/projet-lapho\/"]}]},{"@type":"BreadcrumbList","@id":"https:\/\/earn-paire.ca\/fr\/projet-lapho\/#breadcrumb","itemListElement":[{"@type":"ListItem","position":1,"name":"Home","item":"https:\/\/earn-paire.ca\/fr\/home\/"},{"@type":"ListItem","position":2,"name":"Projet sur la LAPHO (2016-17)"}]},{"@type":"WebSite","@id":"https:\/\/earn-paire.ca\/#website","url":"https:\/\/earn-paire.ca\/","name":"EARN - United Way East Ontario","description":"","potentialAction":[{"@type":"SearchAction","target":{"@type":"EntryPoint","urlTemplate":"https:\/\/earn-paire.ca\/?s={search_term_string}"},"query-input":"required name=search_term_string"}],"inLanguage":"fr-FR"}]}},"_links":{"self":[{"href":"https:\/\/earn-paire.ca\/fr\/wp-json\/wp\/v2\/pages\/2259"}],"collection":[{"href":"https:\/\/earn-paire.ca\/fr\/wp-json\/wp\/v2\/pages"}],"about":[{"href":"https:\/\/earn-paire.ca\/fr\/wp-json\/wp\/v2\/types\/page"}],"author":[{"embeddable":true,"href":"https:\/\/earn-paire.ca\/fr\/wp-json\/wp\/v2\/users\/12"}],"replies":[{"embeddable":true,"href":"https:\/\/earn-paire.ca\/fr\/wp-json\/wp\/v2\/comments?post=2259"}],"version-history":[{"count":5,"href":"https:\/\/earn-paire.ca\/fr\/wp-json\/wp\/v2\/pages\/2259\/revisions"}],"predecessor-version":[{"id":5584,"href":"https:\/\/earn-paire.ca\/fr\/wp-json\/wp\/v2\/pages\/2259\/revisions\/5584"}],"wp:attachment":[{"href":"https:\/\/earn-paire.ca\/fr\/wp-json\/wp\/v2\/media?parent=2259"}],"curies":[{"name":"wp","href":"https:\/\/api.w.org\/{rel}","templated":true}]}}