{"id":2866,"date":"2017-10-13T14:37:10","date_gmt":"2017-10-13T14:37:10","guid":{"rendered":"http:\/\/earn-paire.mydev.ca\/?page_id=2866"},"modified":"2022-08-02T20:11:18","modified_gmt":"2022-08-02T20:11:18","slug":"repertoire-des-partenaires-employeurs-du-paire","status":"publish","type":"page","link":"https:\/\/earn-paire.ca\/fr\/employeurs\/repertoire-des-partenaires-employeurs-du-paire\/","title":{"rendered":"R\u00e9pertoire des partenaires employeurs du PAIRE &#8211; Liste"},"content":{"rendered":"<div class=\"vc_row wpb_row vc_row-fluid\"><div class=\"wpb_column vc_column_container vc_col-sm-3\"><div class=\"vc_column-inner\"><div class=\"wpb_wrapper\"><\/div><\/div><\/div><div class=\"wpb_column vc_column_container vc_col-sm-9\"><div class=\"vc_column-inner\"><div class=\"wpb_wrapper\">\n\t<div class=\"wpb_text_column wpb_content_element \" >\n\t\t<div class=\"wpb_wrapper\">\n\t\t\t<p><strong>A<\/strong><\/p>\n<p><a href=\"https:\/\/www.accenture.com\/ca-en\/new-applied-now\" target=\"_blank\" rel=\"noopener noreferrer\">Accenture<\/a><\/p>\n<p><a href=\"http:\/\/www.noscommunes.ca\/fr\/emplois\" target=\"_blank\" rel=\"noopener noreferrer\">Administration de la chambre<\/a><\/p>\n<p><a href=\"https:\/\/inspection.canada.ca\/a-propos-de-l-acia\/possibilites-d-emploi\/fra\/1299857348736\/1299857657230\" target=\"_blank\" rel=\"noopener\">Agence canadienne d\u2019inspection des aliments<\/a><\/p>\n<p><a href=\"https:\/\/www.cbsa-asfc.gc.ca\/job-emploi\/menu-fra.html\" target=\"_blank\" rel=\"noopener\">Agence des services frontaliers du Canada<\/a><\/p>\n<p><a href=\"https:\/\/www.canada.ca\/fr\/services\/emplois.html\" target=\"_blank\" rel=\"noopener\">Agence d&#8217;\u00e9valuation d&#8217;impact du Canada<\/a><\/p>\n<p><a href=\"https:\/\/agriculture.canada.ca\/fr\/propos-notre-ministere\/carrieres\" target=\"_blank\" rel=\"noopener\">Agriculture et Agroalimentaire Canada<\/a><\/p>\n<p><a href=\"http:\/\/www.algonquincollege.com\/careers\/\" target=\"_blank\" rel=\"noopener noreferrer\">Algonquin College<\/a><\/p>\n<p><a href=\"https:\/\/www.amazon.jobs\/fr\/\" target=\"_blank\" rel=\"noopener\">Amazon Canada<\/a><\/p>\n<p><a href=\"https:\/\/thearterycommunityroasters.com\/pages\/our-team\" target=\"_blank\" rel=\"noopener\">Artery Community Roasters<\/a><\/p>\n<p><strong>B<\/strong><\/p>\n<p><a href=\"https:\/\/www.cibc.com\/fr\/about-cibc\/careers.html\" target=\"_blank\" rel=\"noopener noreferrer\">Banque CIBC<\/a><\/p>\n<p><a href=\"https:\/\/bmocarrieres.com\/\" target=\"_blank\" rel=\"noopener noreferrer\">Banque de Montr\u00e9al<\/a><\/p>\n<p><a href=\"http:\/\/www.banqueducanada.ca\/carrieres\/\" target=\"_blank\" rel=\"noopener noreferrer\">Banque du Canada<\/a><\/p>\n<p><a href=\"http:\/\/www.rbc.com\/francais\/canada.html\" target=\"_blank\" rel=\"noopener noreferrer\">Banque royale du Canada<\/a><\/p>\n<p><a href=\"https:\/\/jobs.td.com\/fr-CA\/possibilites-demploi\/\" target=\"_blank\" rel=\"noopener noreferrer\">Banque TD<\/a><\/p>\n<p><a href=\"https:\/\/www.biotalent.ca\/fr\/planifierunecarriere\" target=\"_blank\" rel=\"noopener noreferrer\">Biotalent<\/a><\/p>\n<p><a href=\"https:\/\/black-mcdonald-limited.breezy.hr\/\" target=\"_blank\" rel=\"noopener noreferrer\">Black &amp; McDonald<\/a><\/p>\n<p><a href=\"http:\/\/blg.com\/fr\/Carrieres\/accueil\" target=\"_blank\" rel=\"noopener noreferrer\">Borden Ladner Gervais<\/a><\/p>\n<p><a href=\"https:\/\/www.bruyere.org\/en\/working-bri\" target=\"_blank\" rel=\"noopener noreferrer\">Bruyere<\/a><\/p>\n<p><a href=\"https:\/\/www.buildable.ca\/\" target=\"_blank\" rel=\"noopener noreferrer\">Buildable<\/a><\/p>\n<p class=\"LC20lb MBeuO DKV0Md\"><a href=\"https:\/\/www.oag-bvg.gc.ca\/internet\/Francais\/au_fs_f_42290.html\" target=\"_blank\" rel=\"noopener\">Bureau du v\u00e9rificateur g\u00e9n\u00e9ral du Canada<\/a><\/p>\n<p><strong>C<\/strong><\/p>\n<p><a href=\"http:\/\/caerushr.com\/\" target=\"_blank\" rel=\"noopener noreferrer\">Caerus HR Consulting<\/a><\/p>\n<p><a href=\"https:\/\/www.alterna.ca\/lang\/fr\/AboutUs\/Careers\/\" target=\"_blank\" rel=\"noopener noreferrer\">Caisse Alterna<\/a><\/p>\n<p><a href=\"https:\/\/carleton.ca\/hr\/career-opportunities\/\" target=\"_blank\" rel=\"noopener noreferrer\">Carleton University<\/a><\/p>\n<p><a href=\"https:\/\/www.centraideeo.ca\/qui-nous-sommes\/carrieres\/\" target=\"_blank\" rel=\"noopener noreferrer\">Centraide de l&#8217;Est de l&#8217;Ontario<\/a><\/p>\n<p><a href=\"https:\/\/www.idrc.ca\/fr\/a-propos-du-crdi\/carrieres\" target=\"_blank\" rel=\"noopener noreferrer\">Centre de recherches pour le d\u00e9veloppement international (CRDI)<\/a><\/p>\n<p><a href=\"http:\/\/www.carlington.ochc.org\/?lang=fr\" target=\"_blank\" rel=\"noopener noreferrer\">Centre de sant\u00e9 communautaire Carlington<\/a><\/p>\n<p><a href=\"https:\/\/www.cheo.on.ca\/fr\/about-us\/careers.aspx\" target=\"_blank\" rel=\"noopener noreferrer\">Centre hospitalier\u00a0pour enfants de l&#8217;est\u00a0de\u00a0l&#8217;Ontario (CHEO)<\/a><\/p>\n<p><a href=\"https:\/\/nac-cna.ca\/fr\/careers\" target=\"_blank\" rel=\"noopener noreferrer\">Centre national des arts<\/a><\/p>\n<p><a href=\"https:\/\/jobs.hilton.com\/our-brands\/hilton-garden.php\" target=\"_blank\" rel=\"noopener noreferrer\">CGI<\/a><\/p>\n<p><a href=\"http:\/\/columbushousepem.squarespace.com\/\" target=\"_blank\" rel=\"noopener noreferrer\">Columbus House<\/a><\/p>\n<p><a href=\"http:\/\/nuclearsafety.gc.ca\/fra\/about-us\/careers-at-cnsc\/index.cfm\" target=\"_blank\" rel=\"noopener\">Commission canadienne de s\u00fbret\u00e9 nucl\u00e9aire<\/a><\/p>\n<p><a href=\"https:\/\/ccn-ncc.gc.ca\/carrieres\" target=\"_blank\" rel=\"noopener noreferrer\">Commission de la capitale nationale<\/a><\/p>\n<p><a href=\"https:\/\/www.canada.ca\/fr\/services\/emplois\/opportunites.html\" target=\"_blank\" rel=\"noopener noreferrer\">Commission de la fonction publique du Canada<\/a><\/p>\n<p><a href=\"http:\/\/www.conferenceboard.ca\/\" target=\"_blank\" rel=\"noopener noreferrer\">Conference Board of Canada<\/a><\/p>\n<p><a href=\"https:\/\/www.ottawasafetycouncil.ca\/employment-opportunities\/\" target=\"_blank\" rel=\"noopener\">Conseil de s\u00e9curit\u00e9 d&#8217;Ottawa<\/a><\/p>\n<p><a href=\"https:\/\/www.canada.ca\/fr\/services\/emplois\/opportunites.html\" target=\"_blank\" rel=\"noopener noreferrer\">Conseil national de recherches Canada<\/a><\/p>\n<p><a href=\"http:\/\/cbphysical.com\/\" target=\"_blank\" rel=\"noopener noreferrer\">Crystal Beach Physical Health<\/a><\/p>\n<p><strong>D<\/strong><\/p>\n<p><a href=\"https:\/\/careers.deloitte.ca\/?locale=fr_CA\" target=\"_blank\" rel=\"noopener noreferrer\">Deloitte<\/a><\/p>\n<p><a href=\"https:\/\/www.desjardins.com\/a-propos\/carrieres\/index.jsp?navigMW=pp&amp;blank\" rel=\"noopener\">Desjardins<\/a><\/p>\n<p><a href=\"http:\/\/www.leonardodrs.com\/careers\" target=\"_blank\" rel=\"noopener noreferrer\">DRS Technology<\/a><\/p>\n<p><strong>E<\/strong><\/p>\n<p id=\"wb-cont\" dir=\"ltr\"><a href=\"https:\/\/www.canada.ca\/fr\/emploi-developpement-social\/campagne\/recrutement.html\" target=\"_blank\" rel=\"noopener\">Emploi et D\u00e9veloppement social Canada\/Service Canada<\/a><\/p>\n<p><a href=\"https:\/\/go.enterpriseholdings.com\/canada_fr\/\" target=\"_blank\" rel=\"noopener noreferrer\">Enterprise Holdings<\/a><\/p>\n<p><a href=\"https:\/\/www.edc.ca\/FR\/About-Us\/Careers\/Pages\/default.aspx\" target=\"_blank\" rel=\"noopener noreferrer\">Exportation et d\u00e9veloppement Canada<\/a><\/p>\n<p><strong>F<\/strong><\/p>\n<p><a href=\"https:\/\/www.connexionfac.ca\/Nationale\/Carrieres.aspx\" target=\"_blank\" rel=\"noopener noreferrer\">Forces canadiennes : Services de bien-etre et moral<\/a><\/p>\n<p><strong>G<\/strong><\/p>\n<p><a href=\"http:\/\/www.gemhealthcare.com\/\" target=\"_blank\" rel=\"noopener noreferrer\">GEM Healthcare Services<\/a><\/p>\n<p><strong>H<\/strong><\/p>\n<p><a href=\"http:\/\/hamptonwellnesscentre.com\/\" target=\"_blank\" rel=\"noopener noreferrer\">Hampton Wellness Centre<\/a><\/p>\n<p><a href=\"http:\/\/www.hanniasesthetics.ca\/\" target=\"_blank\" rel=\"noopener noreferrer\">Hannia&#8217;s Aesthetics and Spa<\/a><\/p>\n<p><a href=\"http:\/\/careershomedepot.ca\/fr\/\" target=\"_blank\" rel=\"noopener noreferrer\">Home Depot<\/a><\/p>\n<p><a href=\"http:\/\/www.ottawahospital.on.ca\/fr\/career-opportunities\/\" target=\"_blank\" rel=\"noopener noreferrer\">H\u00f4pital d\u2019Ottawa<\/a><\/p>\n<p><a href=\"http:\/\/www.hrsg.ca\/about-us\/careers\" target=\"_blank\" rel=\"noopener noreferrer\">HRSG<\/a><\/p>\n<p><a href=\"https:\/\/www.about.hsbc.ca\/fr-ca\/careers\" target=\"_blank\" rel=\"noopener noreferrer\">HSBC Canada<\/a><\/p>\n<p><a href=\"https:\/\/hydroottawa.com\/careers\" target=\"_blank\" rel=\"noopener noreferrer\">Hydro Ottawa<\/a><\/p>\n<p><strong>I<\/strong><\/p>\n<p><a href=\"https:\/\/www.idrc.ca\/fr\/a-propos-du-crdi\/carrieres\" target=\"_blank\" rel=\"noopener noreferrer\">IDRC<\/a><\/p>\n<p><a href=\"https:\/\/www.groupeinvestors.com\/fr\/carrieres\" target=\"_blank\" rel=\"noopener noreferrer\">IG Gestion de patrimoine<\/a><\/p>\n<p><a href=\"http:\/\/illumabilities.com\/\" target=\"_blank\" rel=\"noopener noreferrer\">Illumabilities<\/a><\/p>\n<p><a href=\"https:\/\/jobs.innovapost.com\/?utm_source=careersite\" target=\"_blank\" rel=\"noopener noreferrer\">Innovapost<\/a><\/p>\n<p><a href=\"http:\/\/www.ic.gc.ca\/eic\/site\/careers-carrieres.nsf\/fra\/accueil\" target=\"_blank\" rel=\"noopener\">Innovation, Sciences et D\u00e9veloppement \u00e9conomique Canada<\/a><\/p>\n<p><a href=\"https:\/\/cihr-irsc.gc.ca\/f\/34320.html\" target=\"_blank\" rel=\"noopener\">Instituts de recherche en sant\u00e9 du Canada<\/a><\/p>\n<p><a href=\"https:\/\/www.investottawa.ca\/fr\/\" target=\"_blank\" rel=\"noopener\">Investir Ottawa<\/a><\/p>\n<p><strong>J<\/strong><\/p>\n<p><a href=\"http:\/\/jasautospa.com\/\" target=\"_blank\" rel=\"noopener noreferrer\">Jas Auto Spa<\/a><\/p>\n<p><strong>K<\/strong><\/p>\n<p><a href=\"http:\/\/kwsolidrock.com\/careers\/\" target=\"_blank\" rel=\"noopener noreferrer\">Keller Williams<\/a><\/p>\n<p><strong>L<\/strong><\/p>\n<p><a href=\"https:\/\/www.lockheedmartin.ca\/ca\/fr\/carrieres.html\" target=\"_blank\" rel=\"noopener noreferrer\">Lockheed Martin<\/a><\/p>\n<p><a href=\"http:\/\/lorenzosottawa.ca\/?p=home\" target=\"_blank\" rel=\"noopener noreferrer\">Lorenzo&#8217;s Pizza<\/a><\/p>\n<p><a href=\"https:\/\/www.louisehreid.com\/\" target=\"_blank\" rel=\"noopener noreferrer\">Louise Reid<\/a><\/p>\n<p><strong>M<\/strong><\/p>\n<p><a href=\"http:\/\/www.makesewcreate.com\/\" target=\"_blank\" rel=\"noopener noreferrer\">MakeSewCreate<\/a><\/p>\n<p><a href=\"https:\/\/www.mcscs.jus.gov.on.ca\/french\/corr_serv\/careers_in_corr\/careers_corr_about_fr.html\" target=\"_blank\" rel=\"noopener noreferrer\">Minist\u00e8re de la s\u00e9curit\u00e9 publique services correctionnels<\/a><\/p>\n<p><a href=\"https:\/\/mvtm.ca\/mvt2\/\" target=\"_blank\" rel=\"noopener noreferrer\">Mississippi Valley Textile Museum<\/a><\/p>\n<p><a href=\"https:\/\/www.mint.ca\/store\/mint\/about-the-mint\/careers-2300002?lang=fr_CA\" target=\"_blank\" rel=\"noopener noreferrer\">Monnaie royale canadienne<\/a><\/p>\n<p><a href=\"http:\/\/ngc.njoyn.com\/CL2\/xweb\/xweb.asp?tbtoken=Z1xaRBMXCBt2EXB5NSNcCFVLBGREcCJbAUhYUlkJE2JRKDZtLTATcBcBLiUuQC4kXgkbURRRSXAqWA%3D%3D&amp;chk=dFlbQBJe&amp;page=joblisting&amp;lang=2\" target=\"_blank\" rel=\"noopener noreferrer\">Mus\u00e9e des beaux-arts du Canada<\/a><\/p>\n<p><strong>N<\/strong><\/p>\n<p><a href=\"http:\/\/netchill.com\/\" target=\"_blank\" rel=\"noopener noreferrer\">Netchill Media Groups<\/a><\/p>\n<p><strong>P<\/strong><\/p>\n<p><a href=\"http:\/\/palkicuisineofindia.com\/\" target=\"_blank\" rel=\"noopener noreferrer\">Palki Cuisine of India<\/a><\/p>\n<p><a href=\"https:\/\/www.paiements.ca\/%C3%A0-propos\/carri%C3%A8res?_ga=2.176476901.1910816740.1525964767-1376382935.1525718460\" target=\"_blank\" rel=\"noopener noreferrer\">Paiements Canada<\/a><\/p>\n<p><a href=\"https:\/\/www.dfo-mpo.gc.ca\/career-carriere\/index-fra.html\">P\u00eaches et Oc\u00e9ans Canada<\/a><\/p>\n<p><strong>R<\/strong><\/p>\n<p><a href=\"https:\/\/cbc.radio-canada.ca\/fr\/travailler-avec-nous\/emplois\" target=\"_blank\" rel=\"noopener\">Radio-Canada<\/a><\/p>\n<p><a href=\"https:\/\/www.canada.ca\/fr\/services\/emplois\/opportunites.html\" target=\"_blank\" rel=\"noopener noreferrer\">Ressources naturelles Canada<\/a><\/p>\n<p><a href=\"http:\/\/www.retireathome.com\/\" target=\"_blank\" rel=\"noopener noreferrer\">Retire at Home<\/a><\/p>\n<p><a href=\"https:\/\/www.riccipsych.com\/index.html\" target=\"_blank\" rel=\"noopener\">Ricci &amp; Associates<\/a><\/p>\n<p><a href=\"http:\/\/jobs.rockwellcollins.com\/\" target=\"_blank\" rel=\"noopener noreferrer\">Rockwell Collins<\/a><\/p>\n<p><strong>S<\/strong><\/p>\n<p><a href=\"http:\/\/www.sgl.com\/careers.html\" target=\"_blank\" rel=\"noopener noreferrer\">Sanders Geophysics<\/a><\/p>\n<p><a href=\"https:\/\/www.canada.ca\/fr\/sante-canada\/organisation\/a-propos-sante-canada\/activites-responsabilites\/carrieres-sante-canada\/possibilites-emploi.html\" target=\"_blank\" rel=\"noopener\">Sant\u00e9 Canada<\/a><\/p>\n<p><a href=\"http:\/\/www.scotiabank.com\/ca\/fr\/0,,1001,00.html\" target=\"_blank\" rel=\"noopener noreferrer\">Scotiabank<\/a><\/p>\n<p><a href=\"https:\/\/sencanada.ca\/fr\/a-propos\/carrieres\/\" target=\"_blank\" rel=\"noopener\">S\u00e9nat du Canada<\/a><\/p>\n<p><a href=\"https:\/\/ottawa.ca\/fr\/residents\/services-durgence\/service-paramedic-dottawa\/emplois-au-service-paramedic-0\" target=\"_blank\" rel=\"noopener noreferrer\">Service paramedic d&#8217;Ottawa<\/a><\/p>\n<p><a href=\"https:\/\/spp.parl.ca\/carrieres\/\" target=\"_blank\" rel=\"noopener\">Services de protection parlementaire<\/a><\/p>\n<p><a href=\"https:\/\/www.smartbiggar.ca\/careers\/opportunity-areas\" target=\"_blank\" rel=\"noopener noreferrer\">Smart &amp; Biggar<\/a><\/p>\n<p><a href=\"https:\/\/sobeyscareers.com\/\" target=\"_blank\" rel=\"noopener noreferrer\">Sobeys Barrhaven<\/a><\/p>\n<p><a href=\"https:\/\/www.cmhc-schl.gc.ca\/fr\/inso\/ca\/index.cfm\" target=\"_blank\" rel=\"noopener noreferrer\">Soci\u00e9t\u00e9 canadienne d\u2019hypoth\u00e8ques et de logement<\/a><\/p>\n<p><a href=\"https:\/\/www.blood.ca\/fr\/career-opportunities\" target=\"_blank\" rel=\"noopener\">Soci\u00e9t\u00e9 canadienne du sang<\/a><\/p>\n<p><a href=\"https:\/\/www.cmhc-schl.gc.ca\/fr\/inso\/ca\/index.cfm\" target=\"_blank\" rel=\"noopener noreferrer\">Soci\u00e9t\u00e9 d\u2019assurances-d\u2019d\u00e9p\u00f4ts du Canada<\/a><\/p>\n<p><a href=\"https:\/\/www.starbucks.ca\/careers\/retail-careers\" target=\"_blank\" rel=\"noopener noreferrer\">Starbucks<\/a><\/p>\n<p><a href=\"https:\/\/www.statcan.gc.ca\/fr\/emploi\" target=\"_blank\" rel=\"noopener\">Statistique Canada<\/a><\/p>\n<p><a href=\"https:\/\/stratford.group\/join-the-team\/\">Stratford Group<\/a><\/p>\n<p><a href=\"https:\/\/www.surveymonkey.com\/mp\/jobs\/?ut_source=footer\" target=\"_blank\" rel=\"noopener noreferrer\">SurveyMonkey<\/a><\/p>\n<p><strong>T<\/strong><\/p>\n<p><a href=\"https:\/\/tubman.ca\/\" target=\"_blank\" rel=\"noopener noreferrer\">Tubman Marketing<\/a><\/p>\n<p><strong>U<\/strong><\/p>\n<p><a href=\"http:\/\/www.uottawa.ca\/ressources-humaines\/emplois\" target=\"_blank\" rel=\"noopener noreferrer\">Universit\u00e9 d&#8217;Ottawa<\/a><\/p>\n<p><strong>V<\/strong><br \/>\n<a href=\"https:\/\/ottawa.ca\/fr\/hotel-de-ville\/emplois-la-ville\" target=\"_blank\" rel=\"noopener noreferrer\">Ville d&#8217;Ottawa<\/a><\/p>\n<p><strong>W<\/strong><\/p>\n<p><a href=\"https:\/\/williscollege.com\/\" target=\"_blank\" rel=\"noopener noreferrer\">Willis College<\/a><\/p>\n\n\t\t<\/div>\n\t<\/div>\n<div class=\"vc_empty_space\"   style=\"height: 32px\"><span class=\"vc_empty_space_inner\"><\/span><\/div><\/div><\/div><\/div><\/div>\n","protected":false},"excerpt":{"rendered":"A Accenture Administration de la chambre Agence canadienne d\u2019inspection des aliments Agence des services frontaliers du Canada Agence d'\u00e9valuation d'impact du Canada Agriculture et Agroalimentaire Canada Algonquin College Amazon Canada Artery Community Roasters B Banque CIBC Banque de Montr\u00e9al Banque du Canada Banque royale du Canada Banque TD Biotalent Black &amp; McDonald Borden Ladner Gervais [...]","protected":false},"author":12,"featured_media":0,"parent":623,"menu_order":0,"comment_status":"closed","ping_status":"closed","template":"","meta":{"_monsterinsights_skip_tracking":false,"_monsterinsights_sitenote_active":false,"_monsterinsights_sitenote_note":"","_monsterinsights_sitenote_category":0},"acf":[],"yoast_head":"<!-- This site is optimized with the Yoast SEO plugin v20.6 - https:\/\/yoast.com\/wordpress\/plugins\/seo\/ -->\n<title>R\u00e9pertoire des partenaires employeurs du PAIRE - Liste - EARN - United Way East Ontario<\/title>\n<meta name=\"robots\" content=\"index, follow, max-snippet:-1, max-image-preview:large, max-video-preview:-1\" \/>\n<link rel=\"canonical\" href=\"https:\/\/earn-paire.ca\/fr\/employeurs\/repertoire-des-partenaires-employeurs-du-paire\/\" \/>\n<meta property=\"og:locale\" content=\"fr_FR\" \/>\n<meta property=\"og:type\" content=\"article\" \/>\n<meta property=\"og:title\" content=\"R\u00e9pertoire des partenaires employeurs du PAIRE - Liste - EARN - United Way East Ontario\" \/>\n<meta property=\"og:url\" content=\"https:\/\/earn-paire.ca\/fr\/employeurs\/repertoire-des-partenaires-employeurs-du-paire\/\" \/>\n<meta property=\"og:site_name\" content=\"EARN - United Way East Ontario\" \/>\n<meta property=\"article:modified_time\" content=\"2022-08-02T20:11:18+00:00\" \/>\n<meta name=\"twitter:label1\" content=\"Dur\u00e9e de lecture estim\u00e9e\" \/>\n\t<meta name=\"twitter:data1\" content=\"2 minutes\" \/>\n<script type=\"application\/ld+json\" class=\"yoast-schema-graph\">{\"@context\":\"https:\/\/schema.org\",\"@graph\":[{\"@type\":\"WebPage\",\"@id\":\"https:\/\/earn-paire.ca\/fr\/employeurs\/repertoire-des-partenaires-employeurs-du-paire\/\",\"url\":\"https:\/\/earn-paire.ca\/fr\/employeurs\/repertoire-des-partenaires-employeurs-du-paire\/\",\"name\":\"R\u00e9pertoire des partenaires employeurs du PAIRE - Liste - EARN - United Way East Ontario\",\"isPartOf\":{\"@id\":\"https:\/\/earn-paire.ca\/#website\"},\"datePublished\":\"2017-10-13T14:37:10+00:00\",\"dateModified\":\"2022-08-02T20:11:18+00:00\",\"breadcrumb\":{\"@id\":\"https:\/\/earn-paire.ca\/fr\/employeurs\/repertoire-des-partenaires-employeurs-du-paire\/#breadcrumb\"},\"inLanguage\":\"fr-FR\",\"potentialAction\":[{\"@type\":\"ReadAction\",\"target\":[\"https:\/\/earn-paire.ca\/fr\/employeurs\/repertoire-des-partenaires-employeurs-du-paire\/\"]}]},{\"@type\":\"BreadcrumbList\",\"@id\":\"https:\/\/earn-paire.ca\/fr\/employeurs\/repertoire-des-partenaires-employeurs-du-paire\/#breadcrumb\",\"itemListElement\":[{\"@type\":\"ListItem\",\"position\":1,\"name\":\"Home\",\"item\":\"https:\/\/earn-paire.ca\/fr\/home\/\"},{\"@type\":\"ListItem\",\"position\":2,\"name\":\"Employeurs\",\"item\":\"https:\/\/earn-paire.ca\/fr\/employeurs\/\"},{\"@type\":\"ListItem\",\"position\":3,\"name\":\"R\u00e9pertoire des partenaires employeurs du PAIRE &#8211; Liste\"}]},{\"@type\":\"WebSite\",\"@id\":\"https:\/\/earn-paire.ca\/#website\",\"url\":\"https:\/\/earn-paire.ca\/\",\"name\":\"EARN - United Way East Ontario\",\"description\":\"\",\"potentialAction\":[{\"@type\":\"SearchAction\",\"target\":{\"@type\":\"EntryPoint\",\"urlTemplate\":\"https:\/\/earn-paire.ca\/?s={search_term_string}\"},\"query-input\":\"required name=search_term_string\"}],\"inLanguage\":\"fr-FR\"}]}<\/script>\n<!-- \/ Yoast SEO plugin. -->","yoast_head_json":{"title":"R\u00e9pertoire des partenaires employeurs du PAIRE - Liste - EARN - United Way East Ontario","robots":{"index":"index","follow":"follow","max-snippet":"max-snippet:-1","max-image-preview":"max-image-preview:large","max-video-preview":"max-video-preview:-1"},"canonical":"https:\/\/earn-paire.ca\/fr\/employeurs\/repertoire-des-partenaires-employeurs-du-paire\/","og_locale":"fr_FR","og_type":"article","og_title":"R\u00e9pertoire des partenaires employeurs du PAIRE - Liste - EARN - United Way East Ontario","og_url":"https:\/\/earn-paire.ca\/fr\/employeurs\/repertoire-des-partenaires-employeurs-du-paire\/","og_site_name":"EARN - United Way East Ontario","article_modified_time":"2022-08-02T20:11:18+00:00","twitter_misc":{"Dur\u00e9e de lecture estim\u00e9e":"2 minutes"},"schema":{"@context":"https:\/\/schema.org","@graph":[{"@type":"WebPage","@id":"https:\/\/earn-paire.ca\/fr\/employeurs\/repertoire-des-partenaires-employeurs-du-paire\/","url":"https:\/\/earn-paire.ca\/fr\/employeurs\/repertoire-des-partenaires-employeurs-du-paire\/","name":"R\u00e9pertoire des partenaires employeurs du PAIRE - Liste - EARN - United Way East Ontario","isPartOf":{"@id":"https:\/\/earn-paire.ca\/#website"},"datePublished":"2017-10-13T14:37:10+00:00","dateModified":"2022-08-02T20:11:18+00:00","breadcrumb":{"@id":"https:\/\/earn-paire.ca\/fr\/employeurs\/repertoire-des-partenaires-employeurs-du-paire\/#breadcrumb"},"inLanguage":"fr-FR","potentialAction":[{"@type":"ReadAction","target":["https:\/\/earn-paire.ca\/fr\/employeurs\/repertoire-des-partenaires-employeurs-du-paire\/"]}]},{"@type":"BreadcrumbList","@id":"https:\/\/earn-paire.ca\/fr\/employeurs\/repertoire-des-partenaires-employeurs-du-paire\/#breadcrumb","itemListElement":[{"@type":"ListItem","position":1,"name":"Home","item":"https:\/\/earn-paire.ca\/fr\/home\/"},{"@type":"ListItem","position":2,"name":"Employeurs","item":"https:\/\/earn-paire.ca\/fr\/employeurs\/"},{"@type":"ListItem","position":3,"name":"R\u00e9pertoire des partenaires employeurs du PAIRE &#8211; Liste"}]},{"@type":"WebSite","@id":"https:\/\/earn-paire.ca\/#website","url":"https:\/\/earn-paire.ca\/","name":"EARN - United Way East Ontario","description":"","potentialAction":[{"@type":"SearchAction","target":{"@type":"EntryPoint","urlTemplate":"https:\/\/earn-paire.ca\/?s={search_term_string}"},"query-input":"required name=search_term_string"}],"inLanguage":"fr-FR"}]}},"_links":{"self":[{"href":"https:\/\/earn-paire.ca\/fr\/wp-json\/wp\/v2\/pages\/2866"}],"collection":[{"href":"https:\/\/earn-paire.ca\/fr\/wp-json\/wp\/v2\/pages"}],"about":[{"href":"https:\/\/earn-paire.ca\/fr\/wp-json\/wp\/v2\/types\/page"}],"author":[{"embeddable":true,"href":"https:\/\/earn-paire.ca\/fr\/wp-json\/wp\/v2\/users\/12"}],"replies":[{"embeddable":true,"href":"https:\/\/earn-paire.ca\/fr\/wp-json\/wp\/v2\/comments?post=2866"}],"version-history":[{"count":32,"href":"https:\/\/earn-paire.ca\/fr\/wp-json\/wp\/v2\/pages\/2866\/revisions"}],"predecessor-version":[{"id":7731,"href":"https:\/\/earn-paire.ca\/fr\/wp-json\/wp\/v2\/pages\/2866\/revisions\/7731"}],"up":[{"embeddable":true,"href":"https:\/\/earn-paire.ca\/fr\/wp-json\/wp\/v2\/pages\/623"}],"wp:attachment":[{"href":"https:\/\/earn-paire.ca\/fr\/wp-json\/wp\/v2\/media?parent=2866"}],"curies":[{"name":"wp","href":"https:\/\/api.w.org\/{rel}","templated":true}]}}