{"id":2881,"date":"2017-10-17T15:09:39","date_gmt":"2017-10-17T15:09:39","guid":{"rendered":"http:\/\/earn-paire.mydev.ca\/fr\/a-propos\/comite-directeur-du-paire-2\/"},"modified":"2024-02-27T15:14:05","modified_gmt":"2024-02-27T15:14:05","slug":"comite-directeur-du-paire-2","status":"publish","type":"page","link":"https:\/\/earn-paire.ca\/fr\/a-propos\/comite-directeur-du-paire-2\/","title":{"rendered":"Comit\u00e9 directeur du PAIRE &#8211; Liste"},"content":{"rendered":"<div class=\"vc_row wpb_row vc_row-fluid vc_custom_1448484281049\"><div class=\"wpb_column vc_column_container vc_col-sm-3\"><div class=\"vc_column-inner\"><div class=\"wpb_wrapper\">\n\t<div class=\"wpb_text_column wpb_content_element \" >\n\t\t<div class=\"wpb_wrapper\">\n\t\t\t<h4><strong>Participez<\/strong><\/h4>\n<p>Le PAIRE cherche activement plus d\u2019employeurs partenaires pour agrandir son r\u00e9seau!\u00a0 Apprenez-en plus sur les fa\u00e7ons de vous <a href=\"http:\/\/earn-paire.ca\/fr\/employeurs\/adhesion-au-paire\/\"><u>joindre au PAIRE \u2013 demande d\u2019information<\/u><\/a><\/p>\n\n\t\t<\/div>\n\t<\/div>\n<div class=\"vc_empty_space\"   style=\"height: 32px\"><span class=\"vc_empty_space_inner\"><\/span><\/div><\/div><\/div><\/div><div class=\"wpb_column vc_column_container vc_col-sm-9\"><div class=\"vc_column-inner\"><div class=\"wpb_wrapper\">\n\t<div class=\"wpb_text_column wpb_content_element \" >\n\t\t<div class=\"wpb_wrapper\">\n\t\t\t<p><a href=\"http:\/\/www.noscommunes.ca\/fr\/emplois\" target=\"_blank\" rel=\"noopener noreferrer\">Administration des Communes<\/a><\/p>\n<p><a href=\"https:\/\/jobs.rbc.com\/ca\/fr\" target=\"_blank\" rel=\"noopener\">Banque royale du Canada<\/a><\/p>\n<p><a href=\"https:\/\/carleton.ca\/hr\/career-opportunities\/\" target=\"_blank\" rel=\"noopener noreferrer\">Carleton University<\/a><\/p>\n<p><a href=\"http:\/\/www.cve.ca\/\" target=\"_blank\" rel=\"noopener noreferrer\">CVE<\/a><\/p>\n<p><a href=\"https:\/\/careers.deloitte.ca\/?locale=fr_CA\" target=\"_blank\" rel=\"noopener noreferrer\">Deloitte<\/a><\/p>\n<p><a href=\"http:\/\/www.mcss.gov.on.ca\/fr\/mcss\/index.aspx\" target=\"_blank\" rel=\"noopener noreferrer\">Minist\u00e8re des Services sociaux et communautaires<\/a><\/p>\n<p><a href=\"https:\/\/jobs.canadapost.ca\/?locale=fr_CA\" target=\"_blank\" rel=\"noopener\">Postes Canada<\/a><\/p>\n<p><a href=\"http:\/\/johnhoward.on.ca\/ottawa\/fr\/\" target=\"_blank\" rel=\"noopener noreferrer\">Soci\u00e9t\u00e9 John Howard<\/a><\/p>\n\n\t\t<\/div>\n\t<\/div>\n<\/div><\/div><\/div><\/div><div class=\"vc_row wpb_row vc_row-fluid\"><div class=\"wpb_column vc_column_container vc_col-sm-12\"><div class=\"vc_column-inner\"><div class=\"wpb_wrapper\"><div class=\"vc_empty_space\"   style=\"height: 32px\"><span class=\"vc_empty_space_inner\"><\/span><\/div><\/div><\/div><\/div><\/div>\n","protected":false},"excerpt":{"rendered":"Participez Le PAIRE cherche activement plus d\u2019employeurs partenaires pour agrandir son r\u00e9seau!\u00a0 Apprenez-en plus sur les fa\u00e7ons de vous joindre au PAIRE \u2013 demande d\u2019information Administration des Communes Banque royale du Canada Carleton University CVE Deloitte Minist\u00e8re des Services sociaux et communautaires Postes Canada Soci\u00e9t\u00e9 John Howard","protected":false},"author":12,"featured_media":0,"parent":83,"menu_order":0,"comment_status":"closed","ping_status":"closed","template":"","meta":{"_monsterinsights_skip_tracking":false,"_monsterinsights_sitenote_active":false,"_monsterinsights_sitenote_note":"","_monsterinsights_sitenote_category":0},"acf":[],"yoast_head":"<!-- This site is optimized with the Yoast SEO plugin v20.6 - https:\/\/yoast.com\/wordpress\/plugins\/seo\/ -->\n<title>Comit\u00e9 directeur du PAIRE - Liste - EARN - United Way East Ontario<\/title>\n<meta name=\"robots\" content=\"index, follow, max-snippet:-1, max-image-preview:large, max-video-preview:-1\" \/>\n<link rel=\"canonical\" href=\"https:\/\/earn-paire.ca\/fr\/a-propos\/comite-directeur-du-paire-2\/\" \/>\n<meta property=\"og:locale\" content=\"fr_FR\" \/>\n<meta property=\"og:type\" content=\"article\" \/>\n<meta property=\"og:title\" content=\"Comit\u00e9 directeur du PAIRE - Liste - EARN - United Way East Ontario\" \/>\n<meta property=\"og:url\" content=\"https:\/\/earn-paire.ca\/fr\/a-propos\/comite-directeur-du-paire-2\/\" \/>\n<meta property=\"og:site_name\" content=\"EARN - United Way East Ontario\" \/>\n<meta property=\"article:modified_time\" content=\"2024-02-27T15:14:05+00:00\" \/>\n<meta name=\"twitter:label1\" content=\"Dur\u00e9e de lecture estim\u00e9e\" \/>\n\t<meta name=\"twitter:data1\" content=\"1 minute\" \/>\n<script type=\"application\/ld+json\" class=\"yoast-schema-graph\">{\"@context\":\"https:\/\/schema.org\",\"@graph\":[{\"@type\":\"WebPage\",\"@id\":\"https:\/\/earn-paire.ca\/fr\/a-propos\/comite-directeur-du-paire-2\/\",\"url\":\"https:\/\/earn-paire.ca\/fr\/a-propos\/comite-directeur-du-paire-2\/\",\"name\":\"Comit\u00e9 directeur du PAIRE - Liste - EARN - United Way East Ontario\",\"isPartOf\":{\"@id\":\"https:\/\/earn-paire.ca\/#website\"},\"datePublished\":\"2017-10-17T15:09:39+00:00\",\"dateModified\":\"2024-02-27T15:14:05+00:00\",\"breadcrumb\":{\"@id\":\"https:\/\/earn-paire.ca\/fr\/a-propos\/comite-directeur-du-paire-2\/#breadcrumb\"},\"inLanguage\":\"fr-FR\",\"potentialAction\":[{\"@type\":\"ReadAction\",\"target\":[\"https:\/\/earn-paire.ca\/fr\/a-propos\/comite-directeur-du-paire-2\/\"]}]},{\"@type\":\"BreadcrumbList\",\"@id\":\"https:\/\/earn-paire.ca\/fr\/a-propos\/comite-directeur-du-paire-2\/#breadcrumb\",\"itemListElement\":[{\"@type\":\"ListItem\",\"position\":1,\"name\":\"Home\",\"item\":\"https:\/\/earn-paire.ca\/fr\/home\/\"},{\"@type\":\"ListItem\",\"position\":2,\"name\":\"\u00c0 propos\",\"item\":\"https:\/\/earn-paire.ca\/fr\/a-propos\/\"},{\"@type\":\"ListItem\",\"position\":3,\"name\":\"Comit\u00e9 directeur du PAIRE &#8211; Liste\"}]},{\"@type\":\"WebSite\",\"@id\":\"https:\/\/earn-paire.ca\/#website\",\"url\":\"https:\/\/earn-paire.ca\/\",\"name\":\"EARN - United Way East Ontario\",\"description\":\"\",\"potentialAction\":[{\"@type\":\"SearchAction\",\"target\":{\"@type\":\"EntryPoint\",\"urlTemplate\":\"https:\/\/earn-paire.ca\/?s={search_term_string}\"},\"query-input\":\"required name=search_term_string\"}],\"inLanguage\":\"fr-FR\"}]}<\/script>\n<!-- \/ Yoast SEO plugin. -->","yoast_head_json":{"title":"Comit\u00e9 directeur du PAIRE - Liste - EARN - United Way East Ontario","robots":{"index":"index","follow":"follow","max-snippet":"max-snippet:-1","max-image-preview":"max-image-preview:large","max-video-preview":"max-video-preview:-1"},"canonical":"https:\/\/earn-paire.ca\/fr\/a-propos\/comite-directeur-du-paire-2\/","og_locale":"fr_FR","og_type":"article","og_title":"Comit\u00e9 directeur du PAIRE - Liste - EARN - United Way East Ontario","og_url":"https:\/\/earn-paire.ca\/fr\/a-propos\/comite-directeur-du-paire-2\/","og_site_name":"EARN - United Way East Ontario","article_modified_time":"2024-02-27T15:14:05+00:00","twitter_misc":{"Dur\u00e9e de lecture estim\u00e9e":"1 minute"},"schema":{"@context":"https:\/\/schema.org","@graph":[{"@type":"WebPage","@id":"https:\/\/earn-paire.ca\/fr\/a-propos\/comite-directeur-du-paire-2\/","url":"https:\/\/earn-paire.ca\/fr\/a-propos\/comite-directeur-du-paire-2\/","name":"Comit\u00e9 directeur du PAIRE - Liste - EARN - United Way East Ontario","isPartOf":{"@id":"https:\/\/earn-paire.ca\/#website"},"datePublished":"2017-10-17T15:09:39+00:00","dateModified":"2024-02-27T15:14:05+00:00","breadcrumb":{"@id":"https:\/\/earn-paire.ca\/fr\/a-propos\/comite-directeur-du-paire-2\/#breadcrumb"},"inLanguage":"fr-FR","potentialAction":[{"@type":"ReadAction","target":["https:\/\/earn-paire.ca\/fr\/a-propos\/comite-directeur-du-paire-2\/"]}]},{"@type":"BreadcrumbList","@id":"https:\/\/earn-paire.ca\/fr\/a-propos\/comite-directeur-du-paire-2\/#breadcrumb","itemListElement":[{"@type":"ListItem","position":1,"name":"Home","item":"https:\/\/earn-paire.ca\/fr\/home\/"},{"@type":"ListItem","position":2,"name":"\u00c0 propos","item":"https:\/\/earn-paire.ca\/fr\/a-propos\/"},{"@type":"ListItem","position":3,"name":"Comit\u00e9 directeur du PAIRE &#8211; Liste"}]},{"@type":"WebSite","@id":"https:\/\/earn-paire.ca\/#website","url":"https:\/\/earn-paire.ca\/","name":"EARN - United Way East Ontario","description":"","potentialAction":[{"@type":"SearchAction","target":{"@type":"EntryPoint","urlTemplate":"https:\/\/earn-paire.ca\/?s={search_term_string}"},"query-input":"required name=search_term_string"}],"inLanguage":"fr-FR"}]}},"_links":{"self":[{"href":"https:\/\/earn-paire.ca\/fr\/wp-json\/wp\/v2\/pages\/2881"}],"collection":[{"href":"https:\/\/earn-paire.ca\/fr\/wp-json\/wp\/v2\/pages"}],"about":[{"href":"https:\/\/earn-paire.ca\/fr\/wp-json\/wp\/v2\/types\/page"}],"author":[{"embeddable":true,"href":"https:\/\/earn-paire.ca\/fr\/wp-json\/wp\/v2\/users\/12"}],"replies":[{"embeddable":true,"href":"https:\/\/earn-paire.ca\/fr\/wp-json\/wp\/v2\/comments?post=2881"}],"version-history":[{"count":17,"href":"https:\/\/earn-paire.ca\/fr\/wp-json\/wp\/v2\/pages\/2881\/revisions"}],"predecessor-version":[{"id":7909,"href":"https:\/\/earn-paire.ca\/fr\/wp-json\/wp\/v2\/pages\/2881\/revisions\/7909"}],"up":[{"embeddable":true,"href":"https:\/\/earn-paire.ca\/fr\/wp-json\/wp\/v2\/pages\/83"}],"wp:attachment":[{"href":"https:\/\/earn-paire.ca\/fr\/wp-json\/wp\/v2\/media?parent=2881"}],"curies":[{"name":"wp","href":"https:\/\/api.w.org\/{rel}","templated":true}]}}