{"id":2891,"date":"2017-10-17T16:12:06","date_gmt":"2017-10-17T16:12:06","guid":{"rendered":"http:\/\/earn-paire.mydev.ca\/?page_id=2891"},"modified":"2024-02-27T16:43:51","modified_gmt":"2024-02-27T16:43:51","slug":"groupe-de-direction-du-paire-2","status":"publish","type":"page","link":"https:\/\/earn-paire.ca\/fr\/a-propos\/groupe-de-direction-du-paire-2\/","title":{"rendered":"Groupe de direction du PAIRE &#8211; Liste"},"content":{"rendered":"<div class=\"vc_row wpb_row vc_row-fluid vc_custom_1448484257300\"><div class=\"wpb_column vc_column_container vc_col-sm-3\"><div class=\"vc_column-inner\"><div class=\"wpb_wrapper\">\n\t<div class=\"wpb_text_column wpb_content_element \" >\n\t\t<div class=\"wpb_wrapper\">\n\t\t\t<h4><strong>Participez<\/strong><\/h4>\n<p>Le PAIRE cherche activement plus d\u2019employeurs partenaires pour agrandir son r\u00e9seau!\u00a0 Apprenez-en plus sur les fa\u00e7ons de vous <a href=\"http:\/\/earn-paire.ca\/fr\/employeurs\/adhesion-au-paire\/\"><u>joindre au PAIRE \u2013 demande d\u2019information<\/u><\/a><\/p>\n\n\t\t<\/div>\n\t<\/div>\n<\/div><\/div><\/div><div class=\"wpb_column vc_column_container vc_col-sm-9\"><div class=\"vc_column-inner\"><div class=\"wpb_wrapper\">\n\t<div class=\"wpb_text_column wpb_content_element \" >\n\t\t<div class=\"wpb_wrapper\">\n\t\t\t<p><a href=\"https:\/\/www.accenture.com\/ca-fr\/careers\" target=\"_blank\" rel=\"noopener noreferrer\">Accenture<\/a><\/p>\n<p><a href=\"http:\/\/acclaimability.com\/fr\/\" target=\"_blank\" rel=\"noopener noreferrer\">Acclaimability<\/a><\/p>\n<p><a href=\"https:\/\/altclanark.com\/\" target=\"_blank\" rel=\"noopener\">Adult Learning &amp; Training Centre<\/a><\/p>\n<p><a href=\"https:\/\/www.cbsa-asfc.gc.ca\/job-emploi\/menu-fra.html\">Agence des services frontaliers du Canada<\/a><\/p>\n<p><a href=\"https:\/\/www.canada.ca\/fr\/agence-evaluation-impact.html\" target=\"_blank\" rel=\"noopener\">Agence d&#8217;\u00e9valuation d&#8217;impact du Canada<\/a><\/p>\n<p><a href=\"https:\/\/agriculture.canada.ca\/fr\/propos-notre-ministere\/carrieres\" target=\"_blank\" rel=\"noopener\">Agriculture et Agroalimentaire Canada<\/a><\/p>\n<p><a href=\"http:\/\/www.algonquincollege.com\/careers\/career-opportunities\/\" target=\"_blank\" rel=\"noopener noreferrer\">Algonquin College<\/a><\/p>\n<p><a href=\"https:\/\/www.amazon.jobs\/fr\/\" target=\"_blank\" rel=\"noopener\">Amazon Canada<\/a><\/p>\n<p><a href=\"https:\/\/thearterycommunityroasters.com\/pages\/our-team\" target=\"_blank\" rel=\"noopener\">Artery Community Roasters<\/a><\/p>\n<p><a href=\"https:\/\/www.cmpa-acpm.ca\/fr\/home\" target=\"_blank\" rel=\"noopener\">Association canadienne de protection m\u00e9dicale<\/a><\/p>\n<p><a href=\"https:\/\/www.cibc.com\/fr\/about-cibc\/careers.html\" target=\"_blank\" rel=\"noopener noreferrer\">Banque CIBC<\/a><\/p>\n<p><a href=\"https:\/\/www.buildable.ca\/careers\">Buildable<\/a><\/p>\n<p><a href=\"https:\/\/canadacareer.ca\/s\" target=\"_blank\" rel=\"noopener noreferrer\">Canadian Career Academy<\/a><\/p>\n<p><a href=\"https:\/\/carleton.ca\/career\/\" target=\"_blank\" rel=\"noopener noreferrer\">Carleton University<\/a><\/p>\n<p><a href=\"http:\/\/www.causewayworkcentre.org\/\" target=\"_blank\" rel=\"noopener noreferrer\">Causeway<\/a><\/p>\n<p><a href=\"https:\/\/csepr.ca\/\" target=\"_blank\" rel=\"noopener\">Centre de Services \u00e0 l&#8217;Emploi de Prescott-Russell Inc.<\/a><\/p>\n<p><a href=\"https:\/\/www.cgi.com\/canada\/fr-ca\" target=\"_blank\" rel=\"noopener\">CGI<\/a><\/p>\n<p><a href=\"https:\/\/www.cheo.on.ca\/fr\/index.aspx\" target=\"_blank\" rel=\"noopener\">Children Hospital Eastern Ontario (CHEO)<\/a><\/p>\n<p><a href=\"https:\/\/www.royalcollege.ca\/fr\/about\/careers.html\" target=\"_blank\" rel=\"noopener\">Coll\u00e8ge royal des m\u00e9decins et chirurgiens du Canada<\/a><\/p>\n<p><a href=\"http:\/\/nuclearsafety.gc.ca\/fra\/about-us\/careers-at-cnsc\/index.cfm\" target=\"_blank\" rel=\"noopener\">Commission canadienne de s\u00fbret\u00e9 nucl\u00e9aire<\/a><\/p>\n<p><a href=\"https:\/\/communitylivingontario.ca\/\" target=\"_blank\" rel=\"noopener\">Community Living<\/a><\/p>\n<p><a href=\"https:\/\/www.ecolecatholique.ca\/\" target=\"_blank\" rel=\"noopener\">Conseil des \u00e9coles catholiques du Centre-Est (CECCE)<\/a><\/p>\n<p><a href=\"https:\/\/www.crcrr.org\/\" target=\"_blank\" rel=\"noopener\">CRC Rideau Rockliffe<\/a><\/p>\n<p><a href=\"http:\/\/www.cve.ca\/\" target=\"_blank\" rel=\"noopener noreferrer\">CVE<\/a><\/p>\n<p><a href=\"https:\/\/www.canada.ca\/fr\/emploi-developpement-social\/campagne\/recrutement.html\">Emploi et D\u00e9veloppement social Canada\/Service Canada<\/a><\/p>\n<p><a href=\"https:\/\/go.enterpriseholdings.com\/\" target=\"_blank\" rel=\"noopener noreferrer\">Enterprise<\/a><\/p>\n<p><a href=\"https:\/\/www.ottawahospital.on.ca\/fr\/career-opportunities\/\" target=\"_blank\" rel=\"noopener noreferrer\">H\u00f4pital d\u2019Ottawa<\/a><\/p>\n<p><a href=\"https:\/\/www.about.hsbc.ca\/fr-ca\/careers\" target=\"_blank\" rel=\"noopener noreferrer\">HSBC<\/a><\/p>\n<p><a href=\"https:\/\/www.humanizingleadership.com\/\" target=\"_blank\" rel=\"noopener\">Humanizing Leadership<\/a><\/p>\n<p><a href=\"https:\/\/www.guichetemplois.gc.ca\/accueil\" target=\"_blank\" rel=\"noopener\">Human Resources Development Canada<\/a><\/p>\n<p><a href=\"https:\/\/hydroottawa.com\/careers\" target=\"_blank\" rel=\"noopener noreferrer\">Hydro Ottawa<\/a><\/p>\n<p><a href=\"https:\/\/ignite-your-light.myshopify.com\/\" target=\"_blank\" rel=\"noopener noreferrer\">Ignite Your Light<\/a><\/p>\n<p><a href=\"http:\/\/illumabilities.com\" target=\"_blank\" rel=\"noopener noreferrer\">Illumabilities<\/a><\/p>\n<p><a href=\"https:\/\/cnib.ca\/fr\/programmes-et-services\/travailler?region=gta\" target=\"_blank\" rel=\"noopener\">INCA<\/a><\/p>\n<p><a href=\"https:\/\/ingeniumcanada.org\/fr\" target=\"_blank\" rel=\"noopener\">Ingenium<\/a><\/p>\n<p><a href=\"https:\/\/ised-isde.canada.ca\/site\/isde\/fr\" target=\"_blank\" rel=\"noopener\">Innovation, Sciences et D\u00e9veloppement \u00e9conomique Canada<\/a><\/p>\n<p><a href=\"https:\/\/www.investottawa.ca\/about-us\/careers\/\" target=\"_blank\" rel=\"noopener\">Invest Ottawa<\/a><\/p>\n<p><a href=\"https:\/\/www.keys.ca\/\" target=\"_blank\" rel=\"noopener\">KEYS Job Centre<\/a><\/p>\n<p><a href=\"https:\/\/sciontario.org\" target=\"_blank\" rel=\"noopener noreferrer\">L\u00e9sions m\u00e9dullaires Ontario<\/a><\/p>\n<p><a href=\"http:\/\/www.liveworkplay.ca\/\" target=\"_blank\" rel=\"noopener noreferrer\">LiveWorkPlay<\/a><\/p>\n<p><a href=\"http:\/\/www.louisehreid.com\" target=\"_blank\" rel=\"noopener noreferrer\">Louise Reid<\/a><\/p>\n<p><a href=\"http:\/\/www.marchofdimes.ca\/EN\/Pages\/default.aspx\" target=\"_blank\" rel=\"noopener noreferrer\">March of Dimes<\/a><\/p>\n<p><a href=\"https:\/\/www.mcscs.jus.gov.on.ca\/french\/corr_serv\/careers_in_corr\/careers_corr_about_fr.html\" target=\"_blank\" rel=\"noopener noreferrer\">Minist\u00e8re de la s\u00e9curit\u00e9 publique services correctionnels<\/a><\/p>\n<p><a href=\"https:\/\/www.ontario.ca\/fr\/page\/ministere-solliciteur-general\" target=\"_blank\" rel=\"noopener\">Minist\u00e8re du Solliciteur g\u00e9n\u00e9ral<\/a><\/p>\n<p><a href=\"https:\/\/mvtm.ca\/mvt2\/\" target=\"_blank\" rel=\"noopener noreferrer\">Mississippi Valley Textile Museum<\/a><\/p>\n<p><a href=\"https:\/\/www.neilsquire.ca\/\" target=\"_blank\" rel=\"noopener noreferrer\">Neil Squire Society<\/a><\/p>\n<p><a href=\"https:\/\/www.odenetwork.com\/\" target=\"_blank\" rel=\"noopener\">ODEN<\/a><\/p>\n<p><a href=\"https:\/\/otc-cta.gc.ca\/fra\" target=\"_blank\" rel=\"noopener\">Office des transports du Canada<\/a><\/p>\n<p><a href=\"https:\/\/ontario.coop\/\" target=\"_blank\" rel=\"noopener noreferrer\">Ontario Co-operative Association<\/a><\/p>\n<p><a href=\"https:\/\/otec.org\/\" target=\"_blank\" rel=\"noopener\">Ontario Tourism Education Corporation (OTEC)<\/a><\/p>\n<p><a href=\"https:\/\/ottawaemploymenthub.ca\/\" target=\"_blank\" rel=\"noopener noreferrer\">Ottawa Employment Hub<\/a><\/p>\n<p><a href=\"https:\/\/www.ottawasafetycouncil.ca\/\" target=\"_blank\" rel=\"noopener\">Ottawa Safety Council<\/a><\/p>\n<p><a href=\"https:\/\/www.parl.ca\/\" target=\"_blank\" rel=\"noopener\">Parlement du Canada<\/a><\/p>\n<p><a href=\"https:\/\/www.dfo-mpo.gc.ca\/career-carriere\/index-fra.html\">P\u00eaches et Oc\u00e9ans Canada<\/a><\/p>\n<p><a href=\"http:\/\/www.pprc.ca\/fr\/accueil.aspx\" target=\"_blank\" rel=\"noopener noreferrer\">Performance Plus Soins en R\u00e9adaptation Inc.<\/a><\/p>\n<p><a href=\"https:\/\/www.pqchc.com\/careers\" target=\"_blank\" rel=\"noopener\">Pinecrest-Queensway Community Health Centre<\/a><\/p>\n<p><a href=\"https:\/\/www.canada.ca\/fr\/sante-canada\/organisation\/a-propos-sante-canada\/activites-responsabilites\/carrieres-sante-canada\/possibilites-emploi.html\" target=\"_blank\" rel=\"noopener\">Sant\u00e9 Canada<\/a><\/p>\n<p><a href=\"https:\/\/www.scotiabank.com\/careers\/fr\/carrieres.html\">Scotiabank<\/a><\/p>\n<p><a href=\"https:\/\/www.canada.ca\/fr\/secretariat-conseil-tresor\/organisation\/possibilites-emploi.html\" target=\"_blank\" rel=\"noopener\">Secr\u00e9tariat du Conseil du Tr\u00e9sor du Canada<\/a><\/p>\n<p><a href=\"https:\/\/sencanada.ca\/fr\/a-propos\/carrieres\/\" target=\"_blank\" rel=\"noopener\">S\u00e9nat du Canada<\/a><\/p>\n<p><a href=\"https:\/\/spp.parl.ca\/carrieres\/\" target=\"_blank\" rel=\"noopener\">Service de protection parlementaire<\/a><\/p>\n<p><a href=\"https:\/\/www.ysb.ca\/fr\/\" target=\"_blank\" rel=\"noopener noreferrer\">Services jeunesse<\/a><\/p>\n<p><a href=\"https:\/\/www.canada.ca\/fr\/services-partages\/organisation\/carrieres.html\" target=\"_blank\" rel=\"noopener\">Services partag\u00e9s Canada<\/a><\/p>\n<p><a href=\"https:\/\/www.smartbiggar.ca\/careers\/opportunity-areas\" target=\"_blank\" rel=\"noopener noreferrer\">Smart &amp; Biggar<\/a><\/p>\n<p><a href=\"https:\/\/www.blood.ca\/en\/career-opportunities\" target=\"_blank\" rel=\"noopener\">Soci\u00e9t\u00e9 canadienne du sang<\/a><\/p>\n<p><a href=\"http:\/\/ca.specialisterne.com\/fr\/\" target=\"_blank\" rel=\"noopener noreferrer\">Specialisterne<\/a><\/p>\n<p><a href=\"https:\/\/www.statcan.gc.ca\/fr\/emploi\" target=\"_blank\" rel=\"noopener\">Statistique Canada<\/a><\/p>\n<p><a href=\"https:\/\/stratford.group\/join-the-team\/\" target=\"_blank\" rel=\"noopener\">Stratford Group<\/a><\/p>\n<p><a href=\"http:\/\/www.employmentservice.sl.on.ca\/\" target=\"_blank\" rel=\"noopener noreferrer\">St. Lawrence College<\/a><\/p>\n<p><a href=\"https:\/\/jobs.td.com\/fr-CA\/possibilites-demploi\/\" target=\"_blank\" rel=\"noopener noreferrer\">TD Canada<\/a><\/p>\n<p><a href=\"http:\/\/www.uottawa.ca\/ressources-humaines\/emplois\" target=\"_blank\" rel=\"noopener noreferrer\">Universit\u00e9 d\u2019Ottawa<\/a><\/p>\n<p><a href=\"http:\/\/ottawa.ca\/fr\/hotel-de-ville\/emplois-la-ville\" target=\"_blank\" rel=\"noopener noreferrer\">Ville d&#8217;Ottawa<\/a><\/p>\n<p><a href=\"https:\/\/ysowlmaclure.org\/owl-employment\/\" target=\"_blank\" rel=\"noopener\">Y\u2019s Owl Maclure<\/a><\/p>\n\n\t\t<\/div>\n\t<\/div>\n<div class=\"vc_empty_space\"   style=\"height: 32px\"><span class=\"vc_empty_space_inner\"><\/span><\/div><\/div><\/div><\/div><\/div>\n","protected":false},"excerpt":{"rendered":"Participez Le PAIRE cherche activement plus d\u2019employeurs partenaires pour agrandir son r\u00e9seau!\u00a0 Apprenez-en plus sur les fa\u00e7ons de vous joindre au PAIRE \u2013 demande d\u2019information Accenture Acclaimability Adult Learning &amp; Training Centre Agence des services frontaliers du Canada Agence d'\u00e9valuation d'impact du Canada Agriculture et Agroalimentaire Canada Algonquin College Amazon Canada Artery Community Roasters Association [...]","protected":false},"author":12,"featured_media":0,"parent":83,"menu_order":0,"comment_status":"closed","ping_status":"closed","template":"","meta":{"_monsterinsights_skip_tracking":false,"_monsterinsights_sitenote_active":false,"_monsterinsights_sitenote_note":"","_monsterinsights_sitenote_category":0},"acf":[],"yoast_head":"<!-- This site is optimized with the Yoast SEO plugin v20.6 - https:\/\/yoast.com\/wordpress\/plugins\/seo\/ -->\n<title>Groupe de direction du PAIRE - Liste - EARN - United Way East Ontario<\/title>\n<meta name=\"robots\" content=\"index, follow, max-snippet:-1, max-image-preview:large, max-video-preview:-1\" \/>\n<link rel=\"canonical\" href=\"https:\/\/earn-paire.ca\/fr\/a-propos\/groupe-de-direction-du-paire-2\/\" \/>\n<meta property=\"og:locale\" content=\"fr_FR\" \/>\n<meta property=\"og:type\" content=\"article\" \/>\n<meta property=\"og:title\" content=\"Groupe de direction du PAIRE - Liste - EARN - United Way East Ontario\" \/>\n<meta property=\"og:url\" content=\"https:\/\/earn-paire.ca\/fr\/a-propos\/groupe-de-direction-du-paire-2\/\" \/>\n<meta property=\"og:site_name\" content=\"EARN - United Way East Ontario\" \/>\n<meta property=\"article:modified_time\" content=\"2024-02-27T16:43:51+00:00\" \/>\n<meta name=\"twitter:label1\" content=\"Dur\u00e9e de lecture estim\u00e9e\" \/>\n\t<meta name=\"twitter:data1\" content=\"1 minute\" \/>\n<script type=\"application\/ld+json\" class=\"yoast-schema-graph\">{\"@context\":\"https:\/\/schema.org\",\"@graph\":[{\"@type\":\"WebPage\",\"@id\":\"https:\/\/earn-paire.ca\/fr\/a-propos\/groupe-de-direction-du-paire-2\/\",\"url\":\"https:\/\/earn-paire.ca\/fr\/a-propos\/groupe-de-direction-du-paire-2\/\",\"name\":\"Groupe de direction du PAIRE - Liste - EARN - United Way East Ontario\",\"isPartOf\":{\"@id\":\"https:\/\/earn-paire.ca\/#website\"},\"datePublished\":\"2017-10-17T16:12:06+00:00\",\"dateModified\":\"2024-02-27T16:43:51+00:00\",\"breadcrumb\":{\"@id\":\"https:\/\/earn-paire.ca\/fr\/a-propos\/groupe-de-direction-du-paire-2\/#breadcrumb\"},\"inLanguage\":\"fr-FR\",\"potentialAction\":[{\"@type\":\"ReadAction\",\"target\":[\"https:\/\/earn-paire.ca\/fr\/a-propos\/groupe-de-direction-du-paire-2\/\"]}]},{\"@type\":\"BreadcrumbList\",\"@id\":\"https:\/\/earn-paire.ca\/fr\/a-propos\/groupe-de-direction-du-paire-2\/#breadcrumb\",\"itemListElement\":[{\"@type\":\"ListItem\",\"position\":1,\"name\":\"Home\",\"item\":\"https:\/\/earn-paire.ca\/fr\/home\/\"},{\"@type\":\"ListItem\",\"position\":2,\"name\":\"\u00c0 propos\",\"item\":\"https:\/\/earn-paire.ca\/fr\/a-propos\/\"},{\"@type\":\"ListItem\",\"position\":3,\"name\":\"Groupe de direction du PAIRE &#8211; Liste\"}]},{\"@type\":\"WebSite\",\"@id\":\"https:\/\/earn-paire.ca\/#website\",\"url\":\"https:\/\/earn-paire.ca\/\",\"name\":\"EARN - United Way East Ontario\",\"description\":\"\",\"potentialAction\":[{\"@type\":\"SearchAction\",\"target\":{\"@type\":\"EntryPoint\",\"urlTemplate\":\"https:\/\/earn-paire.ca\/?s={search_term_string}\"},\"query-input\":\"required name=search_term_string\"}],\"inLanguage\":\"fr-FR\"}]}<\/script>\n<!-- \/ Yoast SEO plugin. -->","yoast_head_json":{"title":"Groupe de direction du PAIRE - Liste - EARN - United Way East Ontario","robots":{"index":"index","follow":"follow","max-snippet":"max-snippet:-1","max-image-preview":"max-image-preview:large","max-video-preview":"max-video-preview:-1"},"canonical":"https:\/\/earn-paire.ca\/fr\/a-propos\/groupe-de-direction-du-paire-2\/","og_locale":"fr_FR","og_type":"article","og_title":"Groupe de direction du PAIRE - Liste - EARN - United Way East Ontario","og_url":"https:\/\/earn-paire.ca\/fr\/a-propos\/groupe-de-direction-du-paire-2\/","og_site_name":"EARN - United Way East Ontario","article_modified_time":"2024-02-27T16:43:51+00:00","twitter_misc":{"Dur\u00e9e de lecture estim\u00e9e":"1 minute"},"schema":{"@context":"https:\/\/schema.org","@graph":[{"@type":"WebPage","@id":"https:\/\/earn-paire.ca\/fr\/a-propos\/groupe-de-direction-du-paire-2\/","url":"https:\/\/earn-paire.ca\/fr\/a-propos\/groupe-de-direction-du-paire-2\/","name":"Groupe de direction du PAIRE - Liste - EARN - United Way East Ontario","isPartOf":{"@id":"https:\/\/earn-paire.ca\/#website"},"datePublished":"2017-10-17T16:12:06+00:00","dateModified":"2024-02-27T16:43:51+00:00","breadcrumb":{"@id":"https:\/\/earn-paire.ca\/fr\/a-propos\/groupe-de-direction-du-paire-2\/#breadcrumb"},"inLanguage":"fr-FR","potentialAction":[{"@type":"ReadAction","target":["https:\/\/earn-paire.ca\/fr\/a-propos\/groupe-de-direction-du-paire-2\/"]}]},{"@type":"BreadcrumbList","@id":"https:\/\/earn-paire.ca\/fr\/a-propos\/groupe-de-direction-du-paire-2\/#breadcrumb","itemListElement":[{"@type":"ListItem","position":1,"name":"Home","item":"https:\/\/earn-paire.ca\/fr\/home\/"},{"@type":"ListItem","position":2,"name":"\u00c0 propos","item":"https:\/\/earn-paire.ca\/fr\/a-propos\/"},{"@type":"ListItem","position":3,"name":"Groupe de direction du PAIRE &#8211; Liste"}]},{"@type":"WebSite","@id":"https:\/\/earn-paire.ca\/#website","url":"https:\/\/earn-paire.ca\/","name":"EARN - United Way East Ontario","description":"","potentialAction":[{"@type":"SearchAction","target":{"@type":"EntryPoint","urlTemplate":"https:\/\/earn-paire.ca\/?s={search_term_string}"},"query-input":"required name=search_term_string"}],"inLanguage":"fr-FR"}]}},"_links":{"self":[{"href":"https:\/\/earn-paire.ca\/fr\/wp-json\/wp\/v2\/pages\/2891"}],"collection":[{"href":"https:\/\/earn-paire.ca\/fr\/wp-json\/wp\/v2\/pages"}],"about":[{"href":"https:\/\/earn-paire.ca\/fr\/wp-json\/wp\/v2\/types\/page"}],"author":[{"embeddable":true,"href":"https:\/\/earn-paire.ca\/fr\/wp-json\/wp\/v2\/users\/12"}],"replies":[{"embeddable":true,"href":"https:\/\/earn-paire.ca\/fr\/wp-json\/wp\/v2\/comments?post=2891"}],"version-history":[{"count":32,"href":"https:\/\/earn-paire.ca\/fr\/wp-json\/wp\/v2\/pages\/2891\/revisions"}],"predecessor-version":[{"id":7915,"href":"https:\/\/earn-paire.ca\/fr\/wp-json\/wp\/v2\/pages\/2891\/revisions\/7915"}],"up":[{"embeddable":true,"href":"https:\/\/earn-paire.ca\/fr\/wp-json\/wp\/v2\/pages\/83"}],"wp:attachment":[{"href":"https:\/\/earn-paire.ca\/fr\/wp-json\/wp\/v2\/media?parent=2891"}],"curies":[{"name":"wp","href":"https:\/\/api.w.org\/{rel}","templated":true}]}}