{"id":2897,"date":"2017-10-16T18:29:26","date_gmt":"2017-10-16T18:29:26","guid":{"rendered":"http:\/\/earn-paire.mydev.ca\/?page_id=2897"},"modified":"2024-02-27T16:43:58","modified_gmt":"2024-02-27T16:43:58","slug":"champions-du-paire","status":"publish","type":"page","link":"https:\/\/earn-paire.ca\/fr\/a-propos\/champions-du-paire\/","title":{"rendered":"Champions du PAIRE &#8211; Liste"},"content":{"rendered":"<div class=\"vc_row wpb_row vc_row-fluid vc_custom_1448484274408\"><div class=\"wpb_column vc_column_container vc_col-sm-3\"><div class=\"vc_column-inner\"><div class=\"wpb_wrapper\">\n\t<div class=\"wpb_text_column wpb_content_element \" >\n\t\t<div class=\"wpb_wrapper\">\n\t\t\t<h4><strong>Participez<\/strong><\/h4>\n<p>Le PAIRE cherche activement plus d\u2019employeurs partenaires pour agrandir son r\u00e9seau!\u00a0 Apprenez-en plus sur les fa\u00e7ons de vous <a href=\"http:\/\/earn-paire.ca\/fr\/employeurs\/adhesion-au-paire\/\"><u>joindre au PAIRE \u2013 demande d\u2019information<\/u><\/a><\/p>\n\n\t\t<\/div>\n\t<\/div>\n<\/div><\/div><\/div><div class=\"wpb_column vc_column_container vc_col-sm-9\"><div class=\"vc_column-inner\"><div class=\"wpb_wrapper\">\n\t<div class=\"wpb_text_column wpb_content_element \" >\n\t\t<div class=\"wpb_wrapper\">\n\t\t\t<p><strong>A<\/strong><\/p>\n<p><a href=\"http:\/\/www.inspection.gc.ca\/au-sujet-de-l-acia\/emplois-a-l-acia\/fra\/1299857348736\/1299857657230\" target=\"_blank\" rel=\"noopener noreferrer\">Agence canadienne d&#8217;inspection des aliments<\/a><\/p>\n<p><a href=\"https:\/\/www.canada.ca\/fr\/agence-evaluation-impact.html\" target=\"_blank\" rel=\"noopener noreferrer\">Agence d&#8217;\u00e9valuation d&#8217;impact du Canada<\/a><\/p>\n<p><a href=\"http:\/\/www.agilec.ca\/\" target=\"_blank\" rel=\"noopener noreferrer\">Agilec<\/a><\/p>\n<p><a href=\"http:\/\/www.algonquincollege.com\/careers\/\" target=\"_blank\" rel=\"noopener noreferrer\">Algonquin College<\/a><\/p>\n<p><a href=\"http:\/\/atworkautravail.ca\/\" target=\"_blank\" rel=\"noopener noreferrer\">Au Travail Canada<\/a><\/p>\n<p><strong>B<\/strong><\/p>\n<p><a href=\"https:\/\/bmocarrieres.com\/\" target=\"_blank\" rel=\"noopener noreferrer\">Banque de Montr\u00e9al<\/a><\/p>\n<p><a href=\"http:\/\/www.banqueducanada.ca\/carrieres\/\" target=\"_blank\" rel=\"noopener noreferrer\">Banque du\u00a0Canada<\/a><\/p>\n<p><a href=\"https:\/\/biblioottawalibrary.ca\/fr\" target=\"_blank\" rel=\"noopener noreferrer\">Biblioth\u00e8que publique d&#8217;Ottawa<\/a><\/p>\n<p><a href=\"https:\/\/www.biotalent.ca\/fr\/job-board\" target=\"_blank\" rel=\"noopener noreferrer\">Biotalent Canada<\/a><\/p>\n<p><a href=\"https:\/\/black-mcdonald-limited.breezy.hr\/\" target=\"_blank\" rel=\"noopener noreferrer\">Black &amp; McDonald<\/a><\/p>\n<p><a href=\"http:\/\/blg.com\/fr\/Carrieres\" target=\"_blank\" rel=\"noopener noreferrer\">Borden Ladner Gervais<\/a><\/p>\n<p><a href=\"https:\/\/www.bruyere.org\/en\/working-bri\" target=\"_blank\" rel=\"noopener noreferrer\">Bruyere<\/a><\/p>\n<p><a href=\"https:\/\/www.oag-bvg.gc.ca\/internet\/Francais\/au_fs_f_42290.html\">Bureau du v\u00e9rificateur g\u00e9n\u00e9ral du Canada<\/a><\/p>\n<p><strong>C<\/strong><\/p>\n<p><a href=\"http:\/\/caerushr.com\/\" target=\"_blank\" rel=\"noopener noreferrer\">Caerus HR Consulting<\/a><u><\/u><\/p>\n<p><a href=\"https:\/\/www.alterna.ca\/lang\/fr\/AboutUs\/Careers\/\" target=\"_blank\" rel=\"noopener noreferrer\">Caisse Alterna<\/a><\/p>\n<p><a href=\"https:\/\/ottawa.cmha.ca\/\" target=\"_blank\" rel=\"noopener\">Canadian Mental Health Association (CMHA)<\/a><\/p>\n<p><a href=\"http:\/\/www.carlington.ochc.org\/?lang=fr\" target=\"_blank\" rel=\"noopener noreferrer\">Carlington centre de sant\u00e9 communautaire<\/a><\/p>\n<p><a href=\"https:\/\/www.centraideeo.ca\/carrieres\/\" target=\"_blank\" rel=\"noopener noreferrer\">Centraide Est de l&#8217;Ontario<\/a><\/p>\n<p><a href=\"https:\/\/www.cercottawa.ca\/fr\/index.php\" target=\"_blank\" rel=\"noopener noreferrer\">Centre d&#8217;emploi et de ressources communautaire (CERC) <\/a><\/p>\n<p><a href=\"https:\/\/www.idrc.ca\/fr\/a-propos-du-crdi\/carrieres\" target=\"_blank\" rel=\"noopener noreferrer\">Centre de recherches pour le d\u00e9veloppement international (CRDI)<\/a><\/p>\n<p><a href=\"http:\/\/www.pqchc.com\/fr\/\" target=\"_blank\" rel=\"noopener noreferrer\">Centre de sant\u00e9 communautaire Pinecrest-Queensway<\/a><\/p>\n<p><a href=\"http:\/\/www.cscvanier.com\/fr\/centre\" rel=\"noopener noreferrer\">Centre des services communautaires Vanier<\/a><\/p>\n<p><a href=\"https:\/\/www.cheo.on.ca\/fr\/about-us\/careers.aspx\" target=\"_blank\" rel=\"noopener noreferrer\">Centre hospitalier\u00a0pour enfants de l&#8217;est\u00a0de\u00a0l&#8217;Ontario (CHEO)<\/a><\/p>\n<p><a href=\"https:\/\/nac-cna.ca\/fr\/careers\" target=\"_blank\" rel=\"noopener noreferrer\">Centre national des arts<\/a><\/p>\n<p><a href=\"https:\/\/www.cgi.com\/fr\/carrieres\" target=\"_blank\" rel=\"noopener noreferrer\">CGI<\/a><\/p>\n<p><a href=\"http:\/\/columbushousepem.squarespace.com\/\" target=\"_blank\" rel=\"noopener noreferrer\">Columbus House<\/a><\/p>\n<p><a href=\"https:\/\/www.canada.ca\/fr\/services\/emplois\/opportunites.html\" target=\"_blank\" rel=\"noopener noreferrer\">Commission de la fonction publique du Canada<\/a><\/p>\n<p><a href=\"http:\/\/www.conferenceboard.ca\/hr\/default.aspx\" target=\"_blank\" rel=\"noopener noreferrer\">Conference Board of Canada<\/a><\/p>\n<p class=\"LC20lb MBeuO DKV0Md\"><a href=\"https:\/\/www.ottawasafetycouncil.ca\/employment-opportunities\/\" target=\"_blank\" rel=\"noopener\">Conseil de s\u00e9curit\u00e9 d&#8217;Ottawa<\/a><\/p>\n<p class=\"p1\"><a href=\"https:\/\/recruitment-recrutement.nrc-cnrc.gc.ca\/?locale=fr_CA\" target=\"_blank\" rel=\"noopener\"><span class=\"s1\">Conseil national de recherches Canada<\/span><\/a><\/p>\n<p><a href=\"http:\/\/cbphysical.com\/\" target=\"_blank\" rel=\"noopener noreferrer\">Crystal Beach Physical Health<\/a><\/p>\n<p><strong>D<\/strong><\/p>\n<p><a href=\"http:\/\/www.sflassuranceplacement.ca\/fr\/carrieres\/Pages\/carrieres.aspx\" target=\"_blank\" rel=\"noopener noreferrer\">Desjardins S\u00e9curit\u00e9 Financi\u00e8re<\/a><\/p>\n<p><a href=\"https:\/\/www.ontario.ca\/fr\/page\/ministere-du-developpement-et-de-la-croissance-economiques\" target=\"_blank\" rel=\"noopener noreferrer\"> Direction g\u00e9n\u00e9rale de l&#8217;accessibilit\u00e9 pour l&#8217;Ontario<\/a><\/p>\n<p><a href=\"http:\/\/www.distinctprogrammes.com\/\" target=\"_blank\" rel=\"noopener noreferrer\">Distinct Programmes Inc.<\/a><\/p>\n<p><a href=\"https:\/\/www.ontario.ca\/fr\/page\/legislation-en-matiere-daccessibilite\" target=\"_blank\" rel=\"noopener noreferrer\">Division de l&#8217;accessibilit\u00e9 pour les personnes handicap\u00e9es de l&#8217;Ontario<\/a><\/p>\n<p><a href=\"http:\/\/www.leonardodrs.com\/careers\" target=\"_blank\" rel=\"noopener noreferrer\">DRS Technology<\/a><\/p>\n<p><a href=\"https:\/\/ottawa.dressforsuccess.org\/\" target=\"_blank\" rel=\"noopener noreferrer\">Dress for Success<\/a><\/p>\n<p><strong>E<\/strong><\/p>\n<p><a href=\"https:\/\/www.edc.ca\/FR\/About-Us\/Careers\/Pages\/default.aspx\" target=\"_blank\" rel=\"noopener noreferrer\">Exportation et d\u00e9veloppement Canada<\/a><\/p>\n<p><strong>F<\/strong><\/p>\n<p><a href=\"https:\/\/www.connexionfac.ca\/Nationale\/Carrieres.aspx\" target=\"_blank\" rel=\"noopener noreferrer\">Forces canadiennes : Services de bien-etre et moral<\/a><\/p>\n<p><strong>G<\/strong><\/p>\n<p><a href=\"http:\/\/gemhealthcare.com\/why-gem\/careers\/\" target=\"_blank\" rel=\"noopener noreferrer\">GEM Healthcare<\/a><\/p>\n<p><a href=\"http:\/\/graybridgemalkam.com\/fr\/carrieres\" target=\"_blank\" rel=\"noopener noreferrer\">Graybridge Malkam<\/a><\/p>\n<p><strong>H<\/strong><\/p>\n<p><a href=\"http:\/\/hamptonwellnesscentre.com\/\" target=\"_blank\" rel=\"noopener noreferrer\">Hampton Wellness Centre<\/a><\/p>\n<p><a href=\"http:\/\/www.hanniasesthetics.ca\/\" target=\"_blank\" rel=\"noopener noreferrer\">Hannia&#8217;s Aesthetics &amp; Spa<\/a><\/p>\n<p><a href=\"http:\/\/www.herzing.ca\/ottawa\/\" target=\"_blank\" rel=\"noopener noreferrer\">Herzing College<\/a><\/p>\n<p><a href=\"http:\/\/careershomedepot.ca\/fr\/\" target=\"_blank\" rel=\"noopener noreferrer\">Home Depot<\/a><\/p>\n<p><a href=\"http:\/\/www.hrsg.ca\/about-us\/careers\" target=\"_blank\" rel=\"noopener noreferrer\">Human Resource Systems Group Ltd.<\/a><\/p>\n<p><strong>I<\/strong><\/p>\n<p><a href=\"http:\/\/www.icss.ca\" target=\"_blank\" rel=\"noopener noreferrer\">ICSS Employment Solutions<\/a><\/p>\n<p><a href=\"https:\/\/www.groupeinvestors.com\/fr\/carrieres\/carrieres\" target=\"_blank\" rel=\"noopener noreferrer\">IG Gestion de Patrimoine<\/a><\/p>\n<p><a href=\"https:\/\/incubator13.ca\/\" target=\"_blank\" rel=\"noopener\">incubator13<\/a><\/p>\n<p><a href=\"https:\/\/jobs.innovapost.com\/?utm_source=careersite\" target=\"_blank\" rel=\"noopener noreferrer\">Innovapost<\/a><\/p>\n<p><a href=\"http:\/\/www.ic.gc.ca\/eic\/site\/careers-carrieres.nsf\/fra\/accueil\" target=\"_blank\" rel=\"noopener\">Innovation, Sciences et D\u00e9veloppement \u00e9conomique Canada<\/a><\/p>\n<p><a href=\"http:\/\/www.cnib.ca\/fr\/Pages\/default.aspx\" target=\"_blank\" rel=\"noopener noreferrer\">Institut national canadien pour les aveugles <\/a><\/p>\n<p><a href=\"https:\/\/cihr-irsc.gc.ca\/f\/34320.html\" target=\"_blank\" rel=\"noopener\">Instituts de recherche en sant\u00e9 du Canada<\/a><\/p>\n<p><strong>J<\/strong><\/p>\n<p><a href=\"http:\/\/jasautospa.com\/\" target=\"_blank\" rel=\"noopener noreferrer\">Jas Auto Spa<\/a><\/p>\n<p><strong>K<\/strong><\/p>\n<p><a href=\"http:\/\/kwsolidrock.com\/\" target=\"_blank\" rel=\"noopener noreferrer\">Keller Williams<\/a><\/p>\n<p><strong>L<\/strong><\/p>\n<p><a href=\"https:\/\/www.ldaottawa.com\/\" target=\"_blank\" rel=\"noopener noreferrer\">Learning Disabilities Association of Ottawa-Carleton<\/a><\/p>\n<p><a href=\"http:\/\/www.lockheedmartin.ca\/ca\/fr.html\" target=\"_blank\" rel=\"noopener noreferrer\">Lockheed Martin<\/a><\/p>\n<p><a href=\"http:\/\/lorenzosottawa.ca\/?p=home\" target=\"_blank\" rel=\"noopener noreferrer\">Lorenzo&#8217;s Pizzeria<\/a><\/p>\n<p><strong>M<\/strong><\/p>\n<p><a href=\"http:\/\/www.makesewcreate.com\/\" target=\"_blank\" rel=\"noopener noreferrer\">Make Sew Create<\/a><\/p>\n<p><a href=\"http:\/\/www.minlodge.com\" target=\"_blank\" rel=\"noopener noreferrer\">Minwaashin Lodge<\/a><\/p>\n<p><a href=\"https:\/\/www.mint.ca\/store\/mint\/about-the-mint\/careers-2300002?lang=fr_CA\" target=\"_blank\" rel=\"noopener noreferrer\">Monnaie royale canadienne<\/a><\/p>\n<p><a href=\"http:\/\/ngc.njoyn.com\/CL2\/xweb\/xweb.asp?tbtoken=Zl1bQhoXCG51YQQHTSZVCFtOdWFEcFFcB0hZVFkIE2UrUEEbKEMadGB1cQkbURRRSXAqWA%3D%3D&amp;chk=dFlbQBJe&amp;page=joblisting&amp;lang=2\" target=\"_blank\" rel=\"noopener noreferrer\">Mus\u00e9e des beaux-arts du Canada<\/a><\/p>\n<p><strong>N<\/strong><\/p>\n<p><a href=\"http:\/\/www.neads.ca\/fr\/\" target=\"_blank\" rel=\"noopener noreferrer\">National Educational Association of Disabled Students (NEADS)<\/a><\/p>\n<p><a href=\"http:\/\/netchill.com\/\" target=\"_blank\" rel=\"noopener noreferrer\">Netchill Media<\/a><\/p>\n<p><strong>O<\/strong><\/p>\n<p><a href=\"https:\/\/odenetwork.com\/\" target=\"_blank\" rel=\"noopener noreferrer\">ODEN<\/a><\/p>\n<p><a href=\"https:\/\/www.getontrac.ca\/\">OnTrac<\/a><\/p>\n<p><a href=\"http:\/\/www.ottawachamber.ca\/\" target=\"_blank\" rel=\"noopener noreferrer\">Ottawa Board of Trade<\/a><\/p>\n<p><a href=\"http:\/\/www.ocdsb.ca\/\" target=\"_blank\" rel=\"noopener noreferrer\">Ottawa-Carleton District School Board<\/a><\/p>\n<p><strong>P<\/strong><\/p>\n<p><a href=\"http:\/\/palkicuisineofindia.com\/\" target=\"_blank\" rel=\"noopener noreferrer\">Palki Cuisine of India<\/a><\/p>\n<p><a href=\"https:\/\/www.paiements.ca\/%C3%A0-propos\/carri%C3%A8res\" target=\"_blank\" rel=\"noopener noreferrer\">Paiements Canada<\/a><\/p>\n<p><a href=\"http:\/\/www.partnersinparenting.ca\/\" target=\"_blank\" rel=\"noopener noreferrer\">Partners in Parenting<\/a><br \/>\n<strong>R<\/strong><\/p>\n<p><a href=\"https:\/\/cbc.radio-canada.ca\/fr\/travailler-avec-nous\/emplois\" target=\"_blank\" rel=\"noopener\">Radio-Canada<\/a><\/p>\n<p><a href=\"https:\/\/carleton.ca\/read\/\" target=\"_blank\" rel=\"noopener noreferrer\">READ Initiative<\/a><\/p>\n<p><a href=\"https:\/\/www.recollective.com\/\" target=\"_blank\" rel=\"noopener\">Recollective<\/a><\/p>\n<p><a href=\"https:\/\/www.rncan.gc.ca\/carrieres?_ga=2.70539410.387705481.1615909499-92415463.1615909499\" target=\"_blank\" rel=\"noopener\">Ressources naturelles Canada<\/a><\/p>\n<p><a href=\"http:\/\/www.retireathome.com\/\" target=\"_blank\" rel=\"noopener noreferrer\">Retire-At-Home<\/a><\/p>\n<p><a href=\"https:\/\/www.rockwellcollins.com\/\" target=\"_blank\" rel=\"noopener noreferrer\">Rockwell Collins<\/a><\/p>\n<p><a href=\"http:\/\/www.leroyal.ca\/\" target=\"_blank\" rel=\"noopener noreferrer\">Le Royal<\/a><\/p>\n<p><strong>S<\/strong><\/p>\n<p><a href=\"http:\/\/www.sgl.com\/\" target=\"_blank\" rel=\"noopener noreferrer\">Sander Geophysics<\/a><\/p>\n<p><a href=\"https:\/\/www.csis-scrs.gc.ca\/crrs\/index-fr.php\" target=\"_blank\" rel=\"noopener noreferrer\">Service canadien du renseignement de s\u00e9curit\u00e9<\/a><\/p>\n<p><a href=\"http:\/\/ottawa.ca\/fr\/residents\/services-durgence\/service-paramedic-dottawa\" target=\"_blank\" rel=\"noopener noreferrer\">Service param\u00e9dic d&#8217;Ottawa<\/a><\/p>\n<p><a href=\"https:\/\/www.chs.ca\/fr\/locations\/ottawa?action\" target=\"_blank\" rel=\"noopener noreferrer\"> Services canadiens de l\u2019ou\u00efe<\/a><\/p>\n<p><a href=\"https:\/\/www.sobeys.com\/en\/\" target=\"_blank\" rel=\"noopener noreferrer\">Sobeys Barrhaven<\/a><\/p>\n<p><a href=\"https:\/\/www.cmhc-schl.gc.ca\/fr\/index.cfm\" target=\"_blank\" rel=\"noopener noreferrer\">Soci\u00e9t\u00e9 canadienne d&#8217;hypoth\u00e8ques et de logement<\/a><\/p>\n<p><a href=\"http:\/\/www.cdic.ca\/fr\/qui-nous-sommes\/carrieres\/Pages\/default.aspx\" target=\"_blank\" rel=\"noopener noreferrer\">Soci\u00e9t\u00e9 d\u2019assurances-d\u2019d\u00e9p\u00f4ts du Canada<\/a><\/p>\n<p><a href=\"http:\/\/johnhoward.on.ca\/ottawa\/fr\/\" target=\"_blank\" rel=\"noopener noreferrer\">Soci\u00e9t\u00e9 John Howard d\u2019Ottawa<\/a><\/p>\n<p><a href=\"https:\/\/fr.starbucks.ca\/\" target=\"_blank\" rel=\"noopener noreferrer\">Starbucks Coffee Canada<\/a><\/p>\n<p><a href=\"https:\/\/stemworldeducationalservices.com\/\" target=\"_blank\" rel=\"noopener\">Stemworld Educational Services<\/a><\/p>\n<p><a href=\"http:\/\/suitshisstyle.ca\/\" target=\"_blank\" rel=\"noopener noreferrer\">Suits His Style<\/a><\/p>\n<p><a href=\"https:\/\/www.surveymonkey.com\/mp\/jobs\/?ut_source=footer\" target=\"_blank\" rel=\"noopener noreferrer\">SurveyMonkey<\/a><\/p>\n<p><strong>T<\/strong><\/p>\n<p><a href=\"https:\/\/tubman.ca\/\" target=\"_blank\" rel=\"noopener noreferrer\">Tubman Marketing<\/a><\/p>\n<p><strong>V<\/strong><\/p>\n<p><a href=\"http:\/\/www.vpi-inc.com\" target=\"_blank\" rel=\"noopener\">VPI Inc<\/a><\/p>\n<p><strong>W<\/strong><\/p>\n<p><a href=\"https:\/\/williscollege.com\/\" target=\"_blank\" rel=\"noopener noreferrer\">Willis College<\/a><\/p>\n<p><a href=\"http:\/\/developcareers.ca\/\" target=\"_blank\" rel=\"noopener noreferrer\">W.P. Consulting &amp; Associates<\/a><\/p>\n<p><strong>Y<\/strong><\/p>\n<p><a href=\"http:\/\/www.ymcaywca.ca\/accueil\/\" target=\"_blank\" rel=\"noopener noreferrer\">YMCA<\/a><\/p>\n<p><a href=\"https:\/\/ysowlmaclure.org\/\" target=\"_blank\" rel=\"noopener noreferrer\">Y&#8217;s Owl Maclure<\/a><\/p>\n\n\t\t<\/div>\n\t<\/div>\n<div class=\"vc_empty_space\"   style=\"height: 32px\"><span class=\"vc_empty_space_inner\"><\/span><\/div><\/div><\/div><\/div><\/div>\n","protected":false},"excerpt":{"rendered":"Participez Le PAIRE cherche activement plus d\u2019employeurs partenaires pour agrandir son r\u00e9seau!\u00a0 Apprenez-en plus sur les fa\u00e7ons de vous joindre au PAIRE \u2013 demande d\u2019information A Agence canadienne d'inspection des aliments Agence d'\u00e9valuation d'impact du Canada Agilec Algonquin College Au Travail Canada B Banque de Montr\u00e9al Banque du\u00a0Canada Biblioth\u00e8que publique d'Ottawa Biotalent Canada Black &amp; [...]","protected":false},"author":12,"featured_media":0,"parent":83,"menu_order":0,"comment_status":"closed","ping_status":"closed","template":"","meta":{"_monsterinsights_skip_tracking":false,"_monsterinsights_sitenote_active":false,"_monsterinsights_sitenote_note":"","_monsterinsights_sitenote_category":0},"acf":[],"yoast_head":"<!-- This site is optimized with the Yoast SEO plugin v20.6 - https:\/\/yoast.com\/wordpress\/plugins\/seo\/ -->\n<title>Champions du PAIRE - Liste - EARN - United Way East Ontario<\/title>\n<meta name=\"robots\" content=\"index, follow, max-snippet:-1, max-image-preview:large, max-video-preview:-1\" \/>\n<link rel=\"canonical\" href=\"https:\/\/earn-paire.ca\/fr\/a-propos\/champions-du-paire\/\" \/>\n<meta property=\"og:locale\" content=\"fr_FR\" \/>\n<meta property=\"og:type\" content=\"article\" \/>\n<meta property=\"og:title\" content=\"Champions du PAIRE - Liste - EARN - United Way East Ontario\" \/>\n<meta property=\"og:url\" content=\"https:\/\/earn-paire.ca\/fr\/a-propos\/champions-du-paire\/\" \/>\n<meta property=\"og:site_name\" content=\"EARN - United Way East Ontario\" \/>\n<meta property=\"article:modified_time\" content=\"2024-02-27T16:43:58+00:00\" \/>\n<meta name=\"twitter:label1\" content=\"Dur\u00e9e de lecture estim\u00e9e\" \/>\n\t<meta name=\"twitter:data1\" content=\"2 minutes\" \/>\n<script type=\"application\/ld+json\" class=\"yoast-schema-graph\">{\"@context\":\"https:\/\/schema.org\",\"@graph\":[{\"@type\":\"WebPage\",\"@id\":\"https:\/\/earn-paire.ca\/fr\/a-propos\/champions-du-paire\/\",\"url\":\"https:\/\/earn-paire.ca\/fr\/a-propos\/champions-du-paire\/\",\"name\":\"Champions du PAIRE - Liste - EARN - United Way East Ontario\",\"isPartOf\":{\"@id\":\"https:\/\/earn-paire.ca\/#website\"},\"datePublished\":\"2017-10-16T18:29:26+00:00\",\"dateModified\":\"2024-02-27T16:43:58+00:00\",\"breadcrumb\":{\"@id\":\"https:\/\/earn-paire.ca\/fr\/a-propos\/champions-du-paire\/#breadcrumb\"},\"inLanguage\":\"fr-FR\",\"potentialAction\":[{\"@type\":\"ReadAction\",\"target\":[\"https:\/\/earn-paire.ca\/fr\/a-propos\/champions-du-paire\/\"]}]},{\"@type\":\"BreadcrumbList\",\"@id\":\"https:\/\/earn-paire.ca\/fr\/a-propos\/champions-du-paire\/#breadcrumb\",\"itemListElement\":[{\"@type\":\"ListItem\",\"position\":1,\"name\":\"Home\",\"item\":\"https:\/\/earn-paire.ca\/fr\/home\/\"},{\"@type\":\"ListItem\",\"position\":2,\"name\":\"\u00c0 propos\",\"item\":\"https:\/\/earn-paire.ca\/fr\/a-propos\/\"},{\"@type\":\"ListItem\",\"position\":3,\"name\":\"Champions du PAIRE &#8211; Liste\"}]},{\"@type\":\"WebSite\",\"@id\":\"https:\/\/earn-paire.ca\/#website\",\"url\":\"https:\/\/earn-paire.ca\/\",\"name\":\"EARN - United Way East Ontario\",\"description\":\"\",\"potentialAction\":[{\"@type\":\"SearchAction\",\"target\":{\"@type\":\"EntryPoint\",\"urlTemplate\":\"https:\/\/earn-paire.ca\/?s={search_term_string}\"},\"query-input\":\"required name=search_term_string\"}],\"inLanguage\":\"fr-FR\"}]}<\/script>\n<!-- \/ Yoast SEO plugin. -->","yoast_head_json":{"title":"Champions du PAIRE - Liste - EARN - United Way East Ontario","robots":{"index":"index","follow":"follow","max-snippet":"max-snippet:-1","max-image-preview":"max-image-preview:large","max-video-preview":"max-video-preview:-1"},"canonical":"https:\/\/earn-paire.ca\/fr\/a-propos\/champions-du-paire\/","og_locale":"fr_FR","og_type":"article","og_title":"Champions du PAIRE - Liste - EARN - United Way East Ontario","og_url":"https:\/\/earn-paire.ca\/fr\/a-propos\/champions-du-paire\/","og_site_name":"EARN - United Way East Ontario","article_modified_time":"2024-02-27T16:43:58+00:00","twitter_misc":{"Dur\u00e9e de lecture estim\u00e9e":"2 minutes"},"schema":{"@context":"https:\/\/schema.org","@graph":[{"@type":"WebPage","@id":"https:\/\/earn-paire.ca\/fr\/a-propos\/champions-du-paire\/","url":"https:\/\/earn-paire.ca\/fr\/a-propos\/champions-du-paire\/","name":"Champions du PAIRE - Liste - EARN - United Way East Ontario","isPartOf":{"@id":"https:\/\/earn-paire.ca\/#website"},"datePublished":"2017-10-16T18:29:26+00:00","dateModified":"2024-02-27T16:43:58+00:00","breadcrumb":{"@id":"https:\/\/earn-paire.ca\/fr\/a-propos\/champions-du-paire\/#breadcrumb"},"inLanguage":"fr-FR","potentialAction":[{"@type":"ReadAction","target":["https:\/\/earn-paire.ca\/fr\/a-propos\/champions-du-paire\/"]}]},{"@type":"BreadcrumbList","@id":"https:\/\/earn-paire.ca\/fr\/a-propos\/champions-du-paire\/#breadcrumb","itemListElement":[{"@type":"ListItem","position":1,"name":"Home","item":"https:\/\/earn-paire.ca\/fr\/home\/"},{"@type":"ListItem","position":2,"name":"\u00c0 propos","item":"https:\/\/earn-paire.ca\/fr\/a-propos\/"},{"@type":"ListItem","position":3,"name":"Champions du PAIRE &#8211; Liste"}]},{"@type":"WebSite","@id":"https:\/\/earn-paire.ca\/#website","url":"https:\/\/earn-paire.ca\/","name":"EARN - United Way East Ontario","description":"","potentialAction":[{"@type":"SearchAction","target":{"@type":"EntryPoint","urlTemplate":"https:\/\/earn-paire.ca\/?s={search_term_string}"},"query-input":"required name=search_term_string"}],"inLanguage":"fr-FR"}]}},"_links":{"self":[{"href":"https:\/\/earn-paire.ca\/fr\/wp-json\/wp\/v2\/pages\/2897"}],"collection":[{"href":"https:\/\/earn-paire.ca\/fr\/wp-json\/wp\/v2\/pages"}],"about":[{"href":"https:\/\/earn-paire.ca\/fr\/wp-json\/wp\/v2\/types\/page"}],"author":[{"embeddable":true,"href":"https:\/\/earn-paire.ca\/fr\/wp-json\/wp\/v2\/users\/12"}],"replies":[{"embeddable":true,"href":"https:\/\/earn-paire.ca\/fr\/wp-json\/wp\/v2\/comments?post=2897"}],"version-history":[{"count":28,"href":"https:\/\/earn-paire.ca\/fr\/wp-json\/wp\/v2\/pages\/2897\/revisions"}],"predecessor-version":[{"id":7918,"href":"https:\/\/earn-paire.ca\/fr\/wp-json\/wp\/v2\/pages\/2897\/revisions\/7918"}],"up":[{"embeddable":true,"href":"https:\/\/earn-paire.ca\/fr\/wp-json\/wp\/v2\/pages\/83"}],"wp:attachment":[{"href":"https:\/\/earn-paire.ca\/fr\/wp-json\/wp\/v2\/media?parent=2897"}],"curies":[{"name":"wp","href":"https:\/\/api.w.org\/{rel}","templated":true}]}}