{"id":4178,"date":"2018-10-25T15:30:33","date_gmt":"2018-10-25T15:30:33","guid":{"rendered":"http:\/\/earn-paire.mydev.ca\/?page_id=4178"},"modified":"2022-04-05T14:56:47","modified_gmt":"2022-04-05T14:56:47","slug":"archives-bulletins","status":"publish","type":"page","link":"https:\/\/earn-paire.ca\/fr\/centre-des-medias\/actualites\/archives-bulletins\/","title":{"rendered":"Archives des bulletins"},"content":{"rendered":"<div class=\"vc_row wpb_row vc_row-fluid\"><div class=\"wpb_column vc_column_container vc_col-sm-3 vc_col-xs-12\"><div class=\"vc_column-inner\"><div class=\"wpb_wrapper\"><div  class=\"vc_wp_custommenu wpb_content_element\"><div class=\"widget widget_nav_menu\"><div class=\"menu-media-centre-menu-fr-container\"><ul id=\"menu-media-centre-menu-fr\" class=\"menu\"><li id=\"menu-item-910\" class=\"menu-item menu-item-type-post_type menu-item-object-page menu-item-910\"><a href=\"https:\/\/earn-paire.ca\/fr\/centre-des-medias\/actualites\/\">Centre des m\u00e9dias<\/a><\/li>\n<li id=\"menu-item-4184\" class=\"menu-item menu-item-type-post_type menu-item-object-page menu-item-4184\"><a href=\"https:\/\/earn-paire.ca\/fr\/centre-des-medias\/actualites\/archives-bulletins\/\">Archives des bulletins<\/a><\/li>\n<li id=\"menu-item-913\" class=\"menu-item menu-item-type-post_type menu-item-object-page menu-item-913\"><a href=\"https:\/\/earn-paire.ca\/fr\/histoires-de-reussite\/\">Histoires de r\u00e9ussite<\/a><\/li>\n<li id=\"menu-item-912\" class=\"menu-item menu-item-type-post_type menu-item-object-page menu-item-912\"><a href=\"https:\/\/earn-paire.ca\/fr\/centre-des-medias\/galerie-de-photos\/\">Galerie de photos<\/a><\/li>\n<li id=\"menu-item-3478\" class=\"menu-item menu-item-type-post_type menu-item-object-page menu-item-3478\"><a href=\"https:\/\/earn-paire.ca\/fr\/centre-des-medias\/archives-photos\/\">Archives photographiques<\/a><\/li>\n<li id=\"menu-item-911\" class=\"menu-item menu-item-type-post_type menu-item-object-page menu-item-911\"><a href=\"https:\/\/earn-paire.ca\/fr\/centre-des-medias\/videos-2\/\">Vid\u00e9os<\/a><\/li>\n<li id=\"menu-item-1184\" class=\"menu-item menu-item-type-post_type menu-item-object-page menu-item-1184\"><a href=\"https:\/\/earn-paire.ca\/fr\/centre-des-medias\/videos-posph\/\">Vid\u00e9os POSPH Aptitudes au travail<\/a><\/li>\n<li id=\"menu-item-1879\" class=\"menu-item menu-item-type-post_type menu-item-object-page menu-item-1879\"><a href=\"https:\/\/earn-paire.ca\/fr\/centre-des-medias\/actualites\/evenements\/\">\u00c9v\u00e8nements des partenaires<\/a><\/li>\n<\/ul><\/div><\/div><\/div><\/div><\/div><\/div><div class=\"wpb_column vc_column_container vc_col-sm-9 vc_col-xs-12\"><div class=\"vc_column-inner\"><div class=\"wpb_wrapper\"><div class=\"vc_row wpb_row vc_inner vc_row-fluid\"><div class=\"wpb_column vc_column_container vc_col-sm-6 vc_col-xs-12\"><div class=\"vc_column-inner\"><div class=\"wpb_wrapper\">\n\t<div class=\"wpb_text_column wpb_content_element \" >\n\t\t<div class=\"wpb_wrapper\">\n\t\t\t<h2>2019<\/h2>\n<p><a href=\"https:\/\/mailchi.mp\/b60d4c3decd3\/earn-dec-2019-news\" target=\"_blank\" rel=\"noopener noreferrer\"><u>EARN E-Newsletter December 2019<\/u><\/a><\/p>\n<p><a href=\"http:\/\/mailchi.mp\/4f8f4f4e1332\/earn-nov-2019-newsletter\" target=\"_blank\" rel=\"noopener noreferrer\"><u>EARN E-Newsletter November 2019<\/u><\/a><\/p>\n<p><a href=\"http:\/\/mailchi.mp\/25bcb08a379d\/earn-october-2019-newsletter\" target=\"_blank\" rel=\"noopener noreferrer\"><u>EARN E-Newsletter October 2019<\/u><\/a><\/p>\n<p><a href=\"http:\/\/mailchi.mp\/89369903673d\/earn-sept-2019-newsletter\" target=\"_blank\" rel=\"noopener noreferrer\"><u>EARN E-Newsletter September 2019<\/u><\/a><\/p>\n<p><a href=\"https:\/\/mailchi.mp\/52b21b36d6e9\/earn-july-august-2019-newsletter\" target=\"_blank\" rel=\"noopener noreferrer\"><u>EARN E-Newsletter July-August 2019<\/u><\/a><\/p>\n<p><a href=\"https:\/\/mailchi.mp\/4197b1f01e7b\/welcome-to-the-june-2019-earn-newsletter\" target=\"_blank\" rel=\"noopener noreferrer\"><u>EARN E-Newsletter June 2019<\/u><\/a><\/p>\n<p><a href=\"https:\/\/mailchi.mp\/bbc6c16cb135\/earn-may-2019-newsletter\" target=\"&quot;_blank\" rel=\"noopener noreferrer\"><u>EARN E-Newsletter May 2019<\/u><\/a><\/p>\n<p><a href=\"http:\/\/mailchi.mp\/24beb0a3221d\/earn-april-2019-newsletter\" target=\"&quot;_blank\" rel=\"noopener noreferrer\"><u>EARN E-Newsletter April 2019<\/u><\/a><\/p>\n<p><a href=\"https:\/\/mailchi.mp\/443993e94d89\/earn-march-2019-newsletter\" target=\"&quot;_blank\" rel=\"noopener noreferrer\"><u>EARN E-Newsletter Mar 2019<\/u><\/a><\/p>\n<p><a href=\"http:\/\/mailchi.mp\/110a16b0de99\/feb-2019-earn-newsletter-2133937\" target=\"&quot;_blank\" rel=\"noopener noreferrer\"><u>EARN E-Newsletter Feb 2019<\/u><\/a><\/p>\n<p><a href=\"https:\/\/mailchi.mp\/b6d64c5db30f\/jan-2019-earn-newsletter-2100129\" target=\"&quot;_blank\" rel=\"noopener noreferrer\"><u>EARN E-Newsletter Jan 2019<\/u><\/a><\/p>\n\n\t\t<\/div>\n\t<\/div>\n<\/div><\/div><\/div><div class=\"wpb_column vc_column_container vc_col-sm-6 vc_col-xs-12\"><div class=\"vc_column-inner\"><div class=\"wpb_wrapper\">\n\t<div class=\"wpb_text_column wpb_content_element  pdf-list\" >\n\t\t<div class=\"wpb_wrapper\">\n\t\t\t<h2>2018<\/h2>\n<p><a href=\"https:\/\/mailchi.mp\/23f010cbb70a\/nov-dec-2018-earn-newsletter-2065209\" target=\"&quot;_blank\" rel=\"noopener noreferrer\"><u>EARN E-Newsletter Nov-Dec 2018<\/u><\/a><\/p>\n<p><a href=\"https:\/\/mailchi.mp\/e3d56a14195b\/oct2018-earn-newsletter-1986553\" target=\"&quot;_blank\" rel=\"noopener noreferrer\"><u>EARN E-Newsletter Oct 2018<\/u><\/a><\/p>\n<p><a href=\"http:\/\/mailchi.mp\/7b770345d21b\/sept2018-earn-newsletter-1955857\" target=\"&quot;_blank\" rel=\"noopener noreferrer\"><u>EARN E-Newsletter Sept 2018<\/u><\/a><\/p>\n<p><a href=\"https:\/\/mailchi.mp\/5216e4f63ad2\/jul2018-earn-newsletter-1908177\" target=\"&quot;_blank\" rel=\"noopener noreferrer\"><u>EARN E-Newsletter July \u2013 Aug 2018<\/u><\/a><\/p>\n<p><a href=\"https:\/\/mailchi.mp\/8c7233a686d0\/jun2018-earn-newsletter-1843917\" target=\"&quot;_blank\" rel=\"noopener noreferrer\"><u>EARN E-Newsletter June 2018<\/u><\/a><\/p>\n<p><a href=\"https:\/\/mailchi.mp\/091b8c04534c\/may2018-earn-newsletter-1775401\" target=\"&quot;_blank\" rel=\"noopener noreferrer\"><u>EARN E-Newsletter May 2018<\/u><\/a><\/p>\n<p><a href=\"https:\/\/mailchi.mp\/3b1a476a94ac\/apr2018-earn-newsletter-1723601\" target=\"&quot;_blank\" rel=\"noopener noreferrer\"><u>EARN E-Newsletter Apr 2018<\/u><\/a><\/p>\n<p><a href=\"http:\/\/mailchi.mp\/7db6990ecf32\/march2018-earn-newsletter\" target=\"&quot;_blank\" rel=\"noopener noreferrer\"><u>EARN E-Newsletter Mar 2018<\/u><\/a><\/p>\n<p><a href=\"https:\/\/mailchi.mp\/9dce8115c9f4\/january-2018-earn-newsletter\" target=\"&quot;_blank\" rel=\"noopener noreferrer\"><u>EARN E-Newsletter Jan \u2013 Feb 2018<\/u><\/a><\/p>\n\n\t\t<\/div>\n\t<\/div>\n<\/div><\/div><\/div><\/div><div class=\"vc_row wpb_row vc_inner vc_row-fluid\"><div class=\"wpb_column vc_column_container vc_col-sm-6 vc_col-xs-12\"><div class=\"vc_column-inner\"><div class=\"wpb_wrapper\">\n\t<div class=\"wpb_text_column wpb_content_element \" >\n\t\t<div class=\"wpb_wrapper\">\n\t\t\t<h2 class=\"p1\"><span class=\"s1\"><b>2017<\/b><\/span><\/h2>\n<p><span class=\"s2\"><a href=\"http:\/\/mailchi.mp\/36c89b10edec\/earn-november-december-2017-newsletter\"><span class=\"s3\">EARN E-Newsletter Nov &#8211; Dec 2017<\/span><\/a><\/span><\/p>\n<p><span class=\"s2\"><a href=\"http:\/\/earn-paire.ca\/wp-content\/uploads\/2017\/12\/EARN-E-Newsletter-Sept-Oct-2017.pdf\"><span class=\"s3\">EARN E-Newsletter Sept &#8211; Oct 2017<\/span><\/a><\/span><\/p>\n<p><span class=\"s2\"><a href=\"http:\/\/earn-paire.ca\/wp-content\/uploads\/2017\/09\/EARN-E-Newsletter-Aug-2017.pdf\"><span class=\"s3\">EARN E-Newsletter August 2017<\/span><\/a><\/span><\/p>\n<p><span class=\"s2\"><a href=\"http:\/\/earn-paire.ca\/wp-content\/uploads\/2017\/08\/EARN-E-Newsletter-July-2017.pdf\"><span class=\"s3\">EARN E-Newsletter July\u00a02017<\/span><\/a><\/span><\/p>\n<p><span class=\"s2\"><a href=\"http:\/\/earn-paire.ca\/wp-content\/uploads\/2017\/07\/EARN-E-Newsletter-June-2017.pdf\"><span class=\"s3\">EARN E-Newsletter June 2017<\/span><\/a><\/span><\/p>\n<p><span class=\"s2\"><a href=\"http:\/\/earn-paire.ca\/wp-content\/uploads\/2017\/06\/EARN-E-Newsletter-May-2017.pdf\"><span class=\"s3\">EARN E-Newsletter May 2017<\/span><\/a><\/span><\/p>\n<p><span class=\"s2\"><a href=\"http:\/\/earn-paire.ca\/wp-content\/uploads\/2017\/05\/EARN-E-Newsletter-April.pdf\"><span class=\"s3\">EARN E-Newsletter April 2017<\/span><\/a><\/span><\/p>\n<p><span class=\"s2\"><a href=\"http:\/\/earn-paire.ca\/wp-content\/uploads\/2017\/04\/EARN-E-Newsletter-Mar-2017.pdf\"><span class=\"s3\">EARN E-Newsletter Mar 2017<\/span><\/a><\/span><\/p>\n<p><span class=\"s2\"><a href=\"http:\/\/earn-paire.ca\/wp-content\/uploads\/2017\/03\/EARN-E-Newsletter-Feb-2017.pdf\"><span class=\"s3\">EARN E-Newsletter Feb 2017<\/span><\/a><\/span><\/p>\n<p><span class=\"s2\"><a href=\"http:\/\/earn-paire.ca\/wp-content\/uploads\/2017\/02\/EARN-E-Newsletter-January-2017.pdf\"><span class=\"s3\">EARN E-Newsletter Jan 2017<\/span><\/a><\/span><\/p>\n\n\t\t<\/div>\n\t<\/div>\n<\/div><\/div><\/div><div class=\"wpb_column vc_column_container vc_col-sm-6 vc_col-xs-12\"><div class=\"vc_column-inner\"><div class=\"wpb_wrapper\">\n\t<div class=\"wpb_text_column wpb_content_element  pdf-list\" >\n\t\t<div class=\"wpb_wrapper\">\n\t\t\t<h2 style=\"margin-top: 0;\"><strong>2016 <\/strong><\/h2>\n<p><a href=\"http:\/\/earn-paire.mydev.ca\/wp-content\/uploads\/2017\/01\/EARN-E-Newsletter-Dec-2016.pdf\" target=\"&quot;_blank\" rel=\"noopener\"><u>EARN E-Newsletter Dec 2016<\/u><\/a><\/p>\n<p><a href=\"http:\/\/earn-paire.mydev.ca\/wp-content\/uploads\/2016\/12\/EARN-E-Newsletter-Nov-2016-final.pdf\" target=\"&quot;_blank\" rel=\"noopener\"><u> EARN E-Newsletter Nov 2016<\/u><\/a><\/p>\n<p><a href=\"http:\/\/earn-paire.mydev.ca\/wp-content\/uploads\/2016\/11\/EARN-E-Newsletter-October-2016.pdf\" target=\"&quot;_blank\" rel=\"noopener\"><u>EARN E-Newsletter Oct 2016<\/u><\/a><\/p>\n<p><a href=\"http:\/\/earn-paire.mydev.ca\/wp-content\/uploads\/2016\/11\/EARN-E-Newsletter-Sept.pdf\" target=\"&quot;_blank\" rel=\"noopener\"><u>EARN E-Newsletter Sept 2016<\/u><\/a><\/p>\n<p><a href=\"http:\/\/earn-paire.mydev.ca\/wp-content\/uploads\/2016\/09\/EARN-E-Newsletter-August-2016.pdf\" target=\"&quot;_blank\" rel=\"noopener\"><u>EARN E-Newsletter Aug 2016<\/u><\/a><\/p>\n<p><a href=\"http:\/\/earn-paire.mydev.ca\/wp-content\/uploads\/2016\/08\/EARN-E-Newsletter-July-2016.pdf\" target=\"&quot;_blank\" rel=\"noopener\"><u>EARN E-Newsletter July 2016<\/u><\/a><\/p>\n<p><a href=\"http:\/\/earn-paire.mydev.ca\/wp-content\/uploads\/2016\/07\/EARN-E-Newsletter-June-2016.pdf\" target=\"_blank\" rel=\"noopener\"><u>EARN E-Newsletter June 2016<\/u><\/a><\/p>\n<p><a href=\"http:\/\/earn-paire.mydev.ca\/wp-content\/uploads\/2016\/05\/EARN-E-Newsletter-May-2016-v3.pdf\" target=\"_blank\" rel=\"noopener\"><u>EARN E-Newsletter May 2016<\/u><\/a><\/p>\n<p><a href=\"http:\/\/earn-paire.mydev.ca\/wp-content\/uploads\/2016\/05\/EARN-E-Newsletter-Mar-Apr-2016-v3.pdf\" target=\"_blank\" rel=\"noopener\"><u>EARN E-Newsletter Mar-Apr 2016<\/u><\/a><\/p>\n<p><a href=\"http:\/\/earn-paire.mydev.ca\/wp-content\/uploads\/2016\/05\/EARN-E-Newsletter-Feb-2016.pdf\" target=\"_blank\" rel=\"noopener\"><u>EARN E-Newsletter Feb 2016<\/u><\/a><\/p>\n<p><a href=\"http:\/\/earn-paire.mydev.ca\/wp-content\/uploads\/2016\/02\/1.-EARN-E-Newsletter-Jan-2016-Final.pdf\" target=\"_blank\" rel=\"noopener\"><u>EARN E-Newsletter Jan 2016<\/u><\/a><\/p>\n\n\t\t<\/div>\n\t<\/div>\n<\/div><\/div><\/div><\/div><div class=\"vc_empty_space\"   style=\"height: 32px\"><span class=\"vc_empty_space_inner\"><\/span><\/div><div class=\"vc_row wpb_row vc_inner vc_row-fluid\"><div class=\"wpb_column vc_column_container vc_col-sm-6 vc_col-xs-12\"><div class=\"vc_column-inner\"><div class=\"wpb_wrapper\">\n\t<div class=\"wpb_text_column wpb_content_element  pdf-list\" >\n\t\t<div class=\"wpb_wrapper\">\n\t\t\t<h2 style=\"margin-top: 0;\"><strong>2015<\/strong><\/h2>\n<ul>\n<li><a href=\"http:\/\/earn-paire.mydev.ca\/wp-content\/uploads\/2016\/02\/8.-Dec-2015-Edition-Monthly-Newsletter.pdf\" target=\"_blank\" rel=\"noopener\"><u>EARN E-Newsletter Dec 2015<\/u><\/a><\/li>\n<li><a href=\"http:\/\/earn-paire.mydev.ca\/wp-content\/uploads\/2016\/02\/7.-Nov-2015-Edition-Monthly-Newsletter-2.pdf\" target=\"_blank\" rel=\"noopener\"><u>EARN E-Newsletter Nov 2015<\/u><\/a><\/li>\n<li><a href=\"http:\/\/earn-paire.mydev.ca\/wp-content\/uploads\/2016\/02\/6.-EARN-E-Newsletter-Oct-2015.pdf\" target=\"_blank\" rel=\"noopener\"><u>EARN E-Newsletter Oct 2015<\/u><\/a><\/li>\n<li><a href=\"http:\/\/earn-paire.mydev.ca\/wp-content\/uploads\/2016\/02\/5.-FINAL-EARN-E-Newsletter-Sept-2015.pdf\" target=\"_blank\" rel=\"noopener\"><u>EARN E-Newsletter Sept 2015<\/u><\/a><\/li>\n<li><a href=\"http:\/\/earn-paire.mydev.ca\/wp-content\/uploads\/2016\/02\/4.-Final_-EARN-E-Newsletter-August-2015.pdf\" target=\"_blank\" rel=\"noopener\"><u>EARN E-Newsletter Aug 2015<\/u><\/a><\/li>\n<li><a href=\"http:\/\/earn-paire.mydev.ca\/wp-content\/uploads\/2016\/02\/3.-Final-EARN-E-Newsletter-July-2015.pdf\" target=\"_blank\" rel=\"noopener\"><u>EARN E-Newsletter July 2015<\/u><\/a><\/li>\n<li><a href=\"http:\/\/earn-paire.mydev.ca\/wp-content\/uploads\/2016\/02\/2.-EARN-E-Newsletter-June-2015-f.pdf\" target=\"_blank\" rel=\"noopener\"><u>EARN E-Newsletter June 2015<\/u><\/a><\/li>\n<li><a href=\"http:\/\/earn-paire.mydev.ca\/wp-content\/uploads\/2016\/02\/1.-EARN-E-Newsletter-May-2015.pdf\" target=\"_blank\" rel=\"noopener\"><u>EARN E-Newsletter May 2015<\/u><\/a><\/li>\n<\/ul>\n\n\t\t<\/div>\n\t<\/div>\n<\/div><\/div><\/div><div class=\"wpb_column vc_column_container vc_col-sm-6 vc_col-xs-12\"><div class=\"vc_column-inner\"><div class=\"wpb_wrapper\"><\/div><\/div><\/div><\/div><\/div><\/div><\/div><\/div><div class=\"vc_row wpb_row vc_row-fluid\"><div class=\"wpb_column vc_column_container vc_col-sm-12\"><div class=\"vc_column-inner\"><div class=\"wpb_wrapper\"><div class=\"vc_empty_space\"   style=\"height: 32px\"><span class=\"vc_empty_space_inner\"><\/span><\/div><\/div><\/div><\/div><\/div>\n","protected":false},"excerpt":{"rendered":"Centre des m\u00e9dias Archives des bulletins Histoires de r\u00e9ussite Galerie de photos Archives photographiques Vid\u00e9os Vid\u00e9os POSPH Aptitudes au travail \u00c9v\u00e8nements des partenaires 2019 EARN E-Newsletter December 2019 EARN E-Newsletter November 2019 EARN E-Newsletter October 2019 EARN E-Newsletter September 2019 EARN E-Newsletter July-August 2019 EARN E-Newsletter June 2019 EARN E-Newsletter May 2019 EARN E-Newsletter April [...]","protected":false},"author":12,"featured_media":0,"parent":909,"menu_order":0,"comment_status":"closed","ping_status":"closed","template":"","meta":{"_monsterinsights_skip_tracking":false,"_monsterinsights_sitenote_active":false,"_monsterinsights_sitenote_note":"","_monsterinsights_sitenote_category":0},"acf":[],"yoast_head":"<!-- This site is optimized with the Yoast SEO plugin v20.6 - https:\/\/yoast.com\/wordpress\/plugins\/seo\/ -->\n<title>Archives des bulletins - EARN - United Way East Ontario<\/title>\n<meta name=\"robots\" content=\"index, follow, max-snippet:-1, max-image-preview:large, max-video-preview:-1\" \/>\n<link rel=\"canonical\" href=\"https:\/\/earn-paire.ca\/fr\/centre-des-medias\/actualites\/archives-bulletins\/\" \/>\n<meta property=\"og:locale\" content=\"fr_FR\" \/>\n<meta property=\"og:type\" content=\"article\" \/>\n<meta property=\"og:title\" content=\"Archives des bulletins - EARN - United Way East Ontario\" \/>\n<meta property=\"og:url\" content=\"https:\/\/earn-paire.ca\/fr\/centre-des-medias\/actualites\/archives-bulletins\/\" \/>\n<meta property=\"og:site_name\" content=\"EARN - United Way East Ontario\" \/>\n<meta property=\"article:modified_time\" content=\"2022-04-05T14:56:47+00:00\" \/>\n<meta name=\"twitter:label1\" content=\"Dur\u00e9e de lecture estim\u00e9e\" \/>\n\t<meta name=\"twitter:data1\" content=\"1 minute\" \/>\n<script type=\"application\/ld+json\" class=\"yoast-schema-graph\">{\"@context\":\"https:\/\/schema.org\",\"@graph\":[{\"@type\":\"WebPage\",\"@id\":\"https:\/\/earn-paire.ca\/fr\/centre-des-medias\/actualites\/archives-bulletins\/\",\"url\":\"https:\/\/earn-paire.ca\/fr\/centre-des-medias\/actualites\/archives-bulletins\/\",\"name\":\"Archives des bulletins - EARN - United Way East Ontario\",\"isPartOf\":{\"@id\":\"https:\/\/earn-paire.ca\/#website\"},\"datePublished\":\"2018-10-25T15:30:33+00:00\",\"dateModified\":\"2022-04-05T14:56:47+00:00\",\"breadcrumb\":{\"@id\":\"https:\/\/earn-paire.ca\/fr\/centre-des-medias\/actualites\/archives-bulletins\/#breadcrumb\"},\"inLanguage\":\"fr-FR\",\"potentialAction\":[{\"@type\":\"ReadAction\",\"target\":[\"https:\/\/earn-paire.ca\/fr\/centre-des-medias\/actualites\/archives-bulletins\/\"]}]},{\"@type\":\"BreadcrumbList\",\"@id\":\"https:\/\/earn-paire.ca\/fr\/centre-des-medias\/actualites\/archives-bulletins\/#breadcrumb\",\"itemListElement\":[{\"@type\":\"ListItem\",\"position\":1,\"name\":\"Home\",\"item\":\"https:\/\/earn-paire.ca\/fr\/home\/\"},{\"@type\":\"ListItem\",\"position\":2,\"name\":\"Centre des m\u00e9dias\",\"item\":\"https:\/\/earn-paire.ca\/fr\/centre-des-medias\/\"},{\"@type\":\"ListItem\",\"position\":3,\"name\":\"Centre des m\u00e9dias\",\"item\":\"https:\/\/earn-paire.ca\/fr\/centre-des-medias\/actualites\/\"},{\"@type\":\"ListItem\",\"position\":4,\"name\":\"Archives des bulletins\"}]},{\"@type\":\"WebSite\",\"@id\":\"https:\/\/earn-paire.ca\/#website\",\"url\":\"https:\/\/earn-paire.ca\/\",\"name\":\"EARN - United Way East Ontario\",\"description\":\"\",\"potentialAction\":[{\"@type\":\"SearchAction\",\"target\":{\"@type\":\"EntryPoint\",\"urlTemplate\":\"https:\/\/earn-paire.ca\/?s={search_term_string}\"},\"query-input\":\"required name=search_term_string\"}],\"inLanguage\":\"fr-FR\"}]}<\/script>\n<!-- \/ Yoast SEO plugin. -->","yoast_head_json":{"title":"Archives des bulletins - EARN - United Way East Ontario","robots":{"index":"index","follow":"follow","max-snippet":"max-snippet:-1","max-image-preview":"max-image-preview:large","max-video-preview":"max-video-preview:-1"},"canonical":"https:\/\/earn-paire.ca\/fr\/centre-des-medias\/actualites\/archives-bulletins\/","og_locale":"fr_FR","og_type":"article","og_title":"Archives des bulletins - EARN - United Way East Ontario","og_url":"https:\/\/earn-paire.ca\/fr\/centre-des-medias\/actualites\/archives-bulletins\/","og_site_name":"EARN - United Way East Ontario","article_modified_time":"2022-04-05T14:56:47+00:00","twitter_misc":{"Dur\u00e9e de lecture estim\u00e9e":"1 minute"},"schema":{"@context":"https:\/\/schema.org","@graph":[{"@type":"WebPage","@id":"https:\/\/earn-paire.ca\/fr\/centre-des-medias\/actualites\/archives-bulletins\/","url":"https:\/\/earn-paire.ca\/fr\/centre-des-medias\/actualites\/archives-bulletins\/","name":"Archives des bulletins - EARN - United Way East Ontario","isPartOf":{"@id":"https:\/\/earn-paire.ca\/#website"},"datePublished":"2018-10-25T15:30:33+00:00","dateModified":"2022-04-05T14:56:47+00:00","breadcrumb":{"@id":"https:\/\/earn-paire.ca\/fr\/centre-des-medias\/actualites\/archives-bulletins\/#breadcrumb"},"inLanguage":"fr-FR","potentialAction":[{"@type":"ReadAction","target":["https:\/\/earn-paire.ca\/fr\/centre-des-medias\/actualites\/archives-bulletins\/"]}]},{"@type":"BreadcrumbList","@id":"https:\/\/earn-paire.ca\/fr\/centre-des-medias\/actualites\/archives-bulletins\/#breadcrumb","itemListElement":[{"@type":"ListItem","position":1,"name":"Home","item":"https:\/\/earn-paire.ca\/fr\/home\/"},{"@type":"ListItem","position":2,"name":"Centre des m\u00e9dias","item":"https:\/\/earn-paire.ca\/fr\/centre-des-medias\/"},{"@type":"ListItem","position":3,"name":"Centre des m\u00e9dias","item":"https:\/\/earn-paire.ca\/fr\/centre-des-medias\/actualites\/"},{"@type":"ListItem","position":4,"name":"Archives des bulletins"}]},{"@type":"WebSite","@id":"https:\/\/earn-paire.ca\/#website","url":"https:\/\/earn-paire.ca\/","name":"EARN - United Way East Ontario","description":"","potentialAction":[{"@type":"SearchAction","target":{"@type":"EntryPoint","urlTemplate":"https:\/\/earn-paire.ca\/?s={search_term_string}"},"query-input":"required name=search_term_string"}],"inLanguage":"fr-FR"}]}},"_links":{"self":[{"href":"https:\/\/earn-paire.ca\/fr\/wp-json\/wp\/v2\/pages\/4178"}],"collection":[{"href":"https:\/\/earn-paire.ca\/fr\/wp-json\/wp\/v2\/pages"}],"about":[{"href":"https:\/\/earn-paire.ca\/fr\/wp-json\/wp\/v2\/types\/page"}],"author":[{"embeddable":true,"href":"https:\/\/earn-paire.ca\/fr\/wp-json\/wp\/v2\/users\/12"}],"replies":[{"embeddable":true,"href":"https:\/\/earn-paire.ca\/fr\/wp-json\/wp\/v2\/comments?post=4178"}],"version-history":[{"count":4,"href":"https:\/\/earn-paire.ca\/fr\/wp-json\/wp\/v2\/pages\/4178\/revisions"}],"predecessor-version":[{"id":7603,"href":"https:\/\/earn-paire.ca\/fr\/wp-json\/wp\/v2\/pages\/4178\/revisions\/7603"}],"up":[{"embeddable":true,"href":"https:\/\/earn-paire.ca\/fr\/wp-json\/wp\/v2\/pages\/909"}],"wp:attachment":[{"href":"https:\/\/earn-paire.ca\/fr\/wp-json\/wp\/v2\/media?parent=4178"}],"curies":[{"name":"wp","href":"https:\/\/api.w.org\/{rel}","templated":true}]}}