{"id":4783,"date":"2019-05-02T18:10:53","date_gmt":"2019-05-02T18:10:53","guid":{"rendered":"http:\/\/earn-paire.mydev.ca\/?page_id=4783"},"modified":"2019-12-11T19:01:45","modified_gmt":"2019-12-11T19:01:45","slug":"idco-carleton","status":"publish","type":"page","link":"https:\/\/earn-paire.ca\/fr\/centre-des-medias\/galerie-de-photos\/idco-carleton\/","title":{"rendered":"Initiative David C. Onley : Carleton University (le 6 mars 2019)"},"content":{"rendered":"<div class=\"vc_row wpb_row vc_row-fluid\"><div class=\"wpb_column vc_column_container vc_col-sm-3\"><div class=\"vc_column-inner\"><div class=\"wpb_wrapper\"><div  class=\"vc_wp_custommenu wpb_content_element\"><div class=\"widget widget_nav_menu\"><div class=\"menu-main-menu-fr-container\"><ul id=\"menu-main-menu-fr\" class=\"menu\"><li id=\"menu-item-6175\" class=\"menu-item menu-item-type-custom menu-item-object-custom menu-item-has-children menu-item-6175\"><a href=\"#\">\u00c0 propos<\/a>\n<ul class=\"sub-menu\">\n\t<li id=\"menu-item-6257\" class=\"menu-item menu-item-type-custom menu-item-object-custom menu-item-6257\"><a href=\"\/fr\/a-propos\/\">Le PAIRE, c\u2019est quoi?<\/a><\/li>\n\t<li id=\"menu-item-6176\" class=\"menu-item menu-item-type-post_type menu-item-object-page menu-item-6176\"><a href=\"https:\/\/earn-paire.ca\/fr\/a-propos\/notre-mission-2\/\">Notre mission<\/a><\/li>\n\t<li id=\"menu-item-6178\" class=\"menu-item menu-item-type-post_type menu-item-object-page menu-item-6178\"><a href=\"https:\/\/earn-paire.ca\/fr\/a-propos\/nos-realisations\/\">Nos r\u00e9alisations<\/a><\/li>\n\t<li id=\"menu-item-6177\" class=\"menu-item menu-item-type-post_type menu-item-object-page menu-item-6177\"><a href=\"https:\/\/earn-paire.ca\/fr\/a-propos\/activites-principales\/\">Nos activit\u00e9s principales<\/a><\/li>\n<\/ul>\n<\/li>\n<li id=\"menu-item-6180\" class=\"menu-item menu-item-type-post_type menu-item-object-page menu-item-has-children menu-item-6180\"><a href=\"https:\/\/earn-paire.ca\/fr\/profils-des-membres\/\">Nos membres<\/a>\n<ul class=\"sub-menu\">\n\t<li id=\"menu-item-6258\" class=\"menu-item menu-item-type-custom menu-item-object-custom menu-item-6258\"><a href=\"\/fr\/a-propos-2-2\/comite-directeur-du-paire-2\/\">Comit\u00e9 directeur du PAIRE<\/a><\/li>\n\t<li id=\"menu-item-6273\" class=\"menu-item menu-item-type-custom menu-item-object-custom menu-item-6273\"><a href=\"\/fr\/a-propos-2-2\/groupe-de-direction-du-paire-2\/\">Groupe de direction du PAIRE<\/a><\/li>\n\t<li id=\"menu-item-6259\" class=\"menu-item menu-item-type-custom menu-item-object-custom menu-item-6259\"><a href=\"\/fr\/a-propos-2-2\/champions-du-paire\/\">Champions du PAIRE<\/a><\/li>\n\t<li id=\"menu-item-6260\" class=\"menu-item menu-item-type-custom menu-item-object-custom menu-item-6260\"><a href=\"\/fr\/employeurs\/\">Employeurs<\/a><\/li>\n\t<li id=\"menu-item-6261\" class=\"menu-item menu-item-type-custom menu-item-object-custom menu-item-6261\"><a href=\"\/fr\/employeurs\/repertoire-des-partenaires-employeurs-du-paire\/\">R\u00e9pertoire des partenaires employeurs du PAIRE<\/a><\/li>\n\t<li id=\"menu-item-6262\" class=\"menu-item menu-item-type-custom menu-item-object-custom menu-item-6262\"><a href=\"\/fr\/fournisseurs-de-services\/\">Fournisseurs de services<\/a><\/li>\n\t<li id=\"menu-item-6263\" class=\"menu-item menu-item-type-custom menu-item-object-custom menu-item-6263\"><a href=\"\/fr\/fournisseurs-de-services\/repertoire-des-partenaires-fournisseurs-de-services\/\">R\u00e9pertoire des partenaires fournisseurs de services<\/a><\/li>\n\t<li id=\"menu-item-6264\" class=\"menu-item menu-item-type-custom menu-item-object-custom menu-item-6264\"><a href=\"\/fr\/intervenants\/\">Intervenants<\/a><\/li>\n<\/ul>\n<\/li>\n<li id=\"menu-item-6181\" class=\"menu-item menu-item-type-custom menu-item-object-custom menu-item-has-children menu-item-6181\"><a href=\"#\">Adh\u00e9sion<\/a>\n<ul class=\"sub-menu\">\n\t<li id=\"menu-item-6266\" class=\"menu-item menu-item-type-custom menu-item-object-custom menu-item-6266\"><a href=\"\/fr\/employeurs\/adhesion-au-paire\/\">Adh\u00e9sion au PAIRE<\/a><\/li>\n\t<li id=\"menu-item-6507\" class=\"menu-item menu-item-type-custom menu-item-object-custom menu-item-6507\"><a href=\"https:\/\/earn-paire.ca\/wp-content\/uploads\/2022\/07\/EARN-Intake-Form-Final-Fr.pdf\">Demande d&#8217;adh\u00e9sion au PAIRE<\/a><\/li>\n\t<li id=\"menu-item-6480\" class=\"menu-item menu-item-type-custom menu-item-object-custom menu-item-6480\"><a href=\"https:\/\/earn-paire.ca\/fr\/adhesion\/comite-directeur-du-paire-reseignements-sur-le-recrutement\/\">Comit\u00e9 directeur du PAIRE &#8211; Renseignements sur le recrutement<\/a><\/li>\n<\/ul>\n<\/li>\n<li id=\"menu-item-6182\" class=\"menu-item menu-item-type-custom menu-item-object-custom menu-item-has-children menu-item-6182\"><a href=\"\/fr\/employeurs\/outils-et-ressources\/\">Ressources<\/a>\n<ul class=\"sub-menu\">\n\t<li id=\"menu-item-6268\" class=\"menu-item menu-item-type-custom menu-item-object-custom menu-item-6268\"><a href=\"\/fr\/employeurs\/analyse-de-rentabilisation\/\">L\u2019analyse de rentabilisation de l\u2019inclusion<\/a><\/li>\n\t<li id=\"menu-item-6267\" class=\"menu-item menu-item-type-custom menu-item-object-custom menu-item-6267\"><a href=\"\/fr\/employeurs\/mythes\/\">Mythes et fausses id\u00e9es<\/a><\/li>\n\t<li id=\"menu-item-6269\" class=\"menu-item menu-item-type-custom menu-item-object-custom menu-item-6269\"><a href=\"\/fr\/employeurs\/outils-et-ressources\/\">Outils et ressources<\/a><\/li>\n\t<li id=\"menu-item-7674\" class=\"menu-item menu-item-type-post_type menu-item-object-page menu-item-7674\"><a href=\"https:\/\/earn-paire.ca\/fr\/recherches\/\">Recherches<\/a><\/li>\n<\/ul>\n<\/li>\n<li id=\"menu-item-6183\" class=\"menu-item menu-item-type-custom menu-item-object-custom menu-item-has-children menu-item-6183\"><a href=\"#\">Notre travail<\/a>\n<ul class=\"sub-menu\">\n\t<li id=\"menu-item-6270\" class=\"menu-item menu-item-type-custom menu-item-object-custom menu-item-6270\"><a href=\"\/fr\/activites\/\">Activit\u00e9s du PAIRE<\/a><\/li>\n\t<li id=\"menu-item-7013\" class=\"menu-item menu-item-type-post_type menu-item-object-page menu-item-7013\"><a href=\"https:\/\/earn-paire.ca\/fr\/ateliers\/\">Ateliers<\/a><\/li>\n\t<li id=\"menu-item-6271\" class=\"menu-item menu-item-type-custom menu-item-object-custom menu-item-6271\"><a href=\"\/fr\/centre-des-medias\/actualite\/\">Actualit\u00e9s<\/a><\/li>\n\t<li id=\"menu-item-6272\" class=\"menu-item menu-item-type-custom menu-item-object-custom menu-item-6272\"><a href=\"\/fr\/histoires-de-reussite\/\">Histoires de r\u00e9ussite<\/a><\/li>\n\t<li id=\"menu-item-6265\" class=\"menu-item menu-item-type-custom menu-item-object-custom menu-item-6265\"><a href=\"\/fr\/profils-des-membres\/\">Profils des membres<\/a><\/li>\n<\/ul>\n<\/li>\n<\/ul><\/div><\/div><\/div><\/div><\/div><\/div><div class=\"wpb_column vc_column_container vc_col-sm-9\"><div class=\"vc_column-inner\"><div class=\"wpb_wrapper\">\n<div class=\"vc_grid-container-wrapper vc_clearfix vc_grid-animation-fadeIn\">\n\t<div class=\"vc_grid-container vc_clearfix wpb_content_element vc_media_grid\" data-initial-loading-animation=\"fadeIn\" data-vc-grid-settings=\"{&quot;page_id&quot;:4783,&quot;style&quot;:&quot;all&quot;,&quot;action&quot;:&quot;vc_get_vc_grid_data&quot;,&quot;shortcode_id&quot;:&quot;1556820627810-f390073e-c425-10&quot;,&quot;tag&quot;:&quot;vc_media_grid&quot;}\" data-vc-request=\"https:\/\/earn-paire.ca\/wp-admin\/admin-ajax.php?lang=fr\" data-vc-post-id=\"4783\" data-vc-public-nonce=\"7283498ca9\">\n\t\t\n\t<\/div>\n<\/div><\/div><\/div><\/div><\/div>\n","protected":false},"excerpt":{"rendered":"\u00c0 propos Le PAIRE, c\u2019est quoi? Notre mission Nos r\u00e9alisations Nos activit\u00e9s principales Nos membres Comit\u00e9 directeur du PAIRE Groupe de direction du PAIRE Champions du PAIRE Employeurs R\u00e9pertoire des partenaires employeurs du PAIRE Fournisseurs de services R\u00e9pertoire des partenaires fournisseurs de services Intervenants Adh\u00e9sion Adh\u00e9sion au PAIRE Demande d&#8217;adh\u00e9sion au PAIRE Comit\u00e9 directeur du [...]","protected":false},"author":12,"featured_media":0,"parent":901,"menu_order":0,"comment_status":"closed","ping_status":"closed","template":"","meta":{"_monsterinsights_skip_tracking":false,"_monsterinsights_sitenote_active":false,"_monsterinsights_sitenote_note":"","_monsterinsights_sitenote_category":0},"acf":[],"yoast_head":"<!-- This site is optimized with the Yoast SEO plugin v20.6 - https:\/\/yoast.com\/wordpress\/plugins\/seo\/ -->\n<title>Initiative David C. Onley : Carleton University (le 6 mars 2019) - EARN - United Way East Ontario<\/title>\n<meta name=\"robots\" content=\"index, follow, max-snippet:-1, max-image-preview:large, max-video-preview:-1\" \/>\n<link rel=\"canonical\" href=\"https:\/\/earn-paire.ca\/fr\/centre-des-medias\/galerie-de-photos\/idco-carleton\/\" \/>\n<meta property=\"og:locale\" content=\"fr_FR\" \/>\n<meta property=\"og:type\" content=\"article\" \/>\n<meta property=\"og:title\" content=\"Initiative David C. Onley : Carleton University (le 6 mars 2019) - EARN - United Way East Ontario\" \/>\n<meta property=\"og:url\" content=\"https:\/\/earn-paire.ca\/fr\/centre-des-medias\/galerie-de-photos\/idco-carleton\/\" \/>\n<meta property=\"og:site_name\" content=\"EARN - United Way East Ontario\" \/>\n<meta property=\"article:modified_time\" content=\"2019-12-11T19:01:45+00:00\" \/>\n<script type=\"application\/ld+json\" class=\"yoast-schema-graph\">{\"@context\":\"https:\/\/schema.org\",\"@graph\":[{\"@type\":\"WebPage\",\"@id\":\"https:\/\/earn-paire.ca\/fr\/centre-des-medias\/galerie-de-photos\/idco-carleton\/\",\"url\":\"https:\/\/earn-paire.ca\/fr\/centre-des-medias\/galerie-de-photos\/idco-carleton\/\",\"name\":\"Initiative David C. Onley : Carleton University (le 6 mars 2019) - EARN - United Way East Ontario\",\"isPartOf\":{\"@id\":\"https:\/\/earn-paire.ca\/#website\"},\"datePublished\":\"2019-05-02T18:10:53+00:00\",\"dateModified\":\"2019-12-11T19:01:45+00:00\",\"breadcrumb\":{\"@id\":\"https:\/\/earn-paire.ca\/fr\/centre-des-medias\/galerie-de-photos\/idco-carleton\/#breadcrumb\"},\"inLanguage\":\"fr-FR\",\"potentialAction\":[{\"@type\":\"ReadAction\",\"target\":[\"https:\/\/earn-paire.ca\/fr\/centre-des-medias\/galerie-de-photos\/idco-carleton\/\"]}]},{\"@type\":\"BreadcrumbList\",\"@id\":\"https:\/\/earn-paire.ca\/fr\/centre-des-medias\/galerie-de-photos\/idco-carleton\/#breadcrumb\",\"itemListElement\":[{\"@type\":\"ListItem\",\"position\":1,\"name\":\"Home\",\"item\":\"https:\/\/earn-paire.ca\/fr\/home\/\"},{\"@type\":\"ListItem\",\"position\":2,\"name\":\"Centre des m\u00e9dias\",\"item\":\"https:\/\/earn-paire.ca\/fr\/centre-des-medias\/\"},{\"@type\":\"ListItem\",\"position\":3,\"name\":\"Galerie de photos\",\"item\":\"https:\/\/earn-paire.ca\/fr\/centre-des-medias\/galerie-de-photos\/\"},{\"@type\":\"ListItem\",\"position\":4,\"name\":\"Initiative David C. Onley : Carleton University (le 6 mars 2019)\"}]},{\"@type\":\"WebSite\",\"@id\":\"https:\/\/earn-paire.ca\/#website\",\"url\":\"https:\/\/earn-paire.ca\/\",\"name\":\"EARN - United Way East Ontario\",\"description\":\"\",\"potentialAction\":[{\"@type\":\"SearchAction\",\"target\":{\"@type\":\"EntryPoint\",\"urlTemplate\":\"https:\/\/earn-paire.ca\/?s={search_term_string}\"},\"query-input\":\"required name=search_term_string\"}],\"inLanguage\":\"fr-FR\"}]}<\/script>\n<!-- \/ Yoast SEO plugin. -->","yoast_head_json":{"title":"Initiative David C. Onley : Carleton University (le 6 mars 2019) - EARN - United Way East Ontario","robots":{"index":"index","follow":"follow","max-snippet":"max-snippet:-1","max-image-preview":"max-image-preview:large","max-video-preview":"max-video-preview:-1"},"canonical":"https:\/\/earn-paire.ca\/fr\/centre-des-medias\/galerie-de-photos\/idco-carleton\/","og_locale":"fr_FR","og_type":"article","og_title":"Initiative David C. Onley : Carleton University (le 6 mars 2019) - EARN - United Way East Ontario","og_url":"https:\/\/earn-paire.ca\/fr\/centre-des-medias\/galerie-de-photos\/idco-carleton\/","og_site_name":"EARN - United Way East Ontario","article_modified_time":"2019-12-11T19:01:45+00:00","schema":{"@context":"https:\/\/schema.org","@graph":[{"@type":"WebPage","@id":"https:\/\/earn-paire.ca\/fr\/centre-des-medias\/galerie-de-photos\/idco-carleton\/","url":"https:\/\/earn-paire.ca\/fr\/centre-des-medias\/galerie-de-photos\/idco-carleton\/","name":"Initiative David C. Onley : Carleton University (le 6 mars 2019) - EARN - United Way East Ontario","isPartOf":{"@id":"https:\/\/earn-paire.ca\/#website"},"datePublished":"2019-05-02T18:10:53+00:00","dateModified":"2019-12-11T19:01:45+00:00","breadcrumb":{"@id":"https:\/\/earn-paire.ca\/fr\/centre-des-medias\/galerie-de-photos\/idco-carleton\/#breadcrumb"},"inLanguage":"fr-FR","potentialAction":[{"@type":"ReadAction","target":["https:\/\/earn-paire.ca\/fr\/centre-des-medias\/galerie-de-photos\/idco-carleton\/"]}]},{"@type":"BreadcrumbList","@id":"https:\/\/earn-paire.ca\/fr\/centre-des-medias\/galerie-de-photos\/idco-carleton\/#breadcrumb","itemListElement":[{"@type":"ListItem","position":1,"name":"Home","item":"https:\/\/earn-paire.ca\/fr\/home\/"},{"@type":"ListItem","position":2,"name":"Centre des m\u00e9dias","item":"https:\/\/earn-paire.ca\/fr\/centre-des-medias\/"},{"@type":"ListItem","position":3,"name":"Galerie de photos","item":"https:\/\/earn-paire.ca\/fr\/centre-des-medias\/galerie-de-photos\/"},{"@type":"ListItem","position":4,"name":"Initiative David C. Onley : Carleton University (le 6 mars 2019)"}]},{"@type":"WebSite","@id":"https:\/\/earn-paire.ca\/#website","url":"https:\/\/earn-paire.ca\/","name":"EARN - United Way East Ontario","description":"","potentialAction":[{"@type":"SearchAction","target":{"@type":"EntryPoint","urlTemplate":"https:\/\/earn-paire.ca\/?s={search_term_string}"},"query-input":"required name=search_term_string"}],"inLanguage":"fr-FR"}]}},"_links":{"self":[{"href":"https:\/\/earn-paire.ca\/fr\/wp-json\/wp\/v2\/pages\/4783"}],"collection":[{"href":"https:\/\/earn-paire.ca\/fr\/wp-json\/wp\/v2\/pages"}],"about":[{"href":"https:\/\/earn-paire.ca\/fr\/wp-json\/wp\/v2\/types\/page"}],"author":[{"embeddable":true,"href":"https:\/\/earn-paire.ca\/fr\/wp-json\/wp\/v2\/users\/12"}],"replies":[{"embeddable":true,"href":"https:\/\/earn-paire.ca\/fr\/wp-json\/wp\/v2\/comments?post=4783"}],"version-history":[{"count":2,"href":"https:\/\/earn-paire.ca\/fr\/wp-json\/wp\/v2\/pages\/4783\/revisions"}],"predecessor-version":[{"id":5414,"href":"https:\/\/earn-paire.ca\/fr\/wp-json\/wp\/v2\/pages\/4783\/revisions\/5414"}],"up":[{"embeddable":true,"href":"https:\/\/earn-paire.ca\/fr\/wp-json\/wp\/v2\/pages\/901"}],"wp:attachment":[{"href":"https:\/\/earn-paire.ca\/fr\/wp-json\/wp\/v2\/media?parent=4783"}],"curies":[{"name":"wp","href":"https:\/\/api.w.org\/{rel}","templated":true}]}}