{"id":500,"date":"2015-11-16T18:19:49","date_gmt":"2015-11-16T18:19:49","guid":{"rendered":"http:\/\/earnuwo.wpengine.com\/fr\/guiding-principle\/"},"modified":"2022-01-14T18:23:03","modified_gmt":"2022-01-14T18:23:03","slug":"principes-directeurs","status":"publish","type":"page","link":"https:\/\/earn-paire.ca\/fr\/principes-directeurs\/","title":{"rendered":"Principes directeurs"},"content":{"rendered":"<div class=\"vc_row wpb_row vc_row-fluid\"><div class=\"wpb_column vc_column_container vc_col-sm-3\"><div class=\"vc_column-inner\"><div class=\"wpb_wrapper\">\n\t<div class=\"wpb_text_column wpb_content_element \" >\n\t\t<div class=\"wpb_wrapper\">\n\t\t\t<h4><strong>Participez<\/strong><\/h4>\n<p>Le PAIRE cherche activement plus d\u2019employeurs partenaires pour agrandir son r\u00e9seau! Apprenez-en plus sur les fa\u00e7ons de vous\u00a0<a href=\"http:\/\/earn-paire.ca\/fr\/employeurs\/adhesion-au-paire\/\">joindre au PAIRE \u2013 demande d\u2019information<\/a><\/p>\n\n\t\t<\/div>\n\t<\/div>\n<\/div><\/div><\/div><div class=\"wpb_column vc_column_container vc_col-sm-6\"><div class=\"vc_column-inner\"><div class=\"wpb_wrapper\">\n\t<div class=\"wpb_text_column wpb_content_element \" >\n\t\t<div class=\"wpb_wrapper\">\n\t\t\t<p>Le Partenariat en acc\u00e8s, informations et ressources d\u2019emploi (PAIRE) appuie les pratiques exemplaires en mati\u00e8re d\u2019embauche des personnes handicap\u00e9es.<\/p>\n<p>Les membres du PAIRE \u2013 par l\u2019entremise du Comit\u00e9 directeur, du Groupe de direction et du Groupe de champions et championnes \u2013 repr\u00e9sentent et adoptent les principes directeurs du PAIRE et font la promotion d\u2019une r\u00e9mun\u00e9ration et d\u2019un emploi \u00e9quitables qui correspond aux comp\u00e9tences des candidates et des candidats.<\/p>\n<p><strong>Principes directeurs du PAIRE<\/strong><\/p>\n<p>Le PAIRE vise \u00e0 accro\u00eetre la capacit\u00e9 des employeurs, des fournisseurs de services, des partenaires communautaires et de diverses parties int\u00e9ress\u00e9es \u00e0 inclure efficacement les personnes handicap\u00e9es au sein de la population active. Les activit\u00e9s propos\u00e9es comprennent notamment des activit\u00e9s de sensibilisation aux avantages que rev\u00eatent les pratiques d\u2019embauche inclusives et un environnement de travail sain qui profite \u00e0 tous les employ\u00e9s et employ\u00e9es. Le PAIRE facilite \u00e9galement l\u2019\u00e9tablissement de liens directs et indirects entre les candidats et candidates, les employeurs, les fournisseurs de services, ainsi que les divers partenaires communautaires et parties int\u00e9ress\u00e9es.<\/p>\n<p>Les membres du PAIRE se conforment aux principes directeurs suivants dans leur milieu de travail, notamment lorsqu\u2019ils offrent des services et r\u00e9digent des messages internes et externes\u00a0:<\/p>\n<ul>\n<li>des environnements de travail et des pratiques d\u2019emploi qui sont \u00e0 la fois accessibles et inclusifs;<\/li>\n<li>des pratiques d\u2019emploi qui respectent toutes les lois f\u00e9d\u00e9rales et provinciales applicables;<\/li>\n<li>des salaires \u00e9quitables vers\u00e9s aux employ\u00e9es et employ\u00e9s handicap\u00e9s (par rapport aux autres employ\u00e9s et employ\u00e9es handicap\u00e9es ou non) effectuant un travail comparable;<\/li>\n<li>des processus de recrutement, d\u2019embauche et d\u2019int\u00e9gration qui sont \u00e0 la fois accessibles et inclusifs;<\/li>\n<li>l\u2019inclusion des personnes handicap\u00e9es dans les investissements en milieu de travail, ce qui favorise la promotion et le maintien en poste;<\/li>\n<li>des pratiques accessibles et inclusives qui s\u2019\u00e9tendent \u00e0 la vie sociale, culturelle et r\u00e9cr\u00e9ative du milieu de travail.<\/li>\n<\/ul>\n\n\t\t<\/div>\n\t<\/div>\n<div class=\"vc_empty_space\"   style=\"height: 32px\"><span class=\"vc_empty_space_inner\"><\/span><\/div><\/div><\/div><\/div><div class=\"wpb_column vc_column_container vc_col-sm-3\"><div class=\"vc_column-inner\"><div class=\"wpb_wrapper\">\n\t<div  class=\"wpb_single_image wpb_content_element vc_align_left\">\n\t\t\n\t\t<figure class=\"wpb_wrapper vc_figure\">\n\t\t\t<div class=\"vc_single_image-wrapper   vc_box_border_grey\"><img width=\"770\" height=\"514\" src=\"https:\/\/earn-paire.ca\/wp-content\/uploads\/2017\/07\/EARN-Save-the-Date-1024x683.jpg\" class=\"vc_single_image-img attachment-large\" alt=\"\" loading=\"lazy\" srcset=\"https:\/\/earn-paire.ca\/wp-content\/uploads\/2017\/07\/EARN-Save-the-Date.jpg 1024w, https:\/\/earn-paire.ca\/wp-content\/uploads\/2017\/07\/EARN-Save-the-Date-300x200.jpg 300w, https:\/\/earn-paire.ca\/wp-content\/uploads\/2017\/07\/EARN-Save-the-Date-768x512.jpg 768w\" sizes=\"(max-width: 770px) 100vw, 770px\" \/><\/div>\n\t\t<\/figure>\n\t<\/div>\n<\/div><\/div><\/div><\/div>\n","protected":false},"excerpt":{"rendered":"Participez Le PAIRE cherche activement plus d\u2019employeurs partenaires pour agrandir son r\u00e9seau! Apprenez-en plus sur les fa\u00e7ons de vous\u00a0joindre au PAIRE \u2013 demande d\u2019information Le Partenariat en acc\u00e8s, informations et ressources d\u2019emploi (PAIRE) appuie les pratiques exemplaires en mati\u00e8re d\u2019embauche des personnes handicap\u00e9es. Les membres du PAIRE \u2013 par l\u2019entremise du Comit\u00e9 directeur, du Groupe [...]","protected":false},"author":3,"featured_media":0,"parent":0,"menu_order":0,"comment_status":"closed","ping_status":"closed","template":"","meta":{"_monsterinsights_skip_tracking":false,"_monsterinsights_sitenote_active":false,"_monsterinsights_sitenote_note":"","_monsterinsights_sitenote_category":0},"acf":[],"yoast_head":"<!-- This site is optimized with the Yoast SEO plugin v20.6 - https:\/\/yoast.com\/wordpress\/plugins\/seo\/ -->\n<title>Principes directeurs - EARN - United Way East Ontario<\/title>\n<meta name=\"robots\" content=\"index, follow, max-snippet:-1, max-image-preview:large, max-video-preview:-1\" \/>\n<link rel=\"canonical\" href=\"https:\/\/earn-paire.ca\/fr\/principes-directeurs\/\" \/>\n<meta property=\"og:locale\" content=\"fr_FR\" \/>\n<meta property=\"og:type\" content=\"article\" \/>\n<meta property=\"og:title\" content=\"Principes directeurs - EARN - United Way East Ontario\" \/>\n<meta property=\"og:url\" content=\"https:\/\/earn-paire.ca\/fr\/principes-directeurs\/\" \/>\n<meta property=\"og:site_name\" content=\"EARN - United Way East Ontario\" \/>\n<meta property=\"article:modified_time\" content=\"2022-01-14T18:23:03+00:00\" \/>\n<meta name=\"twitter:label1\" content=\"Dur\u00e9e de lecture estim\u00e9e\" \/>\n\t<meta name=\"twitter:data1\" content=\"2 minutes\" \/>\n<script type=\"application\/ld+json\" class=\"yoast-schema-graph\">{\"@context\":\"https:\/\/schema.org\",\"@graph\":[{\"@type\":\"WebPage\",\"@id\":\"https:\/\/earn-paire.ca\/fr\/principes-directeurs\/\",\"url\":\"https:\/\/earn-paire.ca\/fr\/principes-directeurs\/\",\"name\":\"Principes directeurs - EARN - United Way East Ontario\",\"isPartOf\":{\"@id\":\"https:\/\/earn-paire.ca\/#website\"},\"datePublished\":\"2015-11-16T18:19:49+00:00\",\"dateModified\":\"2022-01-14T18:23:03+00:00\",\"breadcrumb\":{\"@id\":\"https:\/\/earn-paire.ca\/fr\/principes-directeurs\/#breadcrumb\"},\"inLanguage\":\"fr-FR\",\"potentialAction\":[{\"@type\":\"ReadAction\",\"target\":[\"https:\/\/earn-paire.ca\/fr\/principes-directeurs\/\"]}]},{\"@type\":\"BreadcrumbList\",\"@id\":\"https:\/\/earn-paire.ca\/fr\/principes-directeurs\/#breadcrumb\",\"itemListElement\":[{\"@type\":\"ListItem\",\"position\":1,\"name\":\"Home\",\"item\":\"https:\/\/earn-paire.ca\/fr\/home\/\"},{\"@type\":\"ListItem\",\"position\":2,\"name\":\"Principes directeurs\"}]},{\"@type\":\"WebSite\",\"@id\":\"https:\/\/earn-paire.ca\/#website\",\"url\":\"https:\/\/earn-paire.ca\/\",\"name\":\"EARN - United Way East Ontario\",\"description\":\"\",\"potentialAction\":[{\"@type\":\"SearchAction\",\"target\":{\"@type\":\"EntryPoint\",\"urlTemplate\":\"https:\/\/earn-paire.ca\/?s={search_term_string}\"},\"query-input\":\"required name=search_term_string\"}],\"inLanguage\":\"fr-FR\"}]}<\/script>\n<!-- \/ Yoast SEO plugin. -->","yoast_head_json":{"title":"Principes directeurs - EARN - United Way East Ontario","robots":{"index":"index","follow":"follow","max-snippet":"max-snippet:-1","max-image-preview":"max-image-preview:large","max-video-preview":"max-video-preview:-1"},"canonical":"https:\/\/earn-paire.ca\/fr\/principes-directeurs\/","og_locale":"fr_FR","og_type":"article","og_title":"Principes directeurs - EARN - United Way East Ontario","og_url":"https:\/\/earn-paire.ca\/fr\/principes-directeurs\/","og_site_name":"EARN - United Way East Ontario","article_modified_time":"2022-01-14T18:23:03+00:00","twitter_misc":{"Dur\u00e9e de lecture estim\u00e9e":"2 minutes"},"schema":{"@context":"https:\/\/schema.org","@graph":[{"@type":"WebPage","@id":"https:\/\/earn-paire.ca\/fr\/principes-directeurs\/","url":"https:\/\/earn-paire.ca\/fr\/principes-directeurs\/","name":"Principes directeurs - EARN - United Way East Ontario","isPartOf":{"@id":"https:\/\/earn-paire.ca\/#website"},"datePublished":"2015-11-16T18:19:49+00:00","dateModified":"2022-01-14T18:23:03+00:00","breadcrumb":{"@id":"https:\/\/earn-paire.ca\/fr\/principes-directeurs\/#breadcrumb"},"inLanguage":"fr-FR","potentialAction":[{"@type":"ReadAction","target":["https:\/\/earn-paire.ca\/fr\/principes-directeurs\/"]}]},{"@type":"BreadcrumbList","@id":"https:\/\/earn-paire.ca\/fr\/principes-directeurs\/#breadcrumb","itemListElement":[{"@type":"ListItem","position":1,"name":"Home","item":"https:\/\/earn-paire.ca\/fr\/home\/"},{"@type":"ListItem","position":2,"name":"Principes directeurs"}]},{"@type":"WebSite","@id":"https:\/\/earn-paire.ca\/#website","url":"https:\/\/earn-paire.ca\/","name":"EARN - United Way East Ontario","description":"","potentialAction":[{"@type":"SearchAction","target":{"@type":"EntryPoint","urlTemplate":"https:\/\/earn-paire.ca\/?s={search_term_string}"},"query-input":"required name=search_term_string"}],"inLanguage":"fr-FR"}]}},"_links":{"self":[{"href":"https:\/\/earn-paire.ca\/fr\/wp-json\/wp\/v2\/pages\/500"}],"collection":[{"href":"https:\/\/earn-paire.ca\/fr\/wp-json\/wp\/v2\/pages"}],"about":[{"href":"https:\/\/earn-paire.ca\/fr\/wp-json\/wp\/v2\/types\/page"}],"author":[{"embeddable":true,"href":"https:\/\/earn-paire.ca\/fr\/wp-json\/wp\/v2\/users\/3"}],"replies":[{"embeddable":true,"href":"https:\/\/earn-paire.ca\/fr\/wp-json\/wp\/v2\/comments?post=500"}],"version-history":[{"count":14,"href":"https:\/\/earn-paire.ca\/fr\/wp-json\/wp\/v2\/pages\/500\/revisions"}],"predecessor-version":[{"id":7480,"href":"https:\/\/earn-paire.ca\/fr\/wp-json\/wp\/v2\/pages\/500\/revisions\/7480"}],"wp:attachment":[{"href":"https:\/\/earn-paire.ca\/fr\/wp-json\/wp\/v2\/media?parent=500"}],"curies":[{"name":"wp","href":"https:\/\/api.w.org\/{rel}","templated":true}]}}