{"id":5274,"date":"2019-10-02T19:30:04","date_gmt":"2019-10-02T19:30:04","guid":{"rendered":"http:\/\/earn-paire.mydev.ca\/?page_id=5274"},"modified":"2022-04-29T19:52:33","modified_gmt":"2022-04-29T19:52:33","slug":"intervenants","status":"publish","type":"page","link":"https:\/\/earn-paire.ca\/fr\/intervenants\/","title":{"rendered":"Intervenants"},"content":{"rendered":"<div class=\"vc_row wpb_row vc_row-fluid\"><div class=\"wpb_column vc_column_container vc_col-sm-8\"><div class=\"vc_column-inner\"><div class=\"wpb_wrapper\">\n\t<div class=\"wpb_text_column wpb_content_element \" >\n\t\t<div class=\"wpb_wrapper\">\n\t\t\t<p>Le Partenariat en acc\u00e8s, informations et ressources d\u2019emploi (PAIRE) regroupe des employeurs, des fournisseurs de services et des intervenants dans le but d\u2019augmenter les perspectives d\u2019emploi pour les personnes handicap\u00e9es.<\/p>\n<p><strong>Qui sont nos intervenants?<\/strong><\/p>\n<p>Les intervenants membres du PAIRE sont des organismes qui s\u2019engagent \u00e0 promouvoir des milieux de travail accessibles et inclusifs. Comme tous les autres membres, ces intervenants approuvent les principes directeurs du PAIRE et participent aux activit\u00e9s et aux \u00e9v\u00e9nements pr\u00e9vus par le PAIRE.<\/p>\n<p><strong>R\u00e9pertoire des intervenants<\/strong><\/p>\n<p><a href=\"https:\/\/biblioottawalibrary.ca\/fr\" target=\"_blank\" rel=\"noopener noreferrer\">Biblioth\u00e8que publique d\u2019Ottawa<\/a><\/p>\n<p><a href=\"https:\/\/communitylivingontario.ca\/\" target=\"_blank\" rel=\"noopener\">Community Living Ontario<\/a><\/p>\n<p><a href=\"https:\/\/ottawa.dressforsuccess.org\/\" target=\"_blank\" rel=\"noopener noreferrer\">Dress for Success Ottawa<\/a><\/p>\n<p><a href=\"https:\/\/graybridgemalkam.com\/fr\" target=\"_blank\" rel=\"noopener noreferrer\">GrayBridge Malkam<\/a><\/p>\n<p><a href=\"https:\/\/www.cnib.ca\/fr?region=on\" target=\"_blank\" rel=\"noopener noreferrer\">Institut national canadien pour les aveugles<\/a><\/p>\n<p><a href=\"https:\/\/www.ldaottawa.com\/\" target=\"_blank\" rel=\"noopener noreferrer\">Learning Disabilities Association of Ottawa-Carleton<\/a><\/p>\n<p><a href=\"https:\/\/www.ontario.ca\/fr\/page\/legislation-en-matiere-daccessibilite\" target=\"_blank\" rel=\"noopener noreferrer\">Minist\u00e8re des Services aux a\u00een\u00e9s et de l\u2019Accessibilit\u00e9 &#8211; Division de l&#8217;accessibilit\u00e9 pour les personnes handicap\u00e9es de l&#8217;Ontario<\/a><\/p>\n<p><a href=\"https:\/\/www.mcss.gov.on.ca\/fr\/mcss\/programs\/social\/odsp\/index.aspx\" target=\"_blank\" rel=\"noopener noreferrer\">Minist\u00e8re des Services \u00e0 l&#8217;enfance et des Services sociaux et communautaires<\/a><\/p>\n<p><a href=\"https:\/\/www.neads.ca\/en\/\" target=\"_blank\" rel=\"noopener noreferrer\">National Educational Association of Disabled Students (NEADS)<\/a><a href=\"https:\/\/ontario.coop\/\" target=\"_blank\" rel=\"noopener noreferrer\">Ontario Co-operative Association<\/a><a href=\"https:\/\/odenetwork.com\/\" target=\"_blank\" rel=\"noopener noreferrer\">Ontario Disability Employment Network (ODEN)<\/a><\/p>\n<p><a href=\"https:\/\/www.ottawabot.ca\/\" target=\"_blank\" rel=\"noopener noreferrer\">Ottawa Board of Trade<\/a><\/p>\n<p><a href=\"https:\/\/ottawaemploymenthub.ca\/fr\/\" target=\"_blank\" rel=\"noopener noreferrer\">P\u00f4le d\u2019emploi d\u2019Ottawa &#8211; Conseil local de planification en mati\u00e8re d\u2019emploi (CLPE)<\/a><\/p>\n<p><a href=\"https:\/\/carleton.ca\/read\/\" target=\"_blank\" rel=\"noopener noreferrer\">READ \u2013 Carleton University<\/a><\/p>\n<p><a href=\"https:\/\/stemworldeducationalservices.com\" target=\"_blank\" rel=\"noopener noreferrer\">Stemworld Educational Services Inc.<\/a><\/p>\n<p><a href=\"http:\/\/suitshisstyle.ca\/\" target=\"_blank\" rel=\"noopener noreferrer\">Suits His Style<\/a><\/p>\n<p><a href=\"https:\/\/www.uottawa.ca\/respect\/fr\" target=\"_blank\" rel=\"noopener noreferrer\">Universit\u00e9 d\u2019Ottawa, Bureau des droits de la personne<\/a><\/p>\n<p><a href=\"http:\/\/developcareers.ca\/\" target=\"_blank\" rel=\"noopener noreferrer\">W.P. Consulting &amp; Associates<\/a><\/p>\n\n\t\t<\/div>\n\t<\/div>\n<div class=\"vc_empty_space\"   style=\"height: 32px\"><span class=\"vc_empty_space_inner\"><\/span><\/div><\/div><\/div><\/div><div class=\"wpb_column vc_column_container vc_col-sm-4\"><div class=\"vc_column-inner\"><div class=\"wpb_wrapper\">\n\t<div  class=\"wpb_single_image wpb_content_element vc_align_left\">\n\t\t\n\t\t<figure class=\"wpb_wrapper vc_figure\">\n\t\t\t<div class=\"vc_single_image-wrapper   vc_box_border_grey\"><img width=\"300\" height=\"300\" src=\"https:\/\/earn-paire.ca\/wp-content\/uploads\/2019\/10\/Accomodation-Symbols-2-300x300.jpg\" class=\"vc_single_image-img attachment-medium\" alt=\"\" loading=\"lazy\" srcset=\"https:\/\/earn-paire.ca\/wp-content\/uploads\/2019\/10\/Accomodation-Symbols-2-300x300.jpg 300w, https:\/\/earn-paire.ca\/wp-content\/uploads\/2019\/10\/Accomodation-Symbols-2-150x150.jpg 150w, https:\/\/earn-paire.ca\/wp-content\/uploads\/2019\/10\/Accomodation-Symbols-2-768x768.jpg 768w, https:\/\/earn-paire.ca\/wp-content\/uploads\/2019\/10\/Accomodation-Symbols-2-e1570108089780.jpg 500w\" sizes=\"(max-width: 300px) 100vw, 300px\" \/><\/div>\n\t\t<\/figure>\n\t<\/div>\n<\/div><\/div><\/div><\/div><div class=\"wpb_column vc_column_container vc_col-sm-3\"><div class=\"vc_column-inner\"><div class=\"wpb_wrapper\"><\/div><\/div><\/div><div class=\"wpb_column vc_column_container vc_col-sm-9\"><div class=\"vc_column-inner\"><div class=\"wpb_wrapper\"><\/div><\/div><\/div><div class=\"wpb_column vc_column_container vc_col-sm-6\"><div class=\"vc_column-inner\"><div class=\"wpb_wrapper\"><\/div><\/div><\/div>\n","protected":false},"excerpt":{"rendered":"Le Partenariat en acc\u00e8s, informations et ressources d\u2019emploi (PAIRE) regroupe des employeurs, des fournisseurs de services et des intervenants dans le but d\u2019augmenter les perspectives d\u2019emploi pour les personnes handicap\u00e9es. Qui sont nos intervenants? Les intervenants membres du PAIRE sont des organismes qui s\u2019engagent \u00e0 promouvoir des milieux de travail accessibles et inclusifs. Comme tous [...]","protected":false},"author":12,"featured_media":0,"parent":0,"menu_order":0,"comment_status":"closed","ping_status":"closed","template":"","meta":{"_monsterinsights_skip_tracking":false,"_monsterinsights_sitenote_active":false,"_monsterinsights_sitenote_note":"","_monsterinsights_sitenote_category":0},"acf":[],"yoast_head":"<!-- This site is optimized with the Yoast SEO plugin v20.6 - https:\/\/yoast.com\/wordpress\/plugins\/seo\/ -->\n<title>Intervenants - EARN - United Way East Ontario<\/title>\n<meta name=\"robots\" content=\"index, follow, max-snippet:-1, max-image-preview:large, max-video-preview:-1\" \/>\n<link rel=\"canonical\" href=\"https:\/\/earn-paire.ca\/fr\/intervenants\/\" \/>\n<meta property=\"og:locale\" content=\"fr_FR\" \/>\n<meta property=\"og:type\" content=\"article\" \/>\n<meta property=\"og:title\" content=\"Intervenants - EARN - United Way East Ontario\" \/>\n<meta property=\"og:url\" content=\"https:\/\/earn-paire.ca\/fr\/intervenants\/\" \/>\n<meta property=\"og:site_name\" content=\"EARN - United Way East Ontario\" \/>\n<meta property=\"article:modified_time\" content=\"2022-04-29T19:52:33+00:00\" \/>\n<meta name=\"twitter:label1\" content=\"Dur\u00e9e de lecture estim\u00e9e\" \/>\n\t<meta name=\"twitter:data1\" content=\"1 minute\" \/>\n<script type=\"application\/ld+json\" class=\"yoast-schema-graph\">{\"@context\":\"https:\/\/schema.org\",\"@graph\":[{\"@type\":\"WebPage\",\"@id\":\"https:\/\/earn-paire.ca\/fr\/intervenants\/\",\"url\":\"https:\/\/earn-paire.ca\/fr\/intervenants\/\",\"name\":\"Intervenants - EARN - United Way East Ontario\",\"isPartOf\":{\"@id\":\"https:\/\/earn-paire.ca\/#website\"},\"datePublished\":\"2019-10-02T19:30:04+00:00\",\"dateModified\":\"2022-04-29T19:52:33+00:00\",\"breadcrumb\":{\"@id\":\"https:\/\/earn-paire.ca\/fr\/intervenants\/#breadcrumb\"},\"inLanguage\":\"fr-FR\",\"potentialAction\":[{\"@type\":\"ReadAction\",\"target\":[\"https:\/\/earn-paire.ca\/fr\/intervenants\/\"]}]},{\"@type\":\"BreadcrumbList\",\"@id\":\"https:\/\/earn-paire.ca\/fr\/intervenants\/#breadcrumb\",\"itemListElement\":[{\"@type\":\"ListItem\",\"position\":1,\"name\":\"Home\",\"item\":\"https:\/\/earn-paire.ca\/fr\/home\/\"},{\"@type\":\"ListItem\",\"position\":2,\"name\":\"Intervenants\"}]},{\"@type\":\"WebSite\",\"@id\":\"https:\/\/earn-paire.ca\/#website\",\"url\":\"https:\/\/earn-paire.ca\/\",\"name\":\"EARN - United Way East Ontario\",\"description\":\"\",\"potentialAction\":[{\"@type\":\"SearchAction\",\"target\":{\"@type\":\"EntryPoint\",\"urlTemplate\":\"https:\/\/earn-paire.ca\/?s={search_term_string}\"},\"query-input\":\"required name=search_term_string\"}],\"inLanguage\":\"fr-FR\"}]}<\/script>\n<!-- \/ Yoast SEO plugin. -->","yoast_head_json":{"title":"Intervenants - EARN - United Way East Ontario","robots":{"index":"index","follow":"follow","max-snippet":"max-snippet:-1","max-image-preview":"max-image-preview:large","max-video-preview":"max-video-preview:-1"},"canonical":"https:\/\/earn-paire.ca\/fr\/intervenants\/","og_locale":"fr_FR","og_type":"article","og_title":"Intervenants - EARN - United Way East Ontario","og_url":"https:\/\/earn-paire.ca\/fr\/intervenants\/","og_site_name":"EARN - United Way East Ontario","article_modified_time":"2022-04-29T19:52:33+00:00","twitter_misc":{"Dur\u00e9e de lecture estim\u00e9e":"1 minute"},"schema":{"@context":"https:\/\/schema.org","@graph":[{"@type":"WebPage","@id":"https:\/\/earn-paire.ca\/fr\/intervenants\/","url":"https:\/\/earn-paire.ca\/fr\/intervenants\/","name":"Intervenants - EARN - United Way East Ontario","isPartOf":{"@id":"https:\/\/earn-paire.ca\/#website"},"datePublished":"2019-10-02T19:30:04+00:00","dateModified":"2022-04-29T19:52:33+00:00","breadcrumb":{"@id":"https:\/\/earn-paire.ca\/fr\/intervenants\/#breadcrumb"},"inLanguage":"fr-FR","potentialAction":[{"@type":"ReadAction","target":["https:\/\/earn-paire.ca\/fr\/intervenants\/"]}]},{"@type":"BreadcrumbList","@id":"https:\/\/earn-paire.ca\/fr\/intervenants\/#breadcrumb","itemListElement":[{"@type":"ListItem","position":1,"name":"Home","item":"https:\/\/earn-paire.ca\/fr\/home\/"},{"@type":"ListItem","position":2,"name":"Intervenants"}]},{"@type":"WebSite","@id":"https:\/\/earn-paire.ca\/#website","url":"https:\/\/earn-paire.ca\/","name":"EARN - United Way East Ontario","description":"","potentialAction":[{"@type":"SearchAction","target":{"@type":"EntryPoint","urlTemplate":"https:\/\/earn-paire.ca\/?s={search_term_string}"},"query-input":"required name=search_term_string"}],"inLanguage":"fr-FR"}]}},"_links":{"self":[{"href":"https:\/\/earn-paire.ca\/fr\/wp-json\/wp\/v2\/pages\/5274"}],"collection":[{"href":"https:\/\/earn-paire.ca\/fr\/wp-json\/wp\/v2\/pages"}],"about":[{"href":"https:\/\/earn-paire.ca\/fr\/wp-json\/wp\/v2\/types\/page"}],"author":[{"embeddable":true,"href":"https:\/\/earn-paire.ca\/fr\/wp-json\/wp\/v2\/users\/12"}],"replies":[{"embeddable":true,"href":"https:\/\/earn-paire.ca\/fr\/wp-json\/wp\/v2\/comments?post=5274"}],"version-history":[{"count":8,"href":"https:\/\/earn-paire.ca\/fr\/wp-json\/wp\/v2\/pages\/5274\/revisions"}],"predecessor-version":[{"id":7635,"href":"https:\/\/earn-paire.ca\/fr\/wp-json\/wp\/v2\/pages\/5274\/revisions\/7635"}],"wp:attachment":[{"href":"https:\/\/earn-paire.ca\/fr\/wp-json\/wp\/v2\/media?parent=5274"}],"curies":[{"name":"wp","href":"https:\/\/api.w.org\/{rel}","templated":true}]}}