{"id":5642,"date":"2020-02-19T16:25:00","date_gmt":"2020-02-19T16:25:00","guid":{"rendered":"https:\/\/earn-paire.mydev.ca\/?page_id=5642"},"modified":"2022-01-17T16:49:37","modified_gmt":"2022-01-17T16:49:37","slug":"profils-des-membres","status":"publish","type":"page","link":"https:\/\/earn-paire.ca\/fr\/profils-des-membres\/","title":{"rendered":"Profils des membres"},"content":{"rendered":"<div class=\"vc_row wpb_row vc_row-fluid\"><div class=\"wpb_column vc_column_container vc_col-sm-3\"><div class=\"vc_column-inner\"><div class=\"wpb_wrapper\"><\/div><\/div><\/div><div class=\"wpb_column vc_column_container vc_col-sm-9\"><div class=\"vc_column-inner\"><div class=\"wpb_wrapper\">\n\t<div class=\"wpb_text_column wpb_content_element  wpb_animate_when_almost_visible wpb_right-to-left right-to-left\" >\n\t\t<div class=\"wpb_wrapper\">\n\t\t\t<p>Cette capsule vous pr\u00e9sente nos membres actuels et futurs, soit des organisations qui mettent en \u00e9vidence les talents qu\u2019elles embauchent r\u00e9guli\u00e8rement ou les candidats qu\u2019elles aident. Il s\u2019agit d\u2019une ressource d\u2019\u00e9change de comp\u00e9tences qui d\u00e9montre comment les membres du Partenariat en acc\u00e8s, informations et ressources d\u2019emploi (PAIRE) s\u2019efforcent de cr\u00e9er des milieux de travail accessibles et inclusifs.<\/p>\n\n\t\t<\/div>\n\t<\/div>\n\n\t<div class=\"wpb_text_column wpb_content_element  wpb_animate_when_almost_visible wpb_right-to-left right-to-left\" >\n\t\t<div class=\"wpb_wrapper\">\n\t\t\t<h3>Employeurs<\/h3>\n<p><strong>Accenture<\/strong> s\u2019engage, dans le cadre de sa strat\u00e9gie de diversit\u00e9 et d\u2019inclusion, \u00e0 offrir un milieu de travail inclusif aux personnes handicap\u00e9es.<br \/>\nApprenez-en plus sur <a href=\"https:\/\/earn-paire.ca\/fr\/rencontrez-nos-membres\/accenture\/\" target=\"_blank\" rel=\"noopener noreferrer\">Accenture<\/a>.<\/p>\n<p>Le<strong> Coll\u00e8ge Algonquin<\/strong> est fier d\u2019\u00eatre le premier coll\u00e8ge ontarien \u00e0 adopter des politiques en mati\u00e8re de diversit\u00e9, d\u2019\u00e9quit\u00e9 et d\u2019inclusion.<br \/>\nApprenez-en plus sur le <a href=\"https:\/\/earn-paire.ca\/fr\/rencontrez-nos-membres\/algonquin\/\" target=\"_blank\" rel=\"noopener noreferrer\">Coll\u00e8ge Algonquin<\/a>.<\/p>\n<p><strong>BuildAble<\/strong>, une entreprise de professionnels en construction et en soins de sant\u00e9, est unique en son genre. Elle cherche \u00e0 rendre tout domicile ou espace commercial accessible en r\u00e9pondant aux besoins de ses clients.<br \/>\nApprenez-en plus sur <a href=\"https:\/\/earn-paire.ca\/fr\/rencontrez-nos-membres\/buildable\/\" target=\"_blank\" rel=\"noopener noreferrer\">BuildAble<\/a>.<\/p>\n<p><strong>Enterprise Holdings<\/strong> est une entreprise reconnue; elle valorise les gens et met toujours le client au premier rang.<br \/>\nApprenez-en plus sur <a href=\"https:\/\/earn-paire.ca\/fr\/rencontrez-nos-membres\/enterprise\/\" target=\"_blank\" rel=\"noopener noreferrer\">Enterprise Holdings<\/a>.<\/p>\n<p>Michael Lifshitz, fondateur d\u2019<strong>Illumabilities<\/strong>, explique comment il a cr\u00e9\u00e9 sa propre entreprise. Il continue d\u2019explorer la com\u00e9die et souhaite encourager les futurs entrepreneurs handicap\u00e9s.<br \/>\nApprenez-en plus sur <a href=\"https:\/\/earn-paire.ca\/fr\/rencontrez-nos-membres\/illumabilities\/\" target=\"_blank\" rel=\"noopener noreferrer\">Illumabilities<\/a>.<\/p>\n<p><strong>L\u2019H\u00f4pital d\u2019Ottawa<\/strong> est l\u2019un des plus importants centres hospitaliers en mati\u00e8re de recherche et d\u2019enseignement au Canada. En effet, sa vision est d\u2019offrir des soins de qualit\u00e9 internationale \u00e0 chacun de ses patients.<br \/>\nApprenez-en plus sur l<a href=\"https:\/\/earn-paire.ca\/fr\/rencontrez-nos-membres\/hopital\/\" target=\"_blank\" rel=\"noopener noreferrer\">\u2019H\u00f4pital d&#8217;Ottawa.<\/a><\/p>\n<p>La <strong>Ville d\u2019Ottawa<\/strong> est l\u2019un des employeurs les plus importants de notre communaut\u00e9 et compte plus de 16 000 employ\u00e9s \u00e0 son service.<br \/>\nApprenez-en plus sur la <a href=\"https:\/\/earn-paire.ca\/fr\/rencontrez-nos-membres\/ville-dottawa\/\" target=\"_blank\" rel=\"noopener noreferrer\">Ville d&#8217;Ottawa<\/a>.<\/p>\n<h3><strong>Fournisseurs de services<\/strong><\/h3>\n<p><strong>La Marche des dix sous du Canada<\/strong> estime qu\u2019il est important de communiquer que ses services en mati\u00e8re d\u2019emploi viennent en aide tant aux employeurs qu\u2019aux candidats.<br \/>\nApprenez-en plus sur la <a href=\"https:\/\/earn-paire.ca\/fr\/rencontrez-nos-membres\/dix-sous\/\"><strong>Marche des dix sous du Canada.<\/strong><\/a><\/p>\n<p>Les femmes handicap\u00e9es autochtones font face \u00e0 plusieurs obstacles en mati\u00e8re d\u2019emploi.<br \/>\nApprenez-en plus sur le <a href=\"https:\/\/earn-paire.ca\/fr\/rencontrez-nos-membres\/min-lodge\/\" target=\"_blank\" rel=\"noopener noreferrer\"><strong>Minwaashin Lodge.<\/strong><\/a><\/p>\n<p>Comment permettre aux personnes handicap\u00e9es de r\u00e9ussir en milieu de travail? Renforcer les voies de communication entre les employeurs et les employ\u00e9s!<br \/>\nApprenez-en plus sur<a href=\"https:\/\/earn-paire.ca\/fr\/rencontrez-nos-membres\/neil\/\" target=\"_blank\" rel=\"noopener noreferrer\"><strong> Neil Squire.<\/strong><\/a><\/p>\n<p><span class=\"s1\">Aider les employeurs \u00e0 engager un dialogue ouvert sur l\u2019adaptation du milieu de travail et favoriser l\u2019ouverture d\u2019esprit et la r\u00e9solution de telles discussions sont essentiels \u00e0 l\u2019embauche et au maintien en poste efficaces d\u2019employ\u00e9s handicap\u00e9s. Voil\u00e0 ce qu\u2019affirme Rachel Kubacki des <a href=\"https:\/\/earn-paire.ca\/fr\/rencontrez-nos-membres\/arches\/\" target=\"_blank\" rel=\"noopener noreferrer\"><strong>Services de soutien \u00e0 l\u2019emploi ARCHES de la Soci\u00e9t\u00e9 John Howard d\u2019Ottawa. Apprenez-en plus.<\/strong><\/a><\/span><\/p>\n<p>&nbsp;<\/p>\n<h3>Intervenants<\/h3>\n<p><strong>L\u2019initiative David C. Onley<\/strong> pour l\u2019emploi et l\u2019entrepreneuriat est une activit\u00e9 de recherche appliqu\u00e9e et concert\u00e9e entre les quatre \u00e9tablissements postsecondaires d\u2019Ottawa. Elle \u00e9tudie comment r\u00e9duire les \u00e9carts en mati\u00e8re d\u2019emploi et am\u00e9liorer la pr\u00e9paration \u00e0 l\u2019emploi des \u00e9tudiants et des dipl\u00f4m\u00e9s handicap\u00e9s.<br \/>\nApprenez-en plus sur<a href=\"https:\/\/earn-paire.ca\/fr\/rencontrez-nos-membres\/david\/\"><strong> l\u2019Initiative David C. Onley.<\/strong><\/a><\/p>\n\n\t\t<\/div>\n\t<\/div>\n<div class=\"vc_empty_space\"   style=\"height: 32px\"><span class=\"vc_empty_space_inner\"><\/span><\/div><\/div><\/div><\/div><\/div>\n","protected":false},"excerpt":{"rendered":"Cette capsule vous pr\u00e9sente nos membres actuels et futurs, soit des organisations qui mettent en \u00e9vidence les talents qu\u2019elles embauchent r\u00e9guli\u00e8rement ou les candidats qu\u2019elles aident. Il s\u2019agit d\u2019une ressource d\u2019\u00e9change de comp\u00e9tences qui d\u00e9montre comment les membres du Partenariat en acc\u00e8s, informations et ressources d\u2019emploi (PAIRE) s\u2019efforcent de cr\u00e9er des milieux de travail accessibles [...]","protected":false},"author":12,"featured_media":0,"parent":0,"menu_order":0,"comment_status":"closed","ping_status":"closed","template":"","meta":{"_monsterinsights_skip_tracking":false,"_monsterinsights_sitenote_active":false,"_monsterinsights_sitenote_note":"","_monsterinsights_sitenote_category":0},"acf":[],"yoast_head":"<!-- This site is optimized with the Yoast SEO plugin v20.6 - https:\/\/yoast.com\/wordpress\/plugins\/seo\/ -->\n<title>Profils des membres - EARN - United Way East Ontario<\/title>\n<meta name=\"robots\" content=\"index, follow, max-snippet:-1, max-image-preview:large, max-video-preview:-1\" \/>\n<link rel=\"canonical\" href=\"https:\/\/earn-paire.ca\/fr\/profils-des-membres\/\" \/>\n<meta property=\"og:locale\" content=\"fr_FR\" \/>\n<meta property=\"og:type\" content=\"article\" \/>\n<meta property=\"og:title\" content=\"Profils des membres - EARN - United Way East Ontario\" \/>\n<meta property=\"og:url\" content=\"https:\/\/earn-paire.ca\/fr\/profils-des-membres\/\" \/>\n<meta property=\"og:site_name\" content=\"EARN - United Way East Ontario\" \/>\n<meta property=\"article:modified_time\" content=\"2022-01-17T16:49:37+00:00\" \/>\n<meta name=\"twitter:label1\" content=\"Dur\u00e9e de lecture estim\u00e9e\" \/>\n\t<meta name=\"twitter:data1\" content=\"3 minutes\" \/>\n<script type=\"application\/ld+json\" class=\"yoast-schema-graph\">{\"@context\":\"https:\/\/schema.org\",\"@graph\":[{\"@type\":\"WebPage\",\"@id\":\"https:\/\/earn-paire.ca\/fr\/profils-des-membres\/\",\"url\":\"https:\/\/earn-paire.ca\/fr\/profils-des-membres\/\",\"name\":\"Profils des membres - EARN - United Way East Ontario\",\"isPartOf\":{\"@id\":\"https:\/\/earn-paire.ca\/#website\"},\"datePublished\":\"2020-02-19T16:25:00+00:00\",\"dateModified\":\"2022-01-17T16:49:37+00:00\",\"breadcrumb\":{\"@id\":\"https:\/\/earn-paire.ca\/fr\/profils-des-membres\/#breadcrumb\"},\"inLanguage\":\"fr-FR\",\"potentialAction\":[{\"@type\":\"ReadAction\",\"target\":[\"https:\/\/earn-paire.ca\/fr\/profils-des-membres\/\"]}]},{\"@type\":\"BreadcrumbList\",\"@id\":\"https:\/\/earn-paire.ca\/fr\/profils-des-membres\/#breadcrumb\",\"itemListElement\":[{\"@type\":\"ListItem\",\"position\":1,\"name\":\"Home\",\"item\":\"https:\/\/earn-paire.ca\/fr\/home\/\"},{\"@type\":\"ListItem\",\"position\":2,\"name\":\"Profils des membres\"}]},{\"@type\":\"WebSite\",\"@id\":\"https:\/\/earn-paire.ca\/#website\",\"url\":\"https:\/\/earn-paire.ca\/\",\"name\":\"EARN - United Way East Ontario\",\"description\":\"\",\"potentialAction\":[{\"@type\":\"SearchAction\",\"target\":{\"@type\":\"EntryPoint\",\"urlTemplate\":\"https:\/\/earn-paire.ca\/?s={search_term_string}\"},\"query-input\":\"required name=search_term_string\"}],\"inLanguage\":\"fr-FR\"}]}<\/script>\n<!-- \/ Yoast SEO plugin. -->","yoast_head_json":{"title":"Profils des membres - EARN - United Way East Ontario","robots":{"index":"index","follow":"follow","max-snippet":"max-snippet:-1","max-image-preview":"max-image-preview:large","max-video-preview":"max-video-preview:-1"},"canonical":"https:\/\/earn-paire.ca\/fr\/profils-des-membres\/","og_locale":"fr_FR","og_type":"article","og_title":"Profils des membres - EARN - United Way East Ontario","og_url":"https:\/\/earn-paire.ca\/fr\/profils-des-membres\/","og_site_name":"EARN - United Way East Ontario","article_modified_time":"2022-01-17T16:49:37+00:00","twitter_misc":{"Dur\u00e9e de lecture estim\u00e9e":"3 minutes"},"schema":{"@context":"https:\/\/schema.org","@graph":[{"@type":"WebPage","@id":"https:\/\/earn-paire.ca\/fr\/profils-des-membres\/","url":"https:\/\/earn-paire.ca\/fr\/profils-des-membres\/","name":"Profils des membres - EARN - United Way East Ontario","isPartOf":{"@id":"https:\/\/earn-paire.ca\/#website"},"datePublished":"2020-02-19T16:25:00+00:00","dateModified":"2022-01-17T16:49:37+00:00","breadcrumb":{"@id":"https:\/\/earn-paire.ca\/fr\/profils-des-membres\/#breadcrumb"},"inLanguage":"fr-FR","potentialAction":[{"@type":"ReadAction","target":["https:\/\/earn-paire.ca\/fr\/profils-des-membres\/"]}]},{"@type":"BreadcrumbList","@id":"https:\/\/earn-paire.ca\/fr\/profils-des-membres\/#breadcrumb","itemListElement":[{"@type":"ListItem","position":1,"name":"Home","item":"https:\/\/earn-paire.ca\/fr\/home\/"},{"@type":"ListItem","position":2,"name":"Profils des membres"}]},{"@type":"WebSite","@id":"https:\/\/earn-paire.ca\/#website","url":"https:\/\/earn-paire.ca\/","name":"EARN - United Way East Ontario","description":"","potentialAction":[{"@type":"SearchAction","target":{"@type":"EntryPoint","urlTemplate":"https:\/\/earn-paire.ca\/?s={search_term_string}"},"query-input":"required name=search_term_string"}],"inLanguage":"fr-FR"}]}},"_links":{"self":[{"href":"https:\/\/earn-paire.ca\/fr\/wp-json\/wp\/v2\/pages\/5642"}],"collection":[{"href":"https:\/\/earn-paire.ca\/fr\/wp-json\/wp\/v2\/pages"}],"about":[{"href":"https:\/\/earn-paire.ca\/fr\/wp-json\/wp\/v2\/types\/page"}],"author":[{"embeddable":true,"href":"https:\/\/earn-paire.ca\/fr\/wp-json\/wp\/v2\/users\/12"}],"replies":[{"embeddable":true,"href":"https:\/\/earn-paire.ca\/fr\/wp-json\/wp\/v2\/comments?post=5642"}],"version-history":[{"count":12,"href":"https:\/\/earn-paire.ca\/fr\/wp-json\/wp\/v2\/pages\/5642\/revisions"}],"predecessor-version":[{"id":7494,"href":"https:\/\/earn-paire.ca\/fr\/wp-json\/wp\/v2\/pages\/5642\/revisions\/7494"}],"wp:attachment":[{"href":"https:\/\/earn-paire.ca\/fr\/wp-json\/wp\/v2\/media?parent=5642"}],"curies":[{"name":"wp","href":"https:\/\/api.w.org\/{rel}","templated":true}]}}