{"id":5667,"date":"2020-02-19T19:11:08","date_gmt":"2020-02-19T19:11:08","guid":{"rendered":"https:\/\/earn-paire.mydev.ca\/?page_id=5667"},"modified":"2021-01-07T16:49:51","modified_gmt":"2021-01-07T16:49:51","slug":"buildable","status":"publish","type":"page","link":"https:\/\/earn-paire.ca\/fr\/profils-des-membres\/buildable\/","title":{"rendered":"Rencontrez nos membres : BuildAble"},"content":{"rendered":"<div class=\"vc_row wpb_row vc_row-fluid\"><div class=\"wpb_column vc_column_container vc_col-sm-3\"><div class=\"vc_column-inner\"><div class=\"wpb_wrapper\">\n\t<div  class=\"wpb_single_image wpb_content_element vc_align_left\">\n\t\t\n\t\t<figure class=\"wpb_wrapper vc_figure\">\n\t\t\t<div class=\"vc_single_image-wrapper   vc_box_border_grey\"><img width=\"300\" height=\"82\" src=\"https:\/\/earn-paire.ca\/wp-content\/uploads\/2019\/08\/buildable_logo_fnl_tm-01-300x82.jpg\" class=\"vc_single_image-img attachment-medium\" alt=\"\" loading=\"lazy\" srcset=\"https:\/\/earn-paire.ca\/wp-content\/uploads\/2019\/08\/buildable_logo_fnl_tm-01-300x82.jpg 300w, https:\/\/earn-paire.ca\/wp-content\/uploads\/2019\/08\/buildable_logo_fnl_tm-01-768x209.jpg 768w, https:\/\/earn-paire.ca\/wp-content\/uploads\/2019\/08\/buildable_logo_fnl_tm-01-1024x279.jpg 1024w, https:\/\/earn-paire.ca\/wp-content\/uploads\/2019\/08\/buildable_logo_fnl_tm-01.jpg 1039w\" sizes=\"(max-width: 300px) 100vw, 300px\" \/><\/div>\n\t\t<\/figure>\n\t<\/div>\n<\/div><\/div><\/div><div class=\"wpb_column vc_column_container vc_col-sm-9\"><div class=\"vc_column-inner\"><div class=\"wpb_wrapper\">\n\t<div class=\"wpb_text_column wpb_content_element \" >\n\t\t<div class=\"wpb_wrapper\">\n\t\t\t<p>Gr\u00e2ce \u00e0 sa passion pour l\u2019accessibilit\u00e9 et sa fiert\u00e9 pour son travail, BuildAble, une entreprise unique de professionnels en construction et en soins de sant\u00e9, rend tout domicile ou espace public accessible, r\u00e9pondant ainsi aux besoins de ses clients.<br \/>\nQuestions d\u2019entrevue :<br \/>\n1. Parlez-nous de l\u2019organisation. Qu\u2019est-ce qui vous vaut cette renomm\u00e9e? (Soyez concis; donnez un bref aper\u00e7u.)<\/p>\n<ul>\n<li>BuildAble est une entreprise de professionnels en construction et en soins de sant\u00e9. Elle cherche \u00e0 rendre tout espace accessible en r\u00e9pondant aux besoins de ses clients.<\/li>\n<li>Sa vision et ses valeurs principales de BuildAble sont les suivantes : une passion pour l\u2019accessibilit\u00e9, peu importe l\u2019\u00e2ge et les comp\u00e9tences; une confiance en son travail; une compassion pour la communaut\u00e9; la compr\u00e9hension des besoins uniques de chaque client; une approche collaborative et la valeur d\u2019un milieu de travail diversifi\u00e9, sans oublier l\u2019effet positif de fortes pratiques en mati\u00e8re d\u2019inclusion qui am\u00e9liorent toute communaut\u00e9.<\/li>\n<li>Son cr\u00e9neau : Offrir des domiciles accessibles et des r\u00e9novations d\u2019affaires ou apr\u00e8s la retraite pour combler les \u00e9carts entre les \u00e9quipes de soins de sant\u00e9 du client et les modifications environnementales.<\/li>\n<li>Types de projets : Les projets passent de l\u2019installation de barres d\u2019appui \u00e0 la modification de salles de bains plus grandes, de la modification de maisons et de l\u2019ajout d\u2019installations accessibles aux demeures actuelles afin de cr\u00e9er un espace de vie ind\u00e9pendant pour les enfants handicap\u00e9s, de sorte qu\u2019ils puissent vivre \u00e0 la maison et avoir un sentiment de normalit\u00e9.<\/li>\n<li>Il est difficile pour les personnes aux handicaps lourds de trouver un logement accessible; les listes d\u2019attentes pour de tels logements sont tr\u00e8s longues.<\/li>\n<li>C\u2019est pourquoi ce manque de logements accessibles nous apporte deux types de clients : ceux qui ont d\u00e9velopp\u00e9 un handicap plus tard dans leur vie et qui souhaitent demeurer chez eux, et les parents d\u2019un enfant handicap\u00e9 qui pr\u00e9f\u00e8rent r\u00e9nover leur demeure actuelle pour r\u00e9pondre aux besoins uniques de leur enfant.<\/li>\n<\/ul>\n<p>2. Pour quels types de postes recrutez-vous r\u00e9guli\u00e8rement?<\/p>\n<ul>\n<li>Le domaine de la construction : Facilitation ou service-conseil aupr\u00e8s du client, gestion de projet, administration, et m\u00e9tiers de la construction, comme la menuiserie et la fabrication.<\/li>\n<li>Le domaine de la sant\u00e9 : Employ\u00e9s avec une exp\u00e9rience d\u2019emploi dans le domaine des soins infirmiers, de l\u2019ergoth\u00e9rapie et de la physioth\u00e9rapie, capables d\u2019utiliser leurs connaissances en mati\u00e8re de sant\u00e9 (p. ex., comprendre la progression de divers handicaps ou conditions; participer \u00e0 la cr\u00e9ation de plans environnementaux qui tiennent compte des besoins \u00e0 long terme des clients).<\/li>\n<li>Nota : BuildAble se concentre sur l\u2019environnement et non les traitements. D\u2019autres organismes, comme les centres communautaires d\u2019acc\u00e8s aux soins de sant\u00e9, se concentrent sur les traitements.<\/li>\n<li>BuildAble est un employeur id\u00e9al pour toute personne handicap\u00e9e ayant des connaissances en mati\u00e8re de soins de sant\u00e9 qui ne peut plus travailler en milieu traditionnel, comme dans un h\u00f4pital.<\/li>\n<\/ul>\n<p>3. Comment les chercheurs d\u2019emploi peuvent-ils poser leur candidature au sein de l\u2019organisation?<\/p>\n<ul>\n<li>Les emplois disponibles sont affich\u00e9s en ligne sur Indeed.ca et de plus en plus dans le site Web de l\u2019entreprise.<\/li>\n<li>BuildAble partage aussi ses possibilit\u00e9s de carri\u00e8re avec le Partenariat en acc\u00e8s, informations et ressources d\u2019emploi (PAIRE).<\/li>\n<li>Les employ\u00e9s dans les domaines de la sant\u00e9 et de l\u2019administration sont salari\u00e9s, alors que les employ\u00e9s dans le domaine de la construction (m\u00e9tiers sp\u00e9cialis\u00e9s) sont r\u00e9mun\u00e9r\u00e9s selon un taux horaire.<\/li>\n<li>BuildAble offre des postes \u00e0 temps plein et \u00e0 temps partiel. De fa\u00e7on g\u00e9n\u00e9rale, les nouveaux employ\u00e9s dans les domaines de la sant\u00e9 et de l\u2019administration sont \u00e0 temps partiel et selon les circonstances, ils peuvent se trouver un poste \u00e0 temps plein.<\/li>\n<\/ul>\n<p>4. \u00c0 quoi ressemblerait le candidat id\u00e9al? (Expliquez plus particuli\u00e8rement les comp\u00e9tences et les qualifications cl\u00e9s pour l\u2019organisation. Le candidat peut-il am\u00e9liorer ses comp\u00e9tences en milieu de travail?)<\/p>\n<ul>\n<li>La premi\u00e8re qualit\u00e9 attendue est une passion pour ce genre de travail, sans oublier la reconnaissance de la vision et des valeurs de l\u2019organisation.<\/li>\n<li>BuildAble embauche des personnes hautement motiv\u00e9es et compatissantes, qui poss\u00e8dent de bonnes comp\u00e9tences interpersonnelles et qui peuvent travailler en \u00e9quipe.<\/li>\n<\/ul>\n<p>5. Quel serait le meilleur conseil pour une personne qui souhaite faire carri\u00e8re au sein de l\u2019organisation?<\/p>\n<ul>\n<li>Avoir une passion pour les valeurs et la vision de BuildAble, en plus de s\u2019engager \u00e0 les respecter.<\/li>\n<li>Prenez en consid\u00e9ration votre cheminement de carri\u00e8re id\u00e9al et faites preuve d\u2019ouverture d\u2019esprit en ce qui concerne les possibilit\u00e9s qui vous permettent de r\u00e9aliser vos objectifs.<\/li>\n<\/ul>\n<p>6. Comment vous engagez-vous \u00e0 offrir des emplois qui comprennent un d\u00e9veloppement professionnel et l\u2019avancement d\u2019une personne handicap\u00e9e?<\/p>\n<ul>\n<li>BuildAble offre plusieurs occasions d\u2019emploi aux personnes handicap\u00e9es, plus particuli\u00e8rement celles qui ont une formation en soins de sant\u00e9 (p. ex., soins infirmiers, ergoth\u00e9rapie et domaines connexes) et qui ne peuvent plus travailler en milieu traditionnel, comme dans un h\u00f4pital, mais qui peuvent mettre leurs comp\u00e9tences au service de l\u2019organisation.<\/li>\n<li>Le d\u00e9veloppement professionnel dans le domaine des soins de sant\u00e9 est des plus \u00e9vidents; il y a des occasions de formation polyvalente, de recherche et d\u2019apprentissage des pratiques exemplaires dans le domaine de la construction, puisque celui-ci a trait aux modifications environnementales. BuildAble facilite un tel processus d\u2019apprentissage.<\/li>\n<\/ul>\n<p>7. Plus largement, quelles politiques et pratiques l\u2019organisation a t-elle \u00e9labor\u00e9es pour cr\u00e9er, voire soutenir, un milieu de travail inclusif et accessible pour les personnes handicap\u00e9es?<\/p>\n<ul>\n<li>La valeur essentielle de BuildAble est d\u2019avoir un milieu de travail inclusif.<\/li>\n<li>Nous cherchons constamment \u00e0 am\u00e9liorer l\u2019accessibilit\u00e9 en milieu de travail pour r\u00e9pondre aux besoins des employ\u00e9s, en installant des ouvre-portes et en modifiant des salles de bains. L\u2019objectif de l\u2019organisation est de fournir des mesures d\u2019adaptation aux employ\u00e9s de sorte qu\u2019ils puissent effectuer leur travail de fa\u00e7on efficace.<\/li>\n<li>BuildAble est passionn\u00e9 par les personnes handicap\u00e9es et leur milieu de travail. Elle s\u2019engage \u00e0 appuyer d\u2019autres organisations qui souhaitent faire de m\u00eame.<\/li>\n<li>BuildAble appr\u00e9cie l\u2019occasion de travailler avec le PAIRE.<\/li>\n<\/ul>\n<p>Nous aimerions remercier sinc\u00e8rement Sean MacGinnis, pr\u00e9sident de BuildAble, d\u2019avoir pris le temps de participer \u00e0 cette entrevue. Pour en apprendre davantage sur les emplois disponibles \u00e0 BuildAble, consultez le <a href=\"https:\/\/www.buildable.ca\/careers\" target=\"_blank\" rel=\"noopener noreferrer\">https:\/\/www.buildable.ca\/careers<\/a> (en anglais seulement).<\/p>\n\n\t\t<\/div>\n\t<\/div>\n<div class=\"vc_empty_space\"   style=\"height: 32px\"><span class=\"vc_empty_space_inner\"><\/span><\/div><\/div><\/div><\/div><\/div>\n","protected":false},"excerpt":{"rendered":"Gr\u00e2ce \u00e0 sa passion pour l\u2019accessibilit\u00e9 et sa fiert\u00e9 pour son travail, BuildAble, une entreprise unique de professionnels en construction et en soins de sant\u00e9, rend tout domicile ou espace public accessible, r\u00e9pondant ainsi aux besoins de ses clients. Questions d\u2019entrevue : 1. Parlez-nous de l\u2019organisation. Qu\u2019est-ce qui vous vaut cette renomm\u00e9e? (Soyez concis; donnez [...]","protected":false},"author":12,"featured_media":0,"parent":5642,"menu_order":0,"comment_status":"closed","ping_status":"closed","template":"","meta":{"_monsterinsights_skip_tracking":false,"_monsterinsights_sitenote_active":false,"_monsterinsights_sitenote_note":"","_monsterinsights_sitenote_category":0},"acf":[],"yoast_head":"<!-- This site is optimized with the Yoast SEO plugin v20.6 - https:\/\/yoast.com\/wordpress\/plugins\/seo\/ -->\n<title>Rencontrez nos membres : BuildAble - EARN - United Way East Ontario<\/title>\n<meta name=\"robots\" content=\"index, follow, max-snippet:-1, max-image-preview:large, max-video-preview:-1\" \/>\n<link rel=\"canonical\" href=\"https:\/\/earn-paire.ca\/fr\/profils-des-membres\/buildable\/\" \/>\n<meta property=\"og:locale\" content=\"fr_FR\" \/>\n<meta property=\"og:type\" content=\"article\" \/>\n<meta property=\"og:title\" content=\"Rencontrez nos membres : BuildAble - EARN - United Way East Ontario\" \/>\n<meta property=\"og:url\" content=\"https:\/\/earn-paire.ca\/fr\/profils-des-membres\/buildable\/\" \/>\n<meta property=\"og:site_name\" content=\"EARN - United Way East Ontario\" \/>\n<meta property=\"article:modified_time\" content=\"2021-01-07T16:49:51+00:00\" \/>\n<meta name=\"twitter:label1\" content=\"Dur\u00e9e de lecture estim\u00e9e\" \/>\n\t<meta name=\"twitter:data1\" content=\"6 minutes\" \/>\n<script type=\"application\/ld+json\" class=\"yoast-schema-graph\">{\"@context\":\"https:\/\/schema.org\",\"@graph\":[{\"@type\":\"WebPage\",\"@id\":\"https:\/\/earn-paire.ca\/fr\/profils-des-membres\/buildable\/\",\"url\":\"https:\/\/earn-paire.ca\/fr\/profils-des-membres\/buildable\/\",\"name\":\"Rencontrez nos membres : BuildAble - EARN - United Way East Ontario\",\"isPartOf\":{\"@id\":\"https:\/\/earn-paire.ca\/#website\"},\"datePublished\":\"2020-02-19T19:11:08+00:00\",\"dateModified\":\"2021-01-07T16:49:51+00:00\",\"breadcrumb\":{\"@id\":\"https:\/\/earn-paire.ca\/fr\/profils-des-membres\/buildable\/#breadcrumb\"},\"inLanguage\":\"fr-FR\",\"potentialAction\":[{\"@type\":\"ReadAction\",\"target\":[\"https:\/\/earn-paire.ca\/fr\/profils-des-membres\/buildable\/\"]}]},{\"@type\":\"BreadcrumbList\",\"@id\":\"https:\/\/earn-paire.ca\/fr\/profils-des-membres\/buildable\/#breadcrumb\",\"itemListElement\":[{\"@type\":\"ListItem\",\"position\":1,\"name\":\"Home\",\"item\":\"https:\/\/earn-paire.ca\/fr\/home\/\"},{\"@type\":\"ListItem\",\"position\":2,\"name\":\"Profils des membres\",\"item\":\"https:\/\/earn-paire.ca\/fr\/profils-des-membres\/\"},{\"@type\":\"ListItem\",\"position\":3,\"name\":\"Rencontrez nos membres : BuildAble\"}]},{\"@type\":\"WebSite\",\"@id\":\"https:\/\/earn-paire.ca\/#website\",\"url\":\"https:\/\/earn-paire.ca\/\",\"name\":\"EARN - United Way East Ontario\",\"description\":\"\",\"potentialAction\":[{\"@type\":\"SearchAction\",\"target\":{\"@type\":\"EntryPoint\",\"urlTemplate\":\"https:\/\/earn-paire.ca\/?s={search_term_string}\"},\"query-input\":\"required name=search_term_string\"}],\"inLanguage\":\"fr-FR\"}]}<\/script>\n<!-- \/ Yoast SEO plugin. -->","yoast_head_json":{"title":"Rencontrez nos membres : BuildAble - EARN - United Way East Ontario","robots":{"index":"index","follow":"follow","max-snippet":"max-snippet:-1","max-image-preview":"max-image-preview:large","max-video-preview":"max-video-preview:-1"},"canonical":"https:\/\/earn-paire.ca\/fr\/profils-des-membres\/buildable\/","og_locale":"fr_FR","og_type":"article","og_title":"Rencontrez nos membres : BuildAble - EARN - United Way East Ontario","og_url":"https:\/\/earn-paire.ca\/fr\/profils-des-membres\/buildable\/","og_site_name":"EARN - United Way East Ontario","article_modified_time":"2021-01-07T16:49:51+00:00","twitter_misc":{"Dur\u00e9e de lecture estim\u00e9e":"6 minutes"},"schema":{"@context":"https:\/\/schema.org","@graph":[{"@type":"WebPage","@id":"https:\/\/earn-paire.ca\/fr\/profils-des-membres\/buildable\/","url":"https:\/\/earn-paire.ca\/fr\/profils-des-membres\/buildable\/","name":"Rencontrez nos membres : BuildAble - EARN - United Way East Ontario","isPartOf":{"@id":"https:\/\/earn-paire.ca\/#website"},"datePublished":"2020-02-19T19:11:08+00:00","dateModified":"2021-01-07T16:49:51+00:00","breadcrumb":{"@id":"https:\/\/earn-paire.ca\/fr\/profils-des-membres\/buildable\/#breadcrumb"},"inLanguage":"fr-FR","potentialAction":[{"@type":"ReadAction","target":["https:\/\/earn-paire.ca\/fr\/profils-des-membres\/buildable\/"]}]},{"@type":"BreadcrumbList","@id":"https:\/\/earn-paire.ca\/fr\/profils-des-membres\/buildable\/#breadcrumb","itemListElement":[{"@type":"ListItem","position":1,"name":"Home","item":"https:\/\/earn-paire.ca\/fr\/home\/"},{"@type":"ListItem","position":2,"name":"Profils des membres","item":"https:\/\/earn-paire.ca\/fr\/profils-des-membres\/"},{"@type":"ListItem","position":3,"name":"Rencontrez nos membres : BuildAble"}]},{"@type":"WebSite","@id":"https:\/\/earn-paire.ca\/#website","url":"https:\/\/earn-paire.ca\/","name":"EARN - United Way East Ontario","description":"","potentialAction":[{"@type":"SearchAction","target":{"@type":"EntryPoint","urlTemplate":"https:\/\/earn-paire.ca\/?s={search_term_string}"},"query-input":"required name=search_term_string"}],"inLanguage":"fr-FR"}]}},"_links":{"self":[{"href":"https:\/\/earn-paire.ca\/fr\/wp-json\/wp\/v2\/pages\/5667"}],"collection":[{"href":"https:\/\/earn-paire.ca\/fr\/wp-json\/wp\/v2\/pages"}],"about":[{"href":"https:\/\/earn-paire.ca\/fr\/wp-json\/wp\/v2\/types\/page"}],"author":[{"embeddable":true,"href":"https:\/\/earn-paire.ca\/fr\/wp-json\/wp\/v2\/users\/12"}],"replies":[{"embeddable":true,"href":"https:\/\/earn-paire.ca\/fr\/wp-json\/wp\/v2\/comments?post=5667"}],"version-history":[{"count":4,"href":"https:\/\/earn-paire.ca\/fr\/wp-json\/wp\/v2\/pages\/5667\/revisions"}],"predecessor-version":[{"id":6330,"href":"https:\/\/earn-paire.ca\/fr\/wp-json\/wp\/v2\/pages\/5667\/revisions\/6330"}],"up":[{"embeddable":true,"href":"https:\/\/earn-paire.ca\/fr\/wp-json\/wp\/v2\/pages\/5642"}],"wp:attachment":[{"href":"https:\/\/earn-paire.ca\/fr\/wp-json\/wp\/v2\/media?parent=5667"}],"curies":[{"name":"wp","href":"https:\/\/api.w.org\/{rel}","templated":true}]}}