{"id":5808,"date":"2020-07-30T19:00:51","date_gmt":"2020-07-30T19:00:51","guid":{"rendered":"https:\/\/earn-paire.mydev.ca\/?page_id=5808"},"modified":"2021-01-08T19:03:31","modified_gmt":"2021-01-08T19:03:31","slug":"hopital","status":"publish","type":"page","link":"https:\/\/earn-paire.ca\/fr\/profils-des-membres\/hopital\/","title":{"rendered":"Recontrez nos membres : L\u2019H\u00f4pital d\u2019Ottawa"},"content":{"rendered":"<div class=\"vc_row wpb_row vc_row-fluid\"><div class=\"wpb_column vc_column_container vc_col-sm-3\"><div class=\"vc_column-inner\"><div class=\"wpb_wrapper\">\n\t<div  class=\"wpb_single_image wpb_content_element vc_align_left\">\n\t\t\n\t\t<figure class=\"wpb_wrapper vc_figure\">\n\t\t\t<div class=\"vc_single_image-wrapper   vc_box_border_grey\"><img width=\"300\" height=\"298\" src=\"https:\/\/earn-paire.ca\/wp-content\/uploads\/2019\/03\/The_Ottawa_Hospital_Logo-300x298.jpg\" class=\"vc_single_image-img attachment-medium\" alt=\"\" loading=\"lazy\" srcset=\"https:\/\/earn-paire.ca\/wp-content\/uploads\/2019\/03\/The_Ottawa_Hospital_Logo-300x298.jpg 300w, https:\/\/earn-paire.ca\/wp-content\/uploads\/2019\/03\/The_Ottawa_Hospital_Logo-150x150.jpg 150w, https:\/\/earn-paire.ca\/wp-content\/uploads\/2019\/03\/The_Ottawa_Hospital_Logo.jpg 435w\" sizes=\"(max-width: 300px) 100vw, 300px\" \/><\/div>\n\t\t<\/figure>\n\t<\/div>\n<\/div><\/div><\/div><div class=\"wpb_column vc_column_container vc_col-sm-9\"><div class=\"vc_column-inner\"><div class=\"wpb_wrapper\">\n\t<div class=\"wpb_text_column wpb_content_element \" >\n\t\t<div class=\"wpb_wrapper\">\n\t\t\t<p>L\u2019H\u00f4pital d\u2019Ottawa, soit l\u2019un des h\u00f4pitaux de recherche et d\u2019enseignement les plus importants au pays, cherche \u00e0 offrir \u00e0 chaque patient des soins de calibre mondial. Andr\u00e9e\u00a0Kaspardlov, gestionnaire de l\u2019acquisition de talents, explique l\u2019engagement envers l\u2019accessibilit\u00e9 de l\u2019\u00e9tablissement de sant\u00e9, ainsi que les diverses occasions d\u2019emploi qu\u2019il offre.<\/p>\n<ol>\n<li><strong>Parlez-nous de l\u2019organisation.<\/strong><strong> Qu\u2019est-ce qui vous vaut cette renomm\u00e9e?<\/strong><\/li>\n<\/ol>\n<ul>\n<li>L\u2019H\u00f4pital d\u2019Ottawa est un centre universitaire des sciences de la sant\u00e9 \u00e9tabli sur plusieurs campus. Il dessert 1,2 million de r\u00e9sidents d\u2019Ottawa et de l\u2019est de l\u2019Ontario, tant en fran\u00e7ais qu\u2019en anglais.<\/li>\n<li>Ses campus comprennent les suivants\u00a0: G\u00e9n\u00e9ral, Civic et Riverside.<\/li>\n<li>L\u2019H\u00f4pital compte \u00e9galement plusieurs sites satellites, comme le Centre de canc\u00e9rologie Famille Irving Greenberg, situ\u00e9 \u00e0 l\u2019H\u00f4pital Queensway Carleton.<\/li>\n<li>L\u2019H\u00f4pital d\u2019Ottawa est le plus grand centre hospitalier de recherche et d\u2019enseignement au Canada; il compte pr\u00e8s de 12\u00a0000\u00a0employ\u00e9s, 1\u00a0400\u00a0m\u00e9decins, 1\u00a0300\u00a0r\u00e9sidents et \u00e9tudiants en sursp\u00e9cialit\u00e9, ainsi que 1\u00a0200\u00a0b\u00e9n\u00e9voles.<\/li>\n<\/ul>\n<ol start=\"2\">\n<li><strong>Pour quels types de postes recrutez-vous r\u00e9guli\u00e8rement?<\/strong><\/li>\n<\/ol>\n<ul>\n<li>L\u2019H\u00f4pital d\u2019Ottawa recrute r\u00e9guli\u00e8rement pour pourvoir divers postes.<\/li>\n<li>Occasions de carri\u00e8re\u00a0: soins infirmiers; personnel de soutien (notamment les pr\u00e9pos\u00e9s du service alimentaire pour patients, les pr\u00e9pos\u00e9s \u00e0 l\u2019entretien et les aides-soignants, le personnel de bureau, des infirmi\u00e8res auxiliaires autoris\u00e9es et des pr\u00e9pos\u00e9s des services logistiques); et des professionnels alli\u00e9s de la sant\u00e9, comme les travailleurs sociaux, les techniciens en imagerie m\u00e9dicale, les th\u00e9rapeutes en r\u00e9adaptation, les ergoth\u00e9rapeutes et les pharmaciens.<\/li>\n<li>Nota\u00a0: L\u2019H\u00f4pital d\u2019Ottawa recrute les m\u00e9decins, les r\u00e9sidents et les \u00e9tudiants en sursp\u00e9cialit\u00e9 au moyen d\u2019un processus ind\u00e9pendant; les ressources humaines ne s\u2019occupent pas de leur embauche.<\/li>\n<\/ul>\n<ol start=\"3\">\n<li><strong>Comment les chercheurs d\u2019emploi peuvent-ils poser leur candidature au sein de l\u2019organisation?<\/strong><\/li>\n<\/ol>\n<ul>\n<li>Toutes les possibilit\u00e9s d\u2019emploi sont affich\u00e9es dans la page des offres d\u2019emploi de l\u2019H\u00f4pital d\u2019Ottawa et les candidats doivent poser leur candidature en ligne. L\u2019H\u00f4pital re\u00e7oit plus de 48\u00a0000\u00a0curriculum vit\u00e6 par ann\u00e9e.<\/li>\n<li>Les ressources humaines participent \u00e0 de nombreux salons de l\u2019emploi et \u00e0 des activit\u00e9s de r\u00e9seautage permettant de rencontrer directement les talents.<\/li>\n<li>Les ressources humaines partagent les liens menant aux possibilit\u00e9s d\u2019emploi de l\u2019H\u00f4pital d\u2019Ottawa avec les chercheurs d\u2019emploi qui participent aux salons de l\u2019emploi et aux activit\u00e9s de r\u00e9seautage.<\/li>\n<\/ul>\n<ol start=\"4\">\n<li><strong>\u00c0 quoi ressemblerait le candidat id\u00e9al? (Expliquez plus particuli\u00e8rement les comp\u00e9tences et les qualifications cl\u00e9s pour l\u2019organisation. Le candidat peut-il am\u00e9liorer ses comp\u00e9tences en milieu de travail?)<\/strong><\/li>\n<\/ol>\n<ul>\n<li>Chaque membre du personnel joue un r\u00f4le dans le traitement des patients\u00a0: il peut s\u2019agir d\u2019un commis responsable de l\u2019admission du patient, de l\u2019infirmi\u00e8re qui prodigue des soins ou du pr\u00e9pos\u00e9 \u00e0 l\u2019entretien qui fait en sorte que les chambres sont indemnes de maladies possiblement mortelles.<\/li>\n<li>L\u2019objectif commun? Travailler ensemble pour dispenser les soins n\u00e9cessaires aux patients.<\/li>\n<li>L\u2019H\u00f4pital d\u2019Ottawa cherche \u00e0 offrir \u00e0 chaque patient des soins de calibre mondial et des services exceptionnels avec la compassion digne des personnes qui nous sont ch\u00e8res. C\u2019est pourquoi il s\u2019efforce d\u2019embaucher des personnes qui partagent cette vision.<\/li>\n<\/ul>\n<ol start=\"5\">\n<li><strong>Quel serait le meilleur conseil pour une personne qui souhaite faire carri\u00e8re au sein de l\u2019organisation?<\/strong><\/li>\n<\/ol>\n<ul>\n<li>Il faut d\u00e9terminer ses int\u00e9r\u00eats et r\u00e9diger un plan de carri\u00e8re cibl\u00e9.<\/li>\n<li>Les r\u00f4les de premier \u00e9chelon sont id\u00e9aux pour le d\u00e9marrage d\u2019une carri\u00e8re.<\/li>\n<li>Le b\u00e9n\u00e9volat permet aux gens de mieux comprendre le fonctionnement de l\u2019H\u00f4pital d\u2019Ottawa.<\/li>\n<li>Il est avantageux de discuter avec son conseiller en orientation, de participer aux salons de l\u2019emploi et de s\u2019engager dans des activit\u00e9s de r\u00e9seautage, puis d\u2019effectuer des recherches dans Internet et de consulter la page Web des offres d\u2019emploi de l\u2019H\u00f4pital.<\/li>\n<li>Il est toujours bien de suivre l\u2019H\u00f4pital sur LinkedIn, Twitter et Facebook pour en apprendre davantage \u00e0 son sujet.<\/li>\n<\/ul>\n<ol start=\"6\">\n<li><strong>Comment vous engagez-vous \u00e0 offrir des emplois qui comprennent un d\u00e9veloppement professionnel et l\u2019avancement d\u2019une personne handicap\u00e9e?<\/strong><\/li>\n<\/ol>\n<ul>\n<li>L\u2019H\u00f4pital d\u2019Ottawa organise plusieurs cours de d\u00e9veloppement professionnel sur place. Tous les membres du personnel ont acc\u00e8s \u00e0 ces cours.<\/li>\n<li>Si un membre du personnel a besoin de mesures d\u2019adaptation sp\u00e9ciales pour participer aux cours de d\u00e9veloppement professionnel, il peut demander l\u2019aide de l\u2019\u00e9quipe des services d\u2019interpr\u00e9tation et d\u2019accessibilit\u00e9 (au sein des ressources humaines) pour s\u2019assurer que ses besoins sont combl\u00e9s.<\/li>\n<\/ul>\n<ol start=\"7\">\n<li><strong>Plus largement, quelles politiques et pratiques l\u2019organisation a-t-elle \u00e9labor\u00e9 pour cr\u00e9er, voire soutenir, un milieu de travail inclusif et accessible pour les personnes handicap\u00e9es?<\/strong><\/li>\n<\/ol>\n<ul>\n<li>L\u2019H\u00f4pital d\u2019Ottawa cherche \u00e0 offrir une exp\u00e9rience de travail sans obstacle \u00e0 tous les candidats. Il s\u2019engage \u00e0 \u00e9liminer les obstacles en mati\u00e8re d\u2019emploi qui pourraient emp\u00eacher un employ\u00e9 de s\u2019acquitter de ses fonctions et d\u2019exceller au travail, peu importe ses capacit\u00e9s uniques et son handicap.<\/li>\n<li>L\u2019H\u00f4pital d\u2019Ottawa souscrit \u00e0 une politique d\u2019accessibilit\u00e9. En effet, la politique indique que l\u2019H\u00f4pital \u00e9tablira des politiques, des pratiques et des proc\u00e9dures pour \u00e9liminer les obstacles et offrir du soutien et des services aux personnes handicap\u00e9es; ces interventions ont pour but de respecter l\u2019ind\u00e9pendance, la dignit\u00e9, l\u2019int\u00e9gration et l\u2019\u00e9galit\u00e9 en milieu de travail.<\/li>\n<li>L\u2019H\u00f4pital d\u2019Ottawa est dot\u00e9 d\u2019une \u00e9quipe de professionnels de la sant\u00e9 au travail, sp\u00e9cialis\u00e9e dans les mesures d\u2019adaptation.<\/li>\n<li>L\u2019H\u00f4pital d\u2019Ottawa compte aussi sur un comit\u00e9 d\u2019accessibilit\u00e9, compos\u00e9 d\u2019employ\u00e9s handicap\u00e9s et de repr\u00e9sentants de la communaut\u00e9 \u00e9largie. Ce comit\u00e9 surveille la mise en \u0153uvre du plan d\u2019accessibilit\u00e9 et l\u2019influence. Il met en \u00e9vidence les am\u00e9liorations recommand\u00e9es et offre des conseils \u00e0 l\u2019\u00e9quipe des services d\u2019interpr\u00e9tation et d\u2019accessibilit\u00e9.<\/li>\n<li>Il est possible de consulter des plans d\u2019urgence individuels pour les membres du personnel ou les b\u00e9n\u00e9voles handicap\u00e9s (sur demande).<\/li>\n<\/ul>\n<p>Nous aimerions remercier sinc\u00e8rement Andr\u00e9e\u00a0Kaspardlov, gestionnaire de l\u2019acquisition de talents, d\u2019avoir pris le temps de participer \u00e0 cette entrevue. Pour en apprendre davantage sur les emplois disponibles \u00e0 l\u2019H\u00f4pital d\u2019Ottawa, consultez le <a href=\"https:\/\/www.ottawahospital.on.ca\/fr\/career-opportunities\/\" target=\"_blank\" rel=\"noopener noreferrer\">https:\/\/www.ottawahospital.on.ca\/fr\/career-opportunities\/<\/a>.<\/p>\n\n\t\t<\/div>\n\t<\/div>\n<div class=\"vc_empty_space\"   style=\"height: 32px\"><span class=\"vc_empty_space_inner\"><\/span><\/div><\/div><\/div><\/div><\/div>\n","protected":false},"excerpt":{"rendered":"L\u2019H\u00f4pital d\u2019Ottawa, soit l\u2019un des h\u00f4pitaux de recherche et d\u2019enseignement les plus importants au pays, cherche \u00e0 offrir \u00e0 chaque patient des soins de calibre mondial. Andr\u00e9e\u00a0Kaspardlov, gestionnaire de l\u2019acquisition de talents, explique l\u2019engagement envers l\u2019accessibilit\u00e9 de l\u2019\u00e9tablissement de sant\u00e9, ainsi que les diverses occasions d\u2019emploi qu\u2019il offre. Parlez-nous de l\u2019organisation. Qu\u2019est-ce qui vous vaut [...]","protected":false},"author":12,"featured_media":0,"parent":5642,"menu_order":0,"comment_status":"closed","ping_status":"closed","template":"","meta":{"_monsterinsights_skip_tracking":false,"_monsterinsights_sitenote_active":false,"_monsterinsights_sitenote_note":"","_monsterinsights_sitenote_category":0},"acf":[],"yoast_head":"<!-- This site is optimized with the Yoast SEO plugin v20.6 - https:\/\/yoast.com\/wordpress\/plugins\/seo\/ -->\n<title>Recontrez nos membres : L\u2019H\u00f4pital d\u2019Ottawa - EARN - United Way East Ontario<\/title>\n<meta name=\"robots\" content=\"index, follow, max-snippet:-1, max-image-preview:large, max-video-preview:-1\" \/>\n<link rel=\"canonical\" href=\"https:\/\/earn-paire.ca\/fr\/profils-des-membres\/hopital\/\" \/>\n<meta property=\"og:locale\" content=\"fr_FR\" \/>\n<meta property=\"og:type\" content=\"article\" \/>\n<meta property=\"og:title\" content=\"Recontrez nos membres : L\u2019H\u00f4pital d\u2019Ottawa - EARN - United Way East Ontario\" \/>\n<meta property=\"og:url\" content=\"https:\/\/earn-paire.ca\/fr\/profils-des-membres\/hopital\/\" \/>\n<meta property=\"og:site_name\" content=\"EARN - United Way East Ontario\" \/>\n<meta property=\"article:modified_time\" content=\"2021-01-08T19:03:31+00:00\" \/>\n<meta name=\"twitter:label1\" content=\"Dur\u00e9e de lecture estim\u00e9e\" \/>\n\t<meta name=\"twitter:data1\" content=\"6 minutes\" \/>\n<script type=\"application\/ld+json\" class=\"yoast-schema-graph\">{\"@context\":\"https:\/\/schema.org\",\"@graph\":[{\"@type\":\"WebPage\",\"@id\":\"https:\/\/earn-paire.ca\/fr\/profils-des-membres\/hopital\/\",\"url\":\"https:\/\/earn-paire.ca\/fr\/profils-des-membres\/hopital\/\",\"name\":\"Recontrez nos membres : L\u2019H\u00f4pital d\u2019Ottawa - EARN - United Way East Ontario\",\"isPartOf\":{\"@id\":\"https:\/\/earn-paire.ca\/#website\"},\"datePublished\":\"2020-07-30T19:00:51+00:00\",\"dateModified\":\"2021-01-08T19:03:31+00:00\",\"breadcrumb\":{\"@id\":\"https:\/\/earn-paire.ca\/fr\/profils-des-membres\/hopital\/#breadcrumb\"},\"inLanguage\":\"fr-FR\",\"potentialAction\":[{\"@type\":\"ReadAction\",\"target\":[\"https:\/\/earn-paire.ca\/fr\/profils-des-membres\/hopital\/\"]}]},{\"@type\":\"BreadcrumbList\",\"@id\":\"https:\/\/earn-paire.ca\/fr\/profils-des-membres\/hopital\/#breadcrumb\",\"itemListElement\":[{\"@type\":\"ListItem\",\"position\":1,\"name\":\"Home\",\"item\":\"https:\/\/earn-paire.ca\/fr\/home\/\"},{\"@type\":\"ListItem\",\"position\":2,\"name\":\"Profils des membres\",\"item\":\"https:\/\/earn-paire.ca\/fr\/profils-des-membres\/\"},{\"@type\":\"ListItem\",\"position\":3,\"name\":\"Recontrez nos membres : L\u2019H\u00f4pital d\u2019Ottawa\"}]},{\"@type\":\"WebSite\",\"@id\":\"https:\/\/earn-paire.ca\/#website\",\"url\":\"https:\/\/earn-paire.ca\/\",\"name\":\"EARN - United Way East Ontario\",\"description\":\"\",\"potentialAction\":[{\"@type\":\"SearchAction\",\"target\":{\"@type\":\"EntryPoint\",\"urlTemplate\":\"https:\/\/earn-paire.ca\/?s={search_term_string}\"},\"query-input\":\"required name=search_term_string\"}],\"inLanguage\":\"fr-FR\"}]}<\/script>\n<!-- \/ Yoast SEO plugin. -->","yoast_head_json":{"title":"Recontrez nos membres : L\u2019H\u00f4pital d\u2019Ottawa - EARN - United Way East Ontario","robots":{"index":"index","follow":"follow","max-snippet":"max-snippet:-1","max-image-preview":"max-image-preview:large","max-video-preview":"max-video-preview:-1"},"canonical":"https:\/\/earn-paire.ca\/fr\/profils-des-membres\/hopital\/","og_locale":"fr_FR","og_type":"article","og_title":"Recontrez nos membres : L\u2019H\u00f4pital d\u2019Ottawa - EARN - United Way East Ontario","og_url":"https:\/\/earn-paire.ca\/fr\/profils-des-membres\/hopital\/","og_site_name":"EARN - United Way East Ontario","article_modified_time":"2021-01-08T19:03:31+00:00","twitter_misc":{"Dur\u00e9e de lecture estim\u00e9e":"6 minutes"},"schema":{"@context":"https:\/\/schema.org","@graph":[{"@type":"WebPage","@id":"https:\/\/earn-paire.ca\/fr\/profils-des-membres\/hopital\/","url":"https:\/\/earn-paire.ca\/fr\/profils-des-membres\/hopital\/","name":"Recontrez nos membres : L\u2019H\u00f4pital d\u2019Ottawa - EARN - United Way East Ontario","isPartOf":{"@id":"https:\/\/earn-paire.ca\/#website"},"datePublished":"2020-07-30T19:00:51+00:00","dateModified":"2021-01-08T19:03:31+00:00","breadcrumb":{"@id":"https:\/\/earn-paire.ca\/fr\/profils-des-membres\/hopital\/#breadcrumb"},"inLanguage":"fr-FR","potentialAction":[{"@type":"ReadAction","target":["https:\/\/earn-paire.ca\/fr\/profils-des-membres\/hopital\/"]}]},{"@type":"BreadcrumbList","@id":"https:\/\/earn-paire.ca\/fr\/profils-des-membres\/hopital\/#breadcrumb","itemListElement":[{"@type":"ListItem","position":1,"name":"Home","item":"https:\/\/earn-paire.ca\/fr\/home\/"},{"@type":"ListItem","position":2,"name":"Profils des membres","item":"https:\/\/earn-paire.ca\/fr\/profils-des-membres\/"},{"@type":"ListItem","position":3,"name":"Recontrez nos membres : L\u2019H\u00f4pital d\u2019Ottawa"}]},{"@type":"WebSite","@id":"https:\/\/earn-paire.ca\/#website","url":"https:\/\/earn-paire.ca\/","name":"EARN - United Way East Ontario","description":"","potentialAction":[{"@type":"SearchAction","target":{"@type":"EntryPoint","urlTemplate":"https:\/\/earn-paire.ca\/?s={search_term_string}"},"query-input":"required name=search_term_string"}],"inLanguage":"fr-FR"}]}},"_links":{"self":[{"href":"https:\/\/earn-paire.ca\/fr\/wp-json\/wp\/v2\/pages\/5808"}],"collection":[{"href":"https:\/\/earn-paire.ca\/fr\/wp-json\/wp\/v2\/pages"}],"about":[{"href":"https:\/\/earn-paire.ca\/fr\/wp-json\/wp\/v2\/types\/page"}],"author":[{"embeddable":true,"href":"https:\/\/earn-paire.ca\/fr\/wp-json\/wp\/v2\/users\/12"}],"replies":[{"embeddable":true,"href":"https:\/\/earn-paire.ca\/fr\/wp-json\/wp\/v2\/comments?post=5808"}],"version-history":[{"count":6,"href":"https:\/\/earn-paire.ca\/fr\/wp-json\/wp\/v2\/pages\/5808\/revisions"}],"predecessor-version":[{"id":6344,"href":"https:\/\/earn-paire.ca\/fr\/wp-json\/wp\/v2\/pages\/5808\/revisions\/6344"}],"up":[{"embeddable":true,"href":"https:\/\/earn-paire.ca\/fr\/wp-json\/wp\/v2\/pages\/5642"}],"wp:attachment":[{"href":"https:\/\/earn-paire.ca\/fr\/wp-json\/wp\/v2\/media?parent=5808"}],"curies":[{"name":"wp","href":"https:\/\/api.w.org\/{rel}","templated":true}]}}