{"id":6035,"date":"2020-11-13T19:17:37","date_gmt":"2020-11-13T19:17:37","guid":{"rendered":"https:\/\/earn-paire.mydev.ca\/?page_id=6035"},"modified":"2021-12-22T21:16:19","modified_gmt":"2021-12-22T21:16:19","slug":"analyse-de-rentabilisation","status":"publish","type":"page","link":"https:\/\/earn-paire.ca\/fr\/employeurs\/analyse-de-rentabilisation\/","title":{"rendered":"L\u2019analyse de rentabilisation de l\u2019inclusion"},"content":{"rendered":"<div class=\"vc_row wpb_row vc_row-fluid\"><div class=\"wpb_column vc_column_container vc_col-sm-3\"><div class=\"vc_column-inner vc_custom_1445621767478\"><div class=\"wpb_wrapper\"><div class=\"wpb_revslider_element wpb_content_element\">\n\t\t\t<!-- START Page Facts Slider REVOLUTION SLIDER 6.5.8 --><p class=\"rs-p-wp-fix\"><\/p>\n\t\t\t<rs-module-wrap id=\"rev_slider_7_1_wrapper\" data-source=\"post\" style=\"visibility:hidden;background:transparent;padding:0;margin:0px auto;margin-top:0;margin-bottom:0;max-width:;\">\n\t\t\t\t<rs-module id=\"rev_slider_7_1\" style=\"\" data-version=\"6.5.8\">\n\t\t\t\t\t<rs-slides>\n\t\t\t\t\t\t<rs-slide style=\"position: absolute;\" data-key=\"rs-864\" data-title=\"Une personne en fauteuil roulant doit faire preuve d\u2019ing\u00e9niosit\u00e9 au quotidien\" data-in=\"x:-100%;\">\n\t\t\t\t\t\t\t<img src=\"\/\/earn-paire.ca\/wp-content\/plugins\/revslider\/public\/assets\/assets\/dummy.png\" alt=\"Une personne en fauteuil roulant doit faire preuve d\u2019ing\u00e9niosit\u00e9 au quotidien\" title=\"L\u2019analyse de rentabilisation de l\u2019inclusion\" class=\"rev-slidebg tp-rs-img rs-lazyload\" data-lazyload=\"\/\/earn-paire.ca\/wp-content\/plugins\/revslider\/public\/assets\/assets\/transparent.png\" data-no-retina>\n<!--\n\t\t\t\t\t\t\t--><h3\n\t\t\t\t\t\t\t\tid=\"slider-7-slide-864-layer-1\" \n\t\t\t\t\t\t\t\tclass=\"rs-layer full-width-text\"\n\t\t\t\t\t\t\t\tdata-type=\"text\"\n\t\t\t\t\t\t\t\tdata-color=\"rgba(10,10,10,1)\"\n\t\t\t\t\t\t\t\tdata-xy=\"x:c;y:10px;\"\n\t\t\t\t\t\t\t\tdata-text=\"w:normal;s:18;l:28;\"\n\t\t\t\t\t\t\t\tdata-dim=\"h:400px;\"\n\t\t\t\t\t\t\t\tdata-rsp_bd=\"off\"\n\t\t\t\t\t\t\t\tdata-frame_0=\"x:-100%;o:1;tp:600;\"\n\t\t\t\t\t\t\t\tdata-frame_0_mask=\"u:t;\"\n\t\t\t\t\t\t\t\tdata-frame_1=\"tp:600;e:power0.in;st:500;\"\n\t\t\t\t\t\t\t\tdata-frame_1_mask=\"u:t;\"\n\t\t\t\t\t\t\t\tdata-frame_999=\"x:100%;tp:600;e:power0.in;st:w;\"\n\t\t\t\t\t\t\t\tdata-frame_999_mask=\"u:t;\"\n\t\t\t\t\t\t\t\tstyle=\"z-index:5;font-family:'';\"\n\t\t\t\t\t\t\t>Une personne en fauteuil roulant doit faire preuve d\u2019ing\u00e9niosit\u00e9 au quotidien. Imaginez comment cet \u00e9tat d\u2019esprit peut aider un coll\u00e8gue ou une \u00e9quipe en milieu de travail! \u2013 Alison Griffiths, \u00ab Six Reasons (Six raisons) \u00bb \n\t\t\t\t\t\t\t<\/h3><!--\n-->\t\t\t\t\t\t<\/rs-slide>\n\t\t\t\t\t\t<rs-slide style=\"position: absolute;\" data-key=\"rs-863\" data-title=\"65 % des employ\u00e9s handicap\u00e9s n\u2019ont pas besoin de mesures d\u2019adaptation\" data-in=\"x:-100%;\">\n\t\t\t\t\t\t\t<img src=\"\/\/earn-paire.ca\/wp-content\/plugins\/revslider\/public\/assets\/assets\/dummy.png\" alt=\"65 % des employ\u00e9s handicap\u00e9s n\u2019ont pas besoin de mesures d\u2019adaptation\" title=\"L\u2019analyse de rentabilisation de l\u2019inclusion\" class=\"rev-slidebg tp-rs-img rs-lazyload\" data-lazyload=\"\/\/earn-paire.ca\/wp-content\/plugins\/revslider\/public\/assets\/assets\/transparent.png\" data-no-retina>\n<!--\n\t\t\t\t\t\t\t--><h3\n\t\t\t\t\t\t\t\tid=\"slider-7-slide-863-layer-1\" \n\t\t\t\t\t\t\t\tclass=\"rs-layer full-width-text\"\n\t\t\t\t\t\t\t\tdata-type=\"text\"\n\t\t\t\t\t\t\t\tdata-color=\"rgba(10,10,10,1)\"\n\t\t\t\t\t\t\t\tdata-xy=\"x:c;y:10px;\"\n\t\t\t\t\t\t\t\tdata-text=\"w:normal;s:18;l:28;\"\n\t\t\t\t\t\t\t\tdata-dim=\"h:400px;\"\n\t\t\t\t\t\t\t\tdata-rsp_bd=\"off\"\n\t\t\t\t\t\t\t\tdata-frame_0=\"x:-100%;o:1;tp:600;\"\n\t\t\t\t\t\t\t\tdata-frame_0_mask=\"u:t;\"\n\t\t\t\t\t\t\t\tdata-frame_1=\"tp:600;e:power0.in;st:500;\"\n\t\t\t\t\t\t\t\tdata-frame_1_mask=\"u:t;\"\n\t\t\t\t\t\t\t\tdata-frame_999=\"x:100%;tp:600;e:power0.in;st:w;\"\n\t\t\t\t\t\t\t\tdata-frame_999_mask=\"u:t;\"\n\t\t\t\t\t\t\t\tstyle=\"z-index:5;font-family:'';\"\n\t\t\t\t\t\t\t>Les mesures d\u2019adaptation en milieu de travail pour les employ\u00e9s ayant une incapacit\u00e9 sont moins co\u00fbteuses que beaucoup d\u2019employeurs le pensent. Un sondage en ligne men\u00e9 par la CIBC en 2016 a r\u00e9v\u00e9l\u00e9 que 30 % des Canadiens handicap\u00e9s n\u2019ont pas besoin de mesures d\u2019adaptation en milieu de travail. Le co\u00fbt moyen des mesures d\u2019adaptation pour ceux qui en font est inf\u00e9rieur \u00e0 500 $. \n\t\t\t\t\t\t\t<\/h3><!--\n-->\t\t\t\t\t\t<\/rs-slide>\n\t\t\t\t\t\t<rs-slide style=\"position: absolute;\" data-key=\"rs-862\" data-title=\"Les personnes handicap\u00e9es sont habituellement aussi bien instruites que les personnes qui ne sont pas handicap\u00e9es.\" data-in=\"x:-100%;\">\n\t\t\t\t\t\t\t<img src=\"\/\/earn-paire.ca\/wp-content\/plugins\/revslider\/public\/assets\/assets\/dummy.png\" alt=\"Les personnes handicap\u00e9es sont habituellement aussi bien instruites que les personnes qui ne sont pas handicap\u00e9es.\" title=\"L\u2019analyse de rentabilisation de l\u2019inclusion\" class=\"rev-slidebg tp-rs-img rs-lazyload\" data-lazyload=\"\/\/earn-paire.ca\/wp-content\/plugins\/revslider\/public\/assets\/assets\/transparent.png\" data-no-retina>\n<!--\n\t\t\t\t\t\t\t--><h3\n\t\t\t\t\t\t\t\tid=\"slider-7-slide-862-layer-1\" \n\t\t\t\t\t\t\t\tclass=\"rs-layer full-width-text\"\n\t\t\t\t\t\t\t\tdata-type=\"text\"\n\t\t\t\t\t\t\t\tdata-color=\"rgba(10,10,10,1)\"\n\t\t\t\t\t\t\t\tdata-xy=\"x:c;y:10px;\"\n\t\t\t\t\t\t\t\tdata-text=\"w:normal;s:18;l:28;\"\n\t\t\t\t\t\t\t\tdata-dim=\"h:400px;\"\n\t\t\t\t\t\t\t\tdata-rsp_bd=\"off\"\n\t\t\t\t\t\t\t\tdata-frame_0=\"x:-100%;o:1;tp:600;\"\n\t\t\t\t\t\t\t\tdata-frame_0_mask=\"u:t;\"\n\t\t\t\t\t\t\t\tdata-frame_1=\"tp:600;e:power0.in;st:500;\"\n\t\t\t\t\t\t\t\tdata-frame_1_mask=\"u:t;\"\n\t\t\t\t\t\t\t\tdata-frame_999=\"x:100%;tp:600;e:power0.in;st:w;\"\n\t\t\t\t\t\t\t\tdata-frame_999_mask=\"u:t;\"\n\t\t\t\t\t\t\t\tstyle=\"z-index:5;font-family:'';\"\n\t\t\t\t\t\t\t>Malgr\u00e9 les obstacles bien document\u00e9s en mati\u00e8re d\u2019acc\u00e8s \u00e0 l\u2019\u00e9ducation, beaucoup de Canadiens ayant une incapacit\u00e9 sont bien instruits. 56 % d\u2019entre eux ont termin\u00e9 des \u00e9tudes postsecondaires. \n\t\t\t\t\t\t\t<\/h3><!--\n-->\t\t\t\t\t\t<\/rs-slide>\n\t\t\t\t\t\t<rs-slide style=\"position: absolute;\" data-key=\"rs-860\" data-title=\"Pourquoi les entreprises devraient-elles rendre leurs pratiques d\u2019emploi plus inclusives pour les personnes handicap\u00e9es?\" data-in=\"x:-100%;\">\n\t\t\t\t\t\t\t<img src=\"\/\/earn-paire.ca\/wp-content\/plugins\/revslider\/public\/assets\/assets\/dummy.png\" alt=\"Pourquoi les entreprises devraient-elles rendre leurs pratiques d\u2019emploi plus inclusives pour les personnes handicap\u00e9es?\" title=\"L\u2019analyse de rentabilisation de l\u2019inclusion\" class=\"rev-slidebg tp-rs-img rs-lazyload\" data-lazyload=\"\/\/earn-paire.ca\/wp-content\/plugins\/revslider\/public\/assets\/assets\/transparent.png\" data-no-retina>\n<!--\n\t\t\t\t\t\t\t--><h3\n\t\t\t\t\t\t\t\tid=\"slider-7-slide-860-layer-1\" \n\t\t\t\t\t\t\t\tclass=\"rs-layer full-width-text\"\n\t\t\t\t\t\t\t\tdata-type=\"text\"\n\t\t\t\t\t\t\t\tdata-color=\"rgba(10,10,10,1)\"\n\t\t\t\t\t\t\t\tdata-xy=\"x:c;y:10px;\"\n\t\t\t\t\t\t\t\tdata-text=\"w:normal;s:18;l:28;\"\n\t\t\t\t\t\t\t\tdata-dim=\"h:400px;\"\n\t\t\t\t\t\t\t\tdata-rsp_bd=\"off\"\n\t\t\t\t\t\t\t\tdata-frame_0=\"x:-100%;o:1;tp:600;\"\n\t\t\t\t\t\t\t\tdata-frame_0_mask=\"u:t;\"\n\t\t\t\t\t\t\t\tdata-frame_1=\"tp:600;e:power0.in;st:500;\"\n\t\t\t\t\t\t\t\tdata-frame_1_mask=\"u:t;\"\n\t\t\t\t\t\t\t\tdata-frame_999=\"x:100%;tp:600;e:power0.in;st:w;\"\n\t\t\t\t\t\t\t\tdata-frame_999_mask=\"u:t;\"\n\t\t\t\t\t\t\t\tstyle=\"z-index:5;font-family:'';\"\n\t\t\t\t\t\t\t>Pourquoi les entreprises devraient-elles rendre leurs pratiques d\u2019emploi plus inclusives pour les personnes handicap\u00e9es? Elles ne peuvent tout simplement pas se le permettre. Deux ph\u00e9nom\u00e8nes d\u00e9mographiques affectent la main d\u2019\u0153uvre canadienne aujourd\u2019hui\u00a0: l\u2019effectif vieillissant et la p\u00e9nurie de talents pour les remplacer. \u2013 le Conference Board du Canada, 2014 \n\t\t\t\t\t\t\t<\/h3><!--\n-->\t\t\t\t\t\t<\/rs-slide>\n\t\t\t\t\t\t<rs-slide style=\"position: absolute;\" data-key=\"rs-859\" data-title=\"Environ 1 personne sur 5\" data-in=\"x:-100%;\">\n\t\t\t\t\t\t\t<img src=\"\/\/earn-paire.ca\/wp-content\/plugins\/revslider\/public\/assets\/assets\/dummy.png\" alt=\"Environ 1 personne sur 5\" title=\"L\u2019analyse de rentabilisation de l\u2019inclusion\" class=\"rev-slidebg tp-rs-img rs-lazyload\" data-lazyload=\"\/\/earn-paire.ca\/wp-content\/plugins\/revslider\/public\/assets\/assets\/transparent.png\" data-no-retina>\n<!--\n\t\t\t\t\t\t\t--><h3\n\t\t\t\t\t\t\t\tid=\"slider-7-slide-859-layer-1\" \n\t\t\t\t\t\t\t\tclass=\"rs-layer full-width-text\"\n\t\t\t\t\t\t\t\tdata-type=\"text\"\n\t\t\t\t\t\t\t\tdata-color=\"rgba(10,10,10,1)\"\n\t\t\t\t\t\t\t\tdata-xy=\"x:c;y:10px;\"\n\t\t\t\t\t\t\t\tdata-text=\"w:normal;s:18;l:28;\"\n\t\t\t\t\t\t\t\tdata-dim=\"h:400px;\"\n\t\t\t\t\t\t\t\tdata-rsp_bd=\"off\"\n\t\t\t\t\t\t\t\tdata-frame_0=\"x:-100%;o:1;tp:600;\"\n\t\t\t\t\t\t\t\tdata-frame_0_mask=\"u:t;\"\n\t\t\t\t\t\t\t\tdata-frame_1=\"tp:600;e:power0.in;st:500;\"\n\t\t\t\t\t\t\t\tdata-frame_1_mask=\"u:t;\"\n\t\t\t\t\t\t\t\tdata-frame_999=\"x:100%;tp:600;e:power0.in;st:w;\"\n\t\t\t\t\t\t\t\tdata-frame_999_mask=\"u:t;\"\n\t\t\t\t\t\t\t\tstyle=\"z-index:5;font-family:'';\"\n\t\t\t\t\t\t\t>Environ 1 personne sur 5 en Ontario souffre d\u2019une forme quelconque de handicap, Au total, 70 % des handicaps sont invisibles. \n\t\t\t\t\t\t\t<\/h3><!--\n-->\t\t\t\t\t\t<\/rs-slide>\n\t\t\t\t\t<\/rs-slides>\n\t\t\t\t<\/rs-module>\n\t\t\t\t<script type=\"text\/javascript\">\n\t\t\t\t\tsetREVStartSize({c: 'rev_slider_7_1',rl:[1240,1024,778,480],el:[],gw:[1240],gh:[868],type:'standard',justify:'',layout:'fullwidth',mh:\"400px\"});if (window.RS_MODULES!==undefined && window.RS_MODULES.modules!==undefined && window.RS_MODULES.modules[\"revslider71\"]!==undefined) {window.RS_MODULES.modules[\"revslider71\"].once = false;window.revapi7 = undefined;if (window.RS_MODULES.checkMinimal!==undefined) window.RS_MODULES.checkMinimal()}\n\t\t\t\t<\/script>\n\t\t\t<\/rs-module-wrap>\n\t\t\t<!-- END REVOLUTION SLIDER -->\n<\/div><\/div><\/div><\/div><div class=\"wpb_column vc_column_container vc_col-sm-9\"><div class=\"vc_column-inner\"><div class=\"wpb_wrapper\"><div class=\"vc_row wpb_row vc_inner vc_row-fluid\"><div class=\"wpb_column vc_column_container vc_col-sm-12\"><div class=\"vc_column-inner\"><div class=\"wpb_wrapper\">\n\t<div class=\"wpb_text_column wpb_content_element \" >\n\t\t<div class=\"wpb_wrapper\">\n\t\t\t\n\t\t<\/div>\n\t<\/div>\n\n\t<div class=\"wpb_text_column wpb_content_element  vc_custom_1605299537838\" >\n\t\t<div class=\"wpb_wrapper\">\n\t\t\t<ul>\n<li>Cette ressource g\u00e9n\u00e9rale analyse la rentabilisation de l\u2019inclusion des personnes handicap\u00e9es. <a href=\"https:\/\/earn-paire.ca\/fr\/employeurs\/analyse-de-rentabilisation-ph\/\" target=\"_blank\" rel=\"noopener noreferrer\">Cliquez ici pour en apprendre davantage.<\/a><\/li>\n<li>Cette ressource analyse la rentabilisation de l\u2019inclusion des talents \u00e9mergents (jeunes, \u00e9tudiants et dipl\u00f4m\u00e9s handicap\u00e9s). <a href=\"https:\/\/earn-paire.ca\/fr\/employeurs\/analyse-rentabilisation-jeunes\/\" target=\"_blank\" rel=\"noopener noreferrer\">Cliquez ici pour en apprendre davantage.<\/a><\/li>\n<\/ul>\n\n\t\t<\/div>\n\t<\/div>\n<div class=\"vc_empty_space\"   style=\"height: 32px\"><span class=\"vc_empty_space_inner\"><\/span><\/div><\/div><\/div><\/div><\/div><\/div><\/div><\/div><\/div>\n","protected":false},"excerpt":{"rendered":"Une personne en fauteuil roulant doit faire preuve d\u2019ing\u00e9niosit\u00e9 au quotidien. Imaginez comment cet \u00e9tat d\u2019esprit peut aider un coll\u00e8gue ou une \u00e9quipe en milieu de travail! \u2013 Alison Griffiths, \u00ab Six Reasons (Six raisons) \u00bb Les mesures d\u2019adaptation en milieu de travail pour les employ\u00e9s ayant une incapacit\u00e9 sont moins co\u00fbteuses que beaucoup d\u2019employeurs [...]","protected":false},"author":12,"featured_media":0,"parent":623,"menu_order":0,"comment_status":"closed","ping_status":"closed","template":"","meta":{"_monsterinsights_skip_tracking":false,"_monsterinsights_sitenote_active":false,"_monsterinsights_sitenote_note":"","_monsterinsights_sitenote_category":0},"acf":[],"yoast_head":"<!-- This site is optimized with the Yoast SEO plugin v20.6 - https:\/\/yoast.com\/wordpress\/plugins\/seo\/ -->\n<title>L\u2019analyse de rentabilisation de l\u2019inclusion - EARN - United Way East Ontario<\/title>\n<meta name=\"robots\" content=\"index, follow, max-snippet:-1, max-image-preview:large, max-video-preview:-1\" \/>\n<link rel=\"canonical\" href=\"https:\/\/earn-paire.ca\/fr\/employeurs\/analyse-de-rentabilisation\/\" \/>\n<meta property=\"og:locale\" content=\"fr_FR\" \/>\n<meta property=\"og:type\" content=\"article\" \/>\n<meta property=\"og:title\" content=\"L\u2019analyse de rentabilisation de l\u2019inclusion - EARN - United Way East Ontario\" \/>\n<meta property=\"og:url\" content=\"https:\/\/earn-paire.ca\/fr\/employeurs\/analyse-de-rentabilisation\/\" \/>\n<meta property=\"og:site_name\" content=\"EARN - United Way East Ontario\" \/>\n<meta property=\"article:modified_time\" content=\"2021-12-22T21:16:19+00:00\" \/>\n<meta name=\"twitter:label1\" content=\"Dur\u00e9e de lecture estim\u00e9e\" \/>\n\t<meta name=\"twitter:data1\" content=\"1 minute\" \/>\n<script type=\"application\/ld+json\" class=\"yoast-schema-graph\">{\"@context\":\"https:\/\/schema.org\",\"@graph\":[{\"@type\":\"WebPage\",\"@id\":\"https:\/\/earn-paire.ca\/fr\/employeurs\/analyse-de-rentabilisation\/\",\"url\":\"https:\/\/earn-paire.ca\/fr\/employeurs\/analyse-de-rentabilisation\/\",\"name\":\"L\u2019analyse de rentabilisation de l\u2019inclusion - EARN - United Way East Ontario\",\"isPartOf\":{\"@id\":\"https:\/\/earn-paire.ca\/#website\"},\"datePublished\":\"2020-11-13T19:17:37+00:00\",\"dateModified\":\"2021-12-22T21:16:19+00:00\",\"breadcrumb\":{\"@id\":\"https:\/\/earn-paire.ca\/fr\/employeurs\/analyse-de-rentabilisation\/#breadcrumb\"},\"inLanguage\":\"fr-FR\",\"potentialAction\":[{\"@type\":\"ReadAction\",\"target\":[\"https:\/\/earn-paire.ca\/fr\/employeurs\/analyse-de-rentabilisation\/\"]}]},{\"@type\":\"BreadcrumbList\",\"@id\":\"https:\/\/earn-paire.ca\/fr\/employeurs\/analyse-de-rentabilisation\/#breadcrumb\",\"itemListElement\":[{\"@type\":\"ListItem\",\"position\":1,\"name\":\"Home\",\"item\":\"https:\/\/earn-paire.ca\/fr\/home\/\"},{\"@type\":\"ListItem\",\"position\":2,\"name\":\"Employeurs\",\"item\":\"https:\/\/earn-paire.ca\/fr\/employeurs\/\"},{\"@type\":\"ListItem\",\"position\":3,\"name\":\"L\u2019analyse de rentabilisation de l\u2019inclusion\"}]},{\"@type\":\"WebSite\",\"@id\":\"https:\/\/earn-paire.ca\/#website\",\"url\":\"https:\/\/earn-paire.ca\/\",\"name\":\"EARN - United Way East Ontario\",\"description\":\"\",\"potentialAction\":[{\"@type\":\"SearchAction\",\"target\":{\"@type\":\"EntryPoint\",\"urlTemplate\":\"https:\/\/earn-paire.ca\/?s={search_term_string}\"},\"query-input\":\"required name=search_term_string\"}],\"inLanguage\":\"fr-FR\"}]}<\/script>\n<!-- \/ Yoast SEO plugin. -->","yoast_head_json":{"title":"L\u2019analyse de rentabilisation de l\u2019inclusion - EARN - United Way East Ontario","robots":{"index":"index","follow":"follow","max-snippet":"max-snippet:-1","max-image-preview":"max-image-preview:large","max-video-preview":"max-video-preview:-1"},"canonical":"https:\/\/earn-paire.ca\/fr\/employeurs\/analyse-de-rentabilisation\/","og_locale":"fr_FR","og_type":"article","og_title":"L\u2019analyse de rentabilisation de l\u2019inclusion - EARN - United Way East Ontario","og_url":"https:\/\/earn-paire.ca\/fr\/employeurs\/analyse-de-rentabilisation\/","og_site_name":"EARN - United Way East Ontario","article_modified_time":"2021-12-22T21:16:19+00:00","twitter_misc":{"Dur\u00e9e de lecture estim\u00e9e":"1 minute"},"schema":{"@context":"https:\/\/schema.org","@graph":[{"@type":"WebPage","@id":"https:\/\/earn-paire.ca\/fr\/employeurs\/analyse-de-rentabilisation\/","url":"https:\/\/earn-paire.ca\/fr\/employeurs\/analyse-de-rentabilisation\/","name":"L\u2019analyse de rentabilisation de l\u2019inclusion - EARN - United Way East Ontario","isPartOf":{"@id":"https:\/\/earn-paire.ca\/#website"},"datePublished":"2020-11-13T19:17:37+00:00","dateModified":"2021-12-22T21:16:19+00:00","breadcrumb":{"@id":"https:\/\/earn-paire.ca\/fr\/employeurs\/analyse-de-rentabilisation\/#breadcrumb"},"inLanguage":"fr-FR","potentialAction":[{"@type":"ReadAction","target":["https:\/\/earn-paire.ca\/fr\/employeurs\/analyse-de-rentabilisation\/"]}]},{"@type":"BreadcrumbList","@id":"https:\/\/earn-paire.ca\/fr\/employeurs\/analyse-de-rentabilisation\/#breadcrumb","itemListElement":[{"@type":"ListItem","position":1,"name":"Home","item":"https:\/\/earn-paire.ca\/fr\/home\/"},{"@type":"ListItem","position":2,"name":"Employeurs","item":"https:\/\/earn-paire.ca\/fr\/employeurs\/"},{"@type":"ListItem","position":3,"name":"L\u2019analyse de rentabilisation de l\u2019inclusion"}]},{"@type":"WebSite","@id":"https:\/\/earn-paire.ca\/#website","url":"https:\/\/earn-paire.ca\/","name":"EARN - United Way East Ontario","description":"","potentialAction":[{"@type":"SearchAction","target":{"@type":"EntryPoint","urlTemplate":"https:\/\/earn-paire.ca\/?s={search_term_string}"},"query-input":"required name=search_term_string"}],"inLanguage":"fr-FR"}]}},"_links":{"self":[{"href":"https:\/\/earn-paire.ca\/fr\/wp-json\/wp\/v2\/pages\/6035"}],"collection":[{"href":"https:\/\/earn-paire.ca\/fr\/wp-json\/wp\/v2\/pages"}],"about":[{"href":"https:\/\/earn-paire.ca\/fr\/wp-json\/wp\/v2\/types\/page"}],"author":[{"embeddable":true,"href":"https:\/\/earn-paire.ca\/fr\/wp-json\/wp\/v2\/users\/12"}],"replies":[{"embeddable":true,"href":"https:\/\/earn-paire.ca\/fr\/wp-json\/wp\/v2\/comments?post=6035"}],"version-history":[{"count":9,"href":"https:\/\/earn-paire.ca\/fr\/wp-json\/wp\/v2\/pages\/6035\/revisions"}],"predecessor-version":[{"id":7417,"href":"https:\/\/earn-paire.ca\/fr\/wp-json\/wp\/v2\/pages\/6035\/revisions\/7417"}],"up":[{"embeddable":true,"href":"https:\/\/earn-paire.ca\/fr\/wp-json\/wp\/v2\/pages\/623"}],"wp:attachment":[{"href":"https:\/\/earn-paire.ca\/fr\/wp-json\/wp\/v2\/media?parent=6035"}],"curies":[{"name":"wp","href":"https:\/\/api.w.org\/{rel}","templated":true}]}}