{"id":6064,"date":"2020-11-13T20:26:18","date_gmt":"2020-11-13T20:26:18","guid":{"rendered":"https:\/\/earn-paire.mydev.ca\/?page_id=6064"},"modified":"2020-11-13T20:30:32","modified_gmt":"2020-11-13T20:30:32","slug":"analyse-rentabilisation-jeunes","status":"publish","type":"page","link":"https:\/\/earn-paire.ca\/fr\/employeurs\/analyse-rentabilisation-jeunes\/","title":{"rendered":"L&#8217;analyse de rentabilisation de l&#8217;inclusion : Jeunes, \u00e9tudiants et dipl\u00f4m\u00e9s handicap\u00e9s"},"content":{"rendered":"<div class=\"vc_row wpb_row vc_row-fluid\"><div class=\"wpb_column vc_column_container vc_col-sm-3\"><div class=\"vc_column-inner\"><div class=\"wpb_wrapper\"><div  class=\"vc_wp_custommenu wpb_content_element\"><div class=\"widget widget_nav_menu\"><div class=\"menu-employers-menu-fr-container\"><ul id=\"menu-employers-menu-fr\" class=\"menu\"><li id=\"menu-item-3015\" class=\"menu-item menu-item-type-post_type menu-item-object-page menu-item-3015\"><a href=\"https:\/\/earn-paire.ca\/fr\/employeurs\/repertoire-des-partenaires-employeurs-du-paire\/\">R\u00e9pertoire des partenaires employeurs  du PAIRE \u2013 Liste<\/a><\/li>\n<li id=\"menu-item-739\" class=\"menu-item menu-item-type-post_type menu-item-object-page menu-item-739\"><a href=\"https:\/\/earn-paire.ca\/fr\/employeurs\/outils-et-ressources\/\">Outils et ressources<\/a><\/li>\n<li id=\"menu-item-6054\" class=\"menu-item menu-item-type-post_type menu-item-object-page menu-item-6054\"><a href=\"https:\/\/earn-paire.ca\/fr\/employeurs\/analyse-de-rentabilisation\/\">L\u2019analyse de rentabilisation de l\u2019inclusion<\/a><\/li>\n<li id=\"menu-item-6078\" class=\"menu-item menu-item-type-post_type menu-item-object-page menu-item-6078\"><a href=\"https:\/\/earn-paire.ca\/fr\/employeurs\/mythes\/\">Mythes et fausses id\u00e9es<\/a><\/li>\n<li id=\"menu-item-741\" class=\"menu-item menu-item-type-post_type menu-item-object-page menu-item-741\"><a href=\"https:\/\/earn-paire.ca\/fr\/histoires-de-reussite\/\">Histoires de r\u00e9ussite<\/a><\/li>\n<li id=\"menu-item-737\" class=\"menu-item menu-item-type-post_type menu-item-object-page menu-item-737\"><a href=\"https:\/\/earn-paire.ca\/fr\/employeurs\/adhesion-au-paire\/\">Adh\u00e9sion au PAIRE<\/a><\/li>\n<\/ul><\/div><\/div><\/div>\n\t<div  class=\"wpb_single_image wpb_content_element vc_align_left\">\n\t\t\n\t\t<figure class=\"wpb_wrapper vc_figure\">\n\t\t\t<a href=\"\/fr\/employeurs\/adhesion-au-paire\/\" target=\"_self\" class=\"vc_single_image-wrapper   vc_box_border_grey\"><img width=\"278\" height=\"178\" src=\"https:\/\/earn-paire.ca\/wp-content\/uploads\/2016\/02\/joinEarn-f.png\" class=\"vc_single_image-img attachment-full\" alt=\"Joignez-vous au PAIRE\" loading=\"lazy\" \/><\/a>\n\t\t<\/figure>\n\t<\/div>\n<div class=\"wpb_revslider_element wpb_content_element\">\n\t\t\t<!-- START Page Facts Slider REVOLUTION SLIDER 6.5.8 --><p class=\"rs-p-wp-fix\"><\/p>\n\t\t\t<rs-module-wrap id=\"rev_slider_7_1_wrapper\" data-source=\"post\" style=\"visibility:hidden;background:transparent;padding:0;margin:0px auto;margin-top:0;margin-bottom:0;max-width:;\">\n\t\t\t\t<rs-module id=\"rev_slider_7_1\" style=\"\" data-version=\"6.5.8\">\n\t\t\t\t\t<rs-slides>\n\t\t\t\t\t\t<rs-slide style=\"position: absolute;\" data-key=\"rs-864\" data-title=\"Une personne en fauteuil roulant doit faire preuve d\u2019ing\u00e9niosit\u00e9 au quotidien\" data-in=\"x:-100%;\">\n\t\t\t\t\t\t\t<img src=\"\/\/earn-paire.ca\/wp-content\/plugins\/revslider\/public\/assets\/assets\/dummy.png\" alt=\"Une personne en fauteuil roulant doit faire preuve d\u2019ing\u00e9niosit\u00e9 au quotidien\" title=\"L&#8217;analyse de rentabilisation de l&#8217;inclusion : Jeunes, \u00e9tudiants et dipl\u00f4m\u00e9s handicap\u00e9s\" class=\"rev-slidebg tp-rs-img rs-lazyload\" data-lazyload=\"\/\/earn-paire.ca\/wp-content\/plugins\/revslider\/public\/assets\/assets\/transparent.png\" data-no-retina>\n<!--\n\t\t\t\t\t\t\t--><h3\n\t\t\t\t\t\t\t\tid=\"slider-7-slide-864-layer-1\" \n\t\t\t\t\t\t\t\tclass=\"rs-layer full-width-text\"\n\t\t\t\t\t\t\t\tdata-type=\"text\"\n\t\t\t\t\t\t\t\tdata-color=\"rgba(10,10,10,1)\"\n\t\t\t\t\t\t\t\tdata-xy=\"x:c;y:10px;\"\n\t\t\t\t\t\t\t\tdata-text=\"w:normal;s:18;l:28;\"\n\t\t\t\t\t\t\t\tdata-dim=\"h:400px;\"\n\t\t\t\t\t\t\t\tdata-rsp_bd=\"off\"\n\t\t\t\t\t\t\t\tdata-frame_0=\"x:-100%;o:1;tp:600;\"\n\t\t\t\t\t\t\t\tdata-frame_0_mask=\"u:t;\"\n\t\t\t\t\t\t\t\tdata-frame_1=\"tp:600;e:power0.in;st:500;\"\n\t\t\t\t\t\t\t\tdata-frame_1_mask=\"u:t;\"\n\t\t\t\t\t\t\t\tdata-frame_999=\"x:100%;tp:600;e:power0.in;st:w;\"\n\t\t\t\t\t\t\t\tdata-frame_999_mask=\"u:t;\"\n\t\t\t\t\t\t\t\tstyle=\"z-index:5;font-family:'';\"\n\t\t\t\t\t\t\t>Une personne en fauteuil roulant doit faire preuve d\u2019ing\u00e9niosit\u00e9 au quotidien. Imaginez comment cet \u00e9tat d\u2019esprit peut aider un coll\u00e8gue ou une \u00e9quipe en milieu de travail! \u2013 Alison Griffiths, \u00ab Six Reasons (Six raisons) \u00bb \n\t\t\t\t\t\t\t<\/h3><!--\n-->\t\t\t\t\t\t<\/rs-slide>\n\t\t\t\t\t\t<rs-slide style=\"position: absolute;\" data-key=\"rs-863\" data-title=\"65 % des employ\u00e9s handicap\u00e9s n\u2019ont pas besoin de mesures d\u2019adaptation\" data-in=\"x:-100%;\">\n\t\t\t\t\t\t\t<img src=\"\/\/earn-paire.ca\/wp-content\/plugins\/revslider\/public\/assets\/assets\/dummy.png\" alt=\"65 % des employ\u00e9s handicap\u00e9s n\u2019ont pas besoin de mesures d\u2019adaptation\" title=\"L&#8217;analyse de rentabilisation de l&#8217;inclusion : Jeunes, \u00e9tudiants et dipl\u00f4m\u00e9s handicap\u00e9s\" class=\"rev-slidebg tp-rs-img rs-lazyload\" data-lazyload=\"\/\/earn-paire.ca\/wp-content\/plugins\/revslider\/public\/assets\/assets\/transparent.png\" data-no-retina>\n<!--\n\t\t\t\t\t\t\t--><h3\n\t\t\t\t\t\t\t\tid=\"slider-7-slide-863-layer-1\" \n\t\t\t\t\t\t\t\tclass=\"rs-layer full-width-text\"\n\t\t\t\t\t\t\t\tdata-type=\"text\"\n\t\t\t\t\t\t\t\tdata-color=\"rgba(10,10,10,1)\"\n\t\t\t\t\t\t\t\tdata-xy=\"x:c;y:10px;\"\n\t\t\t\t\t\t\t\tdata-text=\"w:normal;s:18;l:28;\"\n\t\t\t\t\t\t\t\tdata-dim=\"h:400px;\"\n\t\t\t\t\t\t\t\tdata-rsp_bd=\"off\"\n\t\t\t\t\t\t\t\tdata-frame_0=\"x:-100%;o:1;tp:600;\"\n\t\t\t\t\t\t\t\tdata-frame_0_mask=\"u:t;\"\n\t\t\t\t\t\t\t\tdata-frame_1=\"tp:600;e:power0.in;st:500;\"\n\t\t\t\t\t\t\t\tdata-frame_1_mask=\"u:t;\"\n\t\t\t\t\t\t\t\tdata-frame_999=\"x:100%;tp:600;e:power0.in;st:w;\"\n\t\t\t\t\t\t\t\tdata-frame_999_mask=\"u:t;\"\n\t\t\t\t\t\t\t\tstyle=\"z-index:5;font-family:'';\"\n\t\t\t\t\t\t\t>Les mesures d\u2019adaptation en milieu de travail pour les employ\u00e9s ayant une incapacit\u00e9 sont moins co\u00fbteuses que beaucoup d\u2019employeurs le pensent. Un sondage en ligne men\u00e9 par la CIBC en 2016 a r\u00e9v\u00e9l\u00e9 que 30 % des Canadiens handicap\u00e9s n\u2019ont pas besoin de mesures d\u2019adaptation en milieu de travail. Le co\u00fbt moyen des mesures d\u2019adaptation pour ceux qui en font est inf\u00e9rieur \u00e0 500 $. \n\t\t\t\t\t\t\t<\/h3><!--\n-->\t\t\t\t\t\t<\/rs-slide>\n\t\t\t\t\t\t<rs-slide style=\"position: absolute;\" data-key=\"rs-862\" data-title=\"Les personnes handicap\u00e9es sont habituellement aussi bien instruites que les personnes qui ne sont pas handicap\u00e9es.\" data-in=\"x:-100%;\">\n\t\t\t\t\t\t\t<img src=\"\/\/earn-paire.ca\/wp-content\/plugins\/revslider\/public\/assets\/assets\/dummy.png\" alt=\"Les personnes handicap\u00e9es sont habituellement aussi bien instruites que les personnes qui ne sont pas handicap\u00e9es.\" title=\"L&#8217;analyse de rentabilisation de l&#8217;inclusion : Jeunes, \u00e9tudiants et dipl\u00f4m\u00e9s handicap\u00e9s\" class=\"rev-slidebg tp-rs-img rs-lazyload\" data-lazyload=\"\/\/earn-paire.ca\/wp-content\/plugins\/revslider\/public\/assets\/assets\/transparent.png\" data-no-retina>\n<!--\n\t\t\t\t\t\t\t--><h3\n\t\t\t\t\t\t\t\tid=\"slider-7-slide-862-layer-1\" \n\t\t\t\t\t\t\t\tclass=\"rs-layer full-width-text\"\n\t\t\t\t\t\t\t\tdata-type=\"text\"\n\t\t\t\t\t\t\t\tdata-color=\"rgba(10,10,10,1)\"\n\t\t\t\t\t\t\t\tdata-xy=\"x:c;y:10px;\"\n\t\t\t\t\t\t\t\tdata-text=\"w:normal;s:18;l:28;\"\n\t\t\t\t\t\t\t\tdata-dim=\"h:400px;\"\n\t\t\t\t\t\t\t\tdata-rsp_bd=\"off\"\n\t\t\t\t\t\t\t\tdata-frame_0=\"x:-100%;o:1;tp:600;\"\n\t\t\t\t\t\t\t\tdata-frame_0_mask=\"u:t;\"\n\t\t\t\t\t\t\t\tdata-frame_1=\"tp:600;e:power0.in;st:500;\"\n\t\t\t\t\t\t\t\tdata-frame_1_mask=\"u:t;\"\n\t\t\t\t\t\t\t\tdata-frame_999=\"x:100%;tp:600;e:power0.in;st:w;\"\n\t\t\t\t\t\t\t\tdata-frame_999_mask=\"u:t;\"\n\t\t\t\t\t\t\t\tstyle=\"z-index:5;font-family:'';\"\n\t\t\t\t\t\t\t>Malgr\u00e9 les obstacles bien document\u00e9s en mati\u00e8re d\u2019acc\u00e8s \u00e0 l\u2019\u00e9ducation, beaucoup de Canadiens ayant une incapacit\u00e9 sont bien instruits. 56 % d\u2019entre eux ont termin\u00e9 des \u00e9tudes postsecondaires. \n\t\t\t\t\t\t\t<\/h3><!--\n-->\t\t\t\t\t\t<\/rs-slide>\n\t\t\t\t\t\t<rs-slide style=\"position: absolute;\" data-key=\"rs-860\" data-title=\"Pourquoi les entreprises devraient-elles rendre leurs pratiques d\u2019emploi plus inclusives pour les personnes handicap\u00e9es?\" data-in=\"x:-100%;\">\n\t\t\t\t\t\t\t<img src=\"\/\/earn-paire.ca\/wp-content\/plugins\/revslider\/public\/assets\/assets\/dummy.png\" alt=\"Pourquoi les entreprises devraient-elles rendre leurs pratiques d\u2019emploi plus inclusives pour les personnes handicap\u00e9es?\" title=\"L&#8217;analyse de rentabilisation de l&#8217;inclusion : Jeunes, \u00e9tudiants et dipl\u00f4m\u00e9s handicap\u00e9s\" class=\"rev-slidebg tp-rs-img rs-lazyload\" data-lazyload=\"\/\/earn-paire.ca\/wp-content\/plugins\/revslider\/public\/assets\/assets\/transparent.png\" data-no-retina>\n<!--\n\t\t\t\t\t\t\t--><h3\n\t\t\t\t\t\t\t\tid=\"slider-7-slide-860-layer-1\" \n\t\t\t\t\t\t\t\tclass=\"rs-layer full-width-text\"\n\t\t\t\t\t\t\t\tdata-type=\"text\"\n\t\t\t\t\t\t\t\tdata-color=\"rgba(10,10,10,1)\"\n\t\t\t\t\t\t\t\tdata-xy=\"x:c;y:10px;\"\n\t\t\t\t\t\t\t\tdata-text=\"w:normal;s:18;l:28;\"\n\t\t\t\t\t\t\t\tdata-dim=\"h:400px;\"\n\t\t\t\t\t\t\t\tdata-rsp_bd=\"off\"\n\t\t\t\t\t\t\t\tdata-frame_0=\"x:-100%;o:1;tp:600;\"\n\t\t\t\t\t\t\t\tdata-frame_0_mask=\"u:t;\"\n\t\t\t\t\t\t\t\tdata-frame_1=\"tp:600;e:power0.in;st:500;\"\n\t\t\t\t\t\t\t\tdata-frame_1_mask=\"u:t;\"\n\t\t\t\t\t\t\t\tdata-frame_999=\"x:100%;tp:600;e:power0.in;st:w;\"\n\t\t\t\t\t\t\t\tdata-frame_999_mask=\"u:t;\"\n\t\t\t\t\t\t\t\tstyle=\"z-index:5;font-family:'';\"\n\t\t\t\t\t\t\t>Pourquoi les entreprises devraient-elles rendre leurs pratiques d\u2019emploi plus inclusives pour les personnes handicap\u00e9es? Elles ne peuvent tout simplement pas se le permettre. Deux ph\u00e9nom\u00e8nes d\u00e9mographiques affectent la main d\u2019\u0153uvre canadienne aujourd\u2019hui\u00a0: l\u2019effectif vieillissant et la p\u00e9nurie de talents pour les remplacer. \u2013 le Conference Board du Canada, 2014 \n\t\t\t\t\t\t\t<\/h3><!--\n-->\t\t\t\t\t\t<\/rs-slide>\n\t\t\t\t\t\t<rs-slide style=\"position: absolute;\" data-key=\"rs-859\" data-title=\"Environ 1 personne sur 5\" data-in=\"x:-100%;\">\n\t\t\t\t\t\t\t<img src=\"\/\/earn-paire.ca\/wp-content\/plugins\/revslider\/public\/assets\/assets\/dummy.png\" alt=\"Environ 1 personne sur 5\" title=\"L&#8217;analyse de rentabilisation de l&#8217;inclusion : Jeunes, \u00e9tudiants et dipl\u00f4m\u00e9s handicap\u00e9s\" class=\"rev-slidebg tp-rs-img rs-lazyload\" data-lazyload=\"\/\/earn-paire.ca\/wp-content\/plugins\/revslider\/public\/assets\/assets\/transparent.png\" data-no-retina>\n<!--\n\t\t\t\t\t\t\t--><h3\n\t\t\t\t\t\t\t\tid=\"slider-7-slide-859-layer-1\" \n\t\t\t\t\t\t\t\tclass=\"rs-layer full-width-text\"\n\t\t\t\t\t\t\t\tdata-type=\"text\"\n\t\t\t\t\t\t\t\tdata-color=\"rgba(10,10,10,1)\"\n\t\t\t\t\t\t\t\tdata-xy=\"x:c;y:10px;\"\n\t\t\t\t\t\t\t\tdata-text=\"w:normal;s:18;l:28;\"\n\t\t\t\t\t\t\t\tdata-dim=\"h:400px;\"\n\t\t\t\t\t\t\t\tdata-rsp_bd=\"off\"\n\t\t\t\t\t\t\t\tdata-frame_0=\"x:-100%;o:1;tp:600;\"\n\t\t\t\t\t\t\t\tdata-frame_0_mask=\"u:t;\"\n\t\t\t\t\t\t\t\tdata-frame_1=\"tp:600;e:power0.in;st:500;\"\n\t\t\t\t\t\t\t\tdata-frame_1_mask=\"u:t;\"\n\t\t\t\t\t\t\t\tdata-frame_999=\"x:100%;tp:600;e:power0.in;st:w;\"\n\t\t\t\t\t\t\t\tdata-frame_999_mask=\"u:t;\"\n\t\t\t\t\t\t\t\tstyle=\"z-index:5;font-family:'';\"\n\t\t\t\t\t\t\t>Environ 1 personne sur 5 en Ontario souffre d\u2019une forme quelconque de handicap, Au total, 70 % des handicaps sont invisibles. \n\t\t\t\t\t\t\t<\/h3><!--\n-->\t\t\t\t\t\t<\/rs-slide>\n\t\t\t\t\t<\/rs-slides>\n\t\t\t\t<\/rs-module>\n\t\t\t\t<script type=\"text\/javascript\">\n\t\t\t\t\tsetREVStartSize({c: 'rev_slider_7_1',rl:[1240,1024,778,480],el:[],gw:[1240],gh:[868],type:'standard',justify:'',layout:'fullwidth',mh:\"400px\"});if (window.RS_MODULES!==undefined && window.RS_MODULES.modules!==undefined && window.RS_MODULES.modules[\"revslider71\"]!==undefined) {window.RS_MODULES.modules[\"revslider71\"].once = false;window.revapi7 = undefined;if (window.RS_MODULES.checkMinimal!==undefined) window.RS_MODULES.checkMinimal()}\n\t\t\t\t<\/script>\n\t\t\t<\/rs-module-wrap>\n\t\t\t<!-- END REVOLUTION SLIDER -->\n<\/div><\/div><\/div><\/div><div class=\"wpb_column vc_column_container vc_col-sm-9\"><div class=\"vc_column-inner\"><div class=\"wpb_wrapper\">\n\t<div class=\"wpb_text_column wpb_content_element \" >\n\t\t<div class=\"wpb_wrapper\">\n\t\t\t<p style=\"text-align: center;\"><strong>PUISER DANS LES NOUVEAUX TALENTS\u00a0:<\/strong><\/p>\n<p style=\"text-align: center;\"><strong>Jeunes, \u00e9tudiants et dipl\u00f4m\u00e9s handicap\u00e9s<\/strong><\/p>\n<ul>\n<li>Les personnes handicap\u00e9es forment un groupe d\u00e9mographique que l\u2019on ne peut se permettre d\u2019ignorer. En Ontario, plus de 1,7\u00a0million de personnes \u00e2g\u00e9es de 15 \u00e0 64\u00a0ans disent souffrir d\u2019une ou de plusieurs incapacit\u00e9s, ce qui repr\u00e9sente 1 Ontarien sur 5. Il y a \u00e9galement plus de 228\u2009000\u00a0jeunes handicap\u00e9s, \u00e2g\u00e9s de 15 \u00e0 24\u00a0ans. L\u2019un d\u2019entre eux pourrait \u00eatre votre prochain stagiaire, employ\u00e9 ou coll\u00e8gue!<\/li>\n<li>En fait, selon les donn\u00e9es de 2017 de Statistique Canada, pr\u00e8s de 83\u2009000\u00a0jeunes canadiens handicap\u00e9s pourraient faire partie de l\u2019effectif, car ils n\u2019ont pas d\u2019emploi ou ne vont pas \u00e0 l\u2019\u00e9cole. La jeune d\u00e9mographie permet aux employeurs d\u2019acc\u00e9der \u00e0 un bassin de talents virtuellement inexploit\u00e9, approche novatrice d\u00e9montrant comment amorcer la reprise \u00e9conomique apr\u00e8s la pand\u00e9mie de 2020.<\/li>\n<li>Plus de 10\u2009000\u00a0\u00e9tudiants handicap\u00e9s sont inscrits \u00e0 l\u2019un des quatre \u00e9tablissements d\u2019enseignement postsecondaire de l\u2019est de l\u2019Ontario (la Cit\u00e9, l\u2019Universit\u00e9 Carleton, le Coll\u00e8ge Algonquin et l\u2019Universit\u00e9 d\u2019Ottawa). Avec le soutien de ces \u00e9tablissements et d\u2019employeurs inclusifs, les \u00e9tudiants handicap\u00e9s peuvent occuper un emploi d\u2019\u00e9t\u00e9, effectuer un stage coop ou occuper un poste d\u2019apprentissage int\u00e9gr\u00e9 au travail pour combler vos besoins actuels en mati\u00e8re de talents. En se faisant, ils acqui\u00e8rent aussi les comp\u00e9tences requises pour faire partie de votre main-d\u2019\u0153uvre future.<\/li>\n<li>La recherche montre qu\u2019un taux de scolarit\u00e9 plus \u00e9lev\u00e9 est associ\u00e9 \u00e0 un taux d\u2019emploi plus \u00e9lev\u00e9. Les Canadiens handicap\u00e9s sont bien instruits\u00a0: 56\u00a0% d\u2019entre eux ont obtenu un dipl\u00f4me d\u2019\u00e9tudes postsecondaires dans le cadre de l\u2019un des nombreux programmes coll\u00e9giaux et universitaires.<\/li>\n<li>L\u2019adaptation du milieu de travail pour les employ\u00e9s handicap\u00e9s, peu importe leur \u00e2ge, est moins on\u00e9reuse que ce que bon nombre d\u2019employeurs pensent. Un sondage en ligne men\u00e9 par la CIBC en 2016 a r\u00e9v\u00e9l\u00e9 que 30\u00a0% des Canadiens handicap\u00e9s n\u2019ont pas besoin de mesures d\u2019adaptation en milieu de travail, et que ces mesures, pour ceux qui en ont besoin, co\u00fbtent en moyenne moins de 500\u00a0$.<\/li>\n<li>Les employeurs qui favorisent une culture d\u2019adaptation en retirent de nombreux avantages. La recherche montre que ceux-ci peuvent comprendre l\u2019am\u00e9lioration des interactions entre les coll\u00e8gues, l\u2019am\u00e9lioration du moral au sein de l\u2019entreprise, la r\u00e9duction des co\u00fbts de formation; une s\u00e9curit\u00e9 accrue en milieu de travail et l\u2019acc\u00e8s \u00e0 une plus grande client\u00e8le. En fait, 47\u00a0% des \u00e9cho-boomers tiennent compte des politiques en mati\u00e8re de diversit\u00e9 et d\u2019inclusion en milieu de travail lorsqu\u2019ils choisissent un nouvel emploi. De plus, une \u00e9tude mondiale effectu\u00e9e en 2018 r\u00e9v\u00e9lait que la g\u00e9n\u00e9ration Z s\u2019attend \u00e0 ce que les entreprises embrassent la diversit\u00e9 et l\u2019inclusion et qu\u2019elle est plus susceptible de continuer \u00e0 travailler pour ces employeurs.<\/li>\n<li><em>Getting to Equal: The Disability Inclusion Advantage<\/em> (\u00c9galit\u00e9\u00a0: les avantages de l\u2019int\u00e9gration des personnes handicap\u00e9es), publi\u00e9 en 2018, d\u00e9voile que\u00a0: \u00ab\u2009Les personnes handicap\u00e9es doivent faire preuve de cr\u00e9ativit\u00e9 pour s\u2019adapter au monde qui les entoure. \u00c0 ce titre, elles d\u00e9veloppent des forces particuli\u00e8res, comme des comp\u00e9tences en r\u00e9solution de probl\u00e8mes, comme l\u2019agilit\u00e9, la pers\u00e9v\u00e9rance, la pr\u00e9voyance et la volont\u00e9 d\u2019exp\u00e9rimenter, qui sont toutes essentielles \u00e0 l\u2019innovation.\u2009\u00bb<\/li>\n<li>Cette m\u00eame \u00e9tude a conclu que les milieux de travail inclusifs sont plus dynamiques et que les entreprises ayant adopt\u00e9 des principes d\u2019inclusion sont devenues plus rentables \u00e0 long terme, avec une augmentation des revenus de 28\u00a0% et une marge b\u00e9n\u00e9ficiaire sup\u00e9rieure de 30\u00a0%.<\/li>\n<\/ul>\n\n\t\t<\/div>\n\t<\/div>\n\n\t<div class=\"wpb_text_column wpb_content_element \" >\n\t\t<div class=\"wpb_wrapper\">\n\t\t\t<p>Les sources originales sont disponibles aupr\u00e8s du PAIRE. v. octobre 2020<\/p>\n\n\t\t<\/div>\n\t<\/div>\n<\/div><\/div><\/div><\/div>\n","protected":false},"excerpt":{"rendered":"R\u00e9pertoire des partenaires employeurs du PAIRE \u2013 Liste Outils et ressources L\u2019analyse de rentabilisation de l\u2019inclusion Mythes et fausses id\u00e9es Histoires de r\u00e9ussite Adh\u00e9sion au PAIRE Une personne en fauteuil roulant doit faire preuve d\u2019ing\u00e9niosit\u00e9 au quotidien. Imaginez comment cet \u00e9tat d\u2019esprit peut aider un coll\u00e8gue ou une \u00e9quipe en milieu de travail! \u2013 Alison [...]","protected":false},"author":12,"featured_media":0,"parent":623,"menu_order":0,"comment_status":"closed","ping_status":"closed","template":"","meta":{"_monsterinsights_skip_tracking":false,"_monsterinsights_sitenote_active":false,"_monsterinsights_sitenote_note":"","_monsterinsights_sitenote_category":0},"acf":[],"yoast_head":"<!-- This site is optimized with the Yoast SEO plugin v20.6 - https:\/\/yoast.com\/wordpress\/plugins\/seo\/ -->\n<title>L&#039;analyse de rentabilisation de l&#039;inclusion : Jeunes, \u00e9tudiants et dipl\u00f4m\u00e9s handicap\u00e9s - EARN - United Way East Ontario<\/title>\n<meta name=\"robots\" content=\"index, follow, max-snippet:-1, max-image-preview:large, max-video-preview:-1\" \/>\n<link rel=\"canonical\" href=\"https:\/\/earn-paire.ca\/fr\/employeurs\/analyse-rentabilisation-jeunes\/\" \/>\n<meta property=\"og:locale\" content=\"fr_FR\" \/>\n<meta property=\"og:type\" content=\"article\" \/>\n<meta property=\"og:title\" content=\"L&#039;analyse de rentabilisation de l&#039;inclusion : Jeunes, \u00e9tudiants et dipl\u00f4m\u00e9s handicap\u00e9s - EARN - United Way East Ontario\" \/>\n<meta property=\"og:url\" content=\"https:\/\/earn-paire.ca\/fr\/employeurs\/analyse-rentabilisation-jeunes\/\" \/>\n<meta property=\"og:site_name\" content=\"EARN - United Way East Ontario\" \/>\n<meta property=\"article:modified_time\" content=\"2020-11-13T20:30:32+00:00\" \/>\n<meta name=\"twitter:label1\" content=\"Dur\u00e9e de lecture estim\u00e9e\" \/>\n\t<meta name=\"twitter:data1\" content=\"3 minutes\" \/>\n<script type=\"application\/ld+json\" class=\"yoast-schema-graph\">{\"@context\":\"https:\/\/schema.org\",\"@graph\":[{\"@type\":\"WebPage\",\"@id\":\"https:\/\/earn-paire.ca\/fr\/employeurs\/analyse-rentabilisation-jeunes\/\",\"url\":\"https:\/\/earn-paire.ca\/fr\/employeurs\/analyse-rentabilisation-jeunes\/\",\"name\":\"L'analyse de rentabilisation de l'inclusion : Jeunes, \u00e9tudiants et dipl\u00f4m\u00e9s handicap\u00e9s - EARN - United Way East Ontario\",\"isPartOf\":{\"@id\":\"https:\/\/earn-paire.ca\/#website\"},\"datePublished\":\"2020-11-13T20:26:18+00:00\",\"dateModified\":\"2020-11-13T20:30:32+00:00\",\"breadcrumb\":{\"@id\":\"https:\/\/earn-paire.ca\/fr\/employeurs\/analyse-rentabilisation-jeunes\/#breadcrumb\"},\"inLanguage\":\"fr-FR\",\"potentialAction\":[{\"@type\":\"ReadAction\",\"target\":[\"https:\/\/earn-paire.ca\/fr\/employeurs\/analyse-rentabilisation-jeunes\/\"]}]},{\"@type\":\"BreadcrumbList\",\"@id\":\"https:\/\/earn-paire.ca\/fr\/employeurs\/analyse-rentabilisation-jeunes\/#breadcrumb\",\"itemListElement\":[{\"@type\":\"ListItem\",\"position\":1,\"name\":\"Home\",\"item\":\"https:\/\/earn-paire.ca\/fr\/home\/\"},{\"@type\":\"ListItem\",\"position\":2,\"name\":\"Employeurs\",\"item\":\"https:\/\/earn-paire.ca\/fr\/employeurs\/\"},{\"@type\":\"ListItem\",\"position\":3,\"name\":\"L&#8217;analyse de rentabilisation de l&#8217;inclusion : Jeunes, \u00e9tudiants et dipl\u00f4m\u00e9s handicap\u00e9s\"}]},{\"@type\":\"WebSite\",\"@id\":\"https:\/\/earn-paire.ca\/#website\",\"url\":\"https:\/\/earn-paire.ca\/\",\"name\":\"EARN - United Way East Ontario\",\"description\":\"\",\"potentialAction\":[{\"@type\":\"SearchAction\",\"target\":{\"@type\":\"EntryPoint\",\"urlTemplate\":\"https:\/\/earn-paire.ca\/?s={search_term_string}\"},\"query-input\":\"required name=search_term_string\"}],\"inLanguage\":\"fr-FR\"}]}<\/script>\n<!-- \/ Yoast SEO plugin. -->","yoast_head_json":{"title":"L'analyse de rentabilisation de l'inclusion : Jeunes, \u00e9tudiants et dipl\u00f4m\u00e9s handicap\u00e9s - EARN - United Way East Ontario","robots":{"index":"index","follow":"follow","max-snippet":"max-snippet:-1","max-image-preview":"max-image-preview:large","max-video-preview":"max-video-preview:-1"},"canonical":"https:\/\/earn-paire.ca\/fr\/employeurs\/analyse-rentabilisation-jeunes\/","og_locale":"fr_FR","og_type":"article","og_title":"L'analyse de rentabilisation de l'inclusion : Jeunes, \u00e9tudiants et dipl\u00f4m\u00e9s handicap\u00e9s - EARN - United Way East Ontario","og_url":"https:\/\/earn-paire.ca\/fr\/employeurs\/analyse-rentabilisation-jeunes\/","og_site_name":"EARN - United Way East Ontario","article_modified_time":"2020-11-13T20:30:32+00:00","twitter_misc":{"Dur\u00e9e de lecture estim\u00e9e":"3 minutes"},"schema":{"@context":"https:\/\/schema.org","@graph":[{"@type":"WebPage","@id":"https:\/\/earn-paire.ca\/fr\/employeurs\/analyse-rentabilisation-jeunes\/","url":"https:\/\/earn-paire.ca\/fr\/employeurs\/analyse-rentabilisation-jeunes\/","name":"L'analyse de rentabilisation de l'inclusion : Jeunes, \u00e9tudiants et dipl\u00f4m\u00e9s handicap\u00e9s - EARN - United Way East Ontario","isPartOf":{"@id":"https:\/\/earn-paire.ca\/#website"},"datePublished":"2020-11-13T20:26:18+00:00","dateModified":"2020-11-13T20:30:32+00:00","breadcrumb":{"@id":"https:\/\/earn-paire.ca\/fr\/employeurs\/analyse-rentabilisation-jeunes\/#breadcrumb"},"inLanguage":"fr-FR","potentialAction":[{"@type":"ReadAction","target":["https:\/\/earn-paire.ca\/fr\/employeurs\/analyse-rentabilisation-jeunes\/"]}]},{"@type":"BreadcrumbList","@id":"https:\/\/earn-paire.ca\/fr\/employeurs\/analyse-rentabilisation-jeunes\/#breadcrumb","itemListElement":[{"@type":"ListItem","position":1,"name":"Home","item":"https:\/\/earn-paire.ca\/fr\/home\/"},{"@type":"ListItem","position":2,"name":"Employeurs","item":"https:\/\/earn-paire.ca\/fr\/employeurs\/"},{"@type":"ListItem","position":3,"name":"L&#8217;analyse de rentabilisation de l&#8217;inclusion : Jeunes, \u00e9tudiants et dipl\u00f4m\u00e9s handicap\u00e9s"}]},{"@type":"WebSite","@id":"https:\/\/earn-paire.ca\/#website","url":"https:\/\/earn-paire.ca\/","name":"EARN - United Way East Ontario","description":"","potentialAction":[{"@type":"SearchAction","target":{"@type":"EntryPoint","urlTemplate":"https:\/\/earn-paire.ca\/?s={search_term_string}"},"query-input":"required name=search_term_string"}],"inLanguage":"fr-FR"}]}},"_links":{"self":[{"href":"https:\/\/earn-paire.ca\/fr\/wp-json\/wp\/v2\/pages\/6064"}],"collection":[{"href":"https:\/\/earn-paire.ca\/fr\/wp-json\/wp\/v2\/pages"}],"about":[{"href":"https:\/\/earn-paire.ca\/fr\/wp-json\/wp\/v2\/types\/page"}],"author":[{"embeddable":true,"href":"https:\/\/earn-paire.ca\/fr\/wp-json\/wp\/v2\/users\/12"}],"replies":[{"embeddable":true,"href":"https:\/\/earn-paire.ca\/fr\/wp-json\/wp\/v2\/comments?post=6064"}],"version-history":[{"count":4,"href":"https:\/\/earn-paire.ca\/fr\/wp-json\/wp\/v2\/pages\/6064\/revisions"}],"predecessor-version":[{"id":6068,"href":"https:\/\/earn-paire.ca\/fr\/wp-json\/wp\/v2\/pages\/6064\/revisions\/6068"}],"up":[{"embeddable":true,"href":"https:\/\/earn-paire.ca\/fr\/wp-json\/wp\/v2\/pages\/623"}],"wp:attachment":[{"href":"https:\/\/earn-paire.ca\/fr\/wp-json\/wp\/v2\/media?parent=6064"}],"curies":[{"name":"wp","href":"https:\/\/api.w.org\/{rel}","templated":true}]}}