{"id":624,"date":"2015-10-23T15:53:29","date_gmt":"2015-10-23T15:53:29","guid":{"rendered":"http:\/\/earnuwo.wpengine.com\/fr\/?page_id=624"},"modified":"2021-12-22T21:14:03","modified_gmt":"2021-12-22T21:14:03","slug":"fournisseurs-de-services","status":"publish","type":"page","link":"https:\/\/earn-paire.ca\/fr\/fournisseurs-de-services\/","title":{"rendered":"Fournisseurs de services"},"content":{"rendered":"<div class=\"vc_row wpb_row vc_row-fluid\"><div class=\"wpb_column vc_column_container vc_col-sm-8\"><div class=\"vc_column-inner\"><div class=\"wpb_wrapper\">\n\t<div class=\"wpb_text_column wpb_content_element \" >\n\t\t<div class=\"wpb_wrapper\">\n\t\t\t<p>Le Partenariat en acc\u00e8s, informations et ressources d\u2019emploi (PAIRE) est une initiative qui regroupe des employeurs partenaires et des fournisseurs de services dans le but d\u2019augmenter les perspectives d\u2019emploi\u00a0pour les personnes handicap\u00e9es.<\/p>\n<h2>Qui sont les fournisseurs de services?<\/h2>\n<p>Les fournisseurs de services membres du PAIRE sont des organismes qui s\u2019engagent \u00e0 multiplier les perspectives d\u2019emploi pour les personnes handicap\u00e9es et \u00e0 promouvoir des lieux de travail inclusifs et accessibles. Ces organismes offrent une vaste gamme de services d\u2019emplois aux personnes handicap\u00e9es. Bon nombre de fournisseurs de services aident les candidats ayant tout genre de handicap, alors que d\u2019autres se concentrent sur un handicap en particulier. Consultez le site Web de chacun des organismes pour en apprendre davantage \u00e0 propos de leurs services et de leurs crit\u00e8res d\u2019admissibilit\u00e9.<\/p>\n<h2>Quel soutien les fournisseurs de services offrent-ils aux candidats?<\/h2>\n<p>Les fournisseurs de services membres du PAIRE offrent une vaste gamme de soutien et de ressources pour r\u00e9duire les obstacles \u00e0 l\u2019emploi des candidats handicap\u00e9s. Ces services comprennent, sans toutefois s\u2019y limiter : l\u2019accueil et l\u2019\u00e9valuation; la d\u00e9termination des objectifs de carri\u00e8re; la r\u00e9daction du curriculum vit\u00e6 et de la lettre de pr\u00e9sentation; les strat\u00e9gies et les ressources li\u00e9es \u00e0 la recherche d\u2019emploi; l\u2019acc\u00e8s \u00e0 Internet; la d\u00e9finition des mesures d\u2019adaptation; des \u00e9valuations en mati\u00e8re de technologies adaptatives ergonomiques; des ateliers de recherche d\u2019emploi; des simulations d\u2019entrevues; des services de perfectionnement professionnel; des plans de divulgation d\u2019incapacit\u00e9; de l\u2019encadrement professionnel; et des services de maintien en poste.<\/p>\n<h2>Quel soutien offrent-ils aux employeurs?<\/h2>\n<p>Le r\u00e9seau du PAIRE travaille avec des fournisseurs de services pour offrir aux employeurs un point d\u2019acc\u00e8s coordonn\u00e9 \u00e0 un bassin de candidats qualifi\u00e9s et handicap\u00e9s. Les fournisseurs de services offrent une expertise en mati\u00e8re de recrutement, d\u2019embauche et de maintien en poste des employ\u00e9s handicap\u00e9s. Ils poss\u00e8dent aussi une connaissance approfondie des am\u00e9nagements en milieu de travail, des proc\u00e9dures et des pratiques exemplaires du milieu de travail inclusif.<\/p>\n<p>Si vous souhaitez embaucher des employ\u00e9s et faire de votre milieu de travail un endroit plus inclusif, le PAIRE et ses fournisseurs de services partenaires sont l\u00e0 pour vous aider. N\u2019h\u00e9sitez pas \u00e0 consulter le repertoire ci-dessous\u00a0pour obtenir une liste de nos fournisseurs de services partenaires.<\/p>\n\n\t\t<\/div>\n\t<\/div>\n<div class=\"vc_empty_space\"   style=\"height: 32px\"><span class=\"vc_empty_space_inner\"><\/span><\/div><\/div><\/div><\/div><div class=\"wpb_column vc_column_container vc_col-sm-4\"><div class=\"vc_column-inner\"><div class=\"wpb_wrapper\">\n\t<div  class=\"wpb_single_image wpb_content_element vc_align_left\">\n\t\t\n\t\t<figure class=\"wpb_wrapper vc_figure\">\n\t\t\t<div class=\"vc_single_image-wrapper   vc_box_border_grey\"><img width=\"5134\" height=\"5134\" src=\"https:\/\/earn-paire.ca\/wp-content\/uploads\/2016\/07\/stk205320rke.jpg\" class=\"vc_single_image-img attachment-full\" alt=\"\" loading=\"lazy\" srcset=\"https:\/\/earn-paire.ca\/wp-content\/uploads\/2016\/07\/stk205320rke.jpg 5134w, https:\/\/earn-paire.ca\/wp-content\/uploads\/2016\/07\/stk205320rke-150x150.jpg 150w, https:\/\/earn-paire.ca\/wp-content\/uploads\/2016\/07\/stk205320rke-300x300.jpg 300w, https:\/\/earn-paire.ca\/wp-content\/uploads\/2016\/07\/stk205320rke-768x768.jpg 768w, https:\/\/earn-paire.ca\/wp-content\/uploads\/2016\/07\/stk205320rke-1024x1024.jpg 1024w\" sizes=\"(max-width: 5134px) 100vw, 5134px\" \/><\/div>\n\t\t<\/figure>\n\t<\/div>\n<\/div><\/div><\/div><\/div><div class=\"wpb_column vc_column_container vc_col-sm-3\"><div class=\"vc_column-inner\"><div class=\"wpb_wrapper\"><\/div><\/div><\/div><div class=\"wpb_column vc_column_container vc_col-sm-9\"><div class=\"vc_column-inner\"><div class=\"wpb_wrapper\"><\/div><\/div><\/div><div class=\"wpb_column vc_column_container vc_col-sm-6\"><div class=\"vc_column-inner\"><div class=\"wpb_wrapper\"><\/div><\/div><\/div>\n","protected":false},"excerpt":{"rendered":"Le Partenariat en acc\u00e8s, informations et ressources d\u2019emploi (PAIRE) est une initiative qui regroupe des employeurs partenaires et des fournisseurs de services dans le but d\u2019augmenter les perspectives d\u2019emploi\u00a0pour les personnes handicap\u00e9es. Qui sont les fournisseurs de services? Les fournisseurs de services membres du PAIRE sont des organismes qui s\u2019engagent \u00e0 multiplier les perspectives d\u2019emploi [...]","protected":false},"author":3,"featured_media":0,"parent":0,"menu_order":0,"comment_status":"closed","ping_status":"closed","template":"","meta":{"_monsterinsights_skip_tracking":false,"_monsterinsights_sitenote_active":false,"_monsterinsights_sitenote_note":"","_monsterinsights_sitenote_category":0},"acf":[],"yoast_head":"<!-- This site is optimized with the Yoast SEO plugin v20.6 - https:\/\/yoast.com\/wordpress\/plugins\/seo\/ -->\n<title>Fournisseurs de services - EARN - United Way East Ontario<\/title>\n<meta name=\"robots\" content=\"index, follow, max-snippet:-1, max-image-preview:large, max-video-preview:-1\" \/>\n<link rel=\"canonical\" href=\"https:\/\/earn-paire.ca\/fr\/fournisseurs-de-services\/\" \/>\n<meta property=\"og:locale\" content=\"fr_FR\" \/>\n<meta property=\"og:type\" content=\"article\" \/>\n<meta property=\"og:title\" content=\"Fournisseurs de services - EARN - United Way East Ontario\" \/>\n<meta property=\"og:url\" content=\"https:\/\/earn-paire.ca\/fr\/fournisseurs-de-services\/\" \/>\n<meta property=\"og:site_name\" content=\"EARN - United Way East Ontario\" \/>\n<meta property=\"article:modified_time\" content=\"2021-12-22T21:14:03+00:00\" \/>\n<meta name=\"twitter:label1\" content=\"Dur\u00e9e de lecture estim\u00e9e\" \/>\n\t<meta name=\"twitter:data1\" content=\"2 minutes\" \/>\n<script type=\"application\/ld+json\" class=\"yoast-schema-graph\">{\"@context\":\"https:\/\/schema.org\",\"@graph\":[{\"@type\":\"WebPage\",\"@id\":\"https:\/\/earn-paire.ca\/fr\/fournisseurs-de-services\/\",\"url\":\"https:\/\/earn-paire.ca\/fr\/fournisseurs-de-services\/\",\"name\":\"Fournisseurs de services - EARN - United Way East Ontario\",\"isPartOf\":{\"@id\":\"https:\/\/earn-paire.ca\/#website\"},\"datePublished\":\"2015-10-23T15:53:29+00:00\",\"dateModified\":\"2021-12-22T21:14:03+00:00\",\"breadcrumb\":{\"@id\":\"https:\/\/earn-paire.ca\/fr\/fournisseurs-de-services\/#breadcrumb\"},\"inLanguage\":\"fr-FR\",\"potentialAction\":[{\"@type\":\"ReadAction\",\"target\":[\"https:\/\/earn-paire.ca\/fr\/fournisseurs-de-services\/\"]}]},{\"@type\":\"BreadcrumbList\",\"@id\":\"https:\/\/earn-paire.ca\/fr\/fournisseurs-de-services\/#breadcrumb\",\"itemListElement\":[{\"@type\":\"ListItem\",\"position\":1,\"name\":\"Home\",\"item\":\"https:\/\/earn-paire.ca\/fr\/home\/\"},{\"@type\":\"ListItem\",\"position\":2,\"name\":\"Fournisseurs de services\"}]},{\"@type\":\"WebSite\",\"@id\":\"https:\/\/earn-paire.ca\/#website\",\"url\":\"https:\/\/earn-paire.ca\/\",\"name\":\"EARN - United Way East Ontario\",\"description\":\"\",\"potentialAction\":[{\"@type\":\"SearchAction\",\"target\":{\"@type\":\"EntryPoint\",\"urlTemplate\":\"https:\/\/earn-paire.ca\/?s={search_term_string}\"},\"query-input\":\"required name=search_term_string\"}],\"inLanguage\":\"fr-FR\"}]}<\/script>\n<!-- \/ Yoast SEO plugin. -->","yoast_head_json":{"title":"Fournisseurs de services - EARN - United Way East Ontario","robots":{"index":"index","follow":"follow","max-snippet":"max-snippet:-1","max-image-preview":"max-image-preview:large","max-video-preview":"max-video-preview:-1"},"canonical":"https:\/\/earn-paire.ca\/fr\/fournisseurs-de-services\/","og_locale":"fr_FR","og_type":"article","og_title":"Fournisseurs de services - EARN - United Way East Ontario","og_url":"https:\/\/earn-paire.ca\/fr\/fournisseurs-de-services\/","og_site_name":"EARN - United Way East Ontario","article_modified_time":"2021-12-22T21:14:03+00:00","twitter_misc":{"Dur\u00e9e de lecture estim\u00e9e":"2 minutes"},"schema":{"@context":"https:\/\/schema.org","@graph":[{"@type":"WebPage","@id":"https:\/\/earn-paire.ca\/fr\/fournisseurs-de-services\/","url":"https:\/\/earn-paire.ca\/fr\/fournisseurs-de-services\/","name":"Fournisseurs de services - EARN - United Way East Ontario","isPartOf":{"@id":"https:\/\/earn-paire.ca\/#website"},"datePublished":"2015-10-23T15:53:29+00:00","dateModified":"2021-12-22T21:14:03+00:00","breadcrumb":{"@id":"https:\/\/earn-paire.ca\/fr\/fournisseurs-de-services\/#breadcrumb"},"inLanguage":"fr-FR","potentialAction":[{"@type":"ReadAction","target":["https:\/\/earn-paire.ca\/fr\/fournisseurs-de-services\/"]}]},{"@type":"BreadcrumbList","@id":"https:\/\/earn-paire.ca\/fr\/fournisseurs-de-services\/#breadcrumb","itemListElement":[{"@type":"ListItem","position":1,"name":"Home","item":"https:\/\/earn-paire.ca\/fr\/home\/"},{"@type":"ListItem","position":2,"name":"Fournisseurs de services"}]},{"@type":"WebSite","@id":"https:\/\/earn-paire.ca\/#website","url":"https:\/\/earn-paire.ca\/","name":"EARN - United Way East Ontario","description":"","potentialAction":[{"@type":"SearchAction","target":{"@type":"EntryPoint","urlTemplate":"https:\/\/earn-paire.ca\/?s={search_term_string}"},"query-input":"required name=search_term_string"}],"inLanguage":"fr-FR"}]}},"_links":{"self":[{"href":"https:\/\/earn-paire.ca\/fr\/wp-json\/wp\/v2\/pages\/624"}],"collection":[{"href":"https:\/\/earn-paire.ca\/fr\/wp-json\/wp\/v2\/pages"}],"about":[{"href":"https:\/\/earn-paire.ca\/fr\/wp-json\/wp\/v2\/types\/page"}],"author":[{"embeddable":true,"href":"https:\/\/earn-paire.ca\/fr\/wp-json\/wp\/v2\/users\/3"}],"replies":[{"embeddable":true,"href":"https:\/\/earn-paire.ca\/fr\/wp-json\/wp\/v2\/comments?post=624"}],"version-history":[{"count":6,"href":"https:\/\/earn-paire.ca\/fr\/wp-json\/wp\/v2\/pages\/624\/revisions"}],"predecessor-version":[{"id":7413,"href":"https:\/\/earn-paire.ca\/fr\/wp-json\/wp\/v2\/pages\/624\/revisions\/7413"}],"wp:attachment":[{"href":"https:\/\/earn-paire.ca\/fr\/wp-json\/wp\/v2\/media?parent=624"}],"curies":[{"name":"wp","href":"https:\/\/api.w.org\/{rel}","templated":true}]}}