{"id":7001,"date":"2021-09-21T18:58:55","date_gmt":"2021-09-21T18:58:55","guid":{"rendered":"https:\/\/earn-paire.ca\/?page_id=7001"},"modified":"2023-03-21T12:04:36","modified_gmt":"2023-03-21T12:04:36","slug":"ateliers","status":"publish","type":"page","link":"https:\/\/earn-paire.ca\/fr\/ateliers\/","title":{"rendered":"Ateliers"},"content":{"rendered":"<div class=\"vc_row wpb_row vc_row-fluid\"><div class=\"wpb_column vc_column_container vc_col-sm-12\"><div class=\"vc_column-inner\"><div class=\"wpb_wrapper\">\n\t<div class=\"wpb_text_column wpb_content_element \" >\n\t\t<div class=\"wpb_wrapper\">\n\t\t\t<p style=\"text-align: left;\">Le Partenariat en acc\u00e8s, informations et ressources d\u2019emploi (PAIRE) anime plusieurs ateliers pour employeurs pendant l\u2019ann\u00e9e.<\/p>\n<p style=\"text-align: left;\">N\u2019h\u00e9sitez pas \u00e0 communiquer avec nous, par courriel \u00e0 <a href=\"mailto:paire@unitedwayeo.ca\">paire@unitedwayeo.ca<\/a>, si vous avez de la difficult\u00e9 \u00e0 vous inscrire ou si vous souhaitez animer un atelier ax\u00e9 sur votre organisme.<\/p>\n\n\t\t<\/div>\n\t<\/div>\n<div class=\"vc_empty_space\"   style=\"height: 75px\"><span class=\"vc_empty_space_inner\"><\/span><\/div><\/div><\/div><\/div><\/div><div class=\"vc_row wpb_row vc_row-fluid\"><div class=\"wpb_column vc_column_container vc_col-sm-4\"><div class=\"vc_column-inner\"><div class=\"wpb_wrapper\">\n\t<div  class=\"wpb_single_image wpb_content_element vc_align_left\">\n\t\t\n\t\t<figure class=\"wpb_wrapper vc_figure\">\n\t\t\t<div class=\"vc_single_image-wrapper   vc_box_border_grey\"><img width=\"1080\" height=\"720\" src=\"https:\/\/earn-paire.ca\/wp-content\/uploads\/2021\/09\/earn-workshop.jpg\" class=\"vc_single_image-img attachment-full\" alt=\"People in a classroom setting learning from an instructor.\" loading=\"lazy\" srcset=\"https:\/\/earn-paire.ca\/wp-content\/uploads\/2021\/09\/earn-workshop.jpg 1080w, https:\/\/earn-paire.ca\/wp-content\/uploads\/2021\/09\/earn-workshop-300x200.jpg 300w, https:\/\/earn-paire.ca\/wp-content\/uploads\/2021\/09\/earn-workshop-1024x683.jpg 1024w, https:\/\/earn-paire.ca\/wp-content\/uploads\/2021\/09\/earn-workshop-768x512.jpg 768w\" sizes=\"(max-width: 1080px) 100vw, 1080px\" \/><\/div>\n\t\t<\/figure>\n\t<\/div>\n<\/div><\/div><\/div><div class=\"wpb_column vc_column_container vc_col-sm-8\"><div class=\"vc_column-inner\"><div class=\"wpb_wrapper\">\n\t<div class=\"wpb_text_column wpb_content_element \" >\n\t\t<div class=\"wpb_wrapper\">\n\t\t\t<h3><strong>Ateliers offerts<\/strong><\/h3>\n<h3 style=\"text-align: left;\"><strong><a href=\"https:\/\/earn-paire.ca\/fr\/ateliers\/shaping-accessible-employment-practices-en-anglais-seulement\/\">S\u00e9rie d\u2019ateliers virtuels : \u00c9laborons des pratiques d\u2019emploi accessibles<\/a><\/strong><\/h3>\n\n\t\t<\/div>\n\t<\/div>\n\n\t<div class=\"wpb_text_column wpb_content_element \" >\n\t\t<div class=\"wpb_wrapper\">\n\t\t\t<p>Cette s\u00e9rie d\u2019ateliers en quatre parties permet d\u2019am\u00e9liorer les comp\u00e9tences et de renforcer la confiance dans l\u2019\u00e9laboration de pratiques de recrutement et de r\u00e9tention accessibles. \u00c9tant donn\u00e9 que les personnes handicap\u00e9es sont sous-repr\u00e9sent\u00e9es de mani\u00e8re disproportionn\u00e9e sur le march\u00e9 du travail, ces ateliers aideront les employeurs \u00e0 comprendre les \u00e9l\u00e9ments cl\u00e9s qui leur permettront d\u2019acc\u00e9der \u00e0 ce bassin de talents inexploit\u00e9. Les participants apprendront \u00e9galement la mani\u00e8re dont ils peuvent \u00e9laborer des strat\u00e9gies \u00e0 long terme pour accro\u00eetre la participation des personnes handicap\u00e9es en milieu de travail. Cette s\u00e9rie d\u2019apprentissage en quatre parties peut \u00eatre suivie comme des ateliers individuels.<\/p>\n<p><strong>Objectifs d\u2019apprentissage\u00a0:<\/strong><\/p>\n<ul>\n<li>Accro\u00eetre les connaissances et le niveau de confort des employeurs en mati\u00e8re de recrutement et de r\u00e9tention des personnes handicap\u00e9es en milieu de travail.<\/li>\n<li>Sensibiliser les participants aux divers types de handicaps et aux solutions qui peuvent aider \u00e0 \u00e9liminer les obstacles \u00e0 l\u2019emploi rencontr\u00e9s par les personnes handicap\u00e9es.<\/li>\n<li>Explorer les avantages de la cr\u00e9ation et du maintien d\u2019un milieu de travail mentalement sain.<\/li>\n<li>Apprendre la mani\u00e8re de soutenir avec succ\u00e8s les individus \u00e0 chaque \u00e9tape du cycle de vie d\u2019un employ\u00e9, du recrutement \u00e0 la retraite.<\/li>\n<\/ul>\n<p class=\"x_MsoNormal\"><b><span lang=\"FR-CA\" data-ogsc=\"rgb(68, 114, 196)\">Renseignements sur chaque partie:<\/span><\/b><\/p>\n<p class=\"x_MsoNormal\"><span lang=\"FR-CA\" data-ogsc=\"black\">\u00a0<\/span><\/p>\n<h3 class=\"x_MsoNormal\"><strong><span lang=\"FR-CA\" data-ogsc=\"rgb(68, 114, 196)\">Partie n<sup>o<\/sup>\u00a01\u00a0: Emploi et handicap \u2013 \u00e9dification de bases solides<\/span><\/strong><\/h3>\n<p class=\"x_paragraph\"><span lang=\"FR-CA\" data-ogsc=\"rgb(68, 114, 196)\">En comprenant les raisons pour lesquelles il est important d\u2019appuyer les mesures d\u2019adaptation, nous pouvons offrir des exp\u00e9riences de travail \u2013 du recrutement \u00e0 la retraite \u2013 accessibles pour tous. Pendant cette conversation interactive, les participants reverront les composantes essentielles de l\u2019accessibilit\u00e9 et de l\u2019inclusion des employ\u00e9s handicap\u00e9s. Les participants exploreront le cycle de vie d\u2019un employ\u00e9, envisageront des solutions aux obstacles \u00e0 l\u2019emploi et en apprendront davantage sur les fa\u00e7ons de cr\u00e9er un milieu de travail inclusif.<\/span><\/p>\n<p class=\"x_MsoNormal\"><span class=\"x_normaltextrun\"><b><span lang=\"FR-CA\" data-ogsc=\"rgb(68, 114, 196)\">Le mardi 28 mars, de 9 h \u00e0 12 h<br \/>\n<\/span><\/b><\/span><b><\/b><span data-ogsc=\"rgb(68, 114, 196)\"><a title=\"Original URL: https:\/\/www.eventbrite.ca\/e\/partie-1-emploi-et-handicap-edification-de-bases-solides-tickets-579402748217. Click or tap if you trust this link.\" href=\"https:\/\/can01.safelinks.protection.outlook.com\/?url=https%3A%2F%2Fwww.eventbrite.ca%2Fe%2Fpartie-1-emploi-et-handicap-edification-de-bases-solides-tickets-579402748217&amp;data=05%7C01%7Csoakley%40unitedwayeo.ca%7Cb1b3c55c972c44224ed308db20dec3d1%7C58c6821ce3ff4a6999572673b73c1822%7C0%7C0%7C638139913353390377%7CUnknown%7CTWFpbGZsb3d8eyJWIjoiMC4wLjAwMDAiLCJQIjoiV2luMzIiLCJBTiI6Ik1haWwiLCJXVCI6Mn0%3D%7C3000%7C%7C%7C&amp;sdata=oDNdv6k8j3QF0GE8yho3ZXVwFmq%2FRRmhg5azN9UTiaw%3D&amp;reserved=0\" target=\"_blank\" rel=\"noopener noreferrer\" data-auth=\"Verified\" data-safelink=\"true\" data-ogsc=\"\" data-linkindex=\"2\"><span lang=\"FR-CA\" data-ogsc=\"rgb(68, 114, 196)\">Inscription<\/span><\/a><\/span><\/p>\n<h3 class=\"x_paragraph\"><b><span lang=\"FR-CA\" data-ogsc=\"rgb(68, 114, 196)\"><br \/>\nPartie n<sup>o<\/sup>\u00a02\u00a0: Sant\u00e9 mentale et milieu de travail inclusif<\/span><\/b><\/h3>\n<p class=\"x_MsoNormal\"><span class=\"x_normaltextrun\"><span lang=\"FR-CA\" data-ogsc=\"rgb(68, 114, 196)\">Une chose semble claire\u00a0: les employ\u00e9s r\u00e9alisent leur meilleur potentiel dans des milieux de travail psychologiquement s\u00e9curitaires. Cette discussion permet aux employeurs d\u2019obtenir un aper\u00e7u des fa\u00e7ons d\u2019appuyer les employ\u00e9s, et ce, en cr\u00e9ant des exp\u00e9riences et des milieux de travail mentalement sains. La cr\u00e9ation d\u2019une \u00ab\u00a0culture d\u2019inclusion\u00a0\u00bb favorise la participation des employ\u00e9s et am\u00e9liore les relations de travail. Cette partie portera notamment sur les milieux de travail mentalement sains et la bonne sant\u00e9 mentale; les besoins en mati\u00e8re de sant\u00e9 mentale n\u00e9cessitant des mesures d\u2019adaptation en milieu de travail; et les chefs de file et milieux de travail inclusifs.<\/span><\/span><\/p>\n<p class=\"x_MsoNormal\"><b><span data-ogsc=\"rgb(68, 114, 196)\">Le lundi 17 avril, de\u00a0<\/span><\/b><span class=\"x_normaltextrun\"><b><span lang=\"FR-CA\" data-ogsc=\"rgb(68, 114, 196)\">9 h \u00e0 12 h<br \/>\n<\/span><\/b><\/span><b><\/b><span data-ogsc=\"rgb(68, 114, 196)\"><a title=\"Original URL: https:\/\/www.eventbrite.ca\/e\/partie-2-sante-mentale-et-milieu-de-travail-inclusive-tickets-579413771187. Click or tap if you trust this link.\" href=\"https:\/\/can01.safelinks.protection.outlook.com\/?url=https%3A%2F%2Fwww.eventbrite.ca%2Fe%2Fpartie-2-sante-mentale-et-milieu-de-travail-inclusive-tickets-579413771187&amp;data=05%7C01%7Csoakley%40unitedwayeo.ca%7Cb1b3c55c972c44224ed308db20dec3d1%7C58c6821ce3ff4a6999572673b73c1822%7C0%7C0%7C638139913353390377%7CUnknown%7CTWFpbGZsb3d8eyJWIjoiMC4wLjAwMDAiLCJQIjoiV2luMzIiLCJBTiI6Ik1haWwiLCJXVCI6Mn0%3D%7C3000%7C%7C%7C&amp;sdata=fhkZEw0G6z5ZUUVcyc0YO6g10YOLTrvRsh4vsklm5Zo%3D&amp;reserved=0\" target=\"_blank\" rel=\"noopener noreferrer\" data-auth=\"Verified\" data-safelink=\"true\" data-ogsc=\"\" data-linkindex=\"3\"><span lang=\"FR-CA\" data-ogsc=\"rgb(68, 114, 196)\">Inscription<\/span><\/a><\/span><\/p>\n<p class=\"x_MsoNormal\"><span data-ogsc=\"rgb(68, 114, 196)\">\u00a0<\/span><\/p>\n<h3 class=\"x_paragraph\"><b><span lang=\"FR-CA\" data-ogsc=\"rgb(68, 114, 196)\">Partie n<sup>o<\/sup>\u00a03\u00a0: Recrutement et int\u00e9gration accessibles<\/span><\/b><\/h3>\n<p class=\"x_MsoNormal\"><span class=\"x_normaltextrun\"><span lang=\"FR-CA\" data-ogsc=\"rgb(68, 114, 196)\">Il est essentiel de soutenir des exp\u00e9riences positives en milieu de travail, mais cela n\u00e9cessite de constantes am\u00e9liorations, adaptations et \u00e9valuations visant \u00e0 r\u00e9pondre aux divers besoins des employ\u00e9s et des employeurs. Cette discussion se concentrera sur le recrutement et la r\u00e9tention \u00e9valuables. Bien que ces activit\u00e9s soient inclusives, nous \u00e9tudierons les besoins en mati\u00e8re d\u2019adaptation individuels qui pourraient \u00eatre ressentis pendant les processus de recrutement, d\u2019entrevue et d\u2019accueil en milieu de travail.<\/span><\/span><\/p>\n<p class=\"x_MsoNormal\"><span data-ogsc=\"rgb(68, 114, 196)\">\u00a0<\/span><\/p>\n<p class=\"x_MsoNormal\"><b><span lang=\"FR-CA\" data-ogsc=\"rgb(68, 114, 196)\">Le jeudi 4 mai, de\u00a0<span class=\"x_normaltextrun\">9 h \u00e0 12 h\u00a0<\/span><\/span><\/b><b><\/b><\/p>\n<p class=\"x_MsoNormal\"><span data-ogsc=\"rgb(68, 114, 196)\"><a title=\"Original URL: https:\/\/www.eventbrite.ca\/e\/partie-3-recrutement-et-integration-accessibles-tickets-579422607617. Click or tap if you trust this link.\" href=\"https:\/\/can01.safelinks.protection.outlook.com\/?url=https%3A%2F%2Fwww.eventbrite.ca%2Fe%2Fpartie-3-recrutement-et-integration-accessibles-tickets-579422607617&amp;data=05%7C01%7Csoakley%40unitedwayeo.ca%7Cb1b3c55c972c44224ed308db20dec3d1%7C58c6821ce3ff4a6999572673b73c1822%7C0%7C0%7C638139913353390377%7CUnknown%7CTWFpbGZsb3d8eyJWIjoiMC4wLjAwMDAiLCJQIjoiV2luMzIiLCJBTiI6Ik1haWwiLCJXVCI6Mn0%3D%7C3000%7C%7C%7C&amp;sdata=wbH85sWxPgkTXjqaU0HzBsuFDrq3E086lHmzE9AapuM%3D&amp;reserved=0\" target=\"_blank\" rel=\"noopener noreferrer\" data-auth=\"Verified\" data-safelink=\"true\" data-ogsc=\"\" data-linkindex=\"4\"><span lang=\"FR-CA\" data-ogsc=\"rgb(68, 114, 196)\">Inscription<\/span><\/a><\/span><\/p>\n<p class=\"x_MsoNormal\"><span data-ogsc=\"rgb(68, 114, 196)\">\u00a0<\/span><\/p>\n<h3 class=\"x_paragraph\"><b><span lang=\"FR-CA\" data-ogsc=\"rgb(68, 114, 196)\">Partie n<sup>o<\/sup>\u00a04\u00a0: Gestion de carri\u00e8re et rendement accessibles<\/span><\/b><\/h3>\n<p class=\"x_MsoNormal\"><span class=\"x_normaltextrun\"><span lang=\"FR-CA\" data-ogsc=\"rgb(68, 114, 196)\">La gestion du rendement est une activit\u00e9 essentielle et riche de possibilit\u00e9s pour n\u2019importe quel milieu de travail. Cette discussion portera sur la cr\u00e9ation d\u2019un syst\u00e8me de gestion du rendement respectueux des personnes handicap\u00e9es et la gestion efficace du rendement des employ\u00e9s. Nous r\u00e9viserons la gestion du rendement, les pratiques de coaching et de formation, ainsi que les pratiques de planification de carri\u00e8re et de la rel\u00e8ve.<\/span><\/span><\/p>\n<p class=\"x_MsoNormal\"><b><span lang=\"FR-CA\" data-ogsc=\"rgb(68, 114, 196)\">Le jeudi 18 mai, de\u00a0<span class=\"x_normaltextrun\">9 h \u00e0 12 h<br \/>\n<\/span><\/span><\/b><span data-ogsc=\"rgb(68, 114, 196)\"><a title=\"Original URL: https:\/\/www.eventbrite.ca\/e\/partie-4-gestion-de-carriere-et-rendement-accessibles-tickets-579429508257. Click or tap if you trust this link.\" href=\"https:\/\/can01.safelinks.protection.outlook.com\/?url=https%3A%2F%2Fwww.eventbrite.ca%2Fe%2Fpartie-4-gestion-de-carriere-et-rendement-accessibles-tickets-579429508257&amp;data=05%7C01%7Csoakley%40unitedwayeo.ca%7Cb1b3c55c972c44224ed308db20dec3d1%7C58c6821ce3ff4a6999572673b73c1822%7C0%7C0%7C638139913353390377%7CUnknown%7CTWFpbGZsb3d8eyJWIjoiMC4wLjAwMDAiLCJQIjoiV2luMzIiLCJBTiI6Ik1haWwiLCJXVCI6Mn0%3D%7C3000%7C%7C%7C&amp;sdata=A9liWwLRfP%2FdNEtqzObJEBTvR9smrGWjSTWonO706VY%3D&amp;reserved=0\" target=\"_blank\" rel=\"noopener noreferrer\" data-auth=\"Verified\" data-safelink=\"true\" data-ogsc=\"\" data-linkindex=\"5\"><span lang=\"FR-CA\" data-ogsc=\"rgb(68, 114, 196)\">Inscription<\/span><\/a><\/span><\/p>\n<p><strong><br \/>\nCe projet d\u2019Emploi Ontario est financ\u00e9 en partie par le gouvernement du Canada et le gouvernement de l\u2019Ontario.<\/strong><\/p>\n\n\t\t<\/div>\n\t<\/div>\n<\/div><\/div><\/div><\/div>\n","protected":false},"excerpt":{"rendered":"Le Partenariat en acc\u00e8s, informations et ressources d\u2019emploi (PAIRE) anime plusieurs ateliers pour employeurs pendant l\u2019ann\u00e9e. N\u2019h\u00e9sitez pas \u00e0 communiquer avec nous, par courriel \u00e0 paire@unitedwayeo.ca, si vous avez de la difficult\u00e9 \u00e0 vous inscrire ou si vous souhaitez animer un atelier ax\u00e9 sur votre organisme. Ateliers offerts S\u00e9rie d\u2019ateliers virtuels : \u00c9laborons des pratiques [...]","protected":false},"author":5,"featured_media":0,"parent":0,"menu_order":0,"comment_status":"closed","ping_status":"closed","template":"","meta":{"_monsterinsights_skip_tracking":false,"_monsterinsights_sitenote_active":false,"_monsterinsights_sitenote_note":"","_monsterinsights_sitenote_category":0},"acf":[],"yoast_head":"<!-- This site is optimized with the Yoast SEO plugin v20.6 - https:\/\/yoast.com\/wordpress\/plugins\/seo\/ -->\n<title>Ateliers - EARN - United Way East Ontario<\/title>\n<meta name=\"robots\" content=\"index, follow, max-snippet:-1, max-image-preview:large, max-video-preview:-1\" \/>\n<link rel=\"canonical\" href=\"https:\/\/earn-paire.ca\/fr\/ateliers\/\" \/>\n<meta property=\"og:locale\" content=\"fr_FR\" \/>\n<meta property=\"og:type\" content=\"article\" \/>\n<meta property=\"og:title\" content=\"Ateliers - EARN - United Way East Ontario\" \/>\n<meta property=\"og:url\" content=\"https:\/\/earn-paire.ca\/fr\/ateliers\/\" \/>\n<meta property=\"og:site_name\" content=\"EARN - United Way East Ontario\" \/>\n<meta property=\"article:modified_time\" content=\"2023-03-21T12:04:36+00:00\" \/>\n<meta name=\"twitter:label1\" content=\"Dur\u00e9e de lecture estim\u00e9e\" \/>\n\t<meta name=\"twitter:data1\" content=\"3 minutes\" \/>\n<script type=\"application\/ld+json\" class=\"yoast-schema-graph\">{\"@context\":\"https:\/\/schema.org\",\"@graph\":[{\"@type\":\"WebPage\",\"@id\":\"https:\/\/earn-paire.ca\/fr\/ateliers\/\",\"url\":\"https:\/\/earn-paire.ca\/fr\/ateliers\/\",\"name\":\"Ateliers - EARN - United Way East Ontario\",\"isPartOf\":{\"@id\":\"https:\/\/earn-paire.ca\/#website\"},\"datePublished\":\"2021-09-21T18:58:55+00:00\",\"dateModified\":\"2023-03-21T12:04:36+00:00\",\"breadcrumb\":{\"@id\":\"https:\/\/earn-paire.ca\/fr\/ateliers\/#breadcrumb\"},\"inLanguage\":\"fr-FR\",\"potentialAction\":[{\"@type\":\"ReadAction\",\"target\":[\"https:\/\/earn-paire.ca\/fr\/ateliers\/\"]}]},{\"@type\":\"BreadcrumbList\",\"@id\":\"https:\/\/earn-paire.ca\/fr\/ateliers\/#breadcrumb\",\"itemListElement\":[{\"@type\":\"ListItem\",\"position\":1,\"name\":\"Home\",\"item\":\"https:\/\/earn-paire.ca\/fr\/home\/\"},{\"@type\":\"ListItem\",\"position\":2,\"name\":\"Ateliers\"}]},{\"@type\":\"WebSite\",\"@id\":\"https:\/\/earn-paire.ca\/#website\",\"url\":\"https:\/\/earn-paire.ca\/\",\"name\":\"EARN - United Way East Ontario\",\"description\":\"\",\"potentialAction\":[{\"@type\":\"SearchAction\",\"target\":{\"@type\":\"EntryPoint\",\"urlTemplate\":\"https:\/\/earn-paire.ca\/?s={search_term_string}\"},\"query-input\":\"required name=search_term_string\"}],\"inLanguage\":\"fr-FR\"}]}<\/script>\n<!-- \/ Yoast SEO plugin. -->","yoast_head_json":{"title":"Ateliers - EARN - United Way East Ontario","robots":{"index":"index","follow":"follow","max-snippet":"max-snippet:-1","max-image-preview":"max-image-preview:large","max-video-preview":"max-video-preview:-1"},"canonical":"https:\/\/earn-paire.ca\/fr\/ateliers\/","og_locale":"fr_FR","og_type":"article","og_title":"Ateliers - EARN - United Way East Ontario","og_url":"https:\/\/earn-paire.ca\/fr\/ateliers\/","og_site_name":"EARN - United Way East Ontario","article_modified_time":"2023-03-21T12:04:36+00:00","twitter_misc":{"Dur\u00e9e de lecture estim\u00e9e":"3 minutes"},"schema":{"@context":"https:\/\/schema.org","@graph":[{"@type":"WebPage","@id":"https:\/\/earn-paire.ca\/fr\/ateliers\/","url":"https:\/\/earn-paire.ca\/fr\/ateliers\/","name":"Ateliers - EARN - United Way East Ontario","isPartOf":{"@id":"https:\/\/earn-paire.ca\/#website"},"datePublished":"2021-09-21T18:58:55+00:00","dateModified":"2023-03-21T12:04:36+00:00","breadcrumb":{"@id":"https:\/\/earn-paire.ca\/fr\/ateliers\/#breadcrumb"},"inLanguage":"fr-FR","potentialAction":[{"@type":"ReadAction","target":["https:\/\/earn-paire.ca\/fr\/ateliers\/"]}]},{"@type":"BreadcrumbList","@id":"https:\/\/earn-paire.ca\/fr\/ateliers\/#breadcrumb","itemListElement":[{"@type":"ListItem","position":1,"name":"Home","item":"https:\/\/earn-paire.ca\/fr\/home\/"},{"@type":"ListItem","position":2,"name":"Ateliers"}]},{"@type":"WebSite","@id":"https:\/\/earn-paire.ca\/#website","url":"https:\/\/earn-paire.ca\/","name":"EARN - United Way East Ontario","description":"","potentialAction":[{"@type":"SearchAction","target":{"@type":"EntryPoint","urlTemplate":"https:\/\/earn-paire.ca\/?s={search_term_string}"},"query-input":"required name=search_term_string"}],"inLanguage":"fr-FR"}]}},"_links":{"self":[{"href":"https:\/\/earn-paire.ca\/fr\/wp-json\/wp\/v2\/pages\/7001"}],"collection":[{"href":"https:\/\/earn-paire.ca\/fr\/wp-json\/wp\/v2\/pages"}],"about":[{"href":"https:\/\/earn-paire.ca\/fr\/wp-json\/wp\/v2\/types\/page"}],"author":[{"embeddable":true,"href":"https:\/\/earn-paire.ca\/fr\/wp-json\/wp\/v2\/users\/5"}],"replies":[{"embeddable":true,"href":"https:\/\/earn-paire.ca\/fr\/wp-json\/wp\/v2\/comments?post=7001"}],"version-history":[{"count":17,"href":"https:\/\/earn-paire.ca\/fr\/wp-json\/wp\/v2\/pages\/7001\/revisions"}],"predecessor-version":[{"id":7769,"href":"https:\/\/earn-paire.ca\/fr\/wp-json\/wp\/v2\/pages\/7001\/revisions\/7769"}],"wp:attachment":[{"href":"https:\/\/earn-paire.ca\/fr\/wp-json\/wp\/v2\/media?parent=7001"}],"curies":[{"name":"wp","href":"https:\/\/api.w.org\/{rel}","templated":true}]}}