{"id":7371,"date":"2021-12-21T19:10:36","date_gmt":"2021-12-21T19:10:36","guid":{"rendered":"https:\/\/earn-paire.ca\/?page_id=7371"},"modified":"2022-03-30T17:48:59","modified_gmt":"2022-03-30T17:48:59","slug":"comite-directeur-du-paire-reseignements-sur-le-recrutement","status":"publish","type":"page","link":"https:\/\/earn-paire.ca\/fr\/adhesion\/comite-directeur-du-paire-reseignements-sur-le-recrutement\/","title":{"rendered":"Comit\u00e9 directeur du PAIRE \u2013 Reseignements sur le recrutement"},"content":{"rendered":"<div class=\"vc_row wpb_row vc_row-fluid\"><div class=\"wpb_column vc_column_container vc_col-sm-3\"><div class=\"vc_column-inner\"><div class=\"wpb_wrapper\">\n\t<div  class=\"wpb_single_image wpb_content_element vc_align_left\">\n\t\t\n\t\t<figure class=\"wpb_wrapper vc_figure\">\n\t\t\t<div class=\"vc_single_image-wrapper   vc_box_border_grey\"><img width=\"244\" height=\"147\" src=\"https:\/\/earn-paire.ca\/wp-content\/uploads\/2016\/02\/earn_logo_fr.png\" class=\"vc_single_image-img attachment-medium\" alt=\"PAIRE - Le Partenariat en acc\u00e8s, informations et ressources d\u2019emploi\" loading=\"lazy\" \/><\/div>\n\t\t<\/figure>\n\t<\/div>\n<\/div><\/div><\/div><div class=\"wpb_column vc_column_container vc_col-sm-9\"><div class=\"vc_column-inner\"><div class=\"wpb_wrapper\">\n\t<div class=\"wpb_text_column wpb_content_element \" >\n\t\t<div class=\"wpb_wrapper\">\n\t\t\t<p><strong>Comit\u00e9 directeur du Partenariat en acc\u00e8s, informations et ressources<\/strong><br \/>\n<strong>d\u2019emploi \u2013 Recrutement de nouveaux repr\u00e9sentants<\/strong><\/p>\n<p>Vous cherchez comment vous engager et aider votre communaut\u00e9 de fa\u00e7on gratifiante? Aimeriez-vous utiliser vos connaissances et vos comp\u00e9tences pour vous assurer que tous les milieux de travail \u00e0 Ottawa sont inclusifs et accessibles pour les personnes handicap\u00e9es? Joignezvous au Comit\u00e9 directeur du Partenariat en acc\u00e8s, informations et ressources d\u2019emploi (PAIRE)!<\/p>\n<p>Il s\u2019agit d\u2019une initiative communautaire, men\u00e9e par Centraide de l\u2019Est de l\u2019Ontario, qui permet de b\u00e2tir des partenariats dans nos communaut\u00e9s afin d\u2019am\u00e9liorer les occasions d\u2019emploi pour les personnes handicap\u00e9es. Il offre un point d\u2019acc\u00e8s coordonn\u00e9 en mati\u00e8re d\u2019\u00e9ducation et d\u2019expertise sur l\u2019emploi, l\u2019accessibilit\u00e9 et l\u2019inclusion en milieu de travail, tant pour les<br \/>\npersonnes handicap\u00e9es que les employeurs.<\/p>\n<p>Le Comit\u00e9 directeur du PAIRE se compose d\u2019employeurs locaux, de fournisseurs de services et d\u2019autres intervenants communautaires d\u00e9fendant les actions men\u00e9es par le PAIRE au sein de la communaut\u00e9. De nature consultative, le Comit\u00e9 directeur aide \u00e0 d\u00e9finir l\u2019orientation du PAIRE, puis \u00e0 fournir des conseils sur les enjeux cl\u00e9s, notamment les objectifs, la strat\u00e9gie, l\u2019affectation des ressources et l\u2019\u00e9tablissement des priorit\u00e9s. Le Comit\u00e9 directeur guide aussi le d\u00e9roulement g\u00e9n\u00e9ral des op\u00e9rations, aide le PAIRE \u00e0 s\u2019acquitter de ses plans de travail respectifs, et encourage la collaboration des divers intervenants de l\u2019initiative.<\/p>\n<p>Le Comit\u00e9 directeur du PAIRE est actuellement \u00e0 la recherche de nouveaux membres. Chaque mandat, d\u2019une dur\u00e9e de trois (3) ans, peut \u00eatre renouvel\u00e9. Les candidats doivent soumettre une lettre d\u2019int\u00e9r\u00eat, un curriculum vitae, et une lettre de r\u00e9f\u00e9rence afin de pouvoir passer \u00e0 l\u2019\u00e9tape de l\u2019entrevue.<\/p>\n<p>Posez votre candidature ici :<\/p>\n<p><a href=\"https:\/\/earn-paire.ca\/wp-content\/uploads\/2022\/03\/SC-Application-Form-Mar-30-2021-FR.pdf\" target=\"_blank\" rel=\"noopener\">https:\/\/earn-paire.ca\/wp-content\/uploads\/2022\/03\/SC-Application-Form-Mar-30-2021-FR.pdf<\/a><\/p>\n<p>Cadre de r\u00e9f\u00e9rence du comit\u00e9 directeur du PAIRE :<br \/>\n<a href=\"https:\/\/earn-paire.ca\/wp-content\/uploads\/2021\/01\/SC-ToR-Nov-2020-FR.pdf\" target=\"_blank\" rel=\"noopener\">https:\/\/earn-paire.ca\/wp-content\/uploads\/2021\/01\/SC-ToR-Nov-2020-FR.pdf<\/a><\/p>\n<p>Nous avons h\u00e2te d\u2019avoir de vos nouvelles. N\u2019h\u00e9sitez pas \u00e0 communiquer<br \/>\navec nous si vous avez des questions : <a href=\"mailto:paire@unitedwayeo.ca\">paire@unitedwayeo.ca<\/a><\/p>\n\n\t\t<\/div>\n\t<\/div>\n<div class=\"vc_empty_space\"   style=\"height: 32px\"><span class=\"vc_empty_space_inner\"><\/span><\/div><\/div><\/div><\/div><\/div>\n","protected":false},"excerpt":{"rendered":"Comit\u00e9 directeur du Partenariat en acc\u00e8s, informations et ressources d\u2019emploi \u2013 Recrutement de nouveaux repr\u00e9sentants Vous cherchez comment vous engager et aider votre communaut\u00e9 de fa\u00e7on gratifiante? Aimeriez-vous utiliser vos connaissances et vos comp\u00e9tences pour vous assurer que tous les milieux de travail \u00e0 Ottawa sont inclusifs et accessibles pour les personnes handicap\u00e9es? Joignezvous au [...]","protected":false},"author":12,"featured_media":0,"parent":7369,"menu_order":0,"comment_status":"closed","ping_status":"closed","template":"","meta":{"_monsterinsights_skip_tracking":false,"_monsterinsights_sitenote_active":false,"_monsterinsights_sitenote_note":"","_monsterinsights_sitenote_category":0},"acf":[],"yoast_head":"<!-- This site is optimized with the Yoast SEO plugin v20.6 - https:\/\/yoast.com\/wordpress\/plugins\/seo\/ -->\n<title>Comit\u00e9 directeur du PAIRE \u2013 Reseignements sur le recrutement - EARN - United Way East Ontario<\/title>\n<meta name=\"robots\" content=\"index, follow, max-snippet:-1, max-image-preview:large, max-video-preview:-1\" \/>\n<link rel=\"canonical\" href=\"https:\/\/earn-paire.ca\/fr\/adhesion\/comite-directeur-du-paire-reseignements-sur-le-recrutement\/\" \/>\n<meta property=\"og:locale\" content=\"fr_FR\" \/>\n<meta property=\"og:type\" content=\"article\" \/>\n<meta property=\"og:title\" content=\"Comit\u00e9 directeur du PAIRE \u2013 Reseignements sur le recrutement - EARN - United Way East Ontario\" \/>\n<meta property=\"og:url\" content=\"https:\/\/earn-paire.ca\/fr\/adhesion\/comite-directeur-du-paire-reseignements-sur-le-recrutement\/\" \/>\n<meta property=\"og:site_name\" content=\"EARN - United Way East Ontario\" \/>\n<meta property=\"article:modified_time\" content=\"2022-03-30T17:48:59+00:00\" \/>\n<meta name=\"twitter:label1\" content=\"Dur\u00e9e de lecture estim\u00e9e\" \/>\n\t<meta name=\"twitter:data1\" content=\"2 minutes\" \/>\n<script type=\"application\/ld+json\" class=\"yoast-schema-graph\">{\"@context\":\"https:\/\/schema.org\",\"@graph\":[{\"@type\":\"WebPage\",\"@id\":\"https:\/\/earn-paire.ca\/fr\/adhesion\/comite-directeur-du-paire-reseignements-sur-le-recrutement\/\",\"url\":\"https:\/\/earn-paire.ca\/fr\/adhesion\/comite-directeur-du-paire-reseignements-sur-le-recrutement\/\",\"name\":\"Comit\u00e9 directeur du PAIRE \u2013 Reseignements sur le recrutement - EARN - United Way East Ontario\",\"isPartOf\":{\"@id\":\"https:\/\/earn-paire.ca\/#website\"},\"datePublished\":\"2021-12-21T19:10:36+00:00\",\"dateModified\":\"2022-03-30T17:48:59+00:00\",\"breadcrumb\":{\"@id\":\"https:\/\/earn-paire.ca\/fr\/adhesion\/comite-directeur-du-paire-reseignements-sur-le-recrutement\/#breadcrumb\"},\"inLanguage\":\"fr-FR\",\"potentialAction\":[{\"@type\":\"ReadAction\",\"target\":[\"https:\/\/earn-paire.ca\/fr\/adhesion\/comite-directeur-du-paire-reseignements-sur-le-recrutement\/\"]}]},{\"@type\":\"BreadcrumbList\",\"@id\":\"https:\/\/earn-paire.ca\/fr\/adhesion\/comite-directeur-du-paire-reseignements-sur-le-recrutement\/#breadcrumb\",\"itemListElement\":[{\"@type\":\"ListItem\",\"position\":1,\"name\":\"Home\",\"item\":\"https:\/\/earn-paire.ca\/fr\/home\/\"},{\"@type\":\"ListItem\",\"position\":2,\"name\":\"Adhesion\",\"item\":\"https:\/\/earn-paire.ca\/fr\/adhesion\/\"},{\"@type\":\"ListItem\",\"position\":3,\"name\":\"Comit\u00e9 directeur du PAIRE \u2013 Reseignements sur le recrutement\"}]},{\"@type\":\"WebSite\",\"@id\":\"https:\/\/earn-paire.ca\/#website\",\"url\":\"https:\/\/earn-paire.ca\/\",\"name\":\"EARN - United Way East Ontario\",\"description\":\"\",\"potentialAction\":[{\"@type\":\"SearchAction\",\"target\":{\"@type\":\"EntryPoint\",\"urlTemplate\":\"https:\/\/earn-paire.ca\/?s={search_term_string}\"},\"query-input\":\"required name=search_term_string\"}],\"inLanguage\":\"fr-FR\"}]}<\/script>\n<!-- \/ Yoast SEO plugin. -->","yoast_head_json":{"title":"Comit\u00e9 directeur du PAIRE \u2013 Reseignements sur le recrutement - EARN - United Way East Ontario","robots":{"index":"index","follow":"follow","max-snippet":"max-snippet:-1","max-image-preview":"max-image-preview:large","max-video-preview":"max-video-preview:-1"},"canonical":"https:\/\/earn-paire.ca\/fr\/adhesion\/comite-directeur-du-paire-reseignements-sur-le-recrutement\/","og_locale":"fr_FR","og_type":"article","og_title":"Comit\u00e9 directeur du PAIRE \u2013 Reseignements sur le recrutement - EARN - United Way East Ontario","og_url":"https:\/\/earn-paire.ca\/fr\/adhesion\/comite-directeur-du-paire-reseignements-sur-le-recrutement\/","og_site_name":"EARN - United Way East Ontario","article_modified_time":"2022-03-30T17:48:59+00:00","twitter_misc":{"Dur\u00e9e de lecture estim\u00e9e":"2 minutes"},"schema":{"@context":"https:\/\/schema.org","@graph":[{"@type":"WebPage","@id":"https:\/\/earn-paire.ca\/fr\/adhesion\/comite-directeur-du-paire-reseignements-sur-le-recrutement\/","url":"https:\/\/earn-paire.ca\/fr\/adhesion\/comite-directeur-du-paire-reseignements-sur-le-recrutement\/","name":"Comit\u00e9 directeur du PAIRE \u2013 Reseignements sur le recrutement - EARN - United Way East Ontario","isPartOf":{"@id":"https:\/\/earn-paire.ca\/#website"},"datePublished":"2021-12-21T19:10:36+00:00","dateModified":"2022-03-30T17:48:59+00:00","breadcrumb":{"@id":"https:\/\/earn-paire.ca\/fr\/adhesion\/comite-directeur-du-paire-reseignements-sur-le-recrutement\/#breadcrumb"},"inLanguage":"fr-FR","potentialAction":[{"@type":"ReadAction","target":["https:\/\/earn-paire.ca\/fr\/adhesion\/comite-directeur-du-paire-reseignements-sur-le-recrutement\/"]}]},{"@type":"BreadcrumbList","@id":"https:\/\/earn-paire.ca\/fr\/adhesion\/comite-directeur-du-paire-reseignements-sur-le-recrutement\/#breadcrumb","itemListElement":[{"@type":"ListItem","position":1,"name":"Home","item":"https:\/\/earn-paire.ca\/fr\/home\/"},{"@type":"ListItem","position":2,"name":"Adhesion","item":"https:\/\/earn-paire.ca\/fr\/adhesion\/"},{"@type":"ListItem","position":3,"name":"Comit\u00e9 directeur du PAIRE \u2013 Reseignements sur le recrutement"}]},{"@type":"WebSite","@id":"https:\/\/earn-paire.ca\/#website","url":"https:\/\/earn-paire.ca\/","name":"EARN - United Way East Ontario","description":"","potentialAction":[{"@type":"SearchAction","target":{"@type":"EntryPoint","urlTemplate":"https:\/\/earn-paire.ca\/?s={search_term_string}"},"query-input":"required name=search_term_string"}],"inLanguage":"fr-FR"}]}},"_links":{"self":[{"href":"https:\/\/earn-paire.ca\/fr\/wp-json\/wp\/v2\/pages\/7371"}],"collection":[{"href":"https:\/\/earn-paire.ca\/fr\/wp-json\/wp\/v2\/pages"}],"about":[{"href":"https:\/\/earn-paire.ca\/fr\/wp-json\/wp\/v2\/types\/page"}],"author":[{"embeddable":true,"href":"https:\/\/earn-paire.ca\/fr\/wp-json\/wp\/v2\/users\/12"}],"replies":[{"embeddable":true,"href":"https:\/\/earn-paire.ca\/fr\/wp-json\/wp\/v2\/comments?post=7371"}],"version-history":[{"count":7,"href":"https:\/\/earn-paire.ca\/fr\/wp-json\/wp\/v2\/pages\/7371\/revisions"}],"predecessor-version":[{"id":7597,"href":"https:\/\/earn-paire.ca\/fr\/wp-json\/wp\/v2\/pages\/7371\/revisions\/7597"}],"up":[{"embeddable":true,"href":"https:\/\/earn-paire.ca\/fr\/wp-json\/wp\/v2\/pages\/7369"}],"wp:attachment":[{"href":"https:\/\/earn-paire.ca\/fr\/wp-json\/wp\/v2\/media?parent=7371"}],"curies":[{"name":"wp","href":"https:\/\/api.w.org\/{rel}","templated":true}]}}