{"id":7667,"date":"2022-06-06T19:56:49","date_gmt":"2022-06-06T19:56:49","guid":{"rendered":"https:\/\/earn-paire.ca\/?page_id=7667"},"modified":"2022-06-06T20:38:46","modified_gmt":"2022-06-06T20:38:46","slug":"recherches","status":"publish","type":"page","link":"https:\/\/earn-paire.ca\/fr\/recherches\/","title":{"rendered":"Recherches"},"content":{"rendered":"<div class=\"vc_row wpb_row vc_row-fluid\"><div class=\"wpb_column vc_column_container vc_col-sm-3\"><div class=\"vc_column-inner\"><div class=\"wpb_wrapper\">\n\t<div  class=\"wpb_single_image wpb_content_element vc_align_left\">\n\t\t\n\t\t<figure class=\"wpb_wrapper vc_figure\">\n\t\t\t<div class=\"vc_single_image-wrapper   vc_box_border_grey\"><img width=\"232\" height=\"300\" src=\"https:\/\/earn-paire.ca\/wp-content\/uploads\/2022\/06\/Report-French-232x300.jpg\" class=\"vc_single_image-img attachment-medium\" alt=\"\" loading=\"lazy\" srcset=\"https:\/\/earn-paire.ca\/wp-content\/uploads\/2022\/06\/Report-French-232x300.jpg 232w, https:\/\/earn-paire.ca\/wp-content\/uploads\/2022\/06\/Report-French.jpg 511w\" sizes=\"(max-width: 232px) 100vw, 232px\" \/><\/div>\n\t\t<\/figure>\n\t<\/div>\n<\/div><\/div><\/div><div class=\"wpb_column vc_column_container vc_col-sm-9\"><div class=\"vc_column-inner\"><div class=\"wpb_wrapper\">\n\t<div class=\"wpb_text_column wpb_content_element \" >\n\t\t<div class=\"wpb_wrapper\">\n\t\t\t<h3>Documents de recherche<\/h3>\n<p><a href=\"https:\/\/earn-paire.ca\/wp-content\/uploads\/2020\/11\/EARN-Youth-Disabilities-Employment-Report-FR.pdf\" target=\"_blank\" rel=\"noopener\">Am\u00e9lioration des perspectives d\u2019emploi pour les dipl\u00f4m\u00e9s handicap\u00e9s de niveau postsecondaire : Rapport sommaire<\/a><\/p>\n\n\t\t<\/div>\n\t<\/div>\n<\/div><\/div><\/div><\/div><div class=\"vc_row wpb_row vc_row-fluid\"><div class=\"wpb_column vc_column_container vc_col-sm-12\"><div class=\"vc_column-inner\"><div class=\"wpb_wrapper\"><div class=\"vc_empty_space\"   style=\"height: 32px\"><span class=\"vc_empty_space_inner\"><\/span><\/div><\/div><\/div><\/div><\/div>\n","protected":false},"excerpt":{"rendered":"Documents de recherche Am\u00e9lioration des perspectives d\u2019emploi pour les dipl\u00f4m\u00e9s handicap\u00e9s de niveau postsecondaire : Rapport sommaire","protected":false},"author":12,"featured_media":0,"parent":0,"menu_order":0,"comment_status":"closed","ping_status":"closed","template":"","meta":{"_monsterinsights_skip_tracking":false,"_monsterinsights_sitenote_active":false,"_monsterinsights_sitenote_note":"","_monsterinsights_sitenote_category":0},"acf":[],"yoast_head":"<!-- This site is optimized with the Yoast SEO plugin v20.6 - https:\/\/yoast.com\/wordpress\/plugins\/seo\/ -->\n<title>Recherches - EARN - United Way East Ontario<\/title>\n<meta name=\"robots\" content=\"index, follow, max-snippet:-1, max-image-preview:large, max-video-preview:-1\" \/>\n<link rel=\"canonical\" href=\"https:\/\/earn-paire.ca\/fr\/recherches\/\" \/>\n<meta property=\"og:locale\" content=\"fr_FR\" \/>\n<meta property=\"og:type\" content=\"article\" \/>\n<meta property=\"og:title\" content=\"Recherches - EARN - United Way East Ontario\" \/>\n<meta property=\"og:url\" content=\"https:\/\/earn-paire.ca\/fr\/recherches\/\" \/>\n<meta property=\"og:site_name\" content=\"EARN - United Way East Ontario\" \/>\n<meta property=\"article:modified_time\" content=\"2022-06-06T20:38:46+00:00\" \/>\n<meta name=\"twitter:label1\" content=\"Dur\u00e9e de lecture estim\u00e9e\" \/>\n\t<meta name=\"twitter:data1\" content=\"1 minute\" \/>\n<script type=\"application\/ld+json\" class=\"yoast-schema-graph\">{\"@context\":\"https:\/\/schema.org\",\"@graph\":[{\"@type\":\"WebPage\",\"@id\":\"https:\/\/earn-paire.ca\/fr\/recherches\/\",\"url\":\"https:\/\/earn-paire.ca\/fr\/recherches\/\",\"name\":\"Recherches - EARN - United Way East Ontario\",\"isPartOf\":{\"@id\":\"https:\/\/earn-paire.ca\/#website\"},\"datePublished\":\"2022-06-06T19:56:49+00:00\",\"dateModified\":\"2022-06-06T20:38:46+00:00\",\"breadcrumb\":{\"@id\":\"https:\/\/earn-paire.ca\/fr\/recherches\/#breadcrumb\"},\"inLanguage\":\"fr-FR\",\"potentialAction\":[{\"@type\":\"ReadAction\",\"target\":[\"https:\/\/earn-paire.ca\/fr\/recherches\/\"]}]},{\"@type\":\"BreadcrumbList\",\"@id\":\"https:\/\/earn-paire.ca\/fr\/recherches\/#breadcrumb\",\"itemListElement\":[{\"@type\":\"ListItem\",\"position\":1,\"name\":\"Home\",\"item\":\"https:\/\/earn-paire.ca\/fr\/home\/\"},{\"@type\":\"ListItem\",\"position\":2,\"name\":\"Recherches\"}]},{\"@type\":\"WebSite\",\"@id\":\"https:\/\/earn-paire.ca\/#website\",\"url\":\"https:\/\/earn-paire.ca\/\",\"name\":\"EARN - United Way East Ontario\",\"description\":\"\",\"potentialAction\":[{\"@type\":\"SearchAction\",\"target\":{\"@type\":\"EntryPoint\",\"urlTemplate\":\"https:\/\/earn-paire.ca\/?s={search_term_string}\"},\"query-input\":\"required name=search_term_string\"}],\"inLanguage\":\"fr-FR\"}]}<\/script>\n<!-- \/ Yoast SEO plugin. -->","yoast_head_json":{"title":"Recherches - EARN - United Way East Ontario","robots":{"index":"index","follow":"follow","max-snippet":"max-snippet:-1","max-image-preview":"max-image-preview:large","max-video-preview":"max-video-preview:-1"},"canonical":"https:\/\/earn-paire.ca\/fr\/recherches\/","og_locale":"fr_FR","og_type":"article","og_title":"Recherches - EARN - United Way East Ontario","og_url":"https:\/\/earn-paire.ca\/fr\/recherches\/","og_site_name":"EARN - United Way East Ontario","article_modified_time":"2022-06-06T20:38:46+00:00","twitter_misc":{"Dur\u00e9e de lecture estim\u00e9e":"1 minute"},"schema":{"@context":"https:\/\/schema.org","@graph":[{"@type":"WebPage","@id":"https:\/\/earn-paire.ca\/fr\/recherches\/","url":"https:\/\/earn-paire.ca\/fr\/recherches\/","name":"Recherches - EARN - United Way East Ontario","isPartOf":{"@id":"https:\/\/earn-paire.ca\/#website"},"datePublished":"2022-06-06T19:56:49+00:00","dateModified":"2022-06-06T20:38:46+00:00","breadcrumb":{"@id":"https:\/\/earn-paire.ca\/fr\/recherches\/#breadcrumb"},"inLanguage":"fr-FR","potentialAction":[{"@type":"ReadAction","target":["https:\/\/earn-paire.ca\/fr\/recherches\/"]}]},{"@type":"BreadcrumbList","@id":"https:\/\/earn-paire.ca\/fr\/recherches\/#breadcrumb","itemListElement":[{"@type":"ListItem","position":1,"name":"Home","item":"https:\/\/earn-paire.ca\/fr\/home\/"},{"@type":"ListItem","position":2,"name":"Recherches"}]},{"@type":"WebSite","@id":"https:\/\/earn-paire.ca\/#website","url":"https:\/\/earn-paire.ca\/","name":"EARN - United Way East Ontario","description":"","potentialAction":[{"@type":"SearchAction","target":{"@type":"EntryPoint","urlTemplate":"https:\/\/earn-paire.ca\/?s={search_term_string}"},"query-input":"required name=search_term_string"}],"inLanguage":"fr-FR"}]}},"_links":{"self":[{"href":"https:\/\/earn-paire.ca\/fr\/wp-json\/wp\/v2\/pages\/7667"}],"collection":[{"href":"https:\/\/earn-paire.ca\/fr\/wp-json\/wp\/v2\/pages"}],"about":[{"href":"https:\/\/earn-paire.ca\/fr\/wp-json\/wp\/v2\/types\/page"}],"author":[{"embeddable":true,"href":"https:\/\/earn-paire.ca\/fr\/wp-json\/wp\/v2\/users\/12"}],"replies":[{"embeddable":true,"href":"https:\/\/earn-paire.ca\/fr\/wp-json\/wp\/v2\/comments?post=7667"}],"version-history":[{"count":4,"href":"https:\/\/earn-paire.ca\/fr\/wp-json\/wp\/v2\/pages\/7667\/revisions"}],"predecessor-version":[{"id":7676,"href":"https:\/\/earn-paire.ca\/fr\/wp-json\/wp\/v2\/pages\/7667\/revisions\/7676"}],"wp:attachment":[{"href":"https:\/\/earn-paire.ca\/fr\/wp-json\/wp\/v2\/media?parent=7667"}],"curies":[{"name":"wp","href":"https:\/\/api.w.org\/{rel}","templated":true}]}}