{"id":83,"date":"2014-10-17T21:12:50","date_gmt":"2014-10-17T21:12:50","guid":{"rendered":"http:\/\/spark-uwo-dev.mystagingwebsite.com\/?page_id=83"},"modified":"2022-06-30T19:35:08","modified_gmt":"2022-06-30T19:35:08","slug":"a-propos","status":"publish","type":"page","link":"https:\/\/earn-paire.ca\/fr\/a-propos\/","title":{"rendered":"\u00c0 propos"},"content":{"rendered":"<div class=\"vc_row wpb_row vc_row-fluid vc_custom_1445615314579\"><div class=\"wpb_column vc_column_container vc_col-sm-3\"><div class=\"vc_column-inner\"><div class=\"wpb_wrapper\">\n\t<div class=\"wpb_text_column wpb_content_element \" >\n\t\t<div class=\"wpb_wrapper\">\n\t\t\t<h3><strong>Participez<\/strong><\/h3>\n<p>Le PAIRE cherche activement plus d\u2019employeurs partenaires pour agrandir son r\u00e9seau!\u00a0 Apprenez-en plus sur les fa\u00e7ons de vous <a href=\"http:\/\/earn-paire.ca\/fr\/employeurs\/adhesion-au-paire\/\">joindre au PAIRE \u2013 demande d\u2019information<\/a><\/p>\n\n\t\t<\/div>\n\t<\/div>\n<\/div><\/div><\/div><div class=\"wpb_column vc_column_container vc_col-sm-6\"><div class=\"vc_column-inner vc_custom_1445625190007\"><div class=\"wpb_wrapper\">\n\t<div class=\"wpb_text_column wpb_content_element  wpb_animate_when_almost_visible wpb_right-to-left right-to-left\" >\n\t\t<div class=\"wpb_wrapper\">\n\t\t\t<h2>Le PAIRE, c\u2019est quoi?<\/h2>\n<p class=\"xmsonormal\">Le Partenariat en acc\u00e8s, informations et ressources d\u2019emploi (PAIRE) est une initiative communautaire men\u00e9e par Centraide Est de l&#8217;Ontario, qui rassemble des employeurs et des prestataires de services dans le but de multiplier les occasions d\u2019emploi et de promouvoir l\u2019accessibilit\u00e9 et l\u2019inclusion en milieu de travail pour les personnes en situation de handicap des communaut\u00e9s de Prescott et Russell, d\u2019Ottawa, ainsi que des comt\u00e9s de Lanark et de Renfrew.<\/p>\n<p class=\"p1\">Pour en apprendre davantage sur les\u00a0<a href=\"\/fr\/principes-directeurs\/\">Principes directeurs du PAIRE<\/a><\/p>\n\n\t\t<\/div>\n\t<\/div>\n\n\t<div class=\"wpb_text_column wpb_content_element  wpb_animate_when_almost_visible wpb_right-to-left right-to-left\" >\n\t\t<div class=\"wpb_wrapper\">\n\t\t\t<h2>Raison d\u2019\u00eatre du PAIRE?<\/h2>\n<p>La main-d\u2019\u0153uvre canadienne se contracte et les employeurs ont du mal \u00e0 recruter et \u00e0 maintenir en poste les talents. Par ailleurs, seulement environ 62.8 % des personnes handicap\u00e9es \u00e0 Ottawa sont actives sur le march\u00e9 du travail, par rapport \u00e0 81.4 % pour la population g\u00e9n\u00e9rale. Au total, 1 personne handicap\u00e9e sur 6 vit sous le seuil de la pauvret\u00e9. En offrant un emploi aux personnes handicap\u00e9es, on leur donne non seulement une chance d\u2019en finir avec la pauvret\u00e9, on aide aussi les employeurs \u00e0 puiser dans un bassin de talents quasiment inexploit\u00e9 et \u00e0 trouver la bonne personne pour le bon poste.<\/p>\n\n\t\t<\/div>\n\t<\/div>\n\n\t<div class=\"wpb_text_column wpb_content_element  wpb_animate_when_almost_visible wpb_right-to-left right-to-left\" >\n\t\t<div class=\"wpb_wrapper\">\n\t\t\t<h2>Comment le\u00a0PAIRE peut-il aider?<\/h2>\n<p><strong>Le PAIRE compte quatre (4) strat\u00e9gies\u00a0:<\/strong><\/p>\n<ul>\n<li>Aider les employeurs \u00e0 faire en sorte que leur milieu de travail et leurs pratiques sont inclusifs et accessibles<\/li>\n<li>Appuyer les fournisseurs de services \u00e0 cr\u00e9er des occasions d\u2019emploi\u00a0durables<\/li>\n<li>Pr\u00eacher la philosophie Emplois d\u2019abord<\/li>\n<li>Engager les gens et les jeunes handicap\u00e9s de la communaut\u00e9 dans le but d\u2019obtenir leur point de vue sur les obstacles qui les emp\u00eachent \u00e0 participer au march\u00e9 du travail<\/li>\n<\/ul>\n\n\t\t<\/div>\n\t<\/div>\n<\/div><\/div><\/div><div class=\"wpb_column vc_column_container vc_col-sm-3\"><div class=\"vc_column-inner\"><div class=\"wpb_wrapper\"><div class=\"vc_empty_space\"   style=\"height: 32px\"><span class=\"vc_empty_space_inner\"><\/span><\/div><div class=\"vc_empty_space\"   style=\"height: 32px\"><span class=\"vc_empty_space_inner\"><\/span><\/div>\n<div class=\"vc_grid-container-wrapper vc_clearfix vc_grid-animation-fadeIn\">\n\t<div class=\"vc_grid-container vc_clearfix wpb_content_element vc_media_grid\" data-initial-loading-animation=\"fadeIn\" data-vc-grid-settings=\"{&quot;page_id&quot;:83,&quot;style&quot;:&quot;all&quot;,&quot;action&quot;:&quot;vc_get_vc_grid_data&quot;,&quot;shortcode_id&quot;:&quot;1656617207754-6a36d12a8c5fdab2585d6d9c0c598728-5&quot;,&quot;tag&quot;:&quot;vc_media_grid&quot;}\" data-vc-request=\"https:\/\/earn-paire.ca\/wp-admin\/admin-ajax.php?lang=fr\" data-vc-post-id=\"83\" data-vc-public-nonce=\"392f2656c9\">\n\t\t\n\t<\/div>\n<\/div><\/div><\/div><\/div><\/div>\n","protected":false},"excerpt":{"rendered":"Participez Le PAIRE cherche activement plus d\u2019employeurs partenaires pour agrandir son r\u00e9seau!\u00a0 Apprenez-en plus sur les fa\u00e7ons de vous joindre au PAIRE \u2013 demande d\u2019information Le PAIRE, c\u2019est quoi? Le Partenariat en acc\u00e8s, informations et ressources d\u2019emploi (PAIRE) est une initiative communautaire men\u00e9e par Centraide Est de l'Ontario, qui rassemble des employeurs et des prestataires [...]","protected":false},"author":3,"featured_media":0,"parent":0,"menu_order":0,"comment_status":"closed","ping_status":"open","template":"","meta":{"_monsterinsights_skip_tracking":false,"_monsterinsights_sitenote_active":false,"_monsterinsights_sitenote_note":"","_monsterinsights_sitenote_category":0},"acf":[],"yoast_head":"<!-- This site is optimized with the Yoast SEO plugin v20.6 - https:\/\/yoast.com\/wordpress\/plugins\/seo\/ -->\n<title>\u00c0 propos - EARN - United Way East Ontario<\/title>\n<meta name=\"robots\" content=\"index, follow, max-snippet:-1, max-image-preview:large, max-video-preview:-1\" \/>\n<link rel=\"canonical\" href=\"https:\/\/earn-paire.ca\/fr\/a-propos\/\" \/>\n<meta property=\"og:locale\" content=\"fr_FR\" \/>\n<meta property=\"og:type\" content=\"article\" \/>\n<meta property=\"og:title\" content=\"\u00c0 propos - EARN - United Way East Ontario\" \/>\n<meta property=\"og:url\" content=\"https:\/\/earn-paire.ca\/fr\/a-propos\/\" \/>\n<meta property=\"og:site_name\" content=\"EARN - United Way East Ontario\" \/>\n<meta property=\"article:modified_time\" content=\"2022-06-30T19:35:08+00:00\" \/>\n<meta name=\"twitter:label1\" content=\"Dur\u00e9e de lecture estim\u00e9e\" \/>\n\t<meta name=\"twitter:data1\" content=\"2 minutes\" \/>\n<script type=\"application\/ld+json\" class=\"yoast-schema-graph\">{\"@context\":\"https:\/\/schema.org\",\"@graph\":[{\"@type\":\"WebPage\",\"@id\":\"https:\/\/earn-paire.ca\/fr\/a-propos\/\",\"url\":\"https:\/\/earn-paire.ca\/fr\/a-propos\/\",\"name\":\"\u00c0 propos - EARN - United Way East Ontario\",\"isPartOf\":{\"@id\":\"https:\/\/earn-paire.ca\/#website\"},\"datePublished\":\"2014-10-17T21:12:50+00:00\",\"dateModified\":\"2022-06-30T19:35:08+00:00\",\"breadcrumb\":{\"@id\":\"https:\/\/earn-paire.ca\/fr\/a-propos\/#breadcrumb\"},\"inLanguage\":\"fr-FR\",\"potentialAction\":[{\"@type\":\"ReadAction\",\"target\":[\"https:\/\/earn-paire.ca\/fr\/a-propos\/\"]}]},{\"@type\":\"BreadcrumbList\",\"@id\":\"https:\/\/earn-paire.ca\/fr\/a-propos\/#breadcrumb\",\"itemListElement\":[{\"@type\":\"ListItem\",\"position\":1,\"name\":\"Home\",\"item\":\"https:\/\/earn-paire.ca\/fr\/home\/\"},{\"@type\":\"ListItem\",\"position\":2,\"name\":\"\u00c0 propos\"}]},{\"@type\":\"WebSite\",\"@id\":\"https:\/\/earn-paire.ca\/#website\",\"url\":\"https:\/\/earn-paire.ca\/\",\"name\":\"EARN - United Way East Ontario\",\"description\":\"\",\"potentialAction\":[{\"@type\":\"SearchAction\",\"target\":{\"@type\":\"EntryPoint\",\"urlTemplate\":\"https:\/\/earn-paire.ca\/?s={search_term_string}\"},\"query-input\":\"required name=search_term_string\"}],\"inLanguage\":\"fr-FR\"}]}<\/script>\n<!-- \/ Yoast SEO plugin. -->","yoast_head_json":{"title":"\u00c0 propos - EARN - United Way East Ontario","robots":{"index":"index","follow":"follow","max-snippet":"max-snippet:-1","max-image-preview":"max-image-preview:large","max-video-preview":"max-video-preview:-1"},"canonical":"https:\/\/earn-paire.ca\/fr\/a-propos\/","og_locale":"fr_FR","og_type":"article","og_title":"\u00c0 propos - EARN - United Way East Ontario","og_url":"https:\/\/earn-paire.ca\/fr\/a-propos\/","og_site_name":"EARN - United Way East Ontario","article_modified_time":"2022-06-30T19:35:08+00:00","twitter_misc":{"Dur\u00e9e de lecture estim\u00e9e":"2 minutes"},"schema":{"@context":"https:\/\/schema.org","@graph":[{"@type":"WebPage","@id":"https:\/\/earn-paire.ca\/fr\/a-propos\/","url":"https:\/\/earn-paire.ca\/fr\/a-propos\/","name":"\u00c0 propos - EARN - United Way East Ontario","isPartOf":{"@id":"https:\/\/earn-paire.ca\/#website"},"datePublished":"2014-10-17T21:12:50+00:00","dateModified":"2022-06-30T19:35:08+00:00","breadcrumb":{"@id":"https:\/\/earn-paire.ca\/fr\/a-propos\/#breadcrumb"},"inLanguage":"fr-FR","potentialAction":[{"@type":"ReadAction","target":["https:\/\/earn-paire.ca\/fr\/a-propos\/"]}]},{"@type":"BreadcrumbList","@id":"https:\/\/earn-paire.ca\/fr\/a-propos\/#breadcrumb","itemListElement":[{"@type":"ListItem","position":1,"name":"Home","item":"https:\/\/earn-paire.ca\/fr\/home\/"},{"@type":"ListItem","position":2,"name":"\u00c0 propos"}]},{"@type":"WebSite","@id":"https:\/\/earn-paire.ca\/#website","url":"https:\/\/earn-paire.ca\/","name":"EARN - United Way East Ontario","description":"","potentialAction":[{"@type":"SearchAction","target":{"@type":"EntryPoint","urlTemplate":"https:\/\/earn-paire.ca\/?s={search_term_string}"},"query-input":"required name=search_term_string"}],"inLanguage":"fr-FR"}]}},"_links":{"self":[{"href":"https:\/\/earn-paire.ca\/fr\/wp-json\/wp\/v2\/pages\/83"}],"collection":[{"href":"https:\/\/earn-paire.ca\/fr\/wp-json\/wp\/v2\/pages"}],"about":[{"href":"https:\/\/earn-paire.ca\/fr\/wp-json\/wp\/v2\/types\/page"}],"author":[{"embeddable":true,"href":"https:\/\/earn-paire.ca\/fr\/wp-json\/wp\/v2\/users\/3"}],"replies":[{"embeddable":true,"href":"https:\/\/earn-paire.ca\/fr\/wp-json\/wp\/v2\/comments?post=83"}],"version-history":[{"count":13,"href":"https:\/\/earn-paire.ca\/fr\/wp-json\/wp\/v2\/pages\/83\/revisions"}],"predecessor-version":[{"id":7710,"href":"https:\/\/earn-paire.ca\/fr\/wp-json\/wp\/v2\/pages\/83\/revisions\/7710"}],"wp:attachment":[{"href":"https:\/\/earn-paire.ca\/fr\/wp-json\/wp\/v2\/media?parent=83"}],"curies":[{"name":"wp","href":"https:\/\/api.w.org\/{rel}","templated":true}]}}