{"id":908,"date":"2016-02-19T21:50:55","date_gmt":"2016-02-19T21:50:55","guid":{"rendered":"http:\/\/earn-paire.mydev.ca\/fr\/centre-des-medias\/videos-2\/"},"modified":"2019-08-09T19:40:05","modified_gmt":"2019-08-09T19:40:05","slug":"videos-2","status":"publish","type":"page","link":"https:\/\/earn-paire.ca\/fr\/centre-des-medias\/videos-2\/","title":{"rendered":"Vid\u00e9os"},"content":{"rendered":"<div class=\"vc_row wpb_row vc_row-fluid\"><div class=\"wpb_column vc_column_container vc_col-sm-3\"><div class=\"vc_column-inner\"><div class=\"wpb_wrapper\"><div  class=\"vc_wp_custommenu wpb_content_element\"><div class=\"widget widget_nav_menu\"><div class=\"menu-media-centre-menu-fr-container\"><ul id=\"menu-media-centre-menu-fr\" class=\"menu\"><li id=\"menu-item-910\" class=\"menu-item menu-item-type-post_type menu-item-object-page menu-item-910\"><a href=\"https:\/\/earn-paire.ca\/fr\/centre-des-medias\/actualites\/\">Centre des m\u00e9dias<\/a><\/li>\n<li id=\"menu-item-4184\" class=\"menu-item menu-item-type-post_type menu-item-object-page menu-item-4184\"><a href=\"https:\/\/earn-paire.ca\/fr\/centre-des-medias\/actualites\/archives-bulletins\/\">Archives des bulletins<\/a><\/li>\n<li id=\"menu-item-913\" class=\"menu-item menu-item-type-post_type menu-item-object-page menu-item-913\"><a href=\"https:\/\/earn-paire.ca\/fr\/histoires-de-reussite\/\">Histoires de r\u00e9ussite<\/a><\/li>\n<li id=\"menu-item-912\" class=\"menu-item menu-item-type-post_type menu-item-object-page menu-item-912\"><a href=\"https:\/\/earn-paire.ca\/fr\/centre-des-medias\/galerie-de-photos\/\">Galerie de photos<\/a><\/li>\n<li id=\"menu-item-3478\" class=\"menu-item menu-item-type-post_type menu-item-object-page menu-item-3478\"><a href=\"https:\/\/earn-paire.ca\/fr\/centre-des-medias\/archives-photos\/\">Archives photographiques<\/a><\/li>\n<li id=\"menu-item-911\" class=\"menu-item menu-item-type-post_type menu-item-object-page menu-item-911\"><a href=\"https:\/\/earn-paire.ca\/fr\/centre-des-medias\/videos-2\/\">Vid\u00e9os<\/a><\/li>\n<li id=\"menu-item-1184\" class=\"menu-item menu-item-type-post_type menu-item-object-page menu-item-1184\"><a href=\"https:\/\/earn-paire.ca\/fr\/centre-des-medias\/videos-posph\/\">Vid\u00e9os POSPH Aptitudes au travail<\/a><\/li>\n<li id=\"menu-item-1879\" class=\"menu-item menu-item-type-post_type menu-item-object-page menu-item-1879\"><a href=\"https:\/\/earn-paire.ca\/fr\/centre-des-medias\/actualites\/evenements\/\">\u00c9v\u00e8nements des partenaires<\/a><\/li>\n<\/ul><\/div><\/div><\/div><\/div><\/div><\/div><div class=\"wpb_column vc_column_container vc_col-sm-9\"><div class=\"vc_column-inner\"><div class=\"wpb_wrapper\"><div class=\"vc_row wpb_row vc_inner vc_row-fluid\"><div class=\"wpb_column vc_column_container vc_col-sm-6\"><div class=\"vc_column-inner\"><div class=\"wpb_wrapper\"><div id=\"ts-vcsc-youtube-9035485\" class=\"ts-vcsc-youtube-9035485-parent nch-holder  nchgrid-item nch-lightbox-youtube nch-lightbox-single nchgrid-lighbox-show-onlydeco nch-lightbox-hover-zoom  \" style=\"margin-top: 0px; margin-bottom: 0px; width: 100%; height: 100%;\"><a href=\"https:\/\/www.youtube.com\/watch?v=opBbXD2QHjI&amp;feature=youtu.be\" class=\"nch-lightbox-media no-ajaxy\" target=\"_blank\" data-thumbnail=\"https:\/\/img.youtube.com\/vi\/opBbXD2QHjI\/hqdefault.jpg\" data-title=\"\" data-contenttype=\"video\" data-listid=\"\" data-userid=\"\" data-videofirst=\"\" data-videosother=\"\" data-search=\"\" data-infobar=\"true\" data-controls=\"1\" data-autohide=\"1\" data-start=\"0\" data-end=\"0\" data-related=\"false\" data-loop=\"false\" data-modest=\"false\" data-quality=\"auto\" data-videoplay=\"false\" data-type=\"youtube\" rel=\"videosFrench\" data-effect=\"random\" data-share=\"0\" data-duration=\"5000\"  ><img class=\"nchgrid-image-zoom\" src=\"https:\/\/img.youtube.com\/vi\/opBbXD2QHjI\/hqdefault.jpg\" title=\"\" data-no-lazy=\"1\" style=\"display: block; width: 100%; height: auto;\"><div class=\"nchgrid-caption nchgrid-caption-custom\" style=\"background-color: rgba(24,24,24,0.3); \"><i class=\"nchgrid-caption-icon fa fa-handshake-o\" style=\"opacity: 0.75; color: #ededed; font-size: 50px; line-height: 50px;\"><\/i><\/div><\/a><\/div>\n\t<div class=\"wpb_text_column wpb_content_element \" >\n\t\t<div class=\"wpb_wrapper\">\n\t\t\t<p>Les programmes et services d&#8217;Arches.<\/p>\n\n\t\t<\/div>\n\t<\/div>\n<\/div><\/div><\/div><div class=\"wpb_column vc_column_container vc_col-sm-6\"><div class=\"vc_column-inner\"><div class=\"wpb_wrapper\"><div id=\"ts-vcsc-youtube-1233877\" class=\"ts-vcsc-youtube-1233877-parent nch-holder  nchgrid-item nch-lightbox-youtube nch-lightbox-single nchgrid-lighbox-show-onlydeco nch-lightbox-hover-zoom  \" style=\"margin-top: 0px; margin-bottom: 0px; width: 100%; height: 100%;\"><a href=\"https:\/\/youtu.be\/QA5swBDidH4\" class=\"nch-lightbox-media no-ajaxy\" target=\"_blank\" data-thumbnail=\"https:\/\/img.youtube.com\/vi\/QA5swBDidH4\/hqdefault.jpg\" data-title=\"\" data-contenttype=\"video\" data-listid=\"\" data-userid=\"\" data-videofirst=\"\" data-videosother=\"\" data-search=\"\" data-infobar=\"true\" data-controls=\"1\" data-autohide=\"1\" data-start=\"0\" data-end=\"0\" data-related=\"false\" data-loop=\"false\" data-modest=\"false\" data-quality=\"auto\" data-videoplay=\"false\" data-type=\"youtube\" rel=\"videosFrench\" data-effect=\"random\" data-share=\"0\" data-duration=\"5000\"  ><img class=\"nchgrid-image-zoom\" src=\"https:\/\/img.youtube.com\/vi\/QA5swBDidH4\/hqdefault.jpg\" title=\"\" data-no-lazy=\"1\" style=\"display: block; width: 100%; height: auto;\"><div class=\"nchgrid-caption nchgrid-caption-custom\" style=\"background-color: rgba(24,24,24,0.3); \"><i class=\"nchgrid-caption-icon fa fa-handshake-o\" style=\"opacity: 0.75; color: #ededed; font-size: 50px; line-height: 50px;\"><\/i><\/div><\/a><\/div>\n\t<div class=\"wpb_text_column wpb_content_element \" >\n\t\t<div class=\"wpb_wrapper\">\n\t\t\t<p>Jennie a trouv\u00e9 le meilleur emploi.<\/p>\n\n\t\t<\/div>\n\t<\/div>\n<\/div><\/div><\/div><\/div><div class=\"vc_row wpb_row vc_inner vc_row-fluid\"><div class=\"wpb_column vc_column_container vc_col-sm-6\"><div class=\"vc_column-inner\"><div class=\"wpb_wrapper\"><div id=\"ts-vcsc-youtube-1774360\" class=\"ts-vcsc-youtube-1774360-parent nch-holder  nchgrid-item nch-lightbox-youtube nch-lightbox-single nchgrid-lighbox-show-onlydeco nch-lightbox-hover-zoom  \" style=\"margin-top: 0px; margin-bottom: 0px; width: 100%; height: 100%;\"><a href=\"https:\/\/youtu.be\/pgy1kJQekMQ\" class=\"nch-lightbox-media no-ajaxy\" target=\"_blank\" data-thumbnail=\"https:\/\/img.youtube.com\/vi\/pgy1kJQekMQ\/hqdefault.jpg\" data-title=\"\" data-contenttype=\"video\" data-listid=\"\" data-userid=\"\" data-videofirst=\"\" data-videosother=\"\" data-search=\"\" data-infobar=\"true\" data-controls=\"1\" data-autohide=\"1\" data-start=\"0\" data-end=\"0\" data-related=\"false\" data-loop=\"false\" data-modest=\"false\" data-quality=\"auto\" data-videoplay=\"false\" data-type=\"youtube\" rel=\"videosFrench\" data-effect=\"random\" data-share=\"0\" data-duration=\"5000\"  ><img class=\"nchgrid-image-zoom\" src=\"https:\/\/img.youtube.com\/vi\/pgy1kJQekMQ\/hqdefault.jpg\" title=\"\" data-no-lazy=\"1\" style=\"display: block; width: 100%; height: auto;\"><div class=\"nchgrid-caption nchgrid-caption-custom\" style=\"background-color: rgba(24,24,24,0.3); \"><i class=\"nchgrid-caption-icon ts-awesome-play-circle-o\" style=\"opacity: 0.75; color: #ededed; font-size: 50px; line-height: 50px;\"><\/i><\/div><\/a><\/div>\n\t<div class=\"wpb_text_column wpb_content_element \" >\n\t\t<div class=\"wpb_wrapper\">\n\t\t\t<p>Le compte-rendu de Centraide\u00a0: la Soci\u00e9t\u00e9 John Howard<\/p>\n\n\t\t<\/div>\n\t<\/div>\n<\/div><\/div><\/div><div class=\"wpb_column vc_column_container vc_col-sm-6\"><div class=\"vc_column-inner\"><div class=\"wpb_wrapper\"><div id=\"ts-vcsc-youtube-1819495\" class=\"ts-vcsc-youtube-1819495-parent nch-holder  nchgrid-item nch-lightbox-youtube nch-lightbox-single nchgrid-lighbox-show-onlydeco nch-lightbox-hover-zoom  \" style=\"margin-top: 0px; margin-bottom: 0px; width: 100%; height: 100%;\"><a href=\"https:\/\/www.youtube.com\/watch?v=ottPDAmCydw\" class=\"nch-lightbox-media no-ajaxy\" target=\"_blank\" data-thumbnail=\"https:\/\/img.youtube.com\/vi\/ottPDAmCydw\/hqdefault.jpg\" data-title=\"\" data-contenttype=\"video\" data-listid=\"\" data-userid=\"\" data-videofirst=\"\" data-videosother=\"\" data-search=\"\" data-infobar=\"true\" data-controls=\"1\" data-autohide=\"1\" data-start=\"0\" data-end=\"0\" data-related=\"false\" data-loop=\"false\" data-modest=\"false\" data-quality=\"auto\" data-videoplay=\"false\" data-type=\"youtube\" rel=\"videosFrench\" data-effect=\"random\" data-share=\"0\" data-duration=\"5000\"  ><img class=\"nchgrid-image-zoom\" src=\"https:\/\/img.youtube.com\/vi\/ottPDAmCydw\/hqdefault.jpg\" title=\"\" data-no-lazy=\"1\" style=\"display: block; width: 100%; height: auto;\"><div class=\"nchgrid-caption nchgrid-caption-custom\" style=\"background-color: rgba(24,24,24,0.3); \"><i class=\"nchgrid-caption-icon fa fa-handshake-o\" style=\"opacity: 0.75; color: #ededed; font-size: 50px; line-height: 50px;\"><\/i><\/div><\/a><\/div>\n\t<div class=\"wpb_text_column wpb_content_element \" >\n\t\t<div class=\"wpb_wrapper\">\n\t\t\t<p>Un emploi peut changer une vie<\/p>\n\n\t\t<\/div>\n\t<\/div>\n<\/div><\/div><\/div><\/div><div class=\"vc_row wpb_row vc_inner vc_row-fluid\"><div class=\"wpb_column vc_column_container vc_col-sm-6\"><div class=\"vc_column-inner\"><div class=\"wpb_wrapper\"><div id=\"ts-vcsc-youtube-3082466\" class=\"ts-vcsc-youtube-3082466-parent nch-holder  nchgrid-item nch-lightbox-youtube nch-lightbox-single nchgrid-lighbox-show-onlydeco nch-lightbox-hover-zoom  \" style=\"margin-top: 0px; margin-bottom: 0px; width: 100%; height: 100%;\"><a href=\"https:\/\/www.youtube.com\/watch?v=JqvrOXHuhFA\" class=\"nch-lightbox-media no-ajaxy\" target=\"_blank\" data-thumbnail=\"https:\/\/img.youtube.com\/vi\/JqvrOXHuhFA\/hqdefault.jpg\" data-title=\"\" data-contenttype=\"video\" data-listid=\"\" data-userid=\"\" data-videofirst=\"\" data-videosother=\"\" data-search=\"\" data-infobar=\"true\" data-controls=\"1\" data-autohide=\"1\" data-start=\"0\" data-end=\"0\" data-related=\"false\" data-loop=\"false\" data-modest=\"false\" data-quality=\"auto\" data-videoplay=\"false\" data-type=\"youtube\" rel=\"videosFrench\" data-effect=\"random\" data-share=\"0\" data-duration=\"5000\"  ><img class=\"nchgrid-image-zoom\" src=\"https:\/\/img.youtube.com\/vi\/JqvrOXHuhFA\/hqdefault.jpg\" title=\"\" data-no-lazy=\"1\" style=\"display: block; width: 100%; height: auto;\"><div class=\"nchgrid-caption nchgrid-caption-custom\" style=\"background-color: rgba(24,24,24,0.3); \"><i class=\"nchgrid-caption-icon ts-awesome-play-circle-o\" style=\"opacity: 0.75; color: #ededed; font-size: 50px; line-height: 50px;\"><\/i><\/div><\/a><\/div>\n\t<div class=\"wpb_text_column wpb_content_element \" >\n\t\t<div class=\"wpb_wrapper\">\n\t\t\t<p>Heather : l\u2019autonomie par l\u2019emploi<\/p>\n\n\t\t<\/div>\n\t<\/div>\n<\/div><\/div><\/div><div class=\"wpb_column vc_column_container vc_col-sm-6\"><div class=\"vc_column-inner\"><div class=\"wpb_wrapper\"><div id=\"ts-vcsc-youtube-9198339\" class=\"ts-vcsc-youtube-9198339-parent nch-holder  nchgrid-item nch-lightbox-youtube nch-lightbox-single nchgrid-lighbox-show-onlydeco nch-lightbox-hover-zoom  \" style=\"margin-top: 0px; margin-bottom: 0px; width: 100%; height: 100%;\"><a href=\"https:\/\/www.youtube.com\/watch?v=bSyZUTCOP0c\" class=\"nch-lightbox-media no-ajaxy\" target=\"_blank\" data-thumbnail=\"https:\/\/img.youtube.com\/vi\/bSyZUTCOP0c\/hqdefault.jpg\" data-title=\"\" data-contenttype=\"video\" data-listid=\"\" data-userid=\"\" data-videofirst=\"\" data-videosother=\"\" data-search=\"\" data-infobar=\"true\" data-controls=\"1\" data-autohide=\"1\" data-start=\"0\" data-end=\"0\" data-related=\"false\" data-loop=\"false\" data-modest=\"false\" data-quality=\"auto\" data-videoplay=\"false\" data-type=\"youtube\" rel=\"videosFrench\" data-effect=\"random\" data-share=\"0\" data-duration=\"5000\"  ><img class=\"nchgrid-image-zoom\" src=\"https:\/\/img.youtube.com\/vi\/bSyZUTCOP0c\/hqdefault.jpg\" title=\"\" data-no-lazy=\"1\" style=\"display: block; width: 100%; height: auto;\"><div class=\"nchgrid-caption nchgrid-caption-custom\" style=\"background-color: rgba(24,24,24,0.3); \"><i class=\"nchgrid-caption-icon ts-awesome-play-circle-o\" style=\"opacity: 0.75; color: #ededed; font-size: 50px; line-height: 50px;\"><\/i><\/div><\/a><\/div>\n\t<div class=\"wpb_text_column wpb_content_element \" >\n\t\t<div class=\"wpb_wrapper\">\n\t\t\t<p>Krackers\u00a0: une communaut\u00e9 pour Stephanie<\/p>\n\n\t\t<\/div>\n\t<\/div>\n<\/div><\/div><\/div><\/div><div class=\"vc_row wpb_row vc_inner vc_row-fluid\"><div class=\"wpb_column vc_column_container vc_col-sm-6\"><div class=\"vc_column-inner\"><div class=\"wpb_wrapper\"><div id=\"ts-vcsc-youtube-1055661\" class=\"ts-vcsc-youtube-1055661-parent nch-holder  nchgrid-item nch-lightbox-youtube nch-lightbox-single nchgrid-lighbox-show-onlydeco nch-lightbox-hover-zoom  \" style=\"margin-top: 0px; margin-bottom: 0px; width: 100%; height: 100%;\"><a href=\"https:\/\/www.youtube.com\/watch?v=CxkpBGVQgg0\" class=\"nch-lightbox-media no-ajaxy\" target=\"_blank\" data-thumbnail=\"https:\/\/img.youtube.com\/vi\/CxkpBGVQgg0\/hqdefault.jpg\" data-title=\"\" data-contenttype=\"video\" data-listid=\"\" data-userid=\"\" data-videofirst=\"\" data-videosother=\"\" data-search=\"\" data-infobar=\"true\" data-controls=\"1\" data-autohide=\"1\" data-start=\"0\" data-end=\"0\" data-related=\"false\" data-loop=\"false\" data-modest=\"false\" data-quality=\"auto\" data-videoplay=\"false\" data-type=\"youtube\" rel=\"videosFrench\" data-effect=\"random\" data-share=\"0\" data-duration=\"5000\"  ><img class=\"nchgrid-image-zoom\" src=\"https:\/\/img.youtube.com\/vi\/CxkpBGVQgg0\/hqdefault.jpg\" title=\"\" data-no-lazy=\"1\" style=\"display: block; width: 100%; height: auto;\"><div class=\"nchgrid-caption nchgrid-caption-custom\" style=\"background-color: rgba(24,24,24,0.3); \"><i class=\"nchgrid-caption-icon ts-awesome-play-circle-o\" style=\"opacity: 0.75; color: #ededed; font-size: 50px; line-height: 50px;\"><\/i><\/div><\/a><\/div>\n\t<div class=\"wpb_text_column wpb_content_element \" >\n\t\t<div class=\"wpb_wrapper\">\n\t\t\t<p>Rapport de CBC Ottawa sur le lancement du PAIRE, mettant en vedette Heather McAdam de Westin et LiveWorkPlay<\/p>\n\n\t\t<\/div>\n\t<\/div>\n<\/div><\/div><\/div><div class=\"wpb_column vc_column_container vc_col-sm-6\"><div class=\"vc_column-inner\"><div class=\"wpb_wrapper\"><div id=\"ts-vcsc-youtube-7420407\" class=\"ts-vcsc-youtube-7420407-parent nch-holder  nchgrid-item nch-lightbox-youtube nch-lightbox-single nchgrid-lighbox-show-onlydeco nch-lightbox-hover-zoom  \" style=\"margin-top: 0px; margin-bottom: 0px; width: 100%; height: 100%;\"><a href=\"https:\/\/www.youtube.com\/watch?v=WWh3hO-_6qU\" class=\"nch-lightbox-media no-ajaxy\" target=\"_blank\" data-thumbnail=\"https:\/\/img.youtube.com\/vi\/WWh3hO-_6qU\/hqdefault.jpg\" data-title=\"\" data-contenttype=\"video\" data-listid=\"\" data-userid=\"\" data-videofirst=\"\" data-videosother=\"\" data-search=\"\" data-infobar=\"true\" data-controls=\"1\" data-autohide=\"1\" data-start=\"0\" data-end=\"0\" data-related=\"false\" data-loop=\"false\" data-modest=\"false\" data-quality=\"auto\" data-videoplay=\"false\" data-type=\"youtube\" rel=\"videosFrench\" data-effect=\"random\" data-share=\"0\" data-duration=\"5000\"  ><img class=\"nchgrid-image-zoom\" src=\"https:\/\/img.youtube.com\/vi\/WWh3hO-_6qU\/hqdefault.jpg\" title=\"\" data-no-lazy=\"1\" style=\"display: block; width: 100%; height: auto;\"><div class=\"nchgrid-caption nchgrid-caption-custom\" style=\"background-color: rgba(24,24,24,0.3); \"><i class=\"nchgrid-caption-icon ts-awesome-play-circle-o\" style=\"opacity: 0.75; color: #ededed; font-size: 50px; line-height: 50px;\"><\/i><\/div><\/a><\/div>\n\t<div class=\"wpb_text_column wpb_content_element \" >\n\t\t<div class=\"wpb_wrapper\">\n\t\t\t<p>Autre conf\u00e9rence r\u00e9ussie pour le PAIRE<\/p>\n\n\t\t<\/div>\n\t<\/div>\n<\/div><\/div><\/div><\/div><div class=\"vc_row wpb_row vc_inner vc_row-fluid\"><div class=\"wpb_column vc_column_container vc_col-sm-6\"><div class=\"vc_column-inner\"><div class=\"wpb_wrapper\"><div id=\"ts-vcsc-youtube-1444083\" class=\"ts-vcsc-youtube-1444083-parent nch-holder  nchgrid-item nch-lightbox-youtube nch-lightbox-single nchgrid-lighbox-show-onlydeco nch-lightbox-hover-zoom  \" style=\"margin-top: 0px; margin-bottom: 0px; width: 100%; height: 100%;\"><a href=\"https:\/\/www.youtube.com\/watch?v=y6QOqfTitnE\" class=\"nch-lightbox-media no-ajaxy\" target=\"_blank\" data-thumbnail=\"https:\/\/img.youtube.com\/vi\/y6QOqfTitnE\/hqdefault.jpg\" data-title=\"\" data-contenttype=\"video\" data-listid=\"\" data-userid=\"\" data-videofirst=\"\" data-videosother=\"\" data-search=\"\" data-infobar=\"true\" data-controls=\"1\" data-autohide=\"1\" data-start=\"0\" data-end=\"0\" data-related=\"false\" data-loop=\"false\" data-modest=\"false\" data-quality=\"auto\" data-videoplay=\"false\" data-type=\"youtube\" rel=\"videosFrench\" data-effect=\"random\" data-share=\"0\" data-duration=\"5000\"  ><img class=\"nchgrid-image-zoom\" src=\"https:\/\/img.youtube.com\/vi\/y6QOqfTitnE\/hqdefault.jpg\" title=\"\" data-no-lazy=\"1\" style=\"display: block; width: 100%; height: auto;\"><div class=\"nchgrid-caption nchgrid-caption-custom\" style=\"background-color: rgba(24,24,24,0.3); \"><i class=\"nchgrid-caption-icon ts-awesome-play-circle-o\" style=\"opacity: 0.75; color: #ededed; font-size: 50px; line-height: 50px;\"><\/i><\/div><\/a><\/div>\n\t<div class=\"wpb_text_column wpb_content_element  vc_custom_1455918591666\" >\n\t\t<div class=\"wpb_wrapper\">\n\t\t\t<p>Voici Andrew, l\u2019un des nombreux chercheurs d\u2019emploi qui a particip\u00e9 au salon de l\u2019emploi du PAIRE<\/p>\n\n\t\t<\/div>\n\t<\/div>\n<\/div><\/div><\/div><div class=\"wpb_column vc_column_container vc_col-sm-6\"><div class=\"vc_column-inner\"><div class=\"wpb_wrapper\"><div id=\"ts-vcsc-youtube-7571197\" class=\"ts-vcsc-youtube-7571197-parent nch-holder  nchgrid-item nch-lightbox-youtube nch-lightbox-single nchgrid-lighbox-show-onlydeco nch-lightbox-hover-zoom  \" style=\"margin-top: 0px; margin-bottom: 0px; width: 100%; height: 100%;\"><a href=\"https:\/\/www.youtube.com\/watch?v=TTNZznXOdb4\" class=\"nch-lightbox-media no-ajaxy\" target=\"_blank\" data-thumbnail=\"https:\/\/img.youtube.com\/vi\/TTNZznXOdb4\/hqdefault.jpg\" data-title=\"\" data-contenttype=\"video\" data-listid=\"\" data-userid=\"\" data-videofirst=\"\" data-videosother=\"\" data-search=\"\" data-infobar=\"true\" data-controls=\"1\" data-autohide=\"1\" data-start=\"0\" data-end=\"0\" data-related=\"false\" data-loop=\"false\" data-modest=\"false\" data-quality=\"auto\" data-videoplay=\"false\" data-type=\"youtube\" rel=\"videosFrench\" data-effect=\"random\" data-share=\"0\" data-duration=\"5000\"  ><img class=\"nchgrid-image-zoom\" src=\"https:\/\/img.youtube.com\/vi\/TTNZznXOdb4\/hqdefault.jpg\" title=\"\" data-no-lazy=\"1\" style=\"display: block; width: 100%; height: auto;\"><div class=\"nchgrid-caption nchgrid-caption-custom\" style=\"background-color: rgba(24,24,24,0.3); \"><i class=\"nchgrid-caption-icon ts-awesome-play-circle-o\" style=\"opacity: 0.75; color: #ededed; font-size: 50px; line-height: 50px;\"><\/i><\/div><\/a><\/div>\n\t<div class=\"wpb_text_column wpb_content_element \" >\n\t\t<div class=\"wpb_wrapper\">\n\t\t\t<p>Premier salon de l\u2019emploi du PAIRE\u00a0: comment aider les personnes handicap\u00e9es \u00e0 se trouver un emploi<\/p>\n\n\t\t<\/div>\n\t<\/div>\n<\/div><\/div><\/div><\/div><\/div><\/div><\/div><\/div>\n","protected":false},"excerpt":{"rendered":"Centre des m\u00e9dias Archives des bulletins Histoires de r\u00e9ussite Galerie de photos Archives photographiques Vid\u00e9os Vid\u00e9os POSPH Aptitudes au travail \u00c9v\u00e8nements des partenaires Les programmes et services d'Arches. Jennie a trouv\u00e9 le meilleur emploi. Le compte-rendu de Centraide\u00a0: la Soci\u00e9t\u00e9 John Howard Un emploi peut changer une vie Heather : l\u2019autonomie par l\u2019emploi Krackers\u00a0: une [...]","protected":false},"author":3,"featured_media":0,"parent":99,"menu_order":0,"comment_status":"closed","ping_status":"closed","template":"","meta":{"_monsterinsights_skip_tracking":false,"_monsterinsights_sitenote_active":false,"_monsterinsights_sitenote_note":"","_monsterinsights_sitenote_category":0},"acf":[],"yoast_head":"<!-- This site is optimized with the Yoast SEO plugin v20.6 - https:\/\/yoast.com\/wordpress\/plugins\/seo\/ -->\n<title>Vid\u00e9os - EARN - United Way East Ontario<\/title>\n<meta name=\"robots\" content=\"index, follow, max-snippet:-1, max-image-preview:large, max-video-preview:-1\" \/>\n<link rel=\"canonical\" href=\"https:\/\/earn-paire.ca\/fr\/centre-des-medias\/videos-2\/\" \/>\n<meta property=\"og:locale\" content=\"fr_FR\" \/>\n<meta property=\"og:type\" content=\"article\" \/>\n<meta property=\"og:title\" content=\"Vid\u00e9os - EARN - United Way East Ontario\" \/>\n<meta property=\"og:url\" content=\"https:\/\/earn-paire.ca\/fr\/centre-des-medias\/videos-2\/\" \/>\n<meta property=\"og:site_name\" content=\"EARN - United Way East Ontario\" \/>\n<meta property=\"article:modified_time\" content=\"2019-08-09T19:40:05+00:00\" \/>\n<meta name=\"twitter:label1\" content=\"Dur\u00e9e de lecture estim\u00e9e\" \/>\n\t<meta name=\"twitter:data1\" content=\"4 minutes\" \/>\n<script type=\"application\/ld+json\" class=\"yoast-schema-graph\">{\"@context\":\"https:\/\/schema.org\",\"@graph\":[{\"@type\":\"WebPage\",\"@id\":\"https:\/\/earn-paire.ca\/fr\/centre-des-medias\/videos-2\/\",\"url\":\"https:\/\/earn-paire.ca\/fr\/centre-des-medias\/videos-2\/\",\"name\":\"Vid\u00e9os - EARN - United Way East Ontario\",\"isPartOf\":{\"@id\":\"https:\/\/earn-paire.ca\/#website\"},\"datePublished\":\"2016-02-19T21:50:55+00:00\",\"dateModified\":\"2019-08-09T19:40:05+00:00\",\"breadcrumb\":{\"@id\":\"https:\/\/earn-paire.ca\/fr\/centre-des-medias\/videos-2\/#breadcrumb\"},\"inLanguage\":\"fr-FR\",\"potentialAction\":[{\"@type\":\"ReadAction\",\"target\":[\"https:\/\/earn-paire.ca\/fr\/centre-des-medias\/videos-2\/\"]}]},{\"@type\":\"BreadcrumbList\",\"@id\":\"https:\/\/earn-paire.ca\/fr\/centre-des-medias\/videos-2\/#breadcrumb\",\"itemListElement\":[{\"@type\":\"ListItem\",\"position\":1,\"name\":\"Home\",\"item\":\"https:\/\/earn-paire.ca\/fr\/home\/\"},{\"@type\":\"ListItem\",\"position\":2,\"name\":\"Centre des m\u00e9dias\",\"item\":\"https:\/\/earn-paire.ca\/fr\/centre-des-medias\/\"},{\"@type\":\"ListItem\",\"position\":3,\"name\":\"Vid\u00e9os\"}]},{\"@type\":\"WebSite\",\"@id\":\"https:\/\/earn-paire.ca\/#website\",\"url\":\"https:\/\/earn-paire.ca\/\",\"name\":\"EARN - United Way East Ontario\",\"description\":\"\",\"potentialAction\":[{\"@type\":\"SearchAction\",\"target\":{\"@type\":\"EntryPoint\",\"urlTemplate\":\"https:\/\/earn-paire.ca\/?s={search_term_string}\"},\"query-input\":\"required name=search_term_string\"}],\"inLanguage\":\"fr-FR\"}]}<\/script>\n<!-- \/ Yoast SEO plugin. -->","yoast_head_json":{"title":"Vid\u00e9os - EARN - United Way East Ontario","robots":{"index":"index","follow":"follow","max-snippet":"max-snippet:-1","max-image-preview":"max-image-preview:large","max-video-preview":"max-video-preview:-1"},"canonical":"https:\/\/earn-paire.ca\/fr\/centre-des-medias\/videos-2\/","og_locale":"fr_FR","og_type":"article","og_title":"Vid\u00e9os - EARN - United Way East Ontario","og_url":"https:\/\/earn-paire.ca\/fr\/centre-des-medias\/videos-2\/","og_site_name":"EARN - United Way East Ontario","article_modified_time":"2019-08-09T19:40:05+00:00","twitter_misc":{"Dur\u00e9e de lecture estim\u00e9e":"4 minutes"},"schema":{"@context":"https:\/\/schema.org","@graph":[{"@type":"WebPage","@id":"https:\/\/earn-paire.ca\/fr\/centre-des-medias\/videos-2\/","url":"https:\/\/earn-paire.ca\/fr\/centre-des-medias\/videos-2\/","name":"Vid\u00e9os - EARN - United Way East Ontario","isPartOf":{"@id":"https:\/\/earn-paire.ca\/#website"},"datePublished":"2016-02-19T21:50:55+00:00","dateModified":"2019-08-09T19:40:05+00:00","breadcrumb":{"@id":"https:\/\/earn-paire.ca\/fr\/centre-des-medias\/videos-2\/#breadcrumb"},"inLanguage":"fr-FR","potentialAction":[{"@type":"ReadAction","target":["https:\/\/earn-paire.ca\/fr\/centre-des-medias\/videos-2\/"]}]},{"@type":"BreadcrumbList","@id":"https:\/\/earn-paire.ca\/fr\/centre-des-medias\/videos-2\/#breadcrumb","itemListElement":[{"@type":"ListItem","position":1,"name":"Home","item":"https:\/\/earn-paire.ca\/fr\/home\/"},{"@type":"ListItem","position":2,"name":"Centre des m\u00e9dias","item":"https:\/\/earn-paire.ca\/fr\/centre-des-medias\/"},{"@type":"ListItem","position":3,"name":"Vid\u00e9os"}]},{"@type":"WebSite","@id":"https:\/\/earn-paire.ca\/#website","url":"https:\/\/earn-paire.ca\/","name":"EARN - United Way East Ontario","description":"","potentialAction":[{"@type":"SearchAction","target":{"@type":"EntryPoint","urlTemplate":"https:\/\/earn-paire.ca\/?s={search_term_string}"},"query-input":"required name=search_term_string"}],"inLanguage":"fr-FR"}]}},"_links":{"self":[{"href":"https:\/\/earn-paire.ca\/fr\/wp-json\/wp\/v2\/pages\/908"}],"collection":[{"href":"https:\/\/earn-paire.ca\/fr\/wp-json\/wp\/v2\/pages"}],"about":[{"href":"https:\/\/earn-paire.ca\/fr\/wp-json\/wp\/v2\/types\/page"}],"author":[{"embeddable":true,"href":"https:\/\/earn-paire.ca\/fr\/wp-json\/wp\/v2\/users\/3"}],"replies":[{"embeddable":true,"href":"https:\/\/earn-paire.ca\/fr\/wp-json\/wp\/v2\/comments?post=908"}],"version-history":[{"count":6,"href":"https:\/\/earn-paire.ca\/fr\/wp-json\/wp\/v2\/pages\/908\/revisions"}],"predecessor-version":[{"id":5144,"href":"https:\/\/earn-paire.ca\/fr\/wp-json\/wp\/v2\/pages\/908\/revisions\/5144"}],"up":[{"embeddable":true,"href":"https:\/\/earn-paire.ca\/fr\/wp-json\/wp\/v2\/pages\/99"}],"wp:attachment":[{"href":"https:\/\/earn-paire.ca\/fr\/wp-json\/wp\/v2\/media?parent=908"}],"curies":[{"name":"wp","href":"https:\/\/api.w.org\/{rel}","templated":true}]}}