{"id":909,"date":"2016-02-19T21:52:53","date_gmt":"2016-02-19T21:52:53","guid":{"rendered":"http:\/\/earnuwo.wpengine.com\/fr\/?page_id=909"},"modified":"2024-01-16T17:59:02","modified_gmt":"2024-01-16T17:59:02","slug":"actualites","status":"publish","type":"page","link":"https:\/\/earn-paire.ca\/fr\/centre-des-medias\/actualites\/","title":{"rendered":"Centre des m\u00e9dias"},"content":{"rendered":"<div class=\"vc_row wpb_row vc_row-fluid\"><div class=\"wpb_column vc_column_container vc_col-sm-3 vc_col-xs-12\"><div class=\"vc_column-inner\"><div class=\"wpb_wrapper\">\n\t<div class=\"wpb_text_column wpb_content_element \" >\n\t\t<div class=\"wpb_wrapper\">\n\t\t\t<ul id=\"menu-media-centre-menu-fr\" class=\"menu\">\n<li id=\"menu-item-4184\" class=\"menu-item menu-item-type-post_type menu-item-object-page menu-item-4184\"><a href=\"https:\/\/earn-paire.ca\/fr\/centre-des-medias\/actualites\/archives-bulletins\/\">Archives des bulletins<\/a><\/li>\n<li id=\"menu-item-911\" class=\"menu-item menu-item-type-post_type menu-item-object-page menu-item-911\"><a href=\"https:\/\/earn-paire.ca\/fr\/centre-des-medias\/videos-2\/\">Vid\u00e9os<\/a><\/li>\n<li id=\"menu-item-1184\" class=\"menu-item menu-item-type-post_type menu-item-object-page menu-item-1184\"><a href=\"https:\/\/earn-paire.ca\/fr\/centre-des-medias\/videos-posph\/\">Vid\u00e9os POSPH Aptitudes au travail<\/a><\/li>\n<\/ul>\n\n\t\t<\/div>\n\t<\/div>\n<\/div><\/div><\/div><div class=\"wpb_column vc_column_container vc_col-sm-9 vc_col-xs-12\"><div class=\"vc_column-inner\"><div class=\"wpb_wrapper\">\n\t<div class=\"wpb_text_column wpb_content_element \" >\n\t\t<div class=\"wpb_wrapper\">\n\t\t\t<p><strong>Bulletin disponible en anglais seulement.<br \/>\n<\/strong>Si vous souhaitez \u00eatre ajout\u00e9 \u00e0 la liste de distribution du bulletin, veuillez nous envoyer un courriel \u00e0 : <a href=\"mailto:earn@unitedwayeo.ca\">earn@unitedwayeo.ca<\/a><\/p>\n\n\t\t<\/div>\n\t<\/div>\n<div class=\"vc_row wpb_row vc_inner vc_row-fluid vc_custom_1681396338373\"><div class=\"wpb_column vc_column_container vc_col-sm-6 vc_col-xs-12\"><div class=\"vc_column-inner\"><div class=\"wpb_wrapper\">\n\t<div class=\"wpb_text_column wpb_content_element \" >\n\t\t<div class=\"wpb_wrapper\">\n\t\t\t<h2 style=\"margin-top: 0;\">2023<\/h2>\n<p><a href=\"https:\/\/mailchi.mp\/b7a329b32350\/earn-winter-2023\" target=\"_blank\" rel=\"noopener\"><u>EARN E-Newsletter Winter 2023<\/u><\/a><\/p>\n<p><a href=\"https:\/\/mailchi.mp\/a1b1eb7d39c4\/earn-summer-15084112\" target=\"_blank\" rel=\"noopener\"><u>EARN E-Newsletter Spring 2023<\/u><\/a><\/p>\n\n\t\t<\/div>\n\t<\/div>\n<\/div><\/div><\/div><div class=\"wpb_column vc_column_container vc_col-sm-6 vc_col-xs-12\"><div class=\"vc_column-inner\"><div class=\"wpb_wrapper\">\n\t<div class=\"wpb_text_column wpb_content_element \" >\n\t\t<div class=\"wpb_wrapper\">\n\t\t\t<h2 style=\"margin-top: 0;\">2022<\/h2>\n<p><a href=\"https:\/\/mailchi.mp\/e9a530f3eaa6\/earn-summer-15057785\" target=\"_blank\" rel=\"noopener\"><u>EARN E-Newsletter Fall 2022<\/u><\/a><\/p>\n<p><a href=\"http:\/\/mailchi.mp\/323b94c6b2c3\/earn-summer-2022\" target=\"_blank\" rel=\"noopener\"><u>EARN E-Newsletter Summer 2022<\/u><\/a><\/p>\n<p><a href=\"http:\/\/mailchi.mp\/d4d263b324ef\/earn-spring-2022-e-news\" target=\"_blank\" rel=\"noopener\"><u>EARN E-Newsletter Spring 2022<\/u><\/a><\/p>\n\n\t\t<\/div>\n\t<\/div>\n<\/div><\/div><\/div><\/div><div class=\"vc_row wpb_row vc_inner vc_row-fluid\"><div class=\"wpb_column vc_column_container vc_col-sm-6 vc_col-xs-12\"><div class=\"vc_column-inner\"><div class=\"wpb_wrapper\">\n\t<div class=\"wpb_text_column wpb_content_element \" >\n\t\t<div class=\"wpb_wrapper\">\n\t\t\t<h2 style=\"margin-top: 0;\">2021<\/h2>\n<p><a href=\"http:\/\/mailchi.mp\/93b2c1317697\/earn-winter-2021-news\" target=\"_blank\" rel=\"noopener\"><u>EARN E-Newsletter Winter 2021<\/u><\/a><\/p>\n<p><a href=\"http:\/\/mailchi.mp\/ffdacb7cdeaa\/earn-fall-2021\" target=\"_blank\" rel=\"noopener\"><u>EARN E-Newsletter Fall 2021<\/u><\/a><\/p>\n<p><a href=\"http:\/\/mailchi.mp\/3c966325d05a\/earn-summer-2021-news\" target=\"_blank\" rel=\"noopener\"><u>EARN E-Newsletter Summer 2021<\/u><\/a><\/p>\n<p><a href=\"https:\/\/mailchi.mp\/0dfa1081296e\/earn-spring-2021-news\" target=\"_blank\" rel=\"noopener\"><u>EARN E-Newsletter Spring 2021<\/u><\/a><\/p>\n\n\t\t<\/div>\n\t<\/div>\n<\/div><\/div><\/div><div class=\"wpb_column vc_column_container vc_col-sm-6 vc_col-xs-12\"><div class=\"vc_column-inner\"><div class=\"wpb_wrapper\">\n\t<div class=\"wpb_text_column wpb_content_element  pdf-list\" >\n\t\t<div class=\"wpb_wrapper\">\n\t\t\t<h2 style=\"margin-top: 0;\">2020<\/h2>\n<p><a href=\"http:\/\/mailchi.mp\/5d965ce880c4\/earn-oct-2020\" target=\"_blank\" rel=\"noopener noreferrer\"><u>EARN E-Newsletter Oct 2020<\/u><\/a><\/p>\n<p><a href=\"https:\/\/mailchi.mp\/b908bf09844a\/earn-sept-2020-news\" target=\"_blank\" rel=\"noopener noreferrer\"><u>EARN E-Newsletter Sept 2020 <\/u> <\/a><\/p>\n<p><a href=\"http:\/\/mailchi.mp\/d546874e0083\/earn-june-2020-newsletter\" target=\"_blank\" rel=\"noopener noreferrer\"><u>EARN E-Newsletter June 2020<\/u><\/a><\/p>\n<p><a href=\"https:\/\/mailchi.mp\/f2aab7da93a0\/earn-may-2020-news\" target=\"_blank\" rel=\"noopener noreferrer\"><u>EARN E-Newsletter May 2020<\/u><\/a><\/p>\n<p><a href=\"http:\/\/mailchi.mp\/8bff9e1ebd90\/earn-mar-apr-2020-news-3701617\" target=\"_blank\" rel=\"noopener noreferrer\"><u>EARN E-Newsletter March-April 2020<\/u><\/a><\/p>\n<p><a href=\"https:\/\/mailchi.mp\/e7f1110c9881\/earn-feb-2020-news\" target=\"_blank\" rel=\"noopener noreferrer\"><u>EARN E-Newsletter Feb 2020<\/u><\/a><br \/>\n<u><\/u><\/p>\n<p><a href=\"https:\/\/mailchi.mp\/8dc72b222d1d\/earn-jan-2020-news\" target=\"_blank\" rel=\"noopener noreferrer\"><u>EARN E-Newsletter Jan 2020 <\/u> <\/a><\/p>\n\n\t\t<\/div>\n\t<\/div>\n<\/div><\/div><\/div><\/div><\/div><\/div><\/div><\/div>\n","protected":false},"excerpt":{"rendered":"Archives des bulletins Vid\u00e9os Vid\u00e9os POSPH Aptitudes au travail Bulletin disponible en anglais seulement. Si vous souhaitez \u00eatre ajout\u00e9 \u00e0 la liste de distribution du bulletin, veuillez nous envoyer un courriel \u00e0 : earn@unitedwayeo.ca 2023 EARN E-Newsletter Winter 2023 EARN E-Newsletter Spring 2023 2022 EARN E-Newsletter Fall 2022 EARN E-Newsletter Summer 2022 EARN E-Newsletter Spring [...]","protected":false},"author":3,"featured_media":0,"parent":99,"menu_order":0,"comment_status":"closed","ping_status":"closed","template":"","meta":{"_monsterinsights_skip_tracking":false,"_monsterinsights_sitenote_active":false,"_monsterinsights_sitenote_note":"","_monsterinsights_sitenote_category":0},"acf":[],"yoast_head":"<!-- This site is optimized with the Yoast SEO plugin v20.6 - https:\/\/yoast.com\/wordpress\/plugins\/seo\/ -->\n<title>Centre des m\u00e9dias - EARN - United Way East Ontario<\/title>\n<meta name=\"robots\" content=\"index, follow, max-snippet:-1, max-image-preview:large, max-video-preview:-1\" \/>\n<link rel=\"canonical\" href=\"https:\/\/earn-paire.ca\/fr\/centre-des-medias\/actualites\/\" \/>\n<meta property=\"og:locale\" content=\"fr_FR\" \/>\n<meta property=\"og:type\" content=\"article\" \/>\n<meta property=\"og:title\" content=\"Centre des m\u00e9dias - EARN - United Way East Ontario\" \/>\n<meta property=\"og:url\" content=\"https:\/\/earn-paire.ca\/fr\/centre-des-medias\/actualites\/\" \/>\n<meta property=\"og:site_name\" content=\"EARN - United Way East Ontario\" \/>\n<meta property=\"article:modified_time\" content=\"2024-01-16T17:59:02+00:00\" \/>\n<meta name=\"twitter:label1\" content=\"Dur\u00e9e de lecture estim\u00e9e\" \/>\n\t<meta name=\"twitter:data1\" content=\"1 minute\" \/>\n<script type=\"application\/ld+json\" class=\"yoast-schema-graph\">{\"@context\":\"https:\/\/schema.org\",\"@graph\":[{\"@type\":\"WebPage\",\"@id\":\"https:\/\/earn-paire.ca\/fr\/centre-des-medias\/actualites\/\",\"url\":\"https:\/\/earn-paire.ca\/fr\/centre-des-medias\/actualites\/\",\"name\":\"Centre des m\u00e9dias - EARN - United Way East Ontario\",\"isPartOf\":{\"@id\":\"https:\/\/earn-paire.ca\/#website\"},\"datePublished\":\"2016-02-19T21:52:53+00:00\",\"dateModified\":\"2024-01-16T17:59:02+00:00\",\"breadcrumb\":{\"@id\":\"https:\/\/earn-paire.ca\/fr\/centre-des-medias\/actualites\/#breadcrumb\"},\"inLanguage\":\"fr-FR\",\"potentialAction\":[{\"@type\":\"ReadAction\",\"target\":[\"https:\/\/earn-paire.ca\/fr\/centre-des-medias\/actualites\/\"]}]},{\"@type\":\"BreadcrumbList\",\"@id\":\"https:\/\/earn-paire.ca\/fr\/centre-des-medias\/actualites\/#breadcrumb\",\"itemListElement\":[{\"@type\":\"ListItem\",\"position\":1,\"name\":\"Home\",\"item\":\"https:\/\/earn-paire.ca\/fr\/home\/\"},{\"@type\":\"ListItem\",\"position\":2,\"name\":\"Centre des m\u00e9dias\",\"item\":\"https:\/\/earn-paire.ca\/fr\/centre-des-medias\/\"},{\"@type\":\"ListItem\",\"position\":3,\"name\":\"Centre des m\u00e9dias\"}]},{\"@type\":\"WebSite\",\"@id\":\"https:\/\/earn-paire.ca\/#website\",\"url\":\"https:\/\/earn-paire.ca\/\",\"name\":\"EARN - United Way East Ontario\",\"description\":\"\",\"potentialAction\":[{\"@type\":\"SearchAction\",\"target\":{\"@type\":\"EntryPoint\",\"urlTemplate\":\"https:\/\/earn-paire.ca\/?s={search_term_string}\"},\"query-input\":\"required name=search_term_string\"}],\"inLanguage\":\"fr-FR\"}]}<\/script>\n<!-- \/ Yoast SEO plugin. -->","yoast_head_json":{"title":"Centre des m\u00e9dias - EARN - United Way East Ontario","robots":{"index":"index","follow":"follow","max-snippet":"max-snippet:-1","max-image-preview":"max-image-preview:large","max-video-preview":"max-video-preview:-1"},"canonical":"https:\/\/earn-paire.ca\/fr\/centre-des-medias\/actualites\/","og_locale":"fr_FR","og_type":"article","og_title":"Centre des m\u00e9dias - EARN - United Way East Ontario","og_url":"https:\/\/earn-paire.ca\/fr\/centre-des-medias\/actualites\/","og_site_name":"EARN - United Way East Ontario","article_modified_time":"2024-01-16T17:59:02+00:00","twitter_misc":{"Dur\u00e9e de lecture estim\u00e9e":"1 minute"},"schema":{"@context":"https:\/\/schema.org","@graph":[{"@type":"WebPage","@id":"https:\/\/earn-paire.ca\/fr\/centre-des-medias\/actualites\/","url":"https:\/\/earn-paire.ca\/fr\/centre-des-medias\/actualites\/","name":"Centre des m\u00e9dias - EARN - United Way East Ontario","isPartOf":{"@id":"https:\/\/earn-paire.ca\/#website"},"datePublished":"2016-02-19T21:52:53+00:00","dateModified":"2024-01-16T17:59:02+00:00","breadcrumb":{"@id":"https:\/\/earn-paire.ca\/fr\/centre-des-medias\/actualites\/#breadcrumb"},"inLanguage":"fr-FR","potentialAction":[{"@type":"ReadAction","target":["https:\/\/earn-paire.ca\/fr\/centre-des-medias\/actualites\/"]}]},{"@type":"BreadcrumbList","@id":"https:\/\/earn-paire.ca\/fr\/centre-des-medias\/actualites\/#breadcrumb","itemListElement":[{"@type":"ListItem","position":1,"name":"Home","item":"https:\/\/earn-paire.ca\/fr\/home\/"},{"@type":"ListItem","position":2,"name":"Centre des m\u00e9dias","item":"https:\/\/earn-paire.ca\/fr\/centre-des-medias\/"},{"@type":"ListItem","position":3,"name":"Centre des m\u00e9dias"}]},{"@type":"WebSite","@id":"https:\/\/earn-paire.ca\/#website","url":"https:\/\/earn-paire.ca\/","name":"EARN - United Way East Ontario","description":"","potentialAction":[{"@type":"SearchAction","target":{"@type":"EntryPoint","urlTemplate":"https:\/\/earn-paire.ca\/?s={search_term_string}"},"query-input":"required name=search_term_string"}],"inLanguage":"fr-FR"}]}},"_links":{"self":[{"href":"https:\/\/earn-paire.ca\/fr\/wp-json\/wp\/v2\/pages\/909"}],"collection":[{"href":"https:\/\/earn-paire.ca\/fr\/wp-json\/wp\/v2\/pages"}],"about":[{"href":"https:\/\/earn-paire.ca\/fr\/wp-json\/wp\/v2\/types\/page"}],"author":[{"embeddable":true,"href":"https:\/\/earn-paire.ca\/fr\/wp-json\/wp\/v2\/users\/3"}],"replies":[{"embeddable":true,"href":"https:\/\/earn-paire.ca\/fr\/wp-json\/wp\/v2\/comments?post=909"}],"version-history":[{"count":29,"href":"https:\/\/earn-paire.ca\/fr\/wp-json\/wp\/v2\/pages\/909\/revisions"}],"predecessor-version":[{"id":7860,"href":"https:\/\/earn-paire.ca\/fr\/wp-json\/wp\/v2\/pages\/909\/revisions\/7860"}],"up":[{"embeddable":true,"href":"https:\/\/earn-paire.ca\/fr\/wp-json\/wp\/v2\/pages\/99"}],"wp:attachment":[{"href":"https:\/\/earn-paire.ca\/fr\/wp-json\/wp\/v2\/media?parent=909"}],"curies":[{"name":"wp","href":"https:\/\/api.w.org\/{rel}","templated":true}]}}