{"id":99,"date":"2014-10-23T13:28:24","date_gmt":"2014-10-23T13:28:24","guid":{"rendered":"http:\/\/spark-uwo-dev.mystagingwebsite.com\/?page_id=99"},"modified":"2016-02-19T21:55:25","modified_gmt":"2016-02-19T21:55:25","slug":"centre-des-medias","status":"publish","type":"page","link":"https:\/\/earn-paire.ca\/fr\/centre-des-medias\/","title":{"rendered":"Centre des m\u00e9dias"},"content":{"rendered":"<div class=\"vc_row wpb_row vc_row-fluid\"><div class=\"wpb_column vc_column_container vc_col-sm-3\"><div class=\"vc_column-inner\"><div class=\"wpb_wrapper\"><div  class=\"vc_wp_custommenu wpb_content_element\"><div class=\"widget widget_nav_menu\"><div class=\"menu-media-centre-menu-fr-container\"><ul id=\"menu-media-centre-menu-fr\" class=\"menu\"><li id=\"menu-item-910\" class=\"menu-item menu-item-type-post_type menu-item-object-page menu-item-910\"><a href=\"https:\/\/earn-paire.ca\/fr\/centre-des-medias\/actualites\/\">Centre des m\u00e9dias<\/a><\/li>\n<li id=\"menu-item-4184\" class=\"menu-item menu-item-type-post_type menu-item-object-page menu-item-4184\"><a href=\"https:\/\/earn-paire.ca\/fr\/centre-des-medias\/actualites\/archives-bulletins\/\">Archives des bulletins<\/a><\/li>\n<li id=\"menu-item-913\" class=\"menu-item menu-item-type-post_type menu-item-object-page menu-item-913\"><a href=\"https:\/\/earn-paire.ca\/fr\/histoires-de-reussite\/\">Histoires de r\u00e9ussite<\/a><\/li>\n<li id=\"menu-item-912\" class=\"menu-item menu-item-type-post_type menu-item-object-page menu-item-912\"><a href=\"https:\/\/earn-paire.ca\/fr\/centre-des-medias\/galerie-de-photos\/\">Galerie de photos<\/a><\/li>\n<li id=\"menu-item-3478\" class=\"menu-item menu-item-type-post_type menu-item-object-page menu-item-3478\"><a href=\"https:\/\/earn-paire.ca\/fr\/centre-des-medias\/archives-photos\/\">Archives photographiques<\/a><\/li>\n<li id=\"menu-item-911\" class=\"menu-item menu-item-type-post_type menu-item-object-page menu-item-911\"><a href=\"https:\/\/earn-paire.ca\/fr\/centre-des-medias\/videos-2\/\">Vid\u00e9os<\/a><\/li>\n<li id=\"menu-item-1184\" class=\"menu-item menu-item-type-post_type menu-item-object-page menu-item-1184\"><a href=\"https:\/\/earn-paire.ca\/fr\/centre-des-medias\/videos-posph\/\">Vid\u00e9os POSPH Aptitudes au travail<\/a><\/li>\n<li id=\"menu-item-1879\" class=\"menu-item menu-item-type-post_type menu-item-object-page menu-item-1879\"><a href=\"https:\/\/earn-paire.ca\/fr\/centre-des-medias\/actualites\/evenements\/\">\u00c9v\u00e8nements des partenaires<\/a><\/li>\n<\/ul><\/div><\/div><\/div><\/div><\/div><\/div><div class=\"wpb_column vc_column_container vc_col-sm-9\"><div class=\"vc_column-inner\"><div class=\"wpb_wrapper\">\n\t<div class=\"wpb_text_column wpb_content_element \" >\n\t\t<div class=\"wpb_wrapper\">\n\t\t\t\n\t\t<\/div>\n\t<\/div>\n<\/div><\/div><\/div><\/div>\n","protected":false},"excerpt":{"rendered":"Centre des m\u00e9dias Archives des bulletins Histoires de r\u00e9ussite Galerie de photos Archives photographiques Vid\u00e9os Vid\u00e9os POSPH Aptitudes au travail \u00c9v\u00e8nements des partenaires","protected":false},"author":11,"featured_media":0,"parent":0,"menu_order":0,"comment_status":"closed","ping_status":"open","template":"","meta":{"_monsterinsights_skip_tracking":false,"_monsterinsights_sitenote_active":false,"_monsterinsights_sitenote_note":"","_monsterinsights_sitenote_category":0},"acf":[],"yoast_head":"<!-- This site is optimized with the Yoast SEO plugin v20.6 - https:\/\/yoast.com\/wordpress\/plugins\/seo\/ -->\n<title>Centre des m\u00e9dias - EARN - United Way East Ontario<\/title>\n<meta name=\"robots\" content=\"index, follow, max-snippet:-1, max-image-preview:large, max-video-preview:-1\" \/>\n<link rel=\"canonical\" href=\"https:\/\/earn-paire.ca\/fr\/centre-des-medias\/\" \/>\n<meta property=\"og:locale\" content=\"fr_FR\" \/>\n<meta property=\"og:type\" content=\"article\" \/>\n<meta property=\"og:title\" content=\"Centre des m\u00e9dias - EARN - United Way East Ontario\" \/>\n<meta property=\"og:url\" content=\"https:\/\/earn-paire.ca\/fr\/centre-des-medias\/\" \/>\n<meta property=\"og:site_name\" content=\"EARN - United Way East Ontario\" \/>\n<meta property=\"article:modified_time\" content=\"2016-02-19T21:55:25+00:00\" \/>\n<script type=\"application\/ld+json\" class=\"yoast-schema-graph\">{\"@context\":\"https:\/\/schema.org\",\"@graph\":[{\"@type\":\"WebPage\",\"@id\":\"https:\/\/earn-paire.ca\/fr\/centre-des-medias\/\",\"url\":\"https:\/\/earn-paire.ca\/fr\/centre-des-medias\/\",\"name\":\"Centre des m\u00e9dias - EARN - United Way East Ontario\",\"isPartOf\":{\"@id\":\"https:\/\/earn-paire.ca\/#website\"},\"datePublished\":\"2014-10-23T13:28:24+00:00\",\"dateModified\":\"2016-02-19T21:55:25+00:00\",\"breadcrumb\":{\"@id\":\"https:\/\/earn-paire.ca\/fr\/centre-des-medias\/#breadcrumb\"},\"inLanguage\":\"fr-FR\",\"potentialAction\":[{\"@type\":\"ReadAction\",\"target\":[\"https:\/\/earn-paire.ca\/fr\/centre-des-medias\/\"]}]},{\"@type\":\"BreadcrumbList\",\"@id\":\"https:\/\/earn-paire.ca\/fr\/centre-des-medias\/#breadcrumb\",\"itemListElement\":[{\"@type\":\"ListItem\",\"position\":1,\"name\":\"Home\",\"item\":\"https:\/\/earn-paire.ca\/fr\/home\/\"},{\"@type\":\"ListItem\",\"position\":2,\"name\":\"Centre des m\u00e9dias\"}]},{\"@type\":\"WebSite\",\"@id\":\"https:\/\/earn-paire.ca\/#website\",\"url\":\"https:\/\/earn-paire.ca\/\",\"name\":\"EARN - United Way East Ontario\",\"description\":\"\",\"potentialAction\":[{\"@type\":\"SearchAction\",\"target\":{\"@type\":\"EntryPoint\",\"urlTemplate\":\"https:\/\/earn-paire.ca\/?s={search_term_string}\"},\"query-input\":\"required name=search_term_string\"}],\"inLanguage\":\"fr-FR\"}]}<\/script>\n<!-- \/ Yoast SEO plugin. -->","yoast_head_json":{"title":"Centre des m\u00e9dias - EARN - United Way East Ontario","robots":{"index":"index","follow":"follow","max-snippet":"max-snippet:-1","max-image-preview":"max-image-preview:large","max-video-preview":"max-video-preview:-1"},"canonical":"https:\/\/earn-paire.ca\/fr\/centre-des-medias\/","og_locale":"fr_FR","og_type":"article","og_title":"Centre des m\u00e9dias - EARN - United Way East Ontario","og_url":"https:\/\/earn-paire.ca\/fr\/centre-des-medias\/","og_site_name":"EARN - United Way East Ontario","article_modified_time":"2016-02-19T21:55:25+00:00","schema":{"@context":"https:\/\/schema.org","@graph":[{"@type":"WebPage","@id":"https:\/\/earn-paire.ca\/fr\/centre-des-medias\/","url":"https:\/\/earn-paire.ca\/fr\/centre-des-medias\/","name":"Centre des m\u00e9dias - EARN - United Way East Ontario","isPartOf":{"@id":"https:\/\/earn-paire.ca\/#website"},"datePublished":"2014-10-23T13:28:24+00:00","dateModified":"2016-02-19T21:55:25+00:00","breadcrumb":{"@id":"https:\/\/earn-paire.ca\/fr\/centre-des-medias\/#breadcrumb"},"inLanguage":"fr-FR","potentialAction":[{"@type":"ReadAction","target":["https:\/\/earn-paire.ca\/fr\/centre-des-medias\/"]}]},{"@type":"BreadcrumbList","@id":"https:\/\/earn-paire.ca\/fr\/centre-des-medias\/#breadcrumb","itemListElement":[{"@type":"ListItem","position":1,"name":"Home","item":"https:\/\/earn-paire.ca\/fr\/home\/"},{"@type":"ListItem","position":2,"name":"Centre des m\u00e9dias"}]},{"@type":"WebSite","@id":"https:\/\/earn-paire.ca\/#website","url":"https:\/\/earn-paire.ca\/","name":"EARN - United Way East Ontario","description":"","potentialAction":[{"@type":"SearchAction","target":{"@type":"EntryPoint","urlTemplate":"https:\/\/earn-paire.ca\/?s={search_term_string}"},"query-input":"required name=search_term_string"}],"inLanguage":"fr-FR"}]}},"_links":{"self":[{"href":"https:\/\/earn-paire.ca\/fr\/wp-json\/wp\/v2\/pages\/99"}],"collection":[{"href":"https:\/\/earn-paire.ca\/fr\/wp-json\/wp\/v2\/pages"}],"about":[{"href":"https:\/\/earn-paire.ca\/fr\/wp-json\/wp\/v2\/types\/page"}],"author":[{"embeddable":true,"href":"https:\/\/earn-paire.ca\/fr\/wp-json\/wp\/v2\/users\/11"}],"replies":[{"embeddable":true,"href":"https:\/\/earn-paire.ca\/fr\/wp-json\/wp\/v2\/comments?post=99"}],"version-history":[{"count":0,"href":"https:\/\/earn-paire.ca\/fr\/wp-json\/wp\/v2\/pages\/99\/revisions"}],"wp:attachment":[{"href":"https:\/\/earn-paire.ca\/fr\/wp-json\/wp\/v2\/media?parent=99"}],"curies":[{"name":"wp","href":"https:\/\/api.w.org\/{rel}","templated":true}]}}